
{"id":12576,"date":"2023-06-02T08:33:14","date_gmt":"2023-06-02T08:33:14","guid":{"rendered":"https:\/\/www.kaviargauche.com\/?page_id=12576"},"modified":"2024-10-12T01:32:44","modified_gmt":"2024-10-11T23:32:44","slug":"jetzt-termin-buchen","status":"publish","type":"page","link":"https:\/\/www.kaviargauche.com\/de\/jetzt-termin-buchen\/","title":{"rendered":"Jetzt Termin buchen"},"content":{"rendered":"<div class=\"module text \">\n    <div class=\"container container--small\">\n        <div class=\"text__content\">\n            \n<div class=\"wpcf7 no-js\" id=\"wpcf7-f12575-o1\" lang=\"de-DE\" dir=\"ltr\" data-wpcf7-id=\"12575\">\n<div class=\"screen-reader-response\"><p role=\"status\" aria-live=\"polite\" aria-atomic=\"true\"><\/p> <ul><\/ul><\/div>\n<form action=\"\/de\/wp-json\/wp\/v2\/pages\/12576#wpcf7-f12575-o1\" method=\"post\" class=\"wpcf7-form init\" aria-label=\"Kontaktformular\" novalidate=\"novalidate\" data-status=\"init\">\n<fieldset class=\"hidden-fields-container\"><input type=\"hidden\" name=\"_wpcf7\" value=\"12575\" \/><input type=\"hidden\" name=\"_wpcf7_version\" value=\"6.1.5\" \/><input type=\"hidden\" name=\"_wpcf7_locale\" value=\"de_DE\" \/><input type=\"hidden\" name=\"_wpcf7_unit_tag\" value=\"wpcf7-f12575-o1\" \/><input type=\"hidden\" name=\"_wpcf7_container_post\" value=\"0\" \/><input type=\"hidden\" name=\"_wpcf7_posted_data_hash\" value=\"\" \/>\n<\/fieldset>\n<script>\nfunction gtag_report_conversion(url) {\n  var callback = function () {\n    if (typeof(url) != 'undefined') {\n      window.location = url;\n    }\n  };\n  gtag('event', 'conversion', {\n      'send_to': 'AW-482686477\/YqNhCPHmoM8YEI3slOYB',\n      'event_callback': callback\n  });\n  return false;\n}\n<\/script>\n\n<div class=\"Form form-full-wrapper\">\n<div style=\"max-width: 80%;margin-bottom: 20px;text-align: center;margin: 0 auto;max-width: 80%;padding-bottom: 30px;\"\">\n\t\t\t<h3 style=\"margin-bottom: 24px;\">Buchen Sie Ihren Termin<\/h3>\n\t\t\t<p>Besuchen Sie unsere Gesch\u00e4fte in Berlin &amp; M\u00fcnchen f\u00fcr ma\u00dfgeschneiderte St\u00fccke oder finden Sie fertige Outfits f\u00fcr ihre Hochzeit. Wir freuen uns darauf, gemeinsam Ihr Traumkleid zu finden. Schnellstm\u00f6glich werden wir uns bei Ihnen melden, um die Terminanfrage zu best\u00e4tigen.<\/p>\n<\/div>\n\n    <p class=\"Form__field\"><label class=\"Form__label\">Name*<\/label>\n        <span class=\"wpcf7-form-control-wrap\" data-name=\"your-name\"><input size=\"40\" maxlength=\"400\" class=\"wpcf7-form-control wpcf7-text wpcf7-validates-as-required Form__text\" aria-required=\"true\" aria-invalid=\"false\" placeholder=\"Name*\" value=\"\" type=\"text\" name=\"your-name\" \/><\/span>\n    <\/p>\n\n    <p class=\"Form__field\"><label class=\"Form__label\">Ihre E-Mail-Adresse*<\/label>\n        <span class=\"wpcf7-form-control-wrap\" data-name=\"your-email\"><input size=\"40\" maxlength=\"400\" class=\"wpcf7-form-control wpcf7-email wpcf7-validates-as-required wpcf7-text wpcf7-validates-as-email Form__text\" aria-required=\"true\" aria-invalid=\"false\" placeholder=\"E-Mail*\" value=\"\" type=\"email\" name=\"your-email\" \/><\/span>\n    <\/p>\n\n    <p class=\"Form__field\"><label class=\"Form__label\">Telefonnummer*<\/label>\n        <span class=\"wpcf7-form-control-wrap\" data-name=\"tel-2\"><input size=\"40\" maxlength=\"400\" class=\"wpcf7-form-control wpcf7-tel wpcf7-validates-as-required wpcf7-text wpcf7-validates-as-tel Form__text\" aria-required=\"true\" aria-invalid=\"false\" placeholder=\"Telefonnummer*\" value=\"\" type=\"tel\" name=\"tel-2\" \/><\/span>\n    <\/p>\n\n    <p class=\"Form__field\">\n<label class=\"Form__label\">Hochzeitsdatum*<\/label>\n        <span class=\"wpcf7-form-control-wrap\" data-name=\"wedding-date\"><input class=\"wpcf7-form-control wpcf7-date wpcf7-validates-as-required wpcf7-validates-as-date Form__text\" aria-required=\"true\" aria-invalid=\"false\" value=\"\" type=\"date\" name=\"wedding-date\" \/><\/span> \n    <\/p>\n\n    <p class=\"Form__field\">\n<label class=\"Form__label\">Stadt<\/label>  \n<span class=\"wpcf7-form-control-wrap\" data-name=\"store-email\"><select class=\"wpcf7-form-control wpcf7-select wpcf7-validates-as-required Form__text\" aria-required=\"true\" aria-invalid=\"false\" name=\"store-email\"><option value=\"Berlin\">Berlin<\/option><option value=\"M\u00fcnchen\">M\u00fcnchen<\/option><\/select><\/span> \n    <\/p>\n\n    <p class=\"Form__field\">\n<label class=\"Form__label\">Bevorzugtes Datum*<\/label>\n        <span class=\"wpcf7-form-control-wrap\" data-name=\"date-11\"><input class=\"wpcf7-form-control wpcf7-date wpcf7-validates-as-required wpcf7-validates-as-date Form__text\" aria-required=\"true\" aria-invalid=\"false\" value=\"\" type=\"date\" name=\"date-11\" \/><\/span> \n    <p style=\"width:100%;\">\n\n<span class=\"wpcf7-form-control-wrap\" data-name=\"accept-this-1\"><span class=\"wpcf7-form-control wpcf7-acceptance\"><span class=\"wpcf7-list-item\"><label><input type=\"checkbox\" name=\"accept-this-1\" value=\"1\" aria-invalid=\"false\" \/><span class=\"wpcf7-list-item-label\">Ich akzeptiere <a href=\"\/de\/allgemeine-geschaftsbedingungen\/\" target=\"_blank\">die Allgemeinen Gesch\u00e4ftsbedingungen<\/a> und die <a href=\"\/de\/privacy-policy\/\" target=\"_blank\">Datenschutzrichtlinie<\/a>. Ich stimme zu, dass diese Website die von mir \u00fcbermittelten Daten speichert, um auf meine Anfrage zu antworten.<\/span><\/label><\/span><\/span><\/span>\n    <\/p>\n    <p style=\"width:100%; text-align: center;\">\n<input class=\"wpcf7-form-control wpcf7-submit has-spinner Form__Button\" type=\"submit\" value=\"Jetzt Termin anfragen\" \/>\n    <\/p>\n<\/div><div class=\"wpcf7-response-output\" aria-hidden=\"true\"><\/div>\n<\/form>\n<\/div>\n\n        <\/div>\n    <\/div>\n<\/div>\n","protected":false},"excerpt":{"rendered":"","protected":false},"author":39,"featured_media":0,"parent":0,"menu_order":54,"comment_status":"closed","ping_status":"closed","template":"","meta":{"_acf_changed":false,"footnotes":""},"class_list":["post-12576","page","type-page","status-publish","hentry"],"acf":[],"yoast_head":"<!-- This site is optimized with the Yoast SEO Premium plugin v26.3 (Yoast SEO v27.3) - https:\/\/yoast.com\/product\/yoast-seo-premium-wordpress\/ -->\n<title>Jetzt Termin buchen - Kaviar Gauche<\/title>\n<meta name=\"description\" content=\"Jetzt Termin buchen - Entdecke mehr \u00fcber Kaviar Gauche\" \/>\n<meta name=\"robots\" content=\"index, follow, max-snippet:-1, max-image-preview:large, max-video-preview:-1\" \/>\n<link rel=\"canonical\" href=\"https:\/\/www.kaviargauche.com\/de\/jetzt-termin-buchen\/\" \/>\n<meta property=\"og:locale\" content=\"de_DE\" \/>\n<meta property=\"og:type\" content=\"article\" \/>\n<meta property=\"og:title\" content=\"Jetzt Termin buchen\" \/>\n<meta property=\"og:description\" content=\"Jetzt Termin buchen - Entdecke mehr \u00fcber Kaviar Gauche\" \/>\n<meta property=\"og:url\" content=\"https:\/\/www.kaviargauche.com\/de\/jetzt-termin-buchen\/\" \/>\n<meta property=\"og:site_name\" content=\"Kaviar Gauche\" \/>\n<meta property=\"article:publisher\" content=\"https:\/\/www.facebook.com\/kaviargauche\" \/>\n<meta property=\"article:modified_time\" content=\"2024-10-11T23:32:44+00:00\" \/>\n<meta name=\"twitter:card\" content=\"summary_large_image\" \/>\n<script type=\"application\/ld+json\" class=\"yoast-schema-graph\">{\"@context\":\"https:\\\/\\\/schema.org\",\"@graph\":[{\"@type\":\"WebPage\",\"@id\":\"https:\\\/\\\/www.kaviargauche.com\\\/de\\\/jetzt-termin-buchen\\\/\",\"url\":\"https:\\\/\\\/www.kaviargauche.com\\\/de\\\/jetzt-termin-buchen\\\/\",\"name\":\"Jetzt Termin buchen - Kaviar Gauche\",\"isPartOf\":{\"@id\":\"https:\\\/\\\/www.kaviargauche.com\\\/de\\\/#website\"},\"datePublished\":\"2023-06-02T08:33:14+00:00\",\"dateModified\":\"2024-10-11T23:32:44+00:00\",\"description\":\"Jetzt Termin buchen - Entdecke mehr \u00fcber Kaviar Gauche\",\"breadcrumb\":{\"@id\":\"https:\\\/\\\/www.kaviargauche.com\\\/de\\\/jetzt-termin-buchen\\\/#breadcrumb\"},\"inLanguage\":\"de\",\"potentialAction\":[{\"@type\":\"ReadAction\",\"target\":[\"https:\\\/\\\/www.kaviargauche.com\\\/de\\\/jetzt-termin-buchen\\\/\"]}]},{\"@type\":\"BreadcrumbList\",\"@id\":\"https:\\\/\\\/www.kaviargauche.com\\\/de\\\/jetzt-termin-buchen\\\/#breadcrumb\",\"itemListElement\":[{\"@type\":\"ListItem\",\"position\":1,\"name\":\"Home\",\"item\":\"https:\\\/\\\/www.kaviargauche.com\\\/de\\\/\"},{\"@type\":\"ListItem\",\"position\":2,\"name\":\"Jetzt Termin buchen\"}]},{\"@type\":\"WebSite\",\"@id\":\"https:\\\/\\\/www.kaviargauche.com\\\/de\\\/#website\",\"url\":\"https:\\\/\\\/www.kaviargauche.com\\\/de\\\/\",\"name\":\"Kaviar Gauche\",\"description\":\"Bridal Couture\",\"publisher\":{\"@id\":\"https:\\\/\\\/www.kaviargauche.com\\\/de\\\/#organization\"},\"potentialAction\":[{\"@type\":\"SearchAction\",\"target\":{\"@type\":\"EntryPoint\",\"urlTemplate\":\"https:\\\/\\\/www.kaviargauche.com\\\/de\\\/?s={search_term_string}\"},\"query-input\":{\"@type\":\"PropertyValueSpecification\",\"valueRequired\":true,\"valueName\":\"search_term_string\"}}],\"inLanguage\":\"de\"},{\"@type\":\"Organization\",\"@id\":\"https:\\\/\\\/www.kaviargauche.com\\\/de\\\/#organization\",\"name\":\"KAVIAR GAUCHE\",\"url\":\"https:\\\/\\\/www.kaviargauche.com\\\/de\\\/\",\"logo\":{\"@type\":\"ImageObject\",\"inLanguage\":\"de\",\"@id\":\"https:\\\/\\\/www.kaviargauche.com\\\/de\\\/#\\\/schema\\\/logo\\\/image\\\/\",\"url\":\"https:\\\/\\\/www.kaviargauche.com\\\/wp-content\\\/uploads\\\/kaviar-gauche.png\",\"contentUrl\":\"https:\\\/\\\/www.kaviargauche.com\\\/wp-content\\\/uploads\\\/kaviar-gauche.png\",\"width\":512,\"height\":512,\"caption\":\"KAVIAR GAUCHE\"},\"image\":{\"@id\":\"https:\\\/\\\/www.kaviargauche.com\\\/de\\\/#\\\/schema\\\/logo\\\/image\\\/\"},\"sameAs\":[\"https:\\\/\\\/www.facebook.com\\\/kaviargauche\",\"https:\\\/\\\/www.pinterest.de\\\/KaviarGaucheOfficial\\\/\",\"https:\\\/\\\/www.instagram.com\\\/kaviargauche_official\"]}]}<\/script>\n<!-- \/ Yoast SEO Premium plugin. -->","yoast_head_json":{"title":"Jetzt Termin buchen - Kaviar Gauche","description":"Jetzt Termin buchen - Entdecke mehr \u00fcber Kaviar Gauche","robots":{"index":"index","follow":"follow","max-snippet":"max-snippet:-1","max-image-preview":"max-image-preview:large","max-video-preview":"max-video-preview:-1"},"canonical":"https:\/\/www.kaviargauche.com\/de\/jetzt-termin-buchen\/","og_locale":"de_DE","og_type":"article","og_title":"Jetzt Termin buchen","og_description":"Jetzt Termin buchen - Entdecke mehr \u00fcber Kaviar Gauche","og_url":"https:\/\/www.kaviargauche.com\/de\/jetzt-termin-buchen\/","og_site_name":"Kaviar Gauche","article_publisher":"https:\/\/www.facebook.com\/kaviargauche","article_modified_time":"2024-10-11T23:32:44+00:00","twitter_card":"summary_large_image","schema":{"@context":"https:\/\/schema.org","@graph":[{"@type":"WebPage","@id":"https:\/\/www.kaviargauche.com\/de\/jetzt-termin-buchen\/","url":"https:\/\/www.kaviargauche.com\/de\/jetzt-termin-buchen\/","name":"Jetzt Termin buchen - Kaviar Gauche","isPartOf":{"@id":"https:\/\/www.kaviargauche.com\/de\/#website"},"datePublished":"2023-06-02T08:33:14+00:00","dateModified":"2024-10-11T23:32:44+00:00","description":"Jetzt Termin buchen - Entdecke mehr \u00fcber Kaviar Gauche","breadcrumb":{"@id":"https:\/\/www.kaviargauche.com\/de\/jetzt-termin-buchen\/#breadcrumb"},"inLanguage":"de","potentialAction":[{"@type":"ReadAction","target":["https:\/\/www.kaviargauche.com\/de\/jetzt-termin-buchen\/"]}]},{"@type":"BreadcrumbList","@id":"https:\/\/www.kaviargauche.com\/de\/jetzt-termin-buchen\/#breadcrumb","itemListElement":[{"@type":"ListItem","position":1,"name":"Home","item":"https:\/\/www.kaviargauche.com\/de\/"},{"@type":"ListItem","position":2,"name":"Jetzt Termin buchen"}]},{"@type":"WebSite","@id":"https:\/\/www.kaviargauche.com\/de\/#website","url":"https:\/\/www.kaviargauche.com\/de\/","name":"Kaviar Gauche","description":"Bridal Couture","publisher":{"@id":"https:\/\/www.kaviargauche.com\/de\/#organization"},"potentialAction":[{"@type":"SearchAction","target":{"@type":"EntryPoint","urlTemplate":"https:\/\/www.kaviargauche.com\/de\/?s={search_term_string}"},"query-input":{"@type":"PropertyValueSpecification","valueRequired":true,"valueName":"search_term_string"}}],"inLanguage":"de"},{"@type":"Organization","@id":"https:\/\/www.kaviargauche.com\/de\/#organization","name":"KAVIAR GAUCHE","url":"https:\/\/www.kaviargauche.com\/de\/","logo":{"@type":"ImageObject","inLanguage":"de","@id":"https:\/\/www.kaviargauche.com\/de\/#\/schema\/logo\/image\/","url":"https:\/\/www.kaviargauche.com\/wp-content\/uploads\/kaviar-gauche.png","contentUrl":"https:\/\/www.kaviargauche.com\/wp-content\/uploads\/kaviar-gauche.png","width":512,"height":512,"caption":"KAVIAR GAUCHE"},"image":{"@id":"https:\/\/www.kaviargauche.com\/de\/#\/schema\/logo\/image\/"},"sameAs":["https:\/\/www.facebook.com\/kaviargauche","https:\/\/www.pinterest.de\/KaviarGaucheOfficial\/","https:\/\/www.instagram.com\/kaviargauche_official"]}]}},"jetpack_sharing_enabled":true,"_links":{"self":[{"href":"https:\/\/www.kaviargauche.com\/de\/wp-json\/wp\/v2\/pages\/12576","targetHints":{"allow":["GET"]}}],"collection":[{"href":"https:\/\/www.kaviargauche.com\/de\/wp-json\/wp\/v2\/pages"}],"about":[{"href":"https:\/\/www.kaviargauche.com\/de\/wp-json\/wp\/v2\/types\/page"}],"author":[{"embeddable":true,"href":"https:\/\/www.kaviargauche.com\/de\/wp-json\/wp\/v2\/users\/39"}],"replies":[{"embeddable":true,"href":"https:\/\/www.kaviargauche.com\/de\/wp-json\/wp\/v2\/comments?post=12576"}],"version-history":[{"count":5,"href":"https:\/\/www.kaviargauche.com\/de\/wp-json\/wp\/v2\/pages\/12576\/revisions"}],"predecessor-version":[{"id":22447,"href":"https:\/\/www.kaviargauche.com\/de\/wp-json\/wp\/v2\/pages\/12576\/revisions\/22447"}],"wp:attachment":[{"href":"https:\/\/www.kaviargauche.com\/de\/wp-json\/wp\/v2\/media?parent=12576"}],"curies":[{"name":"wp","href":"https:\/\/api.w.org\/{rel}","templated":true}]}}