
{"id":17707,"date":"2023-10-12T12:52:58","date_gmt":"2023-10-12T12:52:58","guid":{"rendered":"https:\/\/www.kaviargauche.com\/?page_id=17707"},"modified":"2024-12-05T17:27:38","modified_gmt":"2024-12-05T15:27:38","slug":"bridal-budget-boutique-berlin","status":"publish","type":"page","link":"https:\/\/www.kaviargauche.com\/de\/unsere-boutiquen\/bridal-budget-boutique-berlin\/","title":{"rendered":"Bridal Budget Boutique"},"content":{"rendered":"<nav class=\"is-responsive items-justified-center wp-block-navigation is-content-justification-center is-layout-flex wp-container-core-navigation-is-layout-a89b3969 wp-block-navigation-is-layout-flex\" aria-label=\"Navigation\" \n\t\t data-wp-interactive=\"core\/navigation\" data-wp-context='{\"overlayOpenedBy\":{\"click\":false,\"hover\":false,\"focus\":false},\"type\":\"overlay\",\"roleAttribute\":\"\",\"ariaLabel\":\"Men\\u00fc\"}'><button aria-haspopup=\"dialog\" aria-label=\"Men\u00fc \u00f6ffnen\" class=\"wp-block-navigation__responsive-container-open\" \n\t\t\t\tdata-wp-on--click=\"actions.openMenuOnClick\"\n\t\t\t\tdata-wp-on--keydown=\"actions.handleMenuKeydown\"\n\t\t\t><svg width=\"24\" height=\"24\" xmlns=\"http:\/\/www.w3.org\/2000\/svg\" viewBox=\"0 0 24 24\" aria-hidden=\"true\" focusable=\"false\"><path d=\"M4 7.5h16v1.5H4z\"><\/path><path d=\"M4 15h16v1.5H4z\"><\/path><\/svg><\/button>\n\t\t\t\t<div class=\"wp-block-navigation__responsive-container\"  id=\"modal-2\" \n\t\t\t\tdata-wp-class--has-modal-open=\"state.isMenuOpen\"\n\t\t\t\tdata-wp-class--is-menu-open=\"state.isMenuOpen\"\n\t\t\t\tdata-wp-watch=\"callbacks.initMenu\"\n\t\t\t\tdata-wp-on--keydown=\"actions.handleMenuKeydown\"\n\t\t\t\tdata-wp-on--focusout=\"actions.handleMenuFocusout\"\n\t\t\t\ttabindex=\"-1\"\n\t\t\t>\n\t\t\t\t\t<div class=\"wp-block-navigation__responsive-close\" tabindex=\"-1\">\n\t\t\t\t\t\t<div class=\"wp-block-navigation__responsive-dialog\" \n\t\t\t\tdata-wp-bind--aria-modal=\"state.ariaModal\"\n\t\t\t\tdata-wp-bind--aria-label=\"state.ariaLabel\"\n\t\t\t\tdata-wp-bind--role=\"state.roleAttribute\"\n\t\t\t>\n\t\t\t\t\t\t\t<button aria-label=\"Men\u00fc schlie\u00dfen\" class=\"wp-block-navigation__responsive-container-close\" \n\t\t\t\tdata-wp-on--click=\"actions.closeMenuOnClick\"\n\t\t\t><svg xmlns=\"http:\/\/www.w3.org\/2000\/svg\" viewBox=\"0 0 24 24\" width=\"24\" height=\"24\" aria-hidden=\"true\" focusable=\"false\"><path d=\"m13.06 12 6.47-6.47-1.06-1.06L12 10.94 5.53 4.47 4.47 5.53 10.94 12l-6.47 6.47 1.06 1.06L12 13.06l6.47 6.47 1.06-1.06L13.06 12Z\"><\/path><\/svg><\/button>\n\t\t\t\t\t\t\t<div class=\"wp-block-navigation__responsive-container-content\" \n\t\t\t\tdata-wp-watch=\"callbacks.focusFirstElement\"\n\t\t\t id=\"modal-2-content\">\n\t\t\t\t\t\t\t\t<ul class=\"wp-block-navigation__container is-responsive items-justified-center wp-block-navigation\"><li class=\" wp-block-navigation-item wp-block-navigation-link\"><a class=\"wp-block-navigation-item__content\"  href=\"https:\/\/www.kaviargauche.com\/de\/stores-berlin\/\"><span class=\"wp-block-navigation-item__label\">Berlin<\/span><\/a><\/li><\/ul><ul class=\"wp-block-navigation__container is-responsive items-justified-center wp-block-navigation\"><li class=\" wp-block-navigation-item wp-block-navigation-link\"><a class=\"wp-block-navigation-item__content\"  href=\"https:\/\/www.kaviargauche.com\/de\/stores-muenchen\/\"><span class=\"wp-block-navigation-item__label\">M\u00fcnchen<\/span><\/a><\/li><li class=\" wp-block-navigation-item wp-block-navigation-link\"><a class=\"wp-block-navigation-item__content\"  href=\"https:\/\/www.kaviargauche.com\/de\/stores-weltweit\/\"><span class=\"wp-block-navigation-item__label\">Worldwide<\/span><\/a><\/li><li class=\" wp-block-navigation-item wp-block-navigation-link\"><a class=\"wp-block-navigation-item__content\"  href=\"https:\/\/www.kaviargauche.com\/de\/bridal-budget-boutique-berlin\/\"><span class=\"wp-block-navigation-item__label\">BBB<\/span><\/a><\/li><\/ul>\n\t\t\t\t\t\t\t<\/div>\n\t\t\t\t\t\t<\/div>\n\t\t\t\t\t<\/div>\n\t\t\t\t<\/div><\/nav>\n\n\n\n\n<div style=\"height:100px\" aria-hidden=\"true\" class=\"wp-block-spacer\"><\/div>\n\n\n\n<h4 class=\"wp-block-heading has-text-align-left\" id=\"h-bridal-budget-concept-store\">Bridal Budget Concept Store<\/h4>\n\n\n\n<div class=\"wp-block-columns is-layout-flex wp-container-core-columns-is-layout-28f84493 wp-block-columns-is-layout-flex\">\n<div class=\"wp-block-column is-layout-flow wp-block-column-is-layout-flow\">\n<p>Linienstra\u00dfe 44<br>10119 Berlin<br>Germany<br><a href=\"mailto:budgetboutique@kaviargauche.com\" target=\"_blank\" rel=\"noreferrer noopener\">budgetboutique@kaviargauche.com<\/a><\/p>\n<\/div>\n\n\n\n<div class=\"wp-block-column is-layout-flow wp-block-column-is-layout-flow\">\n<p>\u00d6ffnungszeiten:<br>Nur mit Termin<\/p>\n<\/div>\n<\/div>\n\n\n\n<h4 class=\"wp-block-heading has-text-align-left\" id=\"h-entdecken-sie-die-einzigartigen-hochzeitskleider-von-kaviar-gauche-im-bridal-budget-store-im-herzen-berlins\">Entdecken Sie die einzigartigen Hochzeitskleider von Kaviar Gauche im Bridal Budget Store im Herzen Berlins<\/h4>\n\n\n\n<p>Als renommiertes Mode und Luxushaus bieten wir eine umfangreiche Auswahl an Brautkleidern und eleganten Abendkleidern. Wir bieten ihnen neben unserer umfangreichen Kollektion auch die M\u00f6glichkeit, Anprobemodelle und Einzelst\u00fccke zu reduzierten Preisen sofort mitzunehmen. Diese spezielle Auswahl an Hochzeits- &amp; Abendkleidern, Oberteilen, Hosen, R\u00f6cken &amp;  Accessoires\u00a0beinhaltet wahre Sch\u00e4tze f\u00fcr jeden Anlass.<\/p>\n\n\n\n<p>Jede Kreation von Kaviar Gauche strahlt zeitlose Eleganz und unvergleichliche Handwerkskunst aus. Ob Sie eine standesamtliche Hochzeit oder eine glamour\u00f6se Feier planen, Kaviar Gauche hat das perfekte Kleid f\u00fcr jeden Anlass. In unserem Berliner Atelier werden alle Kreationen entworfen und entwickelt. All unsere Modelle werden unter fairen Bedingungen aus handerlesenen Stoffen in Deutschland gefertigt.&nbsp; Mit Liebe zum Detail und hochwertigen Materialien entstehen Kleider, die die individuelle Sch\u00f6nheit jeder Braut, Brautmutter und der Hochzeitsg\u00e4ste unterstreichen.<\/p>\n\n\n\n<p>Besuchen Sie unseren Bridal Flagship Store in Berlin Mitte und lassen Sie sich von der beeindruckenden Auswahl an Kaviar Gauche Hochzeitskleidern begeistern. Hier finden Sie Kleider, die Ihre Pers\u00f6nlichkeit widerspiegeln und Ihnen einen unvergesslichen Auftritt garantieren. Tauchen Sie ein in die Welt der raffinierten Eleganz und lassen Sie sich von Kaviar Gauche f\u00fcr Ihren besonderen Tag inspirieren.<\/p>\n\n\n\n<h4 class=\"wp-block-heading has-text-align-left\" id=\"h-das-tor-zur-kaviar-gauche-welt\">Das Tor zur Kaviar Gauche Welt<\/h4>\n\n\n\n<p>Ihre Hochzeit soll ein unvergessliches Ereignis sein, und wir sind hier, um sicherzustellen, dass Sie in Ihrem Kleid strahlen und Ihren besonderen Tag in vollen Z\u00fcgen genie\u00dfen k\u00f6nnen.                                                                                      Termine unter der Woche sind kostenlos. F\u00fcr Samstagstermine wird eine Beratungsgeb\u00fchr in H\u00f6he von 40\u20ac berechnet. Diese ist in Abstimmung mit dem jeweiligen Store vorab zu bezahlen und wird mit dem Kauf verrechnet.<\/p>\n\n\n\n<h4 class=\"wp-block-heading has-text-align-left\" id=\"h-internationale-kunden\">Internationale Kunden<\/h4>\n\n\n\n<p>Gerne bieten wir ihnen eine ausf\u00fchrliche Beratung per Email oder Telefonat.<br>Unser Online Store liefert international &amp; ist 24h ge\u00f6ffnet.<br>Nutzen sie gerne unseren Click &amp; Collect Service auf Anfrage.<br>F\u00fcr Ihre ma\u00dfgeschneiderte Anprobe, kontaktieren Sie den Store Ihrer Wahl.<\/p>\n\n\n\n<div style=\"height:100px\" aria-hidden=\"true\" class=\"wp-block-spacer\"><\/div>\n\n\n\n<figure class=\"wp-block-gallery has-nested-images columns-default is-cropped wide wp-block-gallery-3 is-layout-flex wp-block-gallery-is-layout-flex\">\n<figure class=\"wp-block-image size-full is-style-default\"><img loading=\"lazy\" decoding=\"async\" width=\"1707\" height=\"2560\" data-id=\"17740\" src=\"https:\/\/www.kaviargauche.com\/wp-content\/uploads\/KG_Bridal_Budget_Boutique_Christian_Borth_09-scaled.jpg\" alt=\"\" class=\"wp-image-17740\" srcset=\"https:\/\/www.kaviargauche.com\/wp-content\/uploads\/KG_Bridal_Budget_Boutique_Christian_Borth_09-scaled.jpg 1707w, https:\/\/www.kaviargauche.com\/wp-content\/uploads\/KG_Bridal_Budget_Boutique_Christian_Borth_09-scaled-324x486.jpg 324w, https:\/\/www.kaviargauche.com\/wp-content\/uploads\/KG_Bridal_Budget_Boutique_Christian_Borth_09-scaled-416x624.jpg 416w, https:\/\/www.kaviargauche.com\/wp-content\/uploads\/KG_Bridal_Budget_Boutique_Christian_Borth_09-200x300.jpg 200w, https:\/\/www.kaviargauche.com\/wp-content\/uploads\/KG_Bridal_Budget_Boutique_Christian_Borth_09-768x1152.jpg 768w, https:\/\/www.kaviargauche.com\/wp-content\/uploads\/KG_Bridal_Budget_Boutique_Christian_Borth_09-1024x1536.jpg 1024w, https:\/\/www.kaviargauche.com\/wp-content\/uploads\/KG_Bridal_Budget_Boutique_Christian_Borth_09-1365x2048.jpg 1365w, https:\/\/www.kaviargauche.com\/wp-content\/uploads\/KG_Bridal_Budget_Boutique_Christian_Borth_09-1000x1500.jpg 1000w, https:\/\/www.kaviargauche.com\/wp-content\/uploads\/KG_Bridal_Budget_Boutique_Christian_Borth_09-533x800.jpg 533w, https:\/\/www.kaviargauche.com\/wp-content\/uploads\/KG_Bridal_Budget_Boutique_Christian_Borth_09-24x36.jpg 24w, https:\/\/www.kaviargauche.com\/wp-content\/uploads\/KG_Bridal_Budget_Boutique_Christian_Borth_09-32x48.jpg 32w, https:\/\/www.kaviargauche.com\/wp-content\/uploads\/KG_Bridal_Budget_Boutique_Christian_Borth_09-64x96.jpg 64w\" sizes=\"auto, (max-width: 1707px) 100vw, 1707px\" \/><\/figure>\n\n\n\n<figure class=\"wp-block-image size-full\"><img loading=\"lazy\" decoding=\"async\" width=\"1707\" height=\"2560\" data-id=\"17738\" src=\"https:\/\/www.kaviargauche.com\/wp-content\/uploads\/KG_Bridal_Budget_Boutique_Christian_Borth_11-scaled.jpg\" alt=\"\" class=\"wp-image-17738\" srcset=\"https:\/\/www.kaviargauche.com\/wp-content\/uploads\/KG_Bridal_Budget_Boutique_Christian_Borth_11-scaled.jpg 1707w, https:\/\/www.kaviargauche.com\/wp-content\/uploads\/KG_Bridal_Budget_Boutique_Christian_Borth_11-scaled-324x486.jpg 324w, https:\/\/www.kaviargauche.com\/wp-content\/uploads\/KG_Bridal_Budget_Boutique_Christian_Borth_11-scaled-416x624.jpg 416w, https:\/\/www.kaviargauche.com\/wp-content\/uploads\/KG_Bridal_Budget_Boutique_Christian_Borth_11-200x300.jpg 200w, https:\/\/www.kaviargauche.com\/wp-content\/uploads\/KG_Bridal_Budget_Boutique_Christian_Borth_11-768x1152.jpg 768w, https:\/\/www.kaviargauche.com\/wp-content\/uploads\/KG_Bridal_Budget_Boutique_Christian_Borth_11-1024x1536.jpg 1024w, https:\/\/www.kaviargauche.com\/wp-content\/uploads\/KG_Bridal_Budget_Boutique_Christian_Borth_11-1365x2048.jpg 1365w, https:\/\/www.kaviargauche.com\/wp-content\/uploads\/KG_Bridal_Budget_Boutique_Christian_Borth_11-1000x1500.jpg 1000w, https:\/\/www.kaviargauche.com\/wp-content\/uploads\/KG_Bridal_Budget_Boutique_Christian_Borth_11-533x800.jpg 533w, https:\/\/www.kaviargauche.com\/wp-content\/uploads\/KG_Bridal_Budget_Boutique_Christian_Borth_11-24x36.jpg 24w, https:\/\/www.kaviargauche.com\/wp-content\/uploads\/KG_Bridal_Budget_Boutique_Christian_Borth_11-32x48.jpg 32w, https:\/\/www.kaviargauche.com\/wp-content\/uploads\/KG_Bridal_Budget_Boutique_Christian_Borth_11-64x96.jpg 64w\" sizes=\"auto, (max-width: 1707px) 100vw, 1707px\" \/><\/figure>\n<\/figure>\n\n\n\n<div style=\"height:100px\" aria-hidden=\"true\" class=\"wp-block-spacer\"><\/div>\n\n\n\n<div class=\"wp-block-group alignfull banner-book-appointment has-text-color has-background\" style=\"color:#000000;background-color:#f7f5f2\"><div class=\"wp-block-group__inner-container is-layout-flow wp-block-group-is-layout-flow\">\n<div style=\"height:100px\" aria-hidden=\"true\" class=\"wp-block-spacer\"><\/div>\n\n\n\n<h3 class=\"wp-block-heading has-text-align-center\" id=\"h-finde-dein-traumkleid\">Finde dein Traumkleid<\/h3>\n\n\n\n<div class=\"wp-block-columns is-layout-flex wp-container-core-columns-is-layout-28f84493 wp-block-columns-is-layout-flex\">\n<div class=\"wp-block-column is-layout-flow wp-block-column-is-layout-flow\">\n<p class=\"has-text-align-right\"><a href=\"https:\/\/www.kaviargauche.com\/de\/kollektionen\/full-bloom\/\" type=\"URL\" id=\"\/de\/collection\/in-full-bloom\">Collections<\/a><\/p>\n<\/div>\n\n\n\n<div class=\"wp-block-column is-layout-flow wp-block-column-is-layout-flow\">\n<p class=\"has-text-align-left\"><a href=\"https:\/\/www.kaviargauche.com\/de\/shop\/\" type=\"page\" id=\"54\">Online shop<\/a><\/p>\n<\/div>\n<\/div>\n\n\n\n<div style=\"height:15px\" aria-hidden=\"true\" class=\"wp-block-spacer\"><\/div>\n<\/div><\/div>\n","protected":false},"excerpt":{"rendered":"<p>Bridal Budget Concept Store Linienstra\u00dfe 4410119 BerlinGermanybudgetboutique@kaviargauche.com \u00d6ffnungszeiten:Nur mit Termin Entdecken Sie die einzigartigen Hochzeitskleider von Kaviar Gauche im Bridal Budget Store im Herzen Berlins Als renommiertes Mode und Luxushaus bieten wir eine umfangreiche Auswahl an Brautkleidern und eleganten Abendkleidern. Wir bieten ihnen neben unserer umfangreichen Kollektion auch die M\u00f6glichkeit, Anprobemodelle und Einzelst\u00fccke zu reduzierten [&hellip;]<\/p>\n","protected":false},"author":3,"featured_media":0,"parent":21316,"menu_order":56,"comment_status":"closed","ping_status":"closed","template":"","meta":{"_acf_changed":false,"footnotes":""},"class_list":["post-17707","page","type-page","status-publish","hentry"],"acf":[],"yoast_head":"<!-- This site is optimized with the Yoast SEO Premium plugin v26.3 (Yoast SEO v27.2) - https:\/\/yoast.com\/product\/yoast-seo-premium-wordpress\/ -->\n<title>Bridal Budget Boutique - Kaviar Gauche<\/title>\n<meta name=\"description\" content=\"Entdecken Sie luxuri\u00f6se Hochzeitskleider &amp; Abendmode im Kaviar Gauche Flagship Store Berlin \u2013 ma\u00dfgeschneidert, elegant &amp; handgefertigt in Deutschland.\" \/>\n<meta name=\"robots\" content=\"index, follow, max-snippet:-1, max-image-preview:large, max-video-preview:-1\" \/>\n<link rel=\"canonical\" href=\"https:\/\/www.kaviargauche.com\/de\/unsere-boutiquen\/bridal-budget-boutique-berlin\/\" \/>\n<meta property=\"og:locale\" content=\"de_DE\" \/>\n<meta property=\"og:type\" content=\"article\" \/>\n<meta property=\"og:title\" content=\"Bridal Budget Boutique\" \/>\n<meta property=\"og:description\" content=\"Entdecken Sie luxuri\u00f6se Hochzeitskleider &amp; Abendmode im Kaviar Gauche Flagship Store Berlin \u2013 ma\u00dfgeschneidert, elegant &amp; handgefertigt in Deutschland.\" \/>\n<meta property=\"og:url\" content=\"https:\/\/www.kaviargauche.com\/de\/unsere-boutiquen\/bridal-budget-boutique-berlin\/\" \/>\n<meta property=\"og:site_name\" content=\"Kaviar Gauche\" \/>\n<meta property=\"article:publisher\" content=\"https:\/\/www.facebook.com\/kaviargauche\" \/>\n<meta property=\"article:modified_time\" content=\"2024-12-05T15:27:38+00:00\" \/>\n<meta property=\"og:image\" content=\"https:\/\/www.kaviargauche.com\/wp-content\/uploads\/KG_Bridal_Budget_Boutique_Christian_Borth_09-scaled.jpg\" \/>\n\t<meta property=\"og:image:width\" content=\"1707\" \/>\n\t<meta property=\"og:image:height\" content=\"2560\" \/>\n\t<meta property=\"og:image:type\" content=\"image\/jpeg\" \/>\n<meta name=\"twitter:card\" content=\"summary_large_image\" \/>\n<meta name=\"twitter:label1\" content=\"Gesch\u00e4tzte Lesezeit\" \/>\n\t<meta name=\"twitter:data1\" content=\"3\u00a0Minuten\" \/>\n<script type=\"application\/ld+json\" class=\"yoast-schema-graph\">{\"@context\":\"https:\/\/schema.org\",\"@graph\":[{\"@type\":\"WebPage\",\"@id\":\"https:\/\/www.kaviargauche.com\/de\/unsere-boutiquen\/bridal-budget-boutique-berlin\/\",\"url\":\"https:\/\/www.kaviargauche.com\/de\/unsere-boutiquen\/bridal-budget-boutique-berlin\/\",\"name\":\"Bridal Budget Boutique - Kaviar Gauche\",\"isPartOf\":{\"@id\":\"https:\/\/www.kaviargauche.com\/de\/#website\"},\"primaryImageOfPage\":{\"@id\":\"https:\/\/www.kaviargauche.com\/de\/unsere-boutiquen\/bridal-budget-boutique-berlin\/#primaryimage\"},\"image\":{\"@id\":\"https:\/\/www.kaviargauche.com\/de\/unsere-boutiquen\/bridal-budget-boutique-berlin\/#primaryimage\"},\"thumbnailUrl\":\"https:\/\/www.kaviargauche.com\/wp-content\/uploads\/KG_Bridal_Budget_Boutique_Christian_Borth_09-scaled.jpg\",\"datePublished\":\"2023-10-12T12:52:58+00:00\",\"dateModified\":\"2024-12-05T15:27:38+00:00\",\"description\":\"Entdecken Sie luxuri\u00f6se Hochzeitskleider & Abendmode im Kaviar Gauche Flagship Store Berlin \u2013 ma\u00dfgeschneidert, elegant & handgefertigt in Deutschland.\",\"breadcrumb\":{\"@id\":\"https:\/\/www.kaviargauche.com\/de\/unsere-boutiquen\/bridal-budget-boutique-berlin\/#breadcrumb\"},\"inLanguage\":\"de\",\"potentialAction\":[{\"@type\":\"ReadAction\",\"target\":[\"https:\/\/www.kaviargauche.com\/de\/unsere-boutiquen\/bridal-budget-boutique-berlin\/\"]}]},{\"@type\":\"ImageObject\",\"inLanguage\":\"de\",\"@id\":\"https:\/\/www.kaviargauche.com\/de\/unsere-boutiquen\/bridal-budget-boutique-berlin\/#primaryimage\",\"url\":\"https:\/\/www.kaviargauche.com\/wp-content\/uploads\/KG_Bridal_Budget_Boutique_Christian_Borth_09-scaled.jpg\",\"contentUrl\":\"https:\/\/www.kaviargauche.com\/wp-content\/uploads\/KG_Bridal_Budget_Boutique_Christian_Borth_09-scaled.jpg\"},{\"@type\":\"BreadcrumbList\",\"@id\":\"https:\/\/www.kaviargauche.com\/de\/unsere-boutiquen\/bridal-budget-boutique-berlin\/#breadcrumb\",\"itemListElement\":[{\"@type\":\"ListItem\",\"position\":1,\"name\":\"Home\",\"item\":\"https:\/\/www.kaviargauche.com\/de\/\"},{\"@type\":\"ListItem\",\"position\":2,\"name\":\"Stores\",\"item\":\"https:\/\/www.kaviargauche.com\/de\/unsere-boutiquen\/\"},{\"@type\":\"ListItem\",\"position\":3,\"name\":\"Bridal Budget Boutique\"}]},{\"@type\":\"WebSite\",\"@id\":\"https:\/\/www.kaviargauche.com\/de\/#website\",\"url\":\"https:\/\/www.kaviargauche.com\/de\/\",\"name\":\"Kaviar Gauche\",\"description\":\"Bridal Couture\",\"publisher\":{\"@id\":\"https:\/\/www.kaviargauche.com\/de\/#organization\"},\"potentialAction\":[{\"@type\":\"SearchAction\",\"target\":{\"@type\":\"EntryPoint\",\"urlTemplate\":\"https:\/\/www.kaviargauche.com\/de\/?s={search_term_string}\"},\"query-input\":{\"@type\":\"PropertyValueSpecification\",\"valueRequired\":true,\"valueName\":\"search_term_string\"}}],\"inLanguage\":\"de\"},{\"@type\":\"Organization\",\"@id\":\"https:\/\/www.kaviargauche.com\/de\/#organization\",\"name\":\"KAVIAR GAUCHE\",\"url\":\"https:\/\/www.kaviargauche.com\/de\/\",\"logo\":{\"@type\":\"ImageObject\",\"inLanguage\":\"de\",\"@id\":\"https:\/\/www.kaviargauche.com\/de\/#\/schema\/logo\/image\/\",\"url\":\"https:\/\/www.kaviargauche.com\/wp-content\/uploads\/kaviar-gauche.png\",\"contentUrl\":\"https:\/\/www.kaviargauche.com\/wp-content\/uploads\/kaviar-gauche.png\",\"width\":512,\"height\":512,\"caption\":\"KAVIAR GAUCHE\"},\"image\":{\"@id\":\"https:\/\/www.kaviargauche.com\/de\/#\/schema\/logo\/image\/\"},\"sameAs\":[\"https:\/\/www.facebook.com\/kaviargauche\",\"https:\/\/www.pinterest.de\/KaviarGaucheOfficial\/\",\"https:\/\/www.instagram.com\/kaviargauche_official\"]}]}<\/script>\n<!-- \/ Yoast SEO Premium plugin. -->","yoast_head_json":{"title":"Bridal Budget Boutique - Kaviar Gauche","description":"Entdecken Sie luxuri\u00f6se Hochzeitskleider & Abendmode im Kaviar Gauche Flagship Store Berlin \u2013 ma\u00dfgeschneidert, elegant & handgefertigt in Deutschland.","robots":{"index":"index","follow":"follow","max-snippet":"max-snippet:-1","max-image-preview":"max-image-preview:large","max-video-preview":"max-video-preview:-1"},"canonical":"https:\/\/www.kaviargauche.com\/de\/unsere-boutiquen\/bridal-budget-boutique-berlin\/","og_locale":"de_DE","og_type":"article","og_title":"Bridal Budget Boutique","og_description":"Entdecken Sie luxuri\u00f6se Hochzeitskleider & Abendmode im Kaviar Gauche Flagship Store Berlin \u2013 ma\u00dfgeschneidert, elegant & handgefertigt in Deutschland.","og_url":"https:\/\/www.kaviargauche.com\/de\/unsere-boutiquen\/bridal-budget-boutique-berlin\/","og_site_name":"Kaviar Gauche","article_publisher":"https:\/\/www.facebook.com\/kaviargauche","article_modified_time":"2024-12-05T15:27:38+00:00","og_image":[{"width":1707,"height":2560,"url":"https:\/\/www.kaviargauche.com\/wp-content\/uploads\/KG_Bridal_Budget_Boutique_Christian_Borth_09-scaled.jpg","type":"image\/jpeg"}],"twitter_card":"summary_large_image","twitter_misc":{"Gesch\u00e4tzte Lesezeit":"3\u00a0Minuten"},"schema":{"@context":"https:\/\/schema.org","@graph":[{"@type":"WebPage","@id":"https:\/\/www.kaviargauche.com\/de\/unsere-boutiquen\/bridal-budget-boutique-berlin\/","url":"https:\/\/www.kaviargauche.com\/de\/unsere-boutiquen\/bridal-budget-boutique-berlin\/","name":"Bridal Budget Boutique - Kaviar Gauche","isPartOf":{"@id":"https:\/\/www.kaviargauche.com\/de\/#website"},"primaryImageOfPage":{"@id":"https:\/\/www.kaviargauche.com\/de\/unsere-boutiquen\/bridal-budget-boutique-berlin\/#primaryimage"},"image":{"@id":"https:\/\/www.kaviargauche.com\/de\/unsere-boutiquen\/bridal-budget-boutique-berlin\/#primaryimage"},"thumbnailUrl":"https:\/\/www.kaviargauche.com\/wp-content\/uploads\/KG_Bridal_Budget_Boutique_Christian_Borth_09-scaled.jpg","datePublished":"2023-10-12T12:52:58+00:00","dateModified":"2024-12-05T15:27:38+00:00","description":"Entdecken Sie luxuri\u00f6se Hochzeitskleider & Abendmode im Kaviar Gauche Flagship Store Berlin \u2013 ma\u00dfgeschneidert, elegant & handgefertigt in Deutschland.","breadcrumb":{"@id":"https:\/\/www.kaviargauche.com\/de\/unsere-boutiquen\/bridal-budget-boutique-berlin\/#breadcrumb"},"inLanguage":"de","potentialAction":[{"@type":"ReadAction","target":["https:\/\/www.kaviargauche.com\/de\/unsere-boutiquen\/bridal-budget-boutique-berlin\/"]}]},{"@type":"ImageObject","inLanguage":"de","@id":"https:\/\/www.kaviargauche.com\/de\/unsere-boutiquen\/bridal-budget-boutique-berlin\/#primaryimage","url":"https:\/\/www.kaviargauche.com\/wp-content\/uploads\/KG_Bridal_Budget_Boutique_Christian_Borth_09-scaled.jpg","contentUrl":"https:\/\/www.kaviargauche.com\/wp-content\/uploads\/KG_Bridal_Budget_Boutique_Christian_Borth_09-scaled.jpg"},{"@type":"BreadcrumbList","@id":"https:\/\/www.kaviargauche.com\/de\/unsere-boutiquen\/bridal-budget-boutique-berlin\/#breadcrumb","itemListElement":[{"@type":"ListItem","position":1,"name":"Home","item":"https:\/\/www.kaviargauche.com\/de\/"},{"@type":"ListItem","position":2,"name":"Stores","item":"https:\/\/www.kaviargauche.com\/de\/unsere-boutiquen\/"},{"@type":"ListItem","position":3,"name":"Bridal Budget Boutique"}]},{"@type":"WebSite","@id":"https:\/\/www.kaviargauche.com\/de\/#website","url":"https:\/\/www.kaviargauche.com\/de\/","name":"Kaviar Gauche","description":"Bridal Couture","publisher":{"@id":"https:\/\/www.kaviargauche.com\/de\/#organization"},"potentialAction":[{"@type":"SearchAction","target":{"@type":"EntryPoint","urlTemplate":"https:\/\/www.kaviargauche.com\/de\/?s={search_term_string}"},"query-input":{"@type":"PropertyValueSpecification","valueRequired":true,"valueName":"search_term_string"}}],"inLanguage":"de"},{"@type":"Organization","@id":"https:\/\/www.kaviargauche.com\/de\/#organization","name":"KAVIAR GAUCHE","url":"https:\/\/www.kaviargauche.com\/de\/","logo":{"@type":"ImageObject","inLanguage":"de","@id":"https:\/\/www.kaviargauche.com\/de\/#\/schema\/logo\/image\/","url":"https:\/\/www.kaviargauche.com\/wp-content\/uploads\/kaviar-gauche.png","contentUrl":"https:\/\/www.kaviargauche.com\/wp-content\/uploads\/kaviar-gauche.png","width":512,"height":512,"caption":"KAVIAR GAUCHE"},"image":{"@id":"https:\/\/www.kaviargauche.com\/de\/#\/schema\/logo\/image\/"},"sameAs":["https:\/\/www.facebook.com\/kaviargauche","https:\/\/www.pinterest.de\/KaviarGaucheOfficial\/","https:\/\/www.instagram.com\/kaviargauche_official"]}]}},"jetpack_sharing_enabled":true,"_links":{"self":[{"href":"https:\/\/www.kaviargauche.com\/de\/wp-json\/wp\/v2\/pages\/17707","targetHints":{"allow":["GET"]}}],"collection":[{"href":"https:\/\/www.kaviargauche.com\/de\/wp-json\/wp\/v2\/pages"}],"about":[{"href":"https:\/\/www.kaviargauche.com\/de\/wp-json\/wp\/v2\/types\/page"}],"author":[{"embeddable":true,"href":"https:\/\/www.kaviargauche.com\/de\/wp-json\/wp\/v2\/users\/3"}],"replies":[{"embeddable":true,"href":"https:\/\/www.kaviargauche.com\/de\/wp-json\/wp\/v2\/comments?post=17707"}],"version-history":[{"count":5,"href":"https:\/\/www.kaviargauche.com\/de\/wp-json\/wp\/v2\/pages\/17707\/revisions"}],"predecessor-version":[{"id":23597,"href":"https:\/\/www.kaviargauche.com\/de\/wp-json\/wp\/v2\/pages\/17707\/revisions\/23597"}],"up":[{"embeddable":true,"href":"https:\/\/www.kaviargauche.com\/de\/wp-json\/wp\/v2\/pages\/21316"}],"wp:attachment":[{"href":"https:\/\/www.kaviargauche.com\/de\/wp-json\/wp\/v2\/media?parent=17707"}],"curies":[{"name":"wp","href":"https:\/\/api.w.org\/{rel}","templated":true}]}}