
{"id":23706,"date":"2024-12-12T12:32:44","date_gmt":"2024-12-12T10:32:44","guid":{"rendered":"https:\/\/www.kaviargauche.com\/?page_id=23706"},"modified":"2024-12-12T13:13:07","modified_gmt":"2024-12-12T11:13:07","slug":"kleider-mit-hohem-beinschlitz","status":"publish","type":"page","link":"https:\/\/www.kaviargauche.com\/de\/kleider-mit-hohem-beinschlitz\/","title":{"rendered":"Kleider mit hohem Beinschlitz"},"content":{"rendered":"<div class=\"banner banner--full\" >\n        <div class=\"banner__media\">\n                <div class=\"banner__image\">\n            \n    <picture\n                class=\"picture  picture--hero\"\n    >\n                <source data-srcset=\"https:\/\/www.kaviargauche.com\/wp-content\/uploads\/Kaviar_Gauche_Grande-Fleur_Spencer-Slim-Dress_Wedding-Scarf_Gloves-1600x1067.jpg\" media=\"(max-width: 700px)\"\/>\n                <source data-srcset=\"https:\/\/www.kaviargauche.com\/wp-content\/uploads\/Kaviar_Gauche_Grande-Fleur_Spencer-Slim-Dress_Wedding-Scarf_Gloves-1600x1067.jpg\" media=\"(max-width: 860px)\"\/>\n                <img decoding=\"async\"\n            src=\"\"\n            data-srcset=\"https:\/\/www.kaviargauche.com\/wp-content\/uploads\/Kaviar_Gauche_Grande-Fleur_Spencer-Slim-Dress_Wedding-Scarf_Gloves-1600x1067.jpg 1x, https:\/\/www.kaviargauche.com\/wp-content\/uploads\/Kaviar_Gauche_Grande-Fleur_Spencer-Slim-Dress_Wedding-Scarf_Gloves.jpg 2x\"\n            class=\"lazyload picture__image\"\n            alt=\"Kaviar Gauche Bridal Dress\"\n            title=\"Kaviar_Gauche_Grande-Fleur_Spencer-Slim-Dress_Wedding-Scarf_Gloves\"        \/>\n\n        <noscript>\n            <img decoding=\"async\" src=\"https:\/\/www.kaviargauche.com\/wp-content\/uploads\/Kaviar_Gauche_Grande-Fleur_Spencer-Slim-Dress_Wedding-Scarf_Gloves.jpg\" alt=\"Kaviar Gauche Bridal Dress\" title=\"Kaviar_Gauche_Grande-Fleur_Spencer-Slim-Dress_Wedding-Scarf_Gloves\"\/>\n        <\/noscript>\n    <\/picture>\n\n            <\/div>\n            <\/div>\n    <div class=\"container\">\n        <div class=\"banner__content\">\n                            <h1>Kleider mit hohem Beinschlitz<\/h1>\n                    <\/div>\n    <\/div>\n    <\/div>\n\n\n\n<div class=\"module latest-products\">\n    <div class=\"container container--wide\">\n        <div class=\"latest-products__header\">\n                                <\/div>\n                    <\/div>\n<\/div>\n\n\n<div class=\"module text \">\n    <div class=\"container container--small\">\n        <div class=\"text__content\">\n            <h2 class=\"p1\">Die Eleganz von Kleidern mit hohem Beinschlitz von Kaviar Gauche<\/h2>\n<p>&nbsp;<\/p>\n<p class=\"p1\">Kleider mit hohem Beinschlitz sind mehr als nur ein modisches Statement \u2013 sie sind eine Verbindung von Eleganz, Sinnlichkeit und zeitgem\u00e4\u00dfem Design. Kaviar Gauche, bekannt f\u00fcr seine innovativen und stilvollen Entw\u00fcrfe, nutzt den Beinschlitz, um die Silhouette der Tr\u00e4gerin hervorzuheben und ihr eine unverwechselbare Ausstrahlung zu verleihen.<\/p>\n<p class=\"p1\">Ein hoher Beinschlitz verl\u00e4ngert optisch die Beine und sorgt f\u00fcr eine schlankere Erscheinung. Dies kann besonders vorteilhaft sein, um die Proportionen auszugleichen und einen eleganten Look zu erzielen. Zus\u00e4tzlich bieten Kleider mit Schlitz nicht nur einen hohen modischen Anspruch, sondern auch Funktionalit\u00e4t, indem sie eine uneingeschr\u00e4nkte Bewegungsfreiheit erm\u00f6glichen, die das Tragen an besonderen Anl\u00e4ssen angenehmer macht.<\/p>\n<p class=\"p1\">Ein dezenter Beinschlitz verleiht dem Outfit eine gewisse Note, ohne aufdringlich zu wirken. Diese subtile Andeutung sorgt daf\u00fcr, dass ein Kleid sowohl feminin als auch stark wirkt. Zudem er\u00f6ffnen sich mit einem hohen Beinschlitz vielf\u00e4ltige Styling-M\u00f6glichkeiten: Kombiniert mit hohen Schuhen wird der Eindruck eines endlos langen Beins verst\u00e4rkt, w\u00e4hrend flache Sandalen einen entspannten, sommerlichen Look schaffen.<\/p>\n<p class=\"p1\">Kaviar Gauche versteht es, die Vorz\u00fcge des Beinschlitzes gekonnt in ihre Designs zu integrieren. Jedes Kleid wird so nicht nur zu einem atemberaubenden Blickfang, sondern setzt auch die Figur der Tr\u00e4gerin geschmackvoll in Szene. Egal, ob f\u00fcr die Hochzeit oder cocktailparty-taugliche Events \u2013 ein Kleid mit hohem Beinschlitz steht f\u00fcr Stilbewusstsein und Selbstvertrauen.<\/p>\n        <\/div>\n    <\/div>\n<\/div>\n","protected":false},"excerpt":{"rendered":"","protected":false},"author":59,"featured_media":0,"parent":0,"menu_order":19,"comment_status":"closed","ping_status":"closed","template":"","meta":{"_acf_changed":false,"footnotes":""},"class_list":["post-23706","page","type-page","status-publish","hentry"],"acf":[],"yoast_head":"<!-- This site is optimized with the Yoast SEO Premium plugin v26.3 (Yoast SEO v27.6) - https:\/\/yoast.com\/product\/yoast-seo-premium-wordpress\/ -->\n<title>Kleider mit hohem Beinschlitz - Kaviar Gauche<\/title>\n<meta name=\"description\" content=\"Kleider mit hohem Beinschlitz - Entdecke mehr \u00fcber Kaviar Gauche\" \/>\n<meta name=\"robots\" content=\"index, follow, max-snippet:-1, max-image-preview:large, max-video-preview:-1\" \/>\n<link rel=\"canonical\" href=\"https:\/\/www.kaviargauche.com\/de\/kleider-mit-hohem-beinschlitz\/\" \/>\n<meta property=\"og:locale\" content=\"de_DE\" \/>\n<meta property=\"og:type\" content=\"article\" \/>\n<meta property=\"og:title\" content=\"Kleider mit hohem Beinschlitz\" \/>\n<meta property=\"og:description\" content=\"Kleider mit hohem Beinschlitz - Entdecke mehr \u00fcber Kaviar Gauche\" \/>\n<meta property=\"og:url\" content=\"https:\/\/www.kaviargauche.com\/de\/kleider-mit-hohem-beinschlitz\/\" \/>\n<meta property=\"og:site_name\" content=\"Kaviar Gauche\" \/>\n<meta property=\"article:publisher\" content=\"https:\/\/www.facebook.com\/kaviargauche\" \/>\n<meta property=\"article:modified_time\" content=\"2024-12-12T11:13:07+00:00\" \/>\n<meta name=\"twitter:card\" content=\"summary_large_image\" \/>\n<meta name=\"twitter:label1\" content=\"Gesch\u00e4tzte Lesezeit\" \/>\n\t<meta name=\"twitter:data1\" content=\"2\u00a0Minuten\" \/>\n<script type=\"application\/ld+json\" class=\"yoast-schema-graph\">{\"@context\":\"https:\\\/\\\/schema.org\",\"@graph\":[{\"@type\":\"WebPage\",\"@id\":\"https:\\\/\\\/www.kaviargauche.com\\\/de\\\/kleider-mit-hohem-beinschlitz\\\/\",\"url\":\"https:\\\/\\\/www.kaviargauche.com\\\/de\\\/kleider-mit-hohem-beinschlitz\\\/\",\"name\":\"Kleider mit hohem Beinschlitz - Kaviar Gauche\",\"isPartOf\":{\"@id\":\"https:\\\/\\\/www.kaviargauche.com\\\/de\\\/#website\"},\"datePublished\":\"2024-12-12T10:32:44+00:00\",\"dateModified\":\"2024-12-12T11:13:07+00:00\",\"description\":\"Kleider mit hohem Beinschlitz - Entdecke mehr \u00fcber Kaviar Gauche\",\"breadcrumb\":{\"@id\":\"https:\\\/\\\/www.kaviargauche.com\\\/de\\\/kleider-mit-hohem-beinschlitz\\\/#breadcrumb\"},\"inLanguage\":\"de\",\"potentialAction\":[{\"@type\":\"ReadAction\",\"target\":[\"https:\\\/\\\/www.kaviargauche.com\\\/de\\\/kleider-mit-hohem-beinschlitz\\\/\"]}]},{\"@type\":\"BreadcrumbList\",\"@id\":\"https:\\\/\\\/www.kaviargauche.com\\\/de\\\/kleider-mit-hohem-beinschlitz\\\/#breadcrumb\",\"itemListElement\":[{\"@type\":\"ListItem\",\"position\":1,\"name\":\"Home\",\"item\":\"https:\\\/\\\/www.kaviargauche.com\\\/de\\\/\"},{\"@type\":\"ListItem\",\"position\":2,\"name\":\"Kleider mit hohem Beinschlitz\"}]},{\"@type\":\"WebSite\",\"@id\":\"https:\\\/\\\/www.kaviargauche.com\\\/de\\\/#website\",\"url\":\"https:\\\/\\\/www.kaviargauche.com\\\/de\\\/\",\"name\":\"Kaviar Gauche\",\"description\":\"Bridal Couture\",\"publisher\":{\"@id\":\"https:\\\/\\\/www.kaviargauche.com\\\/de\\\/#organization\"},\"potentialAction\":[{\"@type\":\"SearchAction\",\"target\":{\"@type\":\"EntryPoint\",\"urlTemplate\":\"https:\\\/\\\/www.kaviargauche.com\\\/de\\\/?s={search_term_string}\"},\"query-input\":{\"@type\":\"PropertyValueSpecification\",\"valueRequired\":true,\"valueName\":\"search_term_string\"}}],\"inLanguage\":\"de\"},{\"@type\":\"Organization\",\"@id\":\"https:\\\/\\\/www.kaviargauche.com\\\/de\\\/#organization\",\"name\":\"KAVIAR GAUCHE\",\"url\":\"https:\\\/\\\/www.kaviargauche.com\\\/de\\\/\",\"logo\":{\"@type\":\"ImageObject\",\"inLanguage\":\"de\",\"@id\":\"https:\\\/\\\/www.kaviargauche.com\\\/de\\\/#\\\/schema\\\/logo\\\/image\\\/\",\"url\":\"https:\\\/\\\/www.kaviargauche.com\\\/wp-content\\\/uploads\\\/kaviar-gauche.png\",\"contentUrl\":\"https:\\\/\\\/www.kaviargauche.com\\\/wp-content\\\/uploads\\\/kaviar-gauche.png\",\"width\":512,\"height\":512,\"caption\":\"KAVIAR GAUCHE\"},\"image\":{\"@id\":\"https:\\\/\\\/www.kaviargauche.com\\\/de\\\/#\\\/schema\\\/logo\\\/image\\\/\"},\"sameAs\":[\"https:\\\/\\\/www.facebook.com\\\/kaviargauche\",\"https:\\\/\\\/www.pinterest.de\\\/KaviarGaucheOfficial\\\/\",\"https:\\\/\\\/www.instagram.com\\\/kaviargauche_official\"]}]}<\/script>\n<!-- \/ Yoast SEO Premium plugin. -->","yoast_head_json":{"title":"Kleider mit hohem Beinschlitz - Kaviar Gauche","description":"Kleider mit hohem Beinschlitz - Entdecke mehr \u00fcber Kaviar Gauche","robots":{"index":"index","follow":"follow","max-snippet":"max-snippet:-1","max-image-preview":"max-image-preview:large","max-video-preview":"max-video-preview:-1"},"canonical":"https:\/\/www.kaviargauche.com\/de\/kleider-mit-hohem-beinschlitz\/","og_locale":"de_DE","og_type":"article","og_title":"Kleider mit hohem Beinschlitz","og_description":"Kleider mit hohem Beinschlitz - Entdecke mehr \u00fcber Kaviar Gauche","og_url":"https:\/\/www.kaviargauche.com\/de\/kleider-mit-hohem-beinschlitz\/","og_site_name":"Kaviar Gauche","article_publisher":"https:\/\/www.facebook.com\/kaviargauche","article_modified_time":"2024-12-12T11:13:07+00:00","twitter_card":"summary_large_image","twitter_misc":{"Gesch\u00e4tzte Lesezeit":"2\u00a0Minuten"},"schema":{"@context":"https:\/\/schema.org","@graph":[{"@type":"WebPage","@id":"https:\/\/www.kaviargauche.com\/de\/kleider-mit-hohem-beinschlitz\/","url":"https:\/\/www.kaviargauche.com\/de\/kleider-mit-hohem-beinschlitz\/","name":"Kleider mit hohem Beinschlitz - Kaviar Gauche","isPartOf":{"@id":"https:\/\/www.kaviargauche.com\/de\/#website"},"datePublished":"2024-12-12T10:32:44+00:00","dateModified":"2024-12-12T11:13:07+00:00","description":"Kleider mit hohem Beinschlitz - Entdecke mehr \u00fcber Kaviar Gauche","breadcrumb":{"@id":"https:\/\/www.kaviargauche.com\/de\/kleider-mit-hohem-beinschlitz\/#breadcrumb"},"inLanguage":"de","potentialAction":[{"@type":"ReadAction","target":["https:\/\/www.kaviargauche.com\/de\/kleider-mit-hohem-beinschlitz\/"]}]},{"@type":"BreadcrumbList","@id":"https:\/\/www.kaviargauche.com\/de\/kleider-mit-hohem-beinschlitz\/#breadcrumb","itemListElement":[{"@type":"ListItem","position":1,"name":"Home","item":"https:\/\/www.kaviargauche.com\/de\/"},{"@type":"ListItem","position":2,"name":"Kleider mit hohem Beinschlitz"}]},{"@type":"WebSite","@id":"https:\/\/www.kaviargauche.com\/de\/#website","url":"https:\/\/www.kaviargauche.com\/de\/","name":"Kaviar Gauche","description":"Bridal Couture","publisher":{"@id":"https:\/\/www.kaviargauche.com\/de\/#organization"},"potentialAction":[{"@type":"SearchAction","target":{"@type":"EntryPoint","urlTemplate":"https:\/\/www.kaviargauche.com\/de\/?s={search_term_string}"},"query-input":{"@type":"PropertyValueSpecification","valueRequired":true,"valueName":"search_term_string"}}],"inLanguage":"de"},{"@type":"Organization","@id":"https:\/\/www.kaviargauche.com\/de\/#organization","name":"KAVIAR GAUCHE","url":"https:\/\/www.kaviargauche.com\/de\/","logo":{"@type":"ImageObject","inLanguage":"de","@id":"https:\/\/www.kaviargauche.com\/de\/#\/schema\/logo\/image\/","url":"https:\/\/www.kaviargauche.com\/wp-content\/uploads\/kaviar-gauche.png","contentUrl":"https:\/\/www.kaviargauche.com\/wp-content\/uploads\/kaviar-gauche.png","width":512,"height":512,"caption":"KAVIAR GAUCHE"},"image":{"@id":"https:\/\/www.kaviargauche.com\/de\/#\/schema\/logo\/image\/"},"sameAs":["https:\/\/www.facebook.com\/kaviargauche","https:\/\/www.pinterest.de\/KaviarGaucheOfficial\/","https:\/\/www.instagram.com\/kaviargauche_official"]}]}},"jetpack_sharing_enabled":true,"_links":{"self":[{"href":"https:\/\/www.kaviargauche.com\/de\/wp-json\/wp\/v2\/pages\/23706","targetHints":{"allow":["GET"]}}],"collection":[{"href":"https:\/\/www.kaviargauche.com\/de\/wp-json\/wp\/v2\/pages"}],"about":[{"href":"https:\/\/www.kaviargauche.com\/de\/wp-json\/wp\/v2\/types\/page"}],"author":[{"embeddable":true,"href":"https:\/\/www.kaviargauche.com\/de\/wp-json\/wp\/v2\/users\/59"}],"replies":[{"embeddable":true,"href":"https:\/\/www.kaviargauche.com\/de\/wp-json\/wp\/v2\/comments?post=23706"}],"version-history":[{"count":5,"href":"https:\/\/www.kaviargauche.com\/de\/wp-json\/wp\/v2\/pages\/23706\/revisions"}],"predecessor-version":[{"id":23716,"href":"https:\/\/www.kaviargauche.com\/de\/wp-json\/wp\/v2\/pages\/23706\/revisions\/23716"}],"wp:attachment":[{"href":"https:\/\/www.kaviargauche.com\/de\/wp-json\/wp\/v2\/media?parent=23706"}],"curies":[{"name":"wp","href":"https:\/\/api.w.org\/{rel}","templated":true}]}}