
{"id":4298,"date":"2022-06-19T12:11:11","date_gmt":"2022-06-19T12:11:11","guid":{"rendered":"https:\/\/www.kaviargauche.com\/couture\/"},"modified":"2025-03-17T18:44:50","modified_gmt":"2025-03-17T16:44:50","slug":"couture","status":"publish","type":"page","link":"https:\/\/www.kaviargauche.com\/de\/couture\/","title":{"rendered":"Couture loves Conscious"},"content":{"rendered":"<div class=\"module text \">\n    <div class=\"container container--small\">\n        <div class=\"text__content\">\n            <h2 style=\"text-align: center;\">\u00a0Couture<br \/>\n<em>loves Conscious<\/em><\/h2>\n        <\/div>\n    <\/div>\n<\/div>\n\n\n<div class=\"module images\">\n    <div class=\"container container--medium\">\n            <ul class=\"images\">\n                    <li class=\"images__image\">\n                \n    <picture\n        style=\"padding-top: 150%\"         class=\"picture \"\n    >\n                <source data-srcset=\"https:\/\/www.kaviargauche.com\/wp-content\/uploads\/DSCF8394-scaled.jpg\" media=\"(max-width: 700px)\"\/>\n                <source data-srcset=\"https:\/\/www.kaviargauche.com\/wp-content\/uploads\/DSCF8394-scaled.jpg\" media=\"(max-width: 860px)\"\/>\n                <img decoding=\"async\"\n            src=\"\"\n            data-srcset=\"https:\/\/www.kaviargauche.com\/wp-content\/uploads\/DSCF8394-scaled.jpg 1x, https:\/\/www.kaviargauche.com\/wp-content\/uploads\/DSCF8394-scaled.jpg 2x\"\n            class=\"lazyload picture__image\"\n            alt=\"Kaviar Gauche Bridal Dress\"\n            title=\"DSCF8394\"        \/>\n\n        <noscript>\n            <img decoding=\"async\" src=\"https:\/\/www.kaviargauche.com\/wp-content\/uploads\/DSCF8394-scaled.jpg\" alt=\"Kaviar Gauche Bridal Dress\" title=\"DSCF8394\"\/>\n        <\/noscript>\n    <\/picture>\n\n                <\/li>\n                <\/ul>\n        <\/div>\n<\/div>\n\n\n<div class=\"module text \">\n    <div class=\"container container--small\">\n        <div class=\"text__content\">\n            <p>Nachhaltigkeit ist eine Entwicklung. F\u00fcr uns bei Kaviar Gauche bedeutet dies, dass wir\u00a0kontinuierlich nach neuen M\u00f6glichkeiten suchen, um durch Verbesserungen in all unseren\u00a0Bereichen zur Nachhaltigkeit der Prozesse beitragen zu k\u00f6nnen.<\/p>\n<h2 id=\"h-made-with-love-in-germany\" class=\"wp-block-heading has-text-align-center\">Made with Love in Germany<\/h2>\n<p>Kaviar Gauche ist ,,made\u00a0and produced\u00a0in Germany\u2019\u2019.\u00a0Lange\u00a0und unn\u00f6tige\u00a0Transportwege sollen zudem durch\u00a0die Wahl von europ\u00e4ischen Zulieferern von Stoffen und Materialien verhindert\u00a0werden.\u00a0Die Produkte von Kaviar Gauche \u00a0sind zu 50% aus Naturfasern. Das Sourcing der eingesetzten Materialien soll konstant erweitert werden.\u00a0Dabei ist es uns wichtig nach nachhaltigen Stoffen zu suchen, die den\u00a0\u00e4sthetischen\u00a0Couture Standards gerecht werden, die Kaviar Gauche ausmachen.<\/p>\n<p>Alle Couture &amp; Ma\u00dfanfertigungen werden in Berlin in Einzelanfertigung hergestellt. Im eigenen Berliner Atelier fertigen wir alle Couture Modelle und entwickeln alle Kollektionen. 20% unserer Ready to Marry Modelle fertigen wir im europ\u00e4ischen Ausland, den Rest in Berlin.<\/p>\n<p>Unsere\u00a0Accessoires werden in Deutschland und Europa hergestellt. Auch bei Fremdmarken achten wir auf faire Produktionswege.<\/p>\n<p>Nachhaltigkeit bedeutet auch soziale Gerechtigkeit. Durch die Herstellung der Produkte in\u00a0Deutschland, sowie die Auswahl europ\u00e4ischer Zulieferer und eine langj\u00e4hrige &amp; loyale Zusammenarbeit mit\u00a0unseren Partnern stellen wir eine verantwortungsvolle Lieferkette her.<\/p>\n<p>Aufgrund der Herstellung der Produkte gr\u00f6sstenteils auf Bestellung, gibt es fast keine \u00dcberproduktion.\u00a0Zudem werden die Produkte bei allen Ma\u00dfanfertigungen perfekt an die Kundinnen angepasst\u00a0und es entsteht mit jeder Kundin ein individuelles\u00a0Meisterwerk. Bitte beachten Sie, dass dieser Prozess sich \u00fcber 4-6 Monate erstrecken kann &amp; planen Sie ihre Termine bei uns entsprechend zum gew\u00fcnschten Abholdatum.<\/p>\n<p>Durch die Herstellung von qualitativ hochwertigen Produkten sind diese ,,made to last\u2019\u2019. Denn je\u00a0h\u00f6her die Qualit\u00e4t der Ware ist, umso l\u00e4nger erfreuen sich unsere Kundinnen an ihren St\u00fccken.<\/p>\n        <\/div>\n    <\/div>\n<\/div>\n\n\n<div class=\"module images\">\n    <div class=\"container container--medium\">\n            <ul class=\"images\">\n                    <li class=\"images__image\">\n                \n    <picture\n        style=\"padding-top: 150%\"         class=\"picture \"\n    >\n                <source data-srcset=\"https:\/\/www.kaviargauche.com\/wp-content\/uploads\/Bring_Me_Somewhere_Nice_KaviarGauche_Atelier_5082-1-scaled-1.jpeg\" media=\"(max-width: 700px)\"\/>\n                <source data-srcset=\"https:\/\/www.kaviargauche.com\/wp-content\/uploads\/Bring_Me_Somewhere_Nice_KaviarGauche_Atelier_5082-1-scaled-1.jpeg\" media=\"(max-width: 860px)\"\/>\n                <img decoding=\"async\"\n            src=\"\"\n            data-srcset=\"https:\/\/www.kaviargauche.com\/wp-content\/uploads\/Bring_Me_Somewhere_Nice_KaviarGauche_Atelier_5082-1-scaled-1.jpeg 1x, https:\/\/www.kaviargauche.com\/wp-content\/uploads\/Bring_Me_Somewhere_Nice_KaviarGauche_Atelier_5082-1-scaled-1.jpeg 2x\"\n            class=\"lazyload picture__image\"\n            alt=\"Kaviar Gauche Bridal Dress\"\n            title=\"Kaviar Gauche Atelier\"        \/>\n\n        <noscript>\n            <img decoding=\"async\" src=\"https:\/\/www.kaviargauche.com\/wp-content\/uploads\/Bring_Me_Somewhere_Nice_KaviarGauche_Atelier_5082-1-scaled-1.jpeg\" alt=\"Kaviar Gauche Bridal Dress\" title=\"Kaviar Gauche Atelier\"\/>\n        <\/noscript>\n    <\/picture>\n\n                <\/li>\n                    <li class=\"images__image\">\n                \n    <picture\n        style=\"padding-top: 150%\"         class=\"picture \"\n    >\n                <source data-srcset=\"https:\/\/www.kaviargauche.com\/wp-content\/uploads\/Bring_Me_Somewhere_Nice_KaviarGauche_Atelier_8492-scaled.jpg\" media=\"(max-width: 700px)\"\/>\n                <source data-srcset=\"https:\/\/www.kaviargauche.com\/wp-content\/uploads\/Bring_Me_Somewhere_Nice_KaviarGauche_Atelier_8492-scaled.jpg\" media=\"(max-width: 860px)\"\/>\n                <img decoding=\"async\"\n            src=\"\"\n            data-srcset=\"https:\/\/www.kaviargauche.com\/wp-content\/uploads\/Bring_Me_Somewhere_Nice_KaviarGauche_Atelier_8492-scaled.jpg 1x, https:\/\/www.kaviargauche.com\/wp-content\/uploads\/Bring_Me_Somewhere_Nice_KaviarGauche_Atelier_8492-scaled.jpg 2x\"\n            class=\"lazyload picture__image\"\n            alt=\"Kaviar Gauche Bridal Dress\"\n            title=\"Kaviar Gauche Atelier\"        \/>\n\n        <noscript>\n            <img decoding=\"async\" src=\"https:\/\/www.kaviargauche.com\/wp-content\/uploads\/Bring_Me_Somewhere_Nice_KaviarGauche_Atelier_8492-scaled.jpg\" alt=\"Kaviar Gauche Bridal Dress\" title=\"Kaviar Gauche Atelier\"\/>\n        <\/noscript>\n    <\/picture>\n\n                <\/li>\n                <\/ul>\n        <\/div>\n<\/div>\n\n\n<div class=\"banner banner--small\" >\n            <a href=\"https:\/\/www.kaviargauche.com\/en\/faq-frequently-asked-questions\/\">\n        <div class=\"banner__media\">\n                <div class=\"banner__image\">\n            \n    <picture\n                class=\"picture  picture--hero\"\n    >\n                <source data-srcset=\"https:\/\/www.kaviargauche.com\/wp-content\/uploads\/KaviarGauche_Bridal-Couture_Header-1600x533.jpg\" media=\"(max-width: 700px)\"\/>\n                <source data-srcset=\"https:\/\/www.kaviargauche.com\/wp-content\/uploads\/KaviarGauche_Bridal-Couture_Header-1600x533.jpg\" media=\"(max-width: 860px)\"\/>\n                <img decoding=\"async\"\n            src=\"\"\n            data-srcset=\"https:\/\/www.kaviargauche.com\/wp-content\/uploads\/KaviarGauche_Bridal-Couture_Header-1600x533.jpg 1x, https:\/\/www.kaviargauche.com\/wp-content\/uploads\/KaviarGauche_Bridal-Couture_Header.jpg 2x\"\n            class=\"lazyload picture__image\"\n            alt=\"Kaviar Gauche Bridal Dress\"\n            title=\"KaviarGauche_Bridal-Couture_Header\"        \/>\n\n        <noscript>\n            <img decoding=\"async\" src=\"https:\/\/www.kaviargauche.com\/wp-content\/uploads\/KaviarGauche_Bridal-Couture_Header.jpg\" alt=\"Kaviar Gauche Bridal Dress\" title=\"KaviarGauche_Bridal-Couture_Header\"\/>\n        <\/noscript>\n    <\/picture>\n\n            <\/div>\n            <\/div>\n    <div class=\"container\">\n        <div class=\"banner__content\">\n                            <h1 style=\"text-align: center;\">FAQ &#8211; learn more<\/h1>\n                    <\/div>\n    <\/div>\n            <\/a>\n    <\/div>\n","protected":false},"excerpt":{"rendered":"","protected":false},"author":3,"featured_media":0,"parent":0,"menu_order":41,"comment_status":"closed","ping_status":"closed","template":"","meta":{"_acf_changed":false,"footnotes":""},"class_list":["post-4298","page","type-page","status-publish","hentry"],"acf":[],"yoast_head":"<!-- This site is optimized with the Yoast SEO Premium plugin v26.3 (Yoast SEO v27.5) - https:\/\/yoast.com\/product\/yoast-seo-premium-wordpress\/ -->\n<title>Couture loves Conscious - Kaviar Gauche<\/title>\n<meta name=\"description\" content=\"Kaviar Gauche steht f\u00fcr nachhaltige Mode \u201eMade in Germany\u201c: Naturfasern, europ\u00e4ische Zulieferer, faire Produktion und individuelle Couture aus Berlin f\u00fcr langlebige Qualit\u00e4t.\" \/>\n<meta name=\"robots\" content=\"index, follow, max-snippet:-1, max-image-preview:large, max-video-preview:-1\" \/>\n<link rel=\"canonical\" href=\"https:\/\/www.kaviargauche.com\/de\/couture\/\" \/>\n<meta property=\"og:locale\" content=\"de_DE\" \/>\n<meta property=\"og:type\" content=\"article\" \/>\n<meta property=\"og:title\" content=\"Couture loves Conscious\" \/>\n<meta property=\"og:description\" content=\"Kaviar Gauche steht f\u00fcr nachhaltige Mode \u201eMade in Germany\u201c: Naturfasern, europ\u00e4ische Zulieferer, faire Produktion und individuelle Couture aus Berlin f\u00fcr langlebige Qualit\u00e4t.\" \/>\n<meta property=\"og:url\" content=\"https:\/\/www.kaviargauche.com\/de\/couture\/\" \/>\n<meta property=\"og:site_name\" content=\"Kaviar Gauche\" \/>\n<meta property=\"article:publisher\" content=\"https:\/\/www.facebook.com\/kaviargauche\" \/>\n<meta property=\"article:modified_time\" content=\"2025-03-17T16:44:50+00:00\" \/>\n<meta name=\"twitter:card\" content=\"summary_large_image\" \/>\n<meta name=\"twitter:label1\" content=\"Gesch\u00e4tzte Lesezeit\" \/>\n\t<meta name=\"twitter:data1\" content=\"3\u00a0Minuten\" \/>\n<script type=\"application\/ld+json\" class=\"yoast-schema-graph\">{\"@context\":\"https:\\\/\\\/schema.org\",\"@graph\":[{\"@type\":\"WebPage\",\"@id\":\"https:\\\/\\\/www.kaviargauche.com\\\/de\\\/couture\\\/\",\"url\":\"https:\\\/\\\/www.kaviargauche.com\\\/de\\\/couture\\\/\",\"name\":\"Couture loves Conscious - Kaviar Gauche\",\"isPartOf\":{\"@id\":\"https:\\\/\\\/www.kaviargauche.com\\\/de\\\/#website\"},\"datePublished\":\"2022-06-19T12:11:11+00:00\",\"dateModified\":\"2025-03-17T16:44:50+00:00\",\"description\":\"Kaviar Gauche steht f\u00fcr nachhaltige Mode \u201eMade in Germany\u201c: Naturfasern, europ\u00e4ische Zulieferer, faire Produktion und individuelle Couture aus Berlin f\u00fcr langlebige Qualit\u00e4t.\",\"breadcrumb\":{\"@id\":\"https:\\\/\\\/www.kaviargauche.com\\\/de\\\/couture\\\/#breadcrumb\"},\"inLanguage\":\"de\",\"potentialAction\":[{\"@type\":\"ReadAction\",\"target\":[\"https:\\\/\\\/www.kaviargauche.com\\\/de\\\/couture\\\/\"]}]},{\"@type\":\"BreadcrumbList\",\"@id\":\"https:\\\/\\\/www.kaviargauche.com\\\/de\\\/couture\\\/#breadcrumb\",\"itemListElement\":[{\"@type\":\"ListItem\",\"position\":1,\"name\":\"Home\",\"item\":\"https:\\\/\\\/www.kaviargauche.com\\\/de\\\/\"},{\"@type\":\"ListItem\",\"position\":2,\"name\":\"Couture loves Conscious\"}]},{\"@type\":\"WebSite\",\"@id\":\"https:\\\/\\\/www.kaviargauche.com\\\/de\\\/#website\",\"url\":\"https:\\\/\\\/www.kaviargauche.com\\\/de\\\/\",\"name\":\"Kaviar Gauche\",\"description\":\"Bridal Couture\",\"publisher\":{\"@id\":\"https:\\\/\\\/www.kaviargauche.com\\\/de\\\/#organization\"},\"potentialAction\":[{\"@type\":\"SearchAction\",\"target\":{\"@type\":\"EntryPoint\",\"urlTemplate\":\"https:\\\/\\\/www.kaviargauche.com\\\/de\\\/?s={search_term_string}\"},\"query-input\":{\"@type\":\"PropertyValueSpecification\",\"valueRequired\":true,\"valueName\":\"search_term_string\"}}],\"inLanguage\":\"de\"},{\"@type\":\"Organization\",\"@id\":\"https:\\\/\\\/www.kaviargauche.com\\\/de\\\/#organization\",\"name\":\"KAVIAR GAUCHE\",\"url\":\"https:\\\/\\\/www.kaviargauche.com\\\/de\\\/\",\"logo\":{\"@type\":\"ImageObject\",\"inLanguage\":\"de\",\"@id\":\"https:\\\/\\\/www.kaviargauche.com\\\/de\\\/#\\\/schema\\\/logo\\\/image\\\/\",\"url\":\"https:\\\/\\\/www.kaviargauche.com\\\/wp-content\\\/uploads\\\/kaviar-gauche.png\",\"contentUrl\":\"https:\\\/\\\/www.kaviargauche.com\\\/wp-content\\\/uploads\\\/kaviar-gauche.png\",\"width\":512,\"height\":512,\"caption\":\"KAVIAR GAUCHE\"},\"image\":{\"@id\":\"https:\\\/\\\/www.kaviargauche.com\\\/de\\\/#\\\/schema\\\/logo\\\/image\\\/\"},\"sameAs\":[\"https:\\\/\\\/www.facebook.com\\\/kaviargauche\",\"https:\\\/\\\/www.pinterest.de\\\/KaviarGaucheOfficial\\\/\",\"https:\\\/\\\/www.instagram.com\\\/kaviargauche_official\"]}]}<\/script>\n<!-- \/ Yoast SEO Premium plugin. -->","yoast_head_json":{"title":"Couture loves Conscious - Kaviar Gauche","description":"Kaviar Gauche steht f\u00fcr nachhaltige Mode \u201eMade in Germany\u201c: Naturfasern, europ\u00e4ische Zulieferer, faire Produktion und individuelle Couture aus Berlin f\u00fcr langlebige Qualit\u00e4t.","robots":{"index":"index","follow":"follow","max-snippet":"max-snippet:-1","max-image-preview":"max-image-preview:large","max-video-preview":"max-video-preview:-1"},"canonical":"https:\/\/www.kaviargauche.com\/de\/couture\/","og_locale":"de_DE","og_type":"article","og_title":"Couture loves Conscious","og_description":"Kaviar Gauche steht f\u00fcr nachhaltige Mode \u201eMade in Germany\u201c: Naturfasern, europ\u00e4ische Zulieferer, faire Produktion und individuelle Couture aus Berlin f\u00fcr langlebige Qualit\u00e4t.","og_url":"https:\/\/www.kaviargauche.com\/de\/couture\/","og_site_name":"Kaviar Gauche","article_publisher":"https:\/\/www.facebook.com\/kaviargauche","article_modified_time":"2025-03-17T16:44:50+00:00","twitter_card":"summary_large_image","twitter_misc":{"Gesch\u00e4tzte Lesezeit":"3\u00a0Minuten"},"schema":{"@context":"https:\/\/schema.org","@graph":[{"@type":"WebPage","@id":"https:\/\/www.kaviargauche.com\/de\/couture\/","url":"https:\/\/www.kaviargauche.com\/de\/couture\/","name":"Couture loves Conscious - Kaviar Gauche","isPartOf":{"@id":"https:\/\/www.kaviargauche.com\/de\/#website"},"datePublished":"2022-06-19T12:11:11+00:00","dateModified":"2025-03-17T16:44:50+00:00","description":"Kaviar Gauche steht f\u00fcr nachhaltige Mode \u201eMade in Germany\u201c: Naturfasern, europ\u00e4ische Zulieferer, faire Produktion und individuelle Couture aus Berlin f\u00fcr langlebige Qualit\u00e4t.","breadcrumb":{"@id":"https:\/\/www.kaviargauche.com\/de\/couture\/#breadcrumb"},"inLanguage":"de","potentialAction":[{"@type":"ReadAction","target":["https:\/\/www.kaviargauche.com\/de\/couture\/"]}]},{"@type":"BreadcrumbList","@id":"https:\/\/www.kaviargauche.com\/de\/couture\/#breadcrumb","itemListElement":[{"@type":"ListItem","position":1,"name":"Home","item":"https:\/\/www.kaviargauche.com\/de\/"},{"@type":"ListItem","position":2,"name":"Couture loves Conscious"}]},{"@type":"WebSite","@id":"https:\/\/www.kaviargauche.com\/de\/#website","url":"https:\/\/www.kaviargauche.com\/de\/","name":"Kaviar Gauche","description":"Bridal Couture","publisher":{"@id":"https:\/\/www.kaviargauche.com\/de\/#organization"},"potentialAction":[{"@type":"SearchAction","target":{"@type":"EntryPoint","urlTemplate":"https:\/\/www.kaviargauche.com\/de\/?s={search_term_string}"},"query-input":{"@type":"PropertyValueSpecification","valueRequired":true,"valueName":"search_term_string"}}],"inLanguage":"de"},{"@type":"Organization","@id":"https:\/\/www.kaviargauche.com\/de\/#organization","name":"KAVIAR GAUCHE","url":"https:\/\/www.kaviargauche.com\/de\/","logo":{"@type":"ImageObject","inLanguage":"de","@id":"https:\/\/www.kaviargauche.com\/de\/#\/schema\/logo\/image\/","url":"https:\/\/www.kaviargauche.com\/wp-content\/uploads\/kaviar-gauche.png","contentUrl":"https:\/\/www.kaviargauche.com\/wp-content\/uploads\/kaviar-gauche.png","width":512,"height":512,"caption":"KAVIAR GAUCHE"},"image":{"@id":"https:\/\/www.kaviargauche.com\/de\/#\/schema\/logo\/image\/"},"sameAs":["https:\/\/www.facebook.com\/kaviargauche","https:\/\/www.pinterest.de\/KaviarGaucheOfficial\/","https:\/\/www.instagram.com\/kaviargauche_official"]}]}},"jetpack_sharing_enabled":true,"_links":{"self":[{"href":"https:\/\/www.kaviargauche.com\/de\/wp-json\/wp\/v2\/pages\/4298","targetHints":{"allow":["GET"]}}],"collection":[{"href":"https:\/\/www.kaviargauche.com\/de\/wp-json\/wp\/v2\/pages"}],"about":[{"href":"https:\/\/www.kaviargauche.com\/de\/wp-json\/wp\/v2\/types\/page"}],"author":[{"embeddable":true,"href":"https:\/\/www.kaviargauche.com\/de\/wp-json\/wp\/v2\/users\/3"}],"replies":[{"embeddable":true,"href":"https:\/\/www.kaviargauche.com\/de\/wp-json\/wp\/v2\/comments?post=4298"}],"version-history":[{"count":5,"href":"https:\/\/www.kaviargauche.com\/de\/wp-json\/wp\/v2\/pages\/4298\/revisions"}],"predecessor-version":[{"id":25045,"href":"https:\/\/www.kaviargauche.com\/de\/wp-json\/wp\/v2\/pages\/4298\/revisions\/25045"}],"wp:attachment":[{"href":"https:\/\/www.kaviargauche.com\/de\/wp-json\/wp\/v2\/media?parent=4298"}],"curies":[{"name":"wp","href":"https:\/\/api.w.org\/{rel}","templated":true}]}}