
{"id":4305,"date":"2022-06-16T10:20:02","date_gmt":"2022-06-16T10:20:02","guid":{"rendered":"https:\/\/www.kaviargauche.com\/imprint\/"},"modified":"2024-09-26T20:17:59","modified_gmt":"2024-09-26T20:17:59","slug":"impressum","status":"publish","type":"page","link":"https:\/\/www.kaviargauche.com\/de\/impressum\/","title":{"rendered":"Impressum"},"content":{"rendered":"<div class=\"banner banner--small\" >\n        <div class=\"banner__media\">\n                <div class=\"banner__image\">\n            \n    <picture\n                class=\"picture  picture--hero\"\n    >\n                <source data-srcset=\"https:\/\/www.kaviargauche.com\/wp-content\/uploads\/kaviar-gauche-imprint.jpeg\" media=\"(max-width: 700px)\"\/>\n                <source data-srcset=\"https:\/\/www.kaviargauche.com\/wp-content\/uploads\/kaviar-gauche-imprint.jpeg\" media=\"(max-width: 860px)\"\/>\n                <img decoding=\"async\"\n            src=\"\"\n            data-srcset=\"https:\/\/www.kaviargauche.com\/wp-content\/uploads\/kaviar-gauche-imprint.jpeg 1x, https:\/\/www.kaviargauche.com\/wp-content\/uploads\/kaviar-gauche-imprint.jpeg 2x\"\n            class=\"lazyload picture__image\"\n            \/>\n\n        <noscript>\n            <img decoding=\"async\" src=\"https:\/\/www.kaviargauche.com\/wp-content\/uploads\/kaviar-gauche-imprint.jpeg\" alt=\"kaviar-gauche-imprint\" title=\"kaviar-gauche-imprint\"\/>\n        <\/noscript>\n    <\/picture>\n\n            <\/div>\n            <\/div>\n    <div class=\"container\">\n        <div class=\"banner__content\">\n                            <h1>Impressum<\/h1>\n                    <\/div>\n    <\/div>\n    <\/div>\n\n\n<div class=\"module text \">\n    <div class=\"container container--small\">\n        <div class=\"text__content\">\n            <p>Kaviar Gauche GmbH<br \/>\nTorstrasse 56<br \/>\n10119 Berlin<br \/>\nDeutschland<\/p>\n<p>Tel.: +493081798022<br \/>\nE-Mail:\u00a0<a href=\"mailto:service@kaviargauche.com\">service@kaviargauche.com<\/a><\/p>\n<p class=\"has-text-align-left\">Registergericht: Amtsgericht Charlottenburg<br \/>\nRegisternummer: HRB 115757B<\/p>\n<p class=\"has-text-align-left\">Gesch\u00e4ftsf\u00fchrerin: Johanna K\u00fchl<\/p>\n<p class=\"has-text-align-left\">Umsatzsteuer-Identifikationsnummer gem\u00e4\u00df \u00a7 27 a Umsatzsteuergesetz: DE271596561<\/p>\n<p class=\"has-text-align-left\">Plattform der EU-Kommission zur Online-Streitbeilegung:\u00a0<a href=\"https:\/\/ec.europa.eu\/odr\">https:\/\/ec.europa.eu\/odr<\/a><\/p>\n<p class=\"has-text-align-left\">Wir sind zur Teilnahme an einem Streitbeilegungsverfahren vor einer Verbraucherschlichtungsstelle weder verpflichtet noch bereit.<\/p>\n<p class=\"has-text-align-left\">Website design, texts, graphics and layout copyright \u00a9 2024 Kaviar Gauche GmbH.<br \/>\nALL RIGHTS RESERVED. Copies or reproductions (including printing on paper) of the entire website or any parts of the website are allowed solely for the purpose of placing an order with Kaviar Gauche GmbH.<\/p>\n<p class=\"has-text-align-left\">Any other use of the material or information available on this website is prohibited without prior written or electronic permission from Kaviar Gauche GmbH.<\/p>\n        <\/div>\n    <\/div>\n<\/div>\n","protected":false},"excerpt":{"rendered":"","protected":false},"author":3,"featured_media":0,"parent":0,"menu_order":74,"comment_status":"closed","ping_status":"closed","template":"","meta":{"_acf_changed":false,"footnotes":""},"class_list":["post-4305","page","type-page","status-publish","hentry"],"acf":[],"yoast_head":"<!-- This site is optimized with the Yoast SEO Premium plugin v26.3 (Yoast SEO v27.3) - https:\/\/yoast.com\/product\/yoast-seo-premium-wordpress\/ -->\n<title>Impressum - Kaviar Gauche<\/title>\n<meta name=\"description\" content=\"Impressum - Entdecke mehr \u00fcber Kaviar Gauche\" \/>\n<meta name=\"robots\" content=\"index, follow, max-snippet:-1, max-image-preview:large, max-video-preview:-1\" \/>\n<link rel=\"canonical\" href=\"https:\/\/www.kaviargauche.com\/de\/impressum\/\" \/>\n<meta property=\"og:locale\" content=\"de_DE\" \/>\n<meta property=\"og:type\" content=\"article\" \/>\n<meta property=\"og:title\" content=\"Impressum\" \/>\n<meta property=\"og:description\" content=\"Impressum - Entdecke mehr \u00fcber Kaviar Gauche\" \/>\n<meta property=\"og:url\" content=\"https:\/\/www.kaviargauche.com\/de\/impressum\/\" \/>\n<meta property=\"og:site_name\" content=\"Kaviar Gauche\" \/>\n<meta property=\"article:publisher\" content=\"https:\/\/www.facebook.com\/kaviargauche\" \/>\n<meta property=\"article:modified_time\" content=\"2024-09-26T20:17:59+00:00\" \/>\n<meta name=\"twitter:card\" content=\"summary_large_image\" \/>\n<script type=\"application\/ld+json\" class=\"yoast-schema-graph\">{\"@context\":\"https:\\\/\\\/schema.org\",\"@graph\":[{\"@type\":\"WebPage\",\"@id\":\"https:\\\/\\\/www.kaviargauche.com\\\/de\\\/impressum\\\/\",\"url\":\"https:\\\/\\\/www.kaviargauche.com\\\/de\\\/impressum\\\/\",\"name\":\"Impressum - Kaviar Gauche\",\"isPartOf\":{\"@id\":\"https:\\\/\\\/www.kaviargauche.com\\\/de\\\/#website\"},\"datePublished\":\"2022-06-16T10:20:02+00:00\",\"dateModified\":\"2024-09-26T20:17:59+00:00\",\"description\":\"Impressum - Entdecke mehr \u00fcber Kaviar Gauche\",\"breadcrumb\":{\"@id\":\"https:\\\/\\\/www.kaviargauche.com\\\/de\\\/impressum\\\/#breadcrumb\"},\"inLanguage\":\"de\",\"potentialAction\":[{\"@type\":\"ReadAction\",\"target\":[\"https:\\\/\\\/www.kaviargauche.com\\\/de\\\/impressum\\\/\"]}]},{\"@type\":\"BreadcrumbList\",\"@id\":\"https:\\\/\\\/www.kaviargauche.com\\\/de\\\/impressum\\\/#breadcrumb\",\"itemListElement\":[{\"@type\":\"ListItem\",\"position\":1,\"name\":\"Home\",\"item\":\"https:\\\/\\\/www.kaviargauche.com\\\/de\\\/\"},{\"@type\":\"ListItem\",\"position\":2,\"name\":\"Impressum\"}]},{\"@type\":\"WebSite\",\"@id\":\"https:\\\/\\\/www.kaviargauche.com\\\/de\\\/#website\",\"url\":\"https:\\\/\\\/www.kaviargauche.com\\\/de\\\/\",\"name\":\"Kaviar Gauche\",\"description\":\"Bridal Couture\",\"publisher\":{\"@id\":\"https:\\\/\\\/www.kaviargauche.com\\\/de\\\/#organization\"},\"potentialAction\":[{\"@type\":\"SearchAction\",\"target\":{\"@type\":\"EntryPoint\",\"urlTemplate\":\"https:\\\/\\\/www.kaviargauche.com\\\/de\\\/?s={search_term_string}\"},\"query-input\":{\"@type\":\"PropertyValueSpecification\",\"valueRequired\":true,\"valueName\":\"search_term_string\"}}],\"inLanguage\":\"de\"},{\"@type\":\"Organization\",\"@id\":\"https:\\\/\\\/www.kaviargauche.com\\\/de\\\/#organization\",\"name\":\"KAVIAR GAUCHE\",\"url\":\"https:\\\/\\\/www.kaviargauche.com\\\/de\\\/\",\"logo\":{\"@type\":\"ImageObject\",\"inLanguage\":\"de\",\"@id\":\"https:\\\/\\\/www.kaviargauche.com\\\/de\\\/#\\\/schema\\\/logo\\\/image\\\/\",\"url\":\"https:\\\/\\\/www.kaviargauche.com\\\/wp-content\\\/uploads\\\/kaviar-gauche.png\",\"contentUrl\":\"https:\\\/\\\/www.kaviargauche.com\\\/wp-content\\\/uploads\\\/kaviar-gauche.png\",\"width\":512,\"height\":512,\"caption\":\"KAVIAR GAUCHE\"},\"image\":{\"@id\":\"https:\\\/\\\/www.kaviargauche.com\\\/de\\\/#\\\/schema\\\/logo\\\/image\\\/\"},\"sameAs\":[\"https:\\\/\\\/www.facebook.com\\\/kaviargauche\",\"https:\\\/\\\/www.pinterest.de\\\/KaviarGaucheOfficial\\\/\",\"https:\\\/\\\/www.instagram.com\\\/kaviargauche_official\"]}]}<\/script>\n<!-- \/ Yoast SEO Premium plugin. -->","yoast_head_json":{"title":"Impressum - Kaviar Gauche","description":"Impressum - Entdecke mehr \u00fcber Kaviar Gauche","robots":{"index":"index","follow":"follow","max-snippet":"max-snippet:-1","max-image-preview":"max-image-preview:large","max-video-preview":"max-video-preview:-1"},"canonical":"https:\/\/www.kaviargauche.com\/de\/impressum\/","og_locale":"de_DE","og_type":"article","og_title":"Impressum","og_description":"Impressum - Entdecke mehr \u00fcber Kaviar Gauche","og_url":"https:\/\/www.kaviargauche.com\/de\/impressum\/","og_site_name":"Kaviar Gauche","article_publisher":"https:\/\/www.facebook.com\/kaviargauche","article_modified_time":"2024-09-26T20:17:59+00:00","twitter_card":"summary_large_image","schema":{"@context":"https:\/\/schema.org","@graph":[{"@type":"WebPage","@id":"https:\/\/www.kaviargauche.com\/de\/impressum\/","url":"https:\/\/www.kaviargauche.com\/de\/impressum\/","name":"Impressum - Kaviar Gauche","isPartOf":{"@id":"https:\/\/www.kaviargauche.com\/de\/#website"},"datePublished":"2022-06-16T10:20:02+00:00","dateModified":"2024-09-26T20:17:59+00:00","description":"Impressum - Entdecke mehr \u00fcber Kaviar Gauche","breadcrumb":{"@id":"https:\/\/www.kaviargauche.com\/de\/impressum\/#breadcrumb"},"inLanguage":"de","potentialAction":[{"@type":"ReadAction","target":["https:\/\/www.kaviargauche.com\/de\/impressum\/"]}]},{"@type":"BreadcrumbList","@id":"https:\/\/www.kaviargauche.com\/de\/impressum\/#breadcrumb","itemListElement":[{"@type":"ListItem","position":1,"name":"Home","item":"https:\/\/www.kaviargauche.com\/de\/"},{"@type":"ListItem","position":2,"name":"Impressum"}]},{"@type":"WebSite","@id":"https:\/\/www.kaviargauche.com\/de\/#website","url":"https:\/\/www.kaviargauche.com\/de\/","name":"Kaviar Gauche","description":"Bridal Couture","publisher":{"@id":"https:\/\/www.kaviargauche.com\/de\/#organization"},"potentialAction":[{"@type":"SearchAction","target":{"@type":"EntryPoint","urlTemplate":"https:\/\/www.kaviargauche.com\/de\/?s={search_term_string}"},"query-input":{"@type":"PropertyValueSpecification","valueRequired":true,"valueName":"search_term_string"}}],"inLanguage":"de"},{"@type":"Organization","@id":"https:\/\/www.kaviargauche.com\/de\/#organization","name":"KAVIAR GAUCHE","url":"https:\/\/www.kaviargauche.com\/de\/","logo":{"@type":"ImageObject","inLanguage":"de","@id":"https:\/\/www.kaviargauche.com\/de\/#\/schema\/logo\/image\/","url":"https:\/\/www.kaviargauche.com\/wp-content\/uploads\/kaviar-gauche.png","contentUrl":"https:\/\/www.kaviargauche.com\/wp-content\/uploads\/kaviar-gauche.png","width":512,"height":512,"caption":"KAVIAR GAUCHE"},"image":{"@id":"https:\/\/www.kaviargauche.com\/de\/#\/schema\/logo\/image\/"},"sameAs":["https:\/\/www.facebook.com\/kaviargauche","https:\/\/www.pinterest.de\/KaviarGaucheOfficial\/","https:\/\/www.instagram.com\/kaviargauche_official"]}]}},"jetpack_sharing_enabled":true,"_links":{"self":[{"href":"https:\/\/www.kaviargauche.com\/de\/wp-json\/wp\/v2\/pages\/4305","targetHints":{"allow":["GET"]}}],"collection":[{"href":"https:\/\/www.kaviargauche.com\/de\/wp-json\/wp\/v2\/pages"}],"about":[{"href":"https:\/\/www.kaviargauche.com\/de\/wp-json\/wp\/v2\/types\/page"}],"author":[{"embeddable":true,"href":"https:\/\/www.kaviargauche.com\/de\/wp-json\/wp\/v2\/users\/3"}],"replies":[{"embeddable":true,"href":"https:\/\/www.kaviargauche.com\/de\/wp-json\/wp\/v2\/comments?post=4305"}],"version-history":[{"count":5,"href":"https:\/\/www.kaviargauche.com\/de\/wp-json\/wp\/v2\/pages\/4305\/revisions"}],"predecessor-version":[{"id":21639,"href":"https:\/\/www.kaviargauche.com\/de\/wp-json\/wp\/v2\/pages\/4305\/revisions\/21639"}],"wp:attachment":[{"href":"https:\/\/www.kaviargauche.com\/de\/wp-json\/wp\/v2\/media?parent=4305"}],"curies":[{"name":"wp","href":"https:\/\/api.w.org\/{rel}","templated":true}]}}