
{"id":4328,"date":"2022-06-19T11:24:21","date_gmt":"2022-06-19T11:24:21","guid":{"rendered":"https:\/\/www.kaviargauche.com\/munich\/"},"modified":"2026-02-18T19:29:42","modified_gmt":"2026-02-18T17:29:42","slug":"stores-muenchen","status":"publish","type":"page","link":"https:\/\/www.kaviargauche.com\/de\/unsere-boutiquen\/stores-muenchen\/","title":{"rendered":"Store M\u00fcnchen"},"content":{"rendered":"<div class=\"banner banner--small\" >\n        <div class=\"banner__media\">\n                <div class=\"banner__image\">\n            \n    <picture\n                class=\"picture  picture--hero\"\n    >\n                <source data-srcset=\"https:\/\/www.kaviargauche.com\/wp-content\/uploads\/brautkleid-muenchen.jpeg\" media=\"(max-width: 700px)\"\/>\n                <source data-srcset=\"https:\/\/www.kaviargauche.com\/wp-content\/uploads\/brautkleid-muenchen.jpeg\" media=\"(max-width: 860px)\"\/>\n                <img decoding=\"async\"\n            src=\"\"\n            data-srcset=\"https:\/\/www.kaviargauche.com\/wp-content\/uploads\/brautkleid-muenchen.jpeg 1x, https:\/\/www.kaviargauche.com\/wp-content\/uploads\/brautkleid-muenchen.jpeg 2x\"\n            class=\"lazyload picture__image\"\n            \/>\n\n        <noscript>\n            <img decoding=\"async\" src=\"https:\/\/www.kaviargauche.com\/wp-content\/uploads\/brautkleid-muenchen.jpeg\" alt=\"Kaviar-gauche-store-munich\" title=\"Kaviar-gauche-store-munich\"\/>\n        <\/noscript>\n    <\/picture>\n\n            <\/div>\n            <\/div>\n    <div class=\"container\">\n        <div class=\"banner__content\">\n                            <h1>Munich<br \/>\n<em>Bridal Concept Store<\/em><\/h1>\n                    <\/div>\n    <\/div>\n    <\/div>\n\n\n<div class=\"module text \">\n    <div class=\"container container--small\">\n        <div class=\"text__content\">\n            <h3 data-start=\"287\" data-end=\"410\">Entdecken Sie den Kaviar Gauche Bridal Concept Store M\u00fcnchen \u2013 Ihr Paradies f\u00fcr exklusive Brautmode im Herzen der Stadt<\/h3>\n<p class=\"p1\">Willkommen im\u00a0Kaviar Gauche Bridal Concept Store M\u00fcnchen, dem Ort, an dem Brauttr\u00e4ume wahr werden. Nur wenige Schritte vom\u00a0Viktualienmarkt\u00a0entfernt erwartet Sie eine exklusive Auswahl an\u00a0Designer-Brautkleidern, die Eleganz, Handwerkskunst und modernes Design vereinen.<\/p>\n<p class=\"p1\">Kaviar Gauche steht f\u00fcr Bridal Couture \u201eMade in Germany\u201c \u2013 f\u00fcr Br\u00e4ute, die das Besondere suchen. Jedes Kleid ist ein Meisterwerk, gefertigt mit handwerklicher Pr\u00e4zision und Liebe zum Detail. Es verk\u00f6rpert die perfekte Balance zwischen Tradition und dem ikonischen, cleanen Kaviar Gauche Look.<\/p>\n<p class=\"p1\">In unserem M\u00fcnchner Store im Herzen finden Sie sowohl Couture-Kleider als auch ready-to-wear Brautmode \u2013 von eleganten Standesamt-Looks f\u00fcr Ihre Trauung in M\u00fcnchen \u00fcber flie\u00dfende Fit-&amp;-Flare-Silhouetten bis hin zu atemberaubenden Prinzessinnenroben, modernen Hosenanz\u00fcgen und Kleidern mit raffinierten Details. Jedes Modell strahlt Raffinesse, Stil und Zeitlosigkeit aus und macht Ihren besonderen Tag zu etwas Einzigartigem.<\/p>\n<p class=\"p1\">Erleben Sie bei uns eine individuelle Anprobe in entspannter Atmosph\u00e4re. Unsere erfahrenen Bridal Stylistinnen beraten Sie pers\u00f6nlich, typgerecht und mit einem feinen Gesp\u00fcr f\u00fcr Stil. Gern k\u00f6nnen Sie Ihre liebsten Begleitpersonen mitbringen und das Fitting bei einem Glas Champagner zelebrieren.<\/p>\n<p class=\"p1\">Das erwartet Sie bei Kaviar Gauche M\u00fcnchen:<\/p>\n<p class=\"p1\">Designer-Brautkleider &amp; Abendmode aus dem Berliner Atelier<\/p>\n<p class=\"p1\">Custom-Made-Service f\u00fcr Ihr individuelles Traumkleid<\/p>\n<p class=\"p1\">Nachhaltig gefertigt in Deutschland<\/p>\n<p class=\"p1\">Standesamt-Looks, Zweiteiler &amp; Couture-Modelle<\/p>\n<p class=\"p1\">Pers\u00f6nliche Anprobe &amp; liebevolle Beratung<\/p>\n<p class=\"p1\">All unsere Kleider entstehen in liebevoller Handarbeit im Berliner Atelier \u2013 aus handverlesenen Stoffen, unter fairen Bedingungen und mit h\u00f6chstem Qualit\u00e4tsanspruch. So entstehen Designs, die Ihre Pers\u00f6nlichkeit unterstreichen und Ihren besonderen Tag in M\u00fcnchen unvergesslich machen.<\/p>\n<p class=\"p1\">Besuchen Sie uns in der Rumfordstra\u00dfe 42, 80469 M\u00fcnchen, in einem der charmantesten und zentralsten Viertel der Stadt, und tauchen Sie ein in die Welt von Kaviar Gauche \u2013 wo Stil, Qualit\u00e4t und Emotion zu einem einzigartigen Erlebnis verschmelzen.<\/p>\n<p class=\"p1\">Ihre Hochzeit soll ein unvergesslicher Moment werden \u2013 und wir sorgen daf\u00fcr, dass Sie in Ihrem Kleid strahlen.F\u00fcr Termine f\u00e4llt eine Beratungsgeb\u00fchr von 40 \u20ac an, die bei Kauf selbstverst\u00e4ndlich verrechnet wird.<\/p>\n        <\/div>\n    <\/div>\n<\/div>\n\n\n\n<section class=\"module two-columns\">\n    <div class=\"container container--small\">\n        <div class=\"two-columns__items\">\n            <div class=\"two-columns__item\">\n                                \n                                \n                <div class=\"two-columns__content\">\n                                            <h5>Book your fitting<\/h5>\n<p>KAVIAR GAUCHE Bridal Concept Store<br \/>\nRumfordstra\u00dfe 42<br \/>\n80469 M\u00fcnchen<\/p>\n<p>Telefon +49 (0) 89 411 440 86<br \/>\n<a href=\"mailto:munich@kaviargauche.com\">munich@kaviargauche.com<\/a><\/p>\n<p>\u00d6ffnungszeiten:<br \/>\nDienstag \u2013 Freitag 12:00 \u2013 19:00<br \/>\nSamstag 12:00 \u2013 18:00<\/p>\n                                        \n                                    <\/div>\n                \n                            <\/div>\n\n            <div class=\"two-columns__item\">\n                                \n                                \n                <div class=\"two-columns__content\">\n                                            <h5 id=\"h-internationale-kunden\" class=\"wp-block-heading has-text-align-left\">Internationale Kunden<\/h5>\n<p>Gerne bieten wir ihnen eine ausf\u00fchrliche Beratung per Email oder Telefonat.<br \/>\nUnser Online Store liefert international &amp; ist 24h ge\u00f6ffnet.<br \/>\nNutzen sie gerne unseren Click &amp; Collect Service auf Anfrage.<br \/>\nF\u00fcr Ihre ma\u00dfgeschneiderte Anprobe, kontaktieren Sie den Store Ihrer Wahl.<\/p>\n                                        \n                                    <\/div>\n                \n                            <\/div>\n        <\/div>\n    <\/div>\n<\/section>\n\n\n<div class=\"two-banners\">\n        <ul class=\"two-banners__items\">\n                    <li class=\"two-banners__item\">\n                                <div class=\"two-banners__imageContainer\">\n                    <div class=\"two-banners__image\">\n                        \n    <picture\n                class=\"picture  picture--hero\"\n    >\n                <source data-srcset=\"https:\/\/www.kaviargauche.com\/wp-content\/uploads\/Kaviar_Gauche_interior__munich_02-1600x2400.jpg\" media=\"(max-width: 700px)\"\/>\n                <source data-srcset=\"https:\/\/www.kaviargauche.com\/wp-content\/uploads\/Kaviar_Gauche_interior__munich_02-1600x2400.jpg\" media=\"(max-width: 860px)\"\/>\n                <img decoding=\"async\"\n            src=\"\"\n            data-srcset=\"https:\/\/www.kaviargauche.com\/wp-content\/uploads\/Kaviar_Gauche_interior__munich_02-1600x2400.jpg 1x, https:\/\/www.kaviargauche.com\/wp-content\/uploads\/Kaviar_Gauche_interior__munich_02-scaled.jpg 2x\"\n            class=\"lazyload picture__image\"\n            \/>\n\n        <noscript>\n            <img decoding=\"async\" src=\"https:\/\/www.kaviargauche.com\/wp-content\/uploads\/Kaviar_Gauche_interior__munich_02-scaled.jpg\" alt=\"Kaviar Gauche Bridal Dress\" title=\"Kaviar_Gauche_interior__munich_02\"\/>\n        <\/noscript>\n    <\/picture>\n\n                        <\/div>\n                <\/div>\n                                            <\/li>\n                    <li class=\"two-banners__item\">\n                                <div class=\"two-banners__imageContainer\">\n                    <div class=\"two-banners__image\">\n                        \n    <picture\n                class=\"picture  picture--hero\"\n    >\n                <source data-srcset=\"https:\/\/www.kaviargauche.com\/wp-content\/uploads\/Kaviar_Gauche_interior__munich_01-1600x2400.jpg\" media=\"(max-width: 700px)\"\/>\n                <source data-srcset=\"https:\/\/www.kaviargauche.com\/wp-content\/uploads\/Kaviar_Gauche_interior__munich_01-1600x2400.jpg\" media=\"(max-width: 860px)\"\/>\n                <img decoding=\"async\"\n            src=\"\"\n            data-srcset=\"https:\/\/www.kaviargauche.com\/wp-content\/uploads\/Kaviar_Gauche_interior__munich_01-1600x2400.jpg 1x, https:\/\/www.kaviargauche.com\/wp-content\/uploads\/Kaviar_Gauche_interior__munich_01-scaled.jpg 2x\"\n            class=\"lazyload picture__image\"\n            \/>\n\n        <noscript>\n            <img decoding=\"async\" src=\"https:\/\/www.kaviargauche.com\/wp-content\/uploads\/Kaviar_Gauche_interior__munich_01-scaled.jpg\" alt=\"Kaviar Gauche Bridal Dress\" title=\"Kaviar_Gauche_interior__munich_01\"\/>\n        <\/noscript>\n    <\/picture>\n\n                        <\/div>\n                <\/div>\n                                            <\/li>\n            <\/ul>\n    <\/div>\n","protected":false},"excerpt":{"rendered":"","protected":false},"author":3,"featured_media":0,"parent":21316,"menu_order":55,"comment_status":"closed","ping_status":"closed","template":"","meta":{"_acf_changed":false,"footnotes":""},"class_list":["post-4328","page","type-page","status-publish","hentry"],"acf":[],"yoast_head":"<!-- This site is optimized with the Yoast SEO Premium plugin v26.3 (Yoast SEO v27.3) - https:\/\/yoast.com\/product\/yoast-seo-premium-wordpress\/ -->\n<title>Store M\u00fcnchen - Kaviar Gauche Wedding Dress Munich,<\/title>\n<meta name=\"description\" content=\"Welcome to our Bridal Concept Store Munich, a paradise for brides in search\" \/>\n<meta name=\"robots\" content=\"index, follow, max-snippet:-1, max-image-preview:large, max-video-preview:-1\" \/>\n<link rel=\"canonical\" href=\"https:\/\/www.kaviargauche.com\/de\/unsere-boutiquen\/stores-muenchen\/\" \/>\n<meta property=\"og:locale\" content=\"de_DE\" \/>\n<meta property=\"og:type\" content=\"article\" \/>\n<meta property=\"og:title\" content=\"Store M\u00fcnchen\" \/>\n<meta property=\"og:description\" content=\"Welcome to our Bridal Concept Store Munich, a paradise for brides in search\" \/>\n<meta property=\"og:url\" content=\"https:\/\/www.kaviargauche.com\/de\/unsere-boutiquen\/stores-muenchen\/\" \/>\n<meta property=\"og:site_name\" content=\"Kaviar Gauche\" \/>\n<meta property=\"article:publisher\" content=\"https:\/\/www.facebook.com\/kaviargauche\" \/>\n<meta property=\"article:modified_time\" content=\"2026-02-18T17:29:42+00:00\" \/>\n<meta name=\"twitter:card\" content=\"summary_large_image\" \/>\n<meta name=\"twitter:label1\" content=\"Gesch\u00e4tzte Lesezeit\" \/>\n\t<meta name=\"twitter:data1\" content=\"2\u00a0Minuten\" \/>\n<script type=\"application\/ld+json\" class=\"yoast-schema-graph\">{\"@context\":\"https:\\\/\\\/schema.org\",\"@graph\":[{\"@type\":\"WebPage\",\"@id\":\"https:\\\/\\\/www.kaviargauche.com\\\/de\\\/unsere-boutiquen\\\/stores-muenchen\\\/\",\"url\":\"https:\\\/\\\/www.kaviargauche.com\\\/de\\\/unsere-boutiquen\\\/stores-muenchen\\\/\",\"name\":\"Store M\u00fcnchen - Kaviar Gauche Wedding Dress Munich,\",\"isPartOf\":{\"@id\":\"https:\\\/\\\/www.kaviargauche.com\\\/de\\\/#website\"},\"datePublished\":\"2022-06-19T11:24:21+00:00\",\"dateModified\":\"2026-02-18T17:29:42+00:00\",\"description\":\"Welcome to our Bridal Concept Store Munich, a paradise for brides in search\",\"breadcrumb\":{\"@id\":\"https:\\\/\\\/www.kaviargauche.com\\\/de\\\/unsere-boutiquen\\\/stores-muenchen\\\/#breadcrumb\"},\"inLanguage\":\"de\",\"potentialAction\":[{\"@type\":\"ReadAction\",\"target\":[\"https:\\\/\\\/www.kaviargauche.com\\\/de\\\/unsere-boutiquen\\\/stores-muenchen\\\/\"]}]},{\"@type\":\"BreadcrumbList\",\"@id\":\"https:\\\/\\\/www.kaviargauche.com\\\/de\\\/unsere-boutiquen\\\/stores-muenchen\\\/#breadcrumb\",\"itemListElement\":[{\"@type\":\"ListItem\",\"position\":1,\"name\":\"Home\",\"item\":\"https:\\\/\\\/www.kaviargauche.com\\\/de\\\/\"},{\"@type\":\"ListItem\",\"position\":2,\"name\":\"Stores\",\"item\":\"https:\\\/\\\/www.kaviargauche.com\\\/de\\\/unsere-boutiquen\\\/\"},{\"@type\":\"ListItem\",\"position\":3,\"name\":\"Store M\u00fcnchen\"}]},{\"@type\":\"WebSite\",\"@id\":\"https:\\\/\\\/www.kaviargauche.com\\\/de\\\/#website\",\"url\":\"https:\\\/\\\/www.kaviargauche.com\\\/de\\\/\",\"name\":\"Kaviar Gauche\",\"description\":\"Bridal Couture\",\"publisher\":{\"@id\":\"https:\\\/\\\/www.kaviargauche.com\\\/de\\\/#organization\"},\"potentialAction\":[{\"@type\":\"SearchAction\",\"target\":{\"@type\":\"EntryPoint\",\"urlTemplate\":\"https:\\\/\\\/www.kaviargauche.com\\\/de\\\/?s={search_term_string}\"},\"query-input\":{\"@type\":\"PropertyValueSpecification\",\"valueRequired\":true,\"valueName\":\"search_term_string\"}}],\"inLanguage\":\"de\"},{\"@type\":\"Organization\",\"@id\":\"https:\\\/\\\/www.kaviargauche.com\\\/de\\\/#organization\",\"name\":\"KAVIAR GAUCHE\",\"url\":\"https:\\\/\\\/www.kaviargauche.com\\\/de\\\/\",\"logo\":{\"@type\":\"ImageObject\",\"inLanguage\":\"de\",\"@id\":\"https:\\\/\\\/www.kaviargauche.com\\\/de\\\/#\\\/schema\\\/logo\\\/image\\\/\",\"url\":\"https:\\\/\\\/www.kaviargauche.com\\\/wp-content\\\/uploads\\\/kaviar-gauche.png\",\"contentUrl\":\"https:\\\/\\\/www.kaviargauche.com\\\/wp-content\\\/uploads\\\/kaviar-gauche.png\",\"width\":512,\"height\":512,\"caption\":\"KAVIAR GAUCHE\"},\"image\":{\"@id\":\"https:\\\/\\\/www.kaviargauche.com\\\/de\\\/#\\\/schema\\\/logo\\\/image\\\/\"},\"sameAs\":[\"https:\\\/\\\/www.facebook.com\\\/kaviargauche\",\"https:\\\/\\\/www.pinterest.de\\\/KaviarGaucheOfficial\\\/\",\"https:\\\/\\\/www.instagram.com\\\/kaviargauche_official\"]}]}<\/script>\n<!-- \/ Yoast SEO Premium plugin. -->","yoast_head_json":{"title":"Store M\u00fcnchen - Kaviar Gauche Wedding Dress Munich,","description":"Welcome to our Bridal Concept Store Munich, a paradise for brides in search","robots":{"index":"index","follow":"follow","max-snippet":"max-snippet:-1","max-image-preview":"max-image-preview:large","max-video-preview":"max-video-preview:-1"},"canonical":"https:\/\/www.kaviargauche.com\/de\/unsere-boutiquen\/stores-muenchen\/","og_locale":"de_DE","og_type":"article","og_title":"Store M\u00fcnchen","og_description":"Welcome to our Bridal Concept Store Munich, a paradise for brides in search","og_url":"https:\/\/www.kaviargauche.com\/de\/unsere-boutiquen\/stores-muenchen\/","og_site_name":"Kaviar Gauche","article_publisher":"https:\/\/www.facebook.com\/kaviargauche","article_modified_time":"2026-02-18T17:29:42+00:00","twitter_card":"summary_large_image","twitter_misc":{"Gesch\u00e4tzte Lesezeit":"2\u00a0Minuten"},"schema":{"@context":"https:\/\/schema.org","@graph":[{"@type":"WebPage","@id":"https:\/\/www.kaviargauche.com\/de\/unsere-boutiquen\/stores-muenchen\/","url":"https:\/\/www.kaviargauche.com\/de\/unsere-boutiquen\/stores-muenchen\/","name":"Store M\u00fcnchen - Kaviar Gauche Wedding Dress Munich,","isPartOf":{"@id":"https:\/\/www.kaviargauche.com\/de\/#website"},"datePublished":"2022-06-19T11:24:21+00:00","dateModified":"2026-02-18T17:29:42+00:00","description":"Welcome to our Bridal Concept Store Munich, a paradise for brides in search","breadcrumb":{"@id":"https:\/\/www.kaviargauche.com\/de\/unsere-boutiquen\/stores-muenchen\/#breadcrumb"},"inLanguage":"de","potentialAction":[{"@type":"ReadAction","target":["https:\/\/www.kaviargauche.com\/de\/unsere-boutiquen\/stores-muenchen\/"]}]},{"@type":"BreadcrumbList","@id":"https:\/\/www.kaviargauche.com\/de\/unsere-boutiquen\/stores-muenchen\/#breadcrumb","itemListElement":[{"@type":"ListItem","position":1,"name":"Home","item":"https:\/\/www.kaviargauche.com\/de\/"},{"@type":"ListItem","position":2,"name":"Stores","item":"https:\/\/www.kaviargauche.com\/de\/unsere-boutiquen\/"},{"@type":"ListItem","position":3,"name":"Store M\u00fcnchen"}]},{"@type":"WebSite","@id":"https:\/\/www.kaviargauche.com\/de\/#website","url":"https:\/\/www.kaviargauche.com\/de\/","name":"Kaviar Gauche","description":"Bridal Couture","publisher":{"@id":"https:\/\/www.kaviargauche.com\/de\/#organization"},"potentialAction":[{"@type":"SearchAction","target":{"@type":"EntryPoint","urlTemplate":"https:\/\/www.kaviargauche.com\/de\/?s={search_term_string}"},"query-input":{"@type":"PropertyValueSpecification","valueRequired":true,"valueName":"search_term_string"}}],"inLanguage":"de"},{"@type":"Organization","@id":"https:\/\/www.kaviargauche.com\/de\/#organization","name":"KAVIAR GAUCHE","url":"https:\/\/www.kaviargauche.com\/de\/","logo":{"@type":"ImageObject","inLanguage":"de","@id":"https:\/\/www.kaviargauche.com\/de\/#\/schema\/logo\/image\/","url":"https:\/\/www.kaviargauche.com\/wp-content\/uploads\/kaviar-gauche.png","contentUrl":"https:\/\/www.kaviargauche.com\/wp-content\/uploads\/kaviar-gauche.png","width":512,"height":512,"caption":"KAVIAR GAUCHE"},"image":{"@id":"https:\/\/www.kaviargauche.com\/de\/#\/schema\/logo\/image\/"},"sameAs":["https:\/\/www.facebook.com\/kaviargauche","https:\/\/www.pinterest.de\/KaviarGaucheOfficial\/","https:\/\/www.instagram.com\/kaviargauche_official"]}]}},"jetpack_sharing_enabled":true,"_links":{"self":[{"href":"https:\/\/www.kaviargauche.com\/de\/wp-json\/wp\/v2\/pages\/4328","targetHints":{"allow":["GET"]}}],"collection":[{"href":"https:\/\/www.kaviargauche.com\/de\/wp-json\/wp\/v2\/pages"}],"about":[{"href":"https:\/\/www.kaviargauche.com\/de\/wp-json\/wp\/v2\/types\/page"}],"author":[{"embeddable":true,"href":"https:\/\/www.kaviargauche.com\/de\/wp-json\/wp\/v2\/users\/3"}],"replies":[{"embeddable":true,"href":"https:\/\/www.kaviargauche.com\/de\/wp-json\/wp\/v2\/comments?post=4328"}],"version-history":[{"count":5,"href":"https:\/\/www.kaviargauche.com\/de\/wp-json\/wp\/v2\/pages\/4328\/revisions"}],"predecessor-version":[{"id":28341,"href":"https:\/\/www.kaviargauche.com\/de\/wp-json\/wp\/v2\/pages\/4328\/revisions\/28341"}],"up":[{"embeddable":true,"href":"https:\/\/www.kaviargauche.com\/de\/wp-json\/wp\/v2\/pages\/21316"}],"wp:attachment":[{"href":"https:\/\/www.kaviargauche.com\/de\/wp-json\/wp\/v2\/media?parent=4328"}],"curies":[{"name":"wp","href":"https:\/\/api.w.org\/{rel}","templated":true}]}}