
{"id":4344,"date":"2022-05-12T11:07:34","date_gmt":"2022-05-12T11:07:34","guid":{"rendered":"https:\/\/www.kaviargauche.com\/the-brand\/"},"modified":"2025-01-08T17:51:15","modified_gmt":"2025-01-08T15:51:15","slug":"die-marke","status":"publish","type":"page","link":"https:\/\/www.kaviargauche.com\/de\/die-marke\/","title":{"rendered":"Die Marke"},"content":{"rendered":"<div class=\"module text \">\n    <div class=\"container container--small\">\n        <div class=\"text__content\">\n            <h1 style=\"text-align: center;\">\u00dcber<br \/>\n<em>Kaviar Gauche<\/em><\/h1>\n        <\/div>\n    <\/div>\n<\/div>\n\n\n<div class=\"module images\">\n    <div class=\"container container--medium\">\n            <ul class=\"images\">\n                    <li class=\"images__image\">\n                \n    <picture\n        style=\"padding-top: 101.33333333333%\"         class=\"picture \"\n    >\n                <source data-srcset=\"https:\/\/www.kaviargauche.com\/wp-content\/uploads\/IMG_3039-Bearbeitet_crop-2-scaled.jpg\" media=\"(max-width: 700px)\"\/>\n                <source data-srcset=\"https:\/\/www.kaviargauche.com\/wp-content\/uploads\/IMG_3039-Bearbeitet_crop-2-scaled.jpg\" media=\"(max-width: 860px)\"\/>\n                <img decoding=\"async\"\n            src=\"\"\n            data-srcset=\"https:\/\/www.kaviargauche.com\/wp-content\/uploads\/IMG_3039-Bearbeitet_crop-2-scaled.jpg 1x, https:\/\/www.kaviargauche.com\/wp-content\/uploads\/IMG_3039-Bearbeitet_crop-2-scaled.jpg 2x\"\n            class=\"lazyload picture__image\"\n            \/>\n\n        <noscript>\n            <img decoding=\"async\" src=\"https:\/\/www.kaviargauche.com\/wp-content\/uploads\/IMG_3039-Bearbeitet_crop-2-scaled.jpg\" alt=\"Kaviar Gauche Bridal Dress\" title=\"IMG_3039-Bearbeitet_crop-2\"\/>\n        <\/noscript>\n    <\/picture>\n\n                <\/li>\n                <\/ul>\n        <\/div>\n<\/div>\n\n\n<div class=\"module text \">\n    <div class=\"container container--small\">\n        <div class=\"text__content\">\n            <p>Alexandra Roehler und Johanna K\u00fchl kreieren moderne Bridal Couture sowie luxuri\u00f6se Occasion-Looks, Made in Germany: Das Berliner Modelabel Kaviar Gauche startete 2004 mit einer Guerilla Modenschau vor dem Pariser Kaufhaus Colette und ist seitdem eines der erfolgreichsten und international bekanntesten deutschen Modelabels.<\/p>\n<p>Gegr\u00fcndet wurde Kaviar Gauche von den Designerinnen Alexandra Roehler und Johanna K\u00fchl. Ihre Kollektionen zeichnen sich durch schlichte Eleganz, anmutiges Design und dem geschickten Spiel mit Kontrasten aus. Sie stehen wie keine anderen Designer f\u00fcr \u2019modern Glamour made in Germany\u2019.<\/p>\n<h2 style=\"text-align: center;\"><em>Modern glamour made in Germany<\/em><\/h2>\n<p>&nbsp;<\/p>\n<p>Das Modelabel genie\u00dft seit dem Launch der ersten Kollektionen einen bemerkenswerten Hype. Zu seinen zahlreichen Anh\u00e4ngern kann es namenhafte Fans wie Heike Makatsch, Florence Welch, Rosie Huntington-Whiteley und viele mehr, z\u00e4hlen. Inspiriert von den Red-Carpet Looks, kreiert KAVIAR GAUCHE bereits seit 2009 j\u00e4hrlich eine neue Brautmodenkollektion \u2013 die KAVIAR GAUCHE Bridal Couture.<\/p>\n<p>Erh\u00e4ltlich sind alle Kollektionen des Modelabels in den drei Bridal Concept Store Berlin, M\u00fcnchen und D\u00fcsseldorf sowie selektiv im Online Store. Au\u00dferdem finden sich Modelle bei ausgew\u00e4hlten Einzelh\u00e4ndlern. Loho Bride in LA, Printemps in Paris und Juno in Fukuoka, Japan.<\/p>\n        <\/div>\n    <\/div>\n<\/div>\n","protected":false},"excerpt":{"rendered":"","protected":false},"author":3,"featured_media":0,"parent":0,"menu_order":42,"comment_status":"closed","ping_status":"closed","template":"","meta":{"_acf_changed":false,"footnotes":""},"class_list":["post-4344","page","type-page","status-publish","hentry"],"acf":[],"yoast_head":"<!-- This site is optimized with the Yoast SEO Premium plugin v26.3 (Yoast SEO v27.3) - https:\/\/yoast.com\/product\/yoast-seo-premium-wordpress\/ -->\n<title>Die Marke - Kaviar Gauche<\/title>\n<meta name=\"description\" content=\"Kaviar Gauche, gegr\u00fcndet 2004 von Alexandra Roehler und Johanna K\u00fchl, steht f\u00fcr moderne Bridal Couture und luxuri\u00f6se Occasion-Looks \u2013 modern Glamour made in Germany.\" \/>\n<meta name=\"robots\" content=\"index, follow, max-snippet:-1, max-image-preview:large, max-video-preview:-1\" \/>\n<link rel=\"canonical\" href=\"https:\/\/www.kaviargauche.com\/de\/die-marke\/\" \/>\n<meta property=\"og:locale\" content=\"de_DE\" \/>\n<meta property=\"og:type\" content=\"article\" \/>\n<meta property=\"og:title\" content=\"Die Marke\" \/>\n<meta property=\"og:description\" content=\"Kaviar Gauche, gegr\u00fcndet 2004 von Alexandra Roehler und Johanna K\u00fchl, steht f\u00fcr moderne Bridal Couture und luxuri\u00f6se Occasion-Looks \u2013 modern Glamour made in Germany.\" \/>\n<meta property=\"og:url\" content=\"https:\/\/www.kaviargauche.com\/de\/die-marke\/\" \/>\n<meta property=\"og:site_name\" content=\"Kaviar Gauche\" \/>\n<meta property=\"article:publisher\" content=\"https:\/\/www.facebook.com\/kaviargauche\" \/>\n<meta property=\"article:modified_time\" content=\"2025-01-08T15:51:15+00:00\" \/>\n<meta name=\"twitter:card\" content=\"summary_large_image\" \/>\n<meta name=\"twitter:label1\" content=\"Gesch\u00e4tzte Lesezeit\" \/>\n\t<meta name=\"twitter:data1\" content=\"1\u00a0Minute\" \/>\n<script type=\"application\/ld+json\" class=\"yoast-schema-graph\">{\"@context\":\"https:\\\/\\\/schema.org\",\"@graph\":[{\"@type\":\"WebPage\",\"@id\":\"https:\\\/\\\/www.kaviargauche.com\\\/de\\\/die-marke\\\/\",\"url\":\"https:\\\/\\\/www.kaviargauche.com\\\/de\\\/die-marke\\\/\",\"name\":\"Die Marke - Kaviar Gauche\",\"isPartOf\":{\"@id\":\"https:\\\/\\\/www.kaviargauche.com\\\/de\\\/#website\"},\"datePublished\":\"2022-05-12T11:07:34+00:00\",\"dateModified\":\"2025-01-08T15:51:15+00:00\",\"description\":\"Kaviar Gauche, gegr\u00fcndet 2004 von Alexandra Roehler und Johanna K\u00fchl, steht f\u00fcr moderne Bridal Couture und luxuri\u00f6se Occasion-Looks \u2013 modern Glamour made in Germany.\",\"breadcrumb\":{\"@id\":\"https:\\\/\\\/www.kaviargauche.com\\\/de\\\/die-marke\\\/#breadcrumb\"},\"inLanguage\":\"de\",\"potentialAction\":[{\"@type\":\"ReadAction\",\"target\":[\"https:\\\/\\\/www.kaviargauche.com\\\/de\\\/die-marke\\\/\"]}]},{\"@type\":\"BreadcrumbList\",\"@id\":\"https:\\\/\\\/www.kaviargauche.com\\\/de\\\/die-marke\\\/#breadcrumb\",\"itemListElement\":[{\"@type\":\"ListItem\",\"position\":1,\"name\":\"Home\",\"item\":\"https:\\\/\\\/www.kaviargauche.com\\\/de\\\/\"},{\"@type\":\"ListItem\",\"position\":2,\"name\":\"Die Marke\"}]},{\"@type\":\"WebSite\",\"@id\":\"https:\\\/\\\/www.kaviargauche.com\\\/de\\\/#website\",\"url\":\"https:\\\/\\\/www.kaviargauche.com\\\/de\\\/\",\"name\":\"Kaviar Gauche\",\"description\":\"Bridal Couture\",\"publisher\":{\"@id\":\"https:\\\/\\\/www.kaviargauche.com\\\/de\\\/#organization\"},\"potentialAction\":[{\"@type\":\"SearchAction\",\"target\":{\"@type\":\"EntryPoint\",\"urlTemplate\":\"https:\\\/\\\/www.kaviargauche.com\\\/de\\\/?s={search_term_string}\"},\"query-input\":{\"@type\":\"PropertyValueSpecification\",\"valueRequired\":true,\"valueName\":\"search_term_string\"}}],\"inLanguage\":\"de\"},{\"@type\":\"Organization\",\"@id\":\"https:\\\/\\\/www.kaviargauche.com\\\/de\\\/#organization\",\"name\":\"KAVIAR GAUCHE\",\"url\":\"https:\\\/\\\/www.kaviargauche.com\\\/de\\\/\",\"logo\":{\"@type\":\"ImageObject\",\"inLanguage\":\"de\",\"@id\":\"https:\\\/\\\/www.kaviargauche.com\\\/de\\\/#\\\/schema\\\/logo\\\/image\\\/\",\"url\":\"https:\\\/\\\/www.kaviargauche.com\\\/wp-content\\\/uploads\\\/kaviar-gauche.png\",\"contentUrl\":\"https:\\\/\\\/www.kaviargauche.com\\\/wp-content\\\/uploads\\\/kaviar-gauche.png\",\"width\":512,\"height\":512,\"caption\":\"KAVIAR GAUCHE\"},\"image\":{\"@id\":\"https:\\\/\\\/www.kaviargauche.com\\\/de\\\/#\\\/schema\\\/logo\\\/image\\\/\"},\"sameAs\":[\"https:\\\/\\\/www.facebook.com\\\/kaviargauche\",\"https:\\\/\\\/www.pinterest.de\\\/KaviarGaucheOfficial\\\/\",\"https:\\\/\\\/www.instagram.com\\\/kaviargauche_official\"]}]}<\/script>\n<!-- \/ Yoast SEO Premium plugin. -->","yoast_head_json":{"title":"Die Marke - Kaviar Gauche","description":"Kaviar Gauche, gegr\u00fcndet 2004 von Alexandra Roehler und Johanna K\u00fchl, steht f\u00fcr moderne Bridal Couture und luxuri\u00f6se Occasion-Looks \u2013 modern Glamour made in Germany.","robots":{"index":"index","follow":"follow","max-snippet":"max-snippet:-1","max-image-preview":"max-image-preview:large","max-video-preview":"max-video-preview:-1"},"canonical":"https:\/\/www.kaviargauche.com\/de\/die-marke\/","og_locale":"de_DE","og_type":"article","og_title":"Die Marke","og_description":"Kaviar Gauche, gegr\u00fcndet 2004 von Alexandra Roehler und Johanna K\u00fchl, steht f\u00fcr moderne Bridal Couture und luxuri\u00f6se Occasion-Looks \u2013 modern Glamour made in Germany.","og_url":"https:\/\/www.kaviargauche.com\/de\/die-marke\/","og_site_name":"Kaviar Gauche","article_publisher":"https:\/\/www.facebook.com\/kaviargauche","article_modified_time":"2025-01-08T15:51:15+00:00","twitter_card":"summary_large_image","twitter_misc":{"Gesch\u00e4tzte Lesezeit":"1\u00a0Minute"},"schema":{"@context":"https:\/\/schema.org","@graph":[{"@type":"WebPage","@id":"https:\/\/www.kaviargauche.com\/de\/die-marke\/","url":"https:\/\/www.kaviargauche.com\/de\/die-marke\/","name":"Die Marke - Kaviar Gauche","isPartOf":{"@id":"https:\/\/www.kaviargauche.com\/de\/#website"},"datePublished":"2022-05-12T11:07:34+00:00","dateModified":"2025-01-08T15:51:15+00:00","description":"Kaviar Gauche, gegr\u00fcndet 2004 von Alexandra Roehler und Johanna K\u00fchl, steht f\u00fcr moderne Bridal Couture und luxuri\u00f6se Occasion-Looks \u2013 modern Glamour made in Germany.","breadcrumb":{"@id":"https:\/\/www.kaviargauche.com\/de\/die-marke\/#breadcrumb"},"inLanguage":"de","potentialAction":[{"@type":"ReadAction","target":["https:\/\/www.kaviargauche.com\/de\/die-marke\/"]}]},{"@type":"BreadcrumbList","@id":"https:\/\/www.kaviargauche.com\/de\/die-marke\/#breadcrumb","itemListElement":[{"@type":"ListItem","position":1,"name":"Home","item":"https:\/\/www.kaviargauche.com\/de\/"},{"@type":"ListItem","position":2,"name":"Die Marke"}]},{"@type":"WebSite","@id":"https:\/\/www.kaviargauche.com\/de\/#website","url":"https:\/\/www.kaviargauche.com\/de\/","name":"Kaviar Gauche","description":"Bridal Couture","publisher":{"@id":"https:\/\/www.kaviargauche.com\/de\/#organization"},"potentialAction":[{"@type":"SearchAction","target":{"@type":"EntryPoint","urlTemplate":"https:\/\/www.kaviargauche.com\/de\/?s={search_term_string}"},"query-input":{"@type":"PropertyValueSpecification","valueRequired":true,"valueName":"search_term_string"}}],"inLanguage":"de"},{"@type":"Organization","@id":"https:\/\/www.kaviargauche.com\/de\/#organization","name":"KAVIAR GAUCHE","url":"https:\/\/www.kaviargauche.com\/de\/","logo":{"@type":"ImageObject","inLanguage":"de","@id":"https:\/\/www.kaviargauche.com\/de\/#\/schema\/logo\/image\/","url":"https:\/\/www.kaviargauche.com\/wp-content\/uploads\/kaviar-gauche.png","contentUrl":"https:\/\/www.kaviargauche.com\/wp-content\/uploads\/kaviar-gauche.png","width":512,"height":512,"caption":"KAVIAR GAUCHE"},"image":{"@id":"https:\/\/www.kaviargauche.com\/de\/#\/schema\/logo\/image\/"},"sameAs":["https:\/\/www.facebook.com\/kaviargauche","https:\/\/www.pinterest.de\/KaviarGaucheOfficial\/","https:\/\/www.instagram.com\/kaviargauche_official"]}]}},"jetpack_sharing_enabled":true,"_links":{"self":[{"href":"https:\/\/www.kaviargauche.com\/de\/wp-json\/wp\/v2\/pages\/4344","targetHints":{"allow":["GET"]}}],"collection":[{"href":"https:\/\/www.kaviargauche.com\/de\/wp-json\/wp\/v2\/pages"}],"about":[{"href":"https:\/\/www.kaviargauche.com\/de\/wp-json\/wp\/v2\/types\/page"}],"author":[{"embeddable":true,"href":"https:\/\/www.kaviargauche.com\/de\/wp-json\/wp\/v2\/users\/3"}],"replies":[{"embeddable":true,"href":"https:\/\/www.kaviargauche.com\/de\/wp-json\/wp\/v2\/comments?post=4344"}],"version-history":[{"count":5,"href":"https:\/\/www.kaviargauche.com\/de\/wp-json\/wp\/v2\/pages\/4344\/revisions"}],"predecessor-version":[{"id":21650,"href":"https:\/\/www.kaviargauche.com\/de\/wp-json\/wp\/v2\/pages\/4344\/revisions\/21650"}],"wp:attachment":[{"href":"https:\/\/www.kaviargauche.com\/de\/wp-json\/wp\/v2\/media?parent=4344"}],"curies":[{"name":"wp","href":"https:\/\/api.w.org\/{rel}","templated":true}]}}