
{"id":4372,"date":"2022-08-22T16:52:50","date_gmt":"2022-08-22T16:52:50","guid":{"rendered":"https:\/\/www.kaviargauche.com\/copy-of-stores\/"},"modified":"2026-02-18T19:26:17","modified_gmt":"2026-02-18T17:26:17","slug":"stores-berlin","status":"publish","type":"page","link":"https:\/\/www.kaviargauche.com\/de\/unsere-boutiquen\/stores-berlin\/","title":{"rendered":"Store Berlin"},"content":{"rendered":"<div class=\"banner banner--small\" >\n        <div class=\"banner__media\">\n                <div class=\"banner__image\">\n            \n    <picture\n                class=\"picture  picture--hero\"\n    >\n                <source data-srcset=\"https:\/\/www.kaviargauche.com\/wp-content\/uploads\/2019_05_Westwing_KaviarGauche_0214-scaled.jpg\" media=\"(max-width: 700px)\"\/>\n                <source data-srcset=\"https:\/\/www.kaviargauche.com\/wp-content\/uploads\/2019_05_Westwing_KaviarGauche_0214-scaled.jpg\" media=\"(max-width: 860px)\"\/>\n                <img decoding=\"async\"\n            src=\"\"\n            data-srcset=\"https:\/\/www.kaviargauche.com\/wp-content\/uploads\/2019_05_Westwing_KaviarGauche_0214-scaled.jpg 1x, https:\/\/www.kaviargauche.com\/wp-content\/uploads\/2019_05_Westwing_KaviarGauche_0214-scaled.jpg 2x\"\n            class=\"lazyload picture__image\"\n            \/>\n\n        <noscript>\n            <img decoding=\"async\" src=\"https:\/\/www.kaviargauche.com\/wp-content\/uploads\/2019_05_Westwing_KaviarGauche_0214-scaled.jpg\" alt=\"kaviar-gauche-bridal-stores-berlin\" title=\"2019_05_Westwing_KaviarGauche_0214\"\/>\n        <\/noscript>\n    <\/picture>\n\n            <\/div>\n            <\/div>\n    <div class=\"container\">\n        <div class=\"banner__content\">\n                            <h1 style=\"text-align: center;\">Berlin Mitte<\/h1>\n<h2 style=\"text-align: center;\"><em>Bridal Concept Store<\/em><\/h2>\n                    <\/div>\n    <\/div>\n    <\/div>\n\n\n<div class=\"module text text--centered\">\n    <div class=\"container container--small\">\n        <div class=\"text__content\">\n            <h3 data-start=\"251\" data-end=\"336\">Entdecken Sie die exklusiven Hochzeitskleider von Kaviar Gauche im Herzen Berlins<\/h3>\n<p class=\"p1\">Im Kaviar Gauche Bridal Flagship Store in Berlin-Mitte erwartet Sie eine Welt voller zeitloser Eleganz, feiner Handwerkskunst und moderner Raffinesse. Als renommiertes Mode- und Luxushaus bieten wir Ihnen eine exquisite Auswahl an Brautkleidern, Abendkleidern und modernen Standesamt-Looks, die in unserem Berliner Atelier entworfen und entwickelt werden.<\/p>\n<p class=\"p1\">Jedes Kleid von Kaviar Gauche ist ein Meisterwerk \u2013 gefertigt aus handverlesenen Stoffen, unter fairen Bedingungen und mit gr\u00f6\u00dfter Liebe zum Detail. Unsere Designs vereinen feminine Leichtigkeit, luxuri\u00f6se Materialien und nachhaltige Produktion \u201eMade in Germany\u201c. So entstehen Kleider, die die individuelle Sch\u00f6nheit jeder Braut, Brautmutter und Hochzeitsg\u00e4ste perfekt unterstreichen.<\/p>\n<p class=\"p1\">Neben unserer umfangreichen Kollektion bieten wir Ihnen auch die M\u00f6glichkeit, ein ma\u00dfgeschneidertes Traumkleid ganz nach Ihren Vorstellungen anfertigen zu lassen. Unser Custom-Made-Service und unsere erfahrenen Schneiderinnen stellen sicher, dass jedes Detail harmonisch auf Ihre Pers\u00f6nlichkeit und Ihren Stil abgestimmt ist.<\/p>\n<p class=\"p1\">Erleben Sie in unserem stilvoll eingerichteten Berliner Bridal Concept Store eine individuelle Anprobe in entspannter Atmosph\u00e4re \u2013 auf Wunsch bei einem Glas Champagner. Unsere Bridal Stylistinnen nehmen sich Zeit f\u00fcr Sie und begleiten Sie mit Einf\u00fchlungsverm\u00f6gen und Stilgef\u00fchl auf dem Weg zu Ihrem perfekten Hochzeitskleid.<\/p>\n<p class=\"p1\">Das erwartet Sie bei Kaviar Gauche Berlin:<\/p>\n<p class=\"p1\">Designer-Brautkleider &amp; Abendmode aus dem Berliner Atelier<\/p>\n<p class=\"p1\">Ma\u00dfgeschneiderter Custom-Made-Service<\/p>\n<p class=\"p1\">Standesamt-Looks, Zweiteiler &amp; Accessoires<\/p>\n<p class=\"p1\">Nachhaltige Produktion in Deutschland<\/p>\n<p class=\"p1\">Pers\u00f6nliche Anprobe &amp; liebevolle Beratung<\/p>\n<p class=\"p1\">Besuchen Sie uns in der Linienstra\u00dfe 44, 10119 Berlin-Mitte, im Herzen des Viertels und nur wenige Gehminuten vom Alexanderplatz und Hackescher Markt entfernt, und entdecken Sie exklusive Brautmode in Berlin in einem der lebendigsten und kreativsten Stadtteile der Hauptstadt. Auch vom Kurf\u00fcrstendamm und dem Brandenburger Tor ist der Store einfach zu erreichen. Tauchen Sie ein in die Welt von Kaviar Gauche \u2013 wo Eleganz, Qualit\u00e4t und Design zu einem unvergesslichen Erlebnis verschmelzen.<\/p>\n<p class=\"p2\">Ihre Hochzeit soll ein einmaliges Ereignis sein \u2013 und wir sorgen daf\u00fcr, dass Sie in Ihrem Kleid strahlen.<\/p>\n<p class=\"p1\">F\u00fcr Termine f\u00e4llt eine Beratungsgeb\u00fchr von 40 \u20ac an, die bei Kauf selbstverst\u00e4ndlich verrechnet wird.<\/p>\n        <\/div>\n    <\/div>\n<\/div>\n\n\n\n<section class=\"module two-columns\">\n    <div class=\"container container--small\">\n        <div class=\"two-columns__items\">\n            <div class=\"two-columns__item\">\n                                \n                                \n                <div class=\"two-columns__content\">\n                                            <h5>Book your fitting<\/h5>\n<p>Kaviar Gauche<br \/>\nLinienstra\u00dfe 44<br \/>\n10119 Berlin<\/p>\n<p>Telefon +49 (0) 30 288 735 62<br \/>\n<a href=\"\u201dmailto:berlin@kaviargauche.com\u201d\" target=\"\u201d_blank\u201d\">berlin@kaviargauche.com<\/a><\/p>\n<p>\u00d6ffnungszeiten:<br \/>\nDi \u2013 Sa: 12:00 \u2013 19:00<\/p>\n                                        \n                                    <\/div>\n                \n                            <\/div>\n\n            <div class=\"two-columns__item\">\n                                \n                                \n                <div class=\"two-columns__content\">\n                                            <h5>Internationale Kunden<\/h5>\n<p>Gerne bieten wir ihnen eine ausf\u00fchrliche Beratung per Email oder Telefonat.<br \/>\nUnser Online Store liefert international &#038; ist 24h ge\u00f6ffnet.<br \/>\nNutzen sie gerne unseren Click &#038; Collect Service auf Anfrage.<br \/>\nF\u00fcr Ihre ma\u00dfgeschneiderte Anprobe, kontaktieren Sie den Store Ihrer Wahl.<\/p>\n                                        \n                                    <\/div>\n                \n                            <\/div>\n        <\/div>\n    <\/div>\n<\/section>\n\n\n<div class=\"two-banners\">\n        <ul class=\"two-banners__items\">\n                    <li class=\"two-banners__item\">\n                                <div class=\"two-banners__imageContainer\">\n                    <div class=\"two-banners__image\">\n                        \n    <picture\n                class=\"picture  picture--hero\"\n    >\n                <source data-srcset=\"https:\/\/www.kaviargauche.com\/wp-content\/uploads\/2019_05_Westwing_KaviarGauche_0214-scaled.jpg\" media=\"(max-width: 700px)\"\/>\n                <source data-srcset=\"https:\/\/www.kaviargauche.com\/wp-content\/uploads\/2019_05_Westwing_KaviarGauche_0214-scaled.jpg\" media=\"(max-width: 860px)\"\/>\n                <img decoding=\"async\"\n            src=\"\"\n            data-srcset=\"https:\/\/www.kaviargauche.com\/wp-content\/uploads\/2019_05_Westwing_KaviarGauche_0214-scaled.jpg 1x, https:\/\/www.kaviargauche.com\/wp-content\/uploads\/2019_05_Westwing_KaviarGauche_0214-scaled.jpg 2x\"\n            class=\"lazyload picture__image\"\n            \/>\n\n        <noscript>\n            <img decoding=\"async\" src=\"https:\/\/www.kaviargauche.com\/wp-content\/uploads\/2019_05_Westwing_KaviarGauche_0214-scaled.jpg\" alt=\"kaviar-gauche-bridal-stores-berlin\" title=\"2019_05_Westwing_KaviarGauche_0214\"\/>\n        <\/noscript>\n    <\/picture>\n\n                        <\/div>\n                <\/div>\n                                            <\/li>\n                    <li class=\"two-banners__item\">\n                                <div class=\"two-banners__imageContainer\">\n                    <div class=\"two-banners__image\">\n                        \n    <picture\n                class=\"picture  picture--hero\"\n    >\n                <source data-srcset=\"https:\/\/www.kaviargauche.com\/wp-content\/uploads\/KG-Still-1.jpg\" media=\"(max-width: 700px)\"\/>\n                <source data-srcset=\"https:\/\/www.kaviargauche.com\/wp-content\/uploads\/KG-Still-1.jpg\" media=\"(max-width: 860px)\"\/>\n                <img decoding=\"async\"\n            src=\"\"\n            data-srcset=\"https:\/\/www.kaviargauche.com\/wp-content\/uploads\/KG-Still-1.jpg 1x, https:\/\/www.kaviargauche.com\/wp-content\/uploads\/KG-Still-1.jpg 2x\"\n            class=\"lazyload picture__image\"\n            \/>\n\n        <noscript>\n            <img decoding=\"async\" src=\"https:\/\/www.kaviargauche.com\/wp-content\/uploads\/KG-Still-1.jpg\" alt=\"\" title=\"KG Still 1\"\/>\n        <\/noscript>\n    <\/picture>\n\n                        <\/div>\n                <\/div>\n                                            <\/li>\n            <\/ul>\n    <\/div>\n","protected":false},"excerpt":{"rendered":"","protected":false},"author":3,"featured_media":0,"parent":21316,"menu_order":52,"comment_status":"closed","ping_status":"closed","template":"","meta":{"_acf_changed":false,"footnotes":""},"class_list":["post-4372","page","type-page","status-publish","hentry"],"acf":[],"yoast_head":"<!-- This site is optimized with the Yoast SEO Premium plugin v26.3 (Yoast SEO v27.3) - https:\/\/yoast.com\/product\/yoast-seo-premium-wordpress\/ -->\n<title>Store Berlin - Kaviar Gauche<\/title>\n<meta name=\"description\" content=\"Entdecken Sie die exquisiten Hochzeitskleider von Kaviar Gauche im Flagship Store im Herzen Berlins. Als renommiertes Mode und Luxushaus\" \/>\n<meta name=\"robots\" content=\"index, follow, max-snippet:-1, max-image-preview:large, max-video-preview:-1\" \/>\n<link rel=\"canonical\" href=\"https:\/\/www.kaviargauche.com\/de\/unsere-boutiquen\/stores-berlin\/\" \/>\n<meta property=\"og:locale\" content=\"de_DE\" \/>\n<meta property=\"og:type\" content=\"article\" \/>\n<meta property=\"og:title\" content=\"Store Berlin\" \/>\n<meta property=\"og:description\" content=\"Entdecken Sie die exquisiten Hochzeitskleider von Kaviar Gauche im Flagship Store im Herzen Berlins. Als renommiertes Mode und Luxushaus\" \/>\n<meta property=\"og:url\" content=\"https:\/\/www.kaviargauche.com\/de\/unsere-boutiquen\/stores-berlin\/\" \/>\n<meta property=\"og:site_name\" content=\"Kaviar Gauche\" \/>\n<meta property=\"article:publisher\" content=\"https:\/\/www.facebook.com\/kaviargauche\" \/>\n<meta property=\"article:modified_time\" content=\"2026-02-18T17:26:17+00:00\" \/>\n<meta name=\"twitter:card\" content=\"summary_large_image\" \/>\n<meta name=\"twitter:label1\" content=\"Gesch\u00e4tzte Lesezeit\" \/>\n\t<meta name=\"twitter:data1\" content=\"3\u00a0Minuten\" \/>\n<script type=\"application\/ld+json\" class=\"yoast-schema-graph\">{\"@context\":\"https:\\\/\\\/schema.org\",\"@graph\":[{\"@type\":\"WebPage\",\"@id\":\"https:\\\/\\\/www.kaviargauche.com\\\/de\\\/unsere-boutiquen\\\/stores-berlin\\\/\",\"url\":\"https:\\\/\\\/www.kaviargauche.com\\\/de\\\/unsere-boutiquen\\\/stores-berlin\\\/\",\"name\":\"Store Berlin - Kaviar Gauche\",\"isPartOf\":{\"@id\":\"https:\\\/\\\/www.kaviargauche.com\\\/de\\\/#website\"},\"datePublished\":\"2022-08-22T16:52:50+00:00\",\"dateModified\":\"2026-02-18T17:26:17+00:00\",\"description\":\"Entdecken Sie die exquisiten Hochzeitskleider von Kaviar Gauche im Flagship Store im Herzen Berlins. Als renommiertes Mode und Luxushaus\",\"breadcrumb\":{\"@id\":\"https:\\\/\\\/www.kaviargauche.com\\\/de\\\/unsere-boutiquen\\\/stores-berlin\\\/#breadcrumb\"},\"inLanguage\":\"de\",\"potentialAction\":[{\"@type\":\"ReadAction\",\"target\":[\"https:\\\/\\\/www.kaviargauche.com\\\/de\\\/unsere-boutiquen\\\/stores-berlin\\\/\"]}]},{\"@type\":\"BreadcrumbList\",\"@id\":\"https:\\\/\\\/www.kaviargauche.com\\\/de\\\/unsere-boutiquen\\\/stores-berlin\\\/#breadcrumb\",\"itemListElement\":[{\"@type\":\"ListItem\",\"position\":1,\"name\":\"Home\",\"item\":\"https:\\\/\\\/www.kaviargauche.com\\\/de\\\/\"},{\"@type\":\"ListItem\",\"position\":2,\"name\":\"Stores\",\"item\":\"https:\\\/\\\/www.kaviargauche.com\\\/de\\\/unsere-boutiquen\\\/\"},{\"@type\":\"ListItem\",\"position\":3,\"name\":\"Store Berlin\"}]},{\"@type\":\"WebSite\",\"@id\":\"https:\\\/\\\/www.kaviargauche.com\\\/de\\\/#website\",\"url\":\"https:\\\/\\\/www.kaviargauche.com\\\/de\\\/\",\"name\":\"Kaviar Gauche\",\"description\":\"Bridal Couture\",\"publisher\":{\"@id\":\"https:\\\/\\\/www.kaviargauche.com\\\/de\\\/#organization\"},\"potentialAction\":[{\"@type\":\"SearchAction\",\"target\":{\"@type\":\"EntryPoint\",\"urlTemplate\":\"https:\\\/\\\/www.kaviargauche.com\\\/de\\\/?s={search_term_string}\"},\"query-input\":{\"@type\":\"PropertyValueSpecification\",\"valueRequired\":true,\"valueName\":\"search_term_string\"}}],\"inLanguage\":\"de\"},{\"@type\":\"Organization\",\"@id\":\"https:\\\/\\\/www.kaviargauche.com\\\/de\\\/#organization\",\"name\":\"KAVIAR GAUCHE\",\"url\":\"https:\\\/\\\/www.kaviargauche.com\\\/de\\\/\",\"logo\":{\"@type\":\"ImageObject\",\"inLanguage\":\"de\",\"@id\":\"https:\\\/\\\/www.kaviargauche.com\\\/de\\\/#\\\/schema\\\/logo\\\/image\\\/\",\"url\":\"https:\\\/\\\/www.kaviargauche.com\\\/wp-content\\\/uploads\\\/kaviar-gauche.png\",\"contentUrl\":\"https:\\\/\\\/www.kaviargauche.com\\\/wp-content\\\/uploads\\\/kaviar-gauche.png\",\"width\":512,\"height\":512,\"caption\":\"KAVIAR GAUCHE\"},\"image\":{\"@id\":\"https:\\\/\\\/www.kaviargauche.com\\\/de\\\/#\\\/schema\\\/logo\\\/image\\\/\"},\"sameAs\":[\"https:\\\/\\\/www.facebook.com\\\/kaviargauche\",\"https:\\\/\\\/www.pinterest.de\\\/KaviarGaucheOfficial\\\/\",\"https:\\\/\\\/www.instagram.com\\\/kaviargauche_official\"]}]}<\/script>\n<!-- \/ Yoast SEO Premium plugin. -->","yoast_head_json":{"title":"Store Berlin - Kaviar Gauche","description":"Entdecken Sie die exquisiten Hochzeitskleider von Kaviar Gauche im Flagship Store im Herzen Berlins. Als renommiertes Mode und Luxushaus","robots":{"index":"index","follow":"follow","max-snippet":"max-snippet:-1","max-image-preview":"max-image-preview:large","max-video-preview":"max-video-preview:-1"},"canonical":"https:\/\/www.kaviargauche.com\/de\/unsere-boutiquen\/stores-berlin\/","og_locale":"de_DE","og_type":"article","og_title":"Store Berlin","og_description":"Entdecken Sie die exquisiten Hochzeitskleider von Kaviar Gauche im Flagship Store im Herzen Berlins. Als renommiertes Mode und Luxushaus","og_url":"https:\/\/www.kaviargauche.com\/de\/unsere-boutiquen\/stores-berlin\/","og_site_name":"Kaviar Gauche","article_publisher":"https:\/\/www.facebook.com\/kaviargauche","article_modified_time":"2026-02-18T17:26:17+00:00","twitter_card":"summary_large_image","twitter_misc":{"Gesch\u00e4tzte Lesezeit":"3\u00a0Minuten"},"schema":{"@context":"https:\/\/schema.org","@graph":[{"@type":"WebPage","@id":"https:\/\/www.kaviargauche.com\/de\/unsere-boutiquen\/stores-berlin\/","url":"https:\/\/www.kaviargauche.com\/de\/unsere-boutiquen\/stores-berlin\/","name":"Store Berlin - Kaviar Gauche","isPartOf":{"@id":"https:\/\/www.kaviargauche.com\/de\/#website"},"datePublished":"2022-08-22T16:52:50+00:00","dateModified":"2026-02-18T17:26:17+00:00","description":"Entdecken Sie die exquisiten Hochzeitskleider von Kaviar Gauche im Flagship Store im Herzen Berlins. Als renommiertes Mode und Luxushaus","breadcrumb":{"@id":"https:\/\/www.kaviargauche.com\/de\/unsere-boutiquen\/stores-berlin\/#breadcrumb"},"inLanguage":"de","potentialAction":[{"@type":"ReadAction","target":["https:\/\/www.kaviargauche.com\/de\/unsere-boutiquen\/stores-berlin\/"]}]},{"@type":"BreadcrumbList","@id":"https:\/\/www.kaviargauche.com\/de\/unsere-boutiquen\/stores-berlin\/#breadcrumb","itemListElement":[{"@type":"ListItem","position":1,"name":"Home","item":"https:\/\/www.kaviargauche.com\/de\/"},{"@type":"ListItem","position":2,"name":"Stores","item":"https:\/\/www.kaviargauche.com\/de\/unsere-boutiquen\/"},{"@type":"ListItem","position":3,"name":"Store Berlin"}]},{"@type":"WebSite","@id":"https:\/\/www.kaviargauche.com\/de\/#website","url":"https:\/\/www.kaviargauche.com\/de\/","name":"Kaviar Gauche","description":"Bridal Couture","publisher":{"@id":"https:\/\/www.kaviargauche.com\/de\/#organization"},"potentialAction":[{"@type":"SearchAction","target":{"@type":"EntryPoint","urlTemplate":"https:\/\/www.kaviargauche.com\/de\/?s={search_term_string}"},"query-input":{"@type":"PropertyValueSpecification","valueRequired":true,"valueName":"search_term_string"}}],"inLanguage":"de"},{"@type":"Organization","@id":"https:\/\/www.kaviargauche.com\/de\/#organization","name":"KAVIAR GAUCHE","url":"https:\/\/www.kaviargauche.com\/de\/","logo":{"@type":"ImageObject","inLanguage":"de","@id":"https:\/\/www.kaviargauche.com\/de\/#\/schema\/logo\/image\/","url":"https:\/\/www.kaviargauche.com\/wp-content\/uploads\/kaviar-gauche.png","contentUrl":"https:\/\/www.kaviargauche.com\/wp-content\/uploads\/kaviar-gauche.png","width":512,"height":512,"caption":"KAVIAR GAUCHE"},"image":{"@id":"https:\/\/www.kaviargauche.com\/de\/#\/schema\/logo\/image\/"},"sameAs":["https:\/\/www.facebook.com\/kaviargauche","https:\/\/www.pinterest.de\/KaviarGaucheOfficial\/","https:\/\/www.instagram.com\/kaviargauche_official"]}]}},"jetpack_sharing_enabled":true,"_links":{"self":[{"href":"https:\/\/www.kaviargauche.com\/de\/wp-json\/wp\/v2\/pages\/4372","targetHints":{"allow":["GET"]}}],"collection":[{"href":"https:\/\/www.kaviargauche.com\/de\/wp-json\/wp\/v2\/pages"}],"about":[{"href":"https:\/\/www.kaviargauche.com\/de\/wp-json\/wp\/v2\/types\/page"}],"author":[{"embeddable":true,"href":"https:\/\/www.kaviargauche.com\/de\/wp-json\/wp\/v2\/users\/3"}],"replies":[{"embeddable":true,"href":"https:\/\/www.kaviargauche.com\/de\/wp-json\/wp\/v2\/comments?post=4372"}],"version-history":[{"count":5,"href":"https:\/\/www.kaviargauche.com\/de\/wp-json\/wp\/v2\/pages\/4372\/revisions"}],"predecessor-version":[{"id":28337,"href":"https:\/\/www.kaviargauche.com\/de\/wp-json\/wp\/v2\/pages\/4372\/revisions\/28337"}],"up":[{"embeddable":true,"href":"https:\/\/www.kaviargauche.com\/de\/wp-json\/wp\/v2\/pages\/21316"}],"wp:attachment":[{"href":"https:\/\/www.kaviargauche.com\/de\/wp-json\/wp\/v2\/media?parent=4372"}],"curies":[{"name":"wp","href":"https:\/\/api.w.org\/{rel}","templated":true}]}}