
{"id":10727,"date":"2023-02-16T17:10:00","date_gmt":"2023-02-16T17:10:00","guid":{"rendered":"https:\/\/www.kaviargauche.com\/?post_type=product&#038;p=10727"},"modified":"2025-08-22T15:33:14","modified_gmt":"2025-08-22T13:33:14","slug":"pure-sky-dress-platin","status":"publish","type":"product","link":"https:\/\/www.kaviargauche.com\/de\/produkt\/pure-sky-dress-platin\/","title":{"rendered":"Pure Sky Dress &#8211; platin"},"content":{"rendered":"<p>Elegantes Abendkleid mit Schal, der elegant im Nacken gebunden wird. Das hochgeschlossene Kleid \u00fcberzeugt vor allem durch den flie\u00dfenden Stoff und den \u00e4rmellosen Schnitt. Das bodenlange Modell ist das Highlight f\u00fcr festliche Anl\u00e4sse. Ideal als <a href=\"https:\/\/www.kaviargauche.com\/de\/produktkategorie\/specials-de\/abendkollektion\/\">Abendkleid<\/a> und f\u00fcr <a href=\"https:\/\/www.kaviargauche.com\/de\/produktkategorie\/specials-de\/brautmuttergaeste\/\">Brautm\u00fctter oder Hochzeitsg\u00e4ste<\/a>.<\/p>\n<p>Farbe: platin<\/p>\n<p>Obermaterial: 82% Triacetat, 18% Polyester<\/p>\n<p>MADE WITH LOVE IN GERMANY<\/p>\n","protected":false},"excerpt":{"rendered":"<p>Elegantes, hochgeschlossenes Abendkleid in Platin<\/p>\n","protected":false},"featured_media":24814,"template":"","meta":{"_acf_changed":false},"product_brand":[],"product_cat":[641,552,472,474,601,543,471,870,604,486],"product_tag":[],"class_list":{"0":"post-10727","1":"product","2":"type-product","3":"status-publish","4":"has-post-thumbnail","6":"product_cat-brautmuttergaeste","7":"product_cat-glamouroes-de","8":"product_cat-kleider","9":"product_cat-lange-kleider","10":"product_cat-minimalistisch-de","11":"product_cat-modern-classic-de","12":"product_cat-ready-to-marry-de","13":"product_cat-schnelle-lieferung","14":"product_cat-style-de","15":"product_cat-partydresses","17":"first","18":"instock","19":"taxable","20":"shipping-taxable","21":"purchasable","22":"product-type-variable","23":"wvs-archive-product-wrapper"},"acf":[],"yoast_head":"<!-- This site is optimized with the Yoast SEO Premium plugin v26.3 (Yoast SEO v27.5) - https:\/\/yoast.com\/product\/yoast-seo-premium-wordpress\/ -->\n<title>Pure Sky Dress - platin - Kaviar Gauche<\/title>\n<meta name=\"description\" content=\"Hochgeschlossenes Abendkleid mit Schal und flie\u00dfendem Stoff. Ein eleganter, \u00e4rmelloser Look f\u00fcr den Abend, Brautm\u00fctter oder Hochzeitsg\u00e4ste.\" \/>\n<meta name=\"robots\" content=\"index, follow, max-snippet:-1, max-image-preview:large, max-video-preview:-1\" \/>\n<link rel=\"canonical\" href=\"https:\/\/www.kaviargauche.com\/de\/produkt\/pure-sky-dress-platin\/\" \/>\n<meta property=\"og:locale\" content=\"de_DE\" \/>\n<meta property=\"og:type\" content=\"article\" \/>\n<meta property=\"og:title\" content=\"Pure Sky Dress - platin\" \/>\n<meta property=\"og:description\" content=\"Hochgeschlossenes Abendkleid mit Schal und flie\u00dfendem Stoff. Ein eleganter, \u00e4rmelloser Look f\u00fcr den Abend, Brautm\u00fctter oder Hochzeitsg\u00e4ste.\" \/>\n<meta property=\"og:url\" content=\"https:\/\/www.kaviargauche.com\/de\/produkt\/pure-sky-dress-platin\/\" \/>\n<meta property=\"og:site_name\" content=\"Kaviar Gauche\" \/>\n<meta property=\"article:publisher\" content=\"https:\/\/www.facebook.com\/kaviargauche\" \/>\n<meta property=\"article:modified_time\" content=\"2025-08-22T13:33:14+00:00\" \/>\n<meta property=\"og:image\" content=\"https:\/\/www.kaviargauche.com\/wp-content\/uploads\/KaviarGauche_PureskyDress_platin.jpg\" \/>\n\t<meta property=\"og:image:width\" content=\"1500\" \/>\n\t<meta property=\"og:image:height\" content=\"2250\" \/>\n\t<meta property=\"og:image:type\" content=\"image\/jpeg\" \/>\n<meta name=\"twitter:card\" content=\"summary_large_image\" \/>\n<meta name=\"twitter:label1\" content=\"Gesch\u00e4tzte Lesezeit\" \/>\n\t<meta name=\"twitter:data1\" content=\"1\u00a0Minute\" \/>\n<script type=\"application\/ld+json\" class=\"yoast-schema-graph\">{\"@context\":\"https:\\\/\\\/schema.org\",\"@graph\":[{\"@type\":\"WebPage\",\"@id\":\"https:\\\/\\\/www.kaviargauche.com\\\/de\\\/produkt\\\/pure-sky-dress-platin\\\/\",\"url\":\"https:\\\/\\\/www.kaviargauche.com\\\/de\\\/produkt\\\/pure-sky-dress-platin\\\/\",\"name\":\"Pure Sky Dress - platin - Kaviar Gauche\",\"isPartOf\":{\"@id\":\"https:\\\/\\\/www.kaviargauche.com\\\/de\\\/#website\"},\"primaryImageOfPage\":{\"@id\":\"https:\\\/\\\/www.kaviargauche.com\\\/de\\\/produkt\\\/pure-sky-dress-platin\\\/#primaryimage\"},\"image\":{\"@id\":\"https:\\\/\\\/www.kaviargauche.com\\\/de\\\/produkt\\\/pure-sky-dress-platin\\\/#primaryimage\"},\"thumbnailUrl\":\"https:\\\/\\\/www.kaviargauche.com\\\/wp-content\\\/uploads\\\/KaviarGauche_PureskyDress_platin.jpg\",\"datePublished\":\"2023-02-16T17:10:00+00:00\",\"dateModified\":\"2025-08-22T13:33:14+00:00\",\"description\":\"Hochgeschlossenes Abendkleid mit Schal und flie\u00dfendem Stoff. Ein eleganter, \u00e4rmelloser Look f\u00fcr den Abend, Brautm\u00fctter oder Hochzeitsg\u00e4ste.\",\"breadcrumb\":{\"@id\":\"https:\\\/\\\/www.kaviargauche.com\\\/de\\\/produkt\\\/pure-sky-dress-platin\\\/#breadcrumb\"},\"inLanguage\":\"de\",\"potentialAction\":[{\"@type\":\"ReadAction\",\"target\":[\"https:\\\/\\\/www.kaviargauche.com\\\/de\\\/produkt\\\/pure-sky-dress-platin\\\/\"]}]},{\"@type\":\"ImageObject\",\"inLanguage\":\"de\",\"@id\":\"https:\\\/\\\/www.kaviargauche.com\\\/de\\\/produkt\\\/pure-sky-dress-platin\\\/#primaryimage\",\"url\":\"https:\\\/\\\/www.kaviargauche.com\\\/wp-content\\\/uploads\\\/KaviarGauche_PureskyDress_platin.jpg\",\"contentUrl\":\"https:\\\/\\\/www.kaviargauche.com\\\/wp-content\\\/uploads\\\/KaviarGauche_PureskyDress_platin.jpg\",\"width\":1500,\"height\":2250,\"caption\":\"Kaviar Gauche Bridal Dress\"},{\"@type\":\"BreadcrumbList\",\"@id\":\"https:\\\/\\\/www.kaviargauche.com\\\/de\\\/produkt\\\/pure-sky-dress-platin\\\/#breadcrumb\",\"itemListElement\":[{\"@type\":\"ListItem\",\"position\":1,\"name\":\"Home\",\"item\":\"https:\\\/\\\/www.kaviargauche.com\\\/de\\\/\"},{\"@type\":\"ListItem\",\"position\":2,\"name\":\"Shop\",\"item\":\"https:\\\/\\\/www.kaviargauche.com\\\/de\\\/shop-2\\\/\"},{\"@type\":\"ListItem\",\"position\":3,\"name\":\"Pure Sky Dress &#8211; platin\"}]},{\"@type\":\"WebSite\",\"@id\":\"https:\\\/\\\/www.kaviargauche.com\\\/de\\\/#website\",\"url\":\"https:\\\/\\\/www.kaviargauche.com\\\/de\\\/\",\"name\":\"Kaviar Gauche\",\"description\":\"Bridal Couture\",\"publisher\":{\"@id\":\"https:\\\/\\\/www.kaviargauche.com\\\/de\\\/#organization\"},\"potentialAction\":[{\"@type\":\"SearchAction\",\"target\":{\"@type\":\"EntryPoint\",\"urlTemplate\":\"https:\\\/\\\/www.kaviargauche.com\\\/de\\\/?s={search_term_string}\"},\"query-input\":{\"@type\":\"PropertyValueSpecification\",\"valueRequired\":true,\"valueName\":\"search_term_string\"}}],\"inLanguage\":\"de\"},{\"@type\":\"Organization\",\"@id\":\"https:\\\/\\\/www.kaviargauche.com\\\/de\\\/#organization\",\"name\":\"KAVIAR GAUCHE\",\"url\":\"https:\\\/\\\/www.kaviargauche.com\\\/de\\\/\",\"logo\":{\"@type\":\"ImageObject\",\"inLanguage\":\"de\",\"@id\":\"https:\\\/\\\/www.kaviargauche.com\\\/de\\\/#\\\/schema\\\/logo\\\/image\\\/\",\"url\":\"https:\\\/\\\/www.kaviargauche.com\\\/wp-content\\\/uploads\\\/kaviar-gauche.png\",\"contentUrl\":\"https:\\\/\\\/www.kaviargauche.com\\\/wp-content\\\/uploads\\\/kaviar-gauche.png\",\"width\":512,\"height\":512,\"caption\":\"KAVIAR GAUCHE\"},\"image\":{\"@id\":\"https:\\\/\\\/www.kaviargauche.com\\\/de\\\/#\\\/schema\\\/logo\\\/image\\\/\"},\"sameAs\":[\"https:\\\/\\\/www.facebook.com\\\/kaviargauche\",\"https:\\\/\\\/www.pinterest.de\\\/KaviarGaucheOfficial\\\/\",\"https:\\\/\\\/www.instagram.com\\\/kaviargauche_official\"]}]}<\/script>\n<!-- \/ Yoast SEO Premium plugin. -->","yoast_head_json":{"title":"Pure Sky Dress - platin - Kaviar Gauche","description":"Hochgeschlossenes Abendkleid mit Schal und flie\u00dfendem Stoff. Ein eleganter, \u00e4rmelloser Look f\u00fcr den Abend, Brautm\u00fctter oder Hochzeitsg\u00e4ste.","robots":{"index":"index","follow":"follow","max-snippet":"max-snippet:-1","max-image-preview":"max-image-preview:large","max-video-preview":"max-video-preview:-1"},"canonical":"https:\/\/www.kaviargauche.com\/de\/produkt\/pure-sky-dress-platin\/","og_locale":"de_DE","og_type":"article","og_title":"Pure Sky Dress - platin","og_description":"Hochgeschlossenes Abendkleid mit Schal und flie\u00dfendem Stoff. Ein eleganter, \u00e4rmelloser Look f\u00fcr den Abend, Brautm\u00fctter oder Hochzeitsg\u00e4ste.","og_url":"https:\/\/www.kaviargauche.com\/de\/produkt\/pure-sky-dress-platin\/","og_site_name":"Kaviar Gauche","article_publisher":"https:\/\/www.facebook.com\/kaviargauche","article_modified_time":"2025-08-22T13:33:14+00:00","og_image":[{"width":1500,"height":2250,"url":"https:\/\/www.kaviargauche.com\/wp-content\/uploads\/KaviarGauche_PureskyDress_platin.jpg","type":"image\/jpeg"}],"twitter_card":"summary_large_image","twitter_misc":{"Gesch\u00e4tzte Lesezeit":"1\u00a0Minute"},"schema":{"@context":"https:\/\/schema.org","@graph":[{"@type":"WebPage","@id":"https:\/\/www.kaviargauche.com\/de\/produkt\/pure-sky-dress-platin\/","url":"https:\/\/www.kaviargauche.com\/de\/produkt\/pure-sky-dress-platin\/","name":"Pure Sky Dress - platin - Kaviar Gauche","isPartOf":{"@id":"https:\/\/www.kaviargauche.com\/de\/#website"},"primaryImageOfPage":{"@id":"https:\/\/www.kaviargauche.com\/de\/produkt\/pure-sky-dress-platin\/#primaryimage"},"image":{"@id":"https:\/\/www.kaviargauche.com\/de\/produkt\/pure-sky-dress-platin\/#primaryimage"},"thumbnailUrl":"https:\/\/www.kaviargauche.com\/wp-content\/uploads\/KaviarGauche_PureskyDress_platin.jpg","datePublished":"2023-02-16T17:10:00+00:00","dateModified":"2025-08-22T13:33:14+00:00","description":"Hochgeschlossenes Abendkleid mit Schal und flie\u00dfendem Stoff. Ein eleganter, \u00e4rmelloser Look f\u00fcr den Abend, Brautm\u00fctter oder Hochzeitsg\u00e4ste.","breadcrumb":{"@id":"https:\/\/www.kaviargauche.com\/de\/produkt\/pure-sky-dress-platin\/#breadcrumb"},"inLanguage":"de","potentialAction":[{"@type":"ReadAction","target":["https:\/\/www.kaviargauche.com\/de\/produkt\/pure-sky-dress-platin\/"]}]},{"@type":"ImageObject","inLanguage":"de","@id":"https:\/\/www.kaviargauche.com\/de\/produkt\/pure-sky-dress-platin\/#primaryimage","url":"https:\/\/www.kaviargauche.com\/wp-content\/uploads\/KaviarGauche_PureskyDress_platin.jpg","contentUrl":"https:\/\/www.kaviargauche.com\/wp-content\/uploads\/KaviarGauche_PureskyDress_platin.jpg","width":1500,"height":2250,"caption":"Kaviar Gauche Bridal Dress"},{"@type":"BreadcrumbList","@id":"https:\/\/www.kaviargauche.com\/de\/produkt\/pure-sky-dress-platin\/#breadcrumb","itemListElement":[{"@type":"ListItem","position":1,"name":"Home","item":"https:\/\/www.kaviargauche.com\/de\/"},{"@type":"ListItem","position":2,"name":"Shop","item":"https:\/\/www.kaviargauche.com\/de\/shop-2\/"},{"@type":"ListItem","position":3,"name":"Pure Sky Dress &#8211; platin"}]},{"@type":"WebSite","@id":"https:\/\/www.kaviargauche.com\/de\/#website","url":"https:\/\/www.kaviargauche.com\/de\/","name":"Kaviar Gauche","description":"Bridal Couture","publisher":{"@id":"https:\/\/www.kaviargauche.com\/de\/#organization"},"potentialAction":[{"@type":"SearchAction","target":{"@type":"EntryPoint","urlTemplate":"https:\/\/www.kaviargauche.com\/de\/?s={search_term_string}"},"query-input":{"@type":"PropertyValueSpecification","valueRequired":true,"valueName":"search_term_string"}}],"inLanguage":"de"},{"@type":"Organization","@id":"https:\/\/www.kaviargauche.com\/de\/#organization","name":"KAVIAR GAUCHE","url":"https:\/\/www.kaviargauche.com\/de\/","logo":{"@type":"ImageObject","inLanguage":"de","@id":"https:\/\/www.kaviargauche.com\/de\/#\/schema\/logo\/image\/","url":"https:\/\/www.kaviargauche.com\/wp-content\/uploads\/kaviar-gauche.png","contentUrl":"https:\/\/www.kaviargauche.com\/wp-content\/uploads\/kaviar-gauche.png","width":512,"height":512,"caption":"KAVIAR GAUCHE"},"image":{"@id":"https:\/\/www.kaviargauche.com\/de\/#\/schema\/logo\/image\/"},"sameAs":["https:\/\/www.facebook.com\/kaviargauche","https:\/\/www.pinterest.de\/KaviarGaucheOfficial\/","https:\/\/www.instagram.com\/kaviargauche_official"]}]}},"jetpack_sharing_enabled":true,"_links":{"self":[{"href":"https:\/\/www.kaviargauche.com\/de\/wp-json\/wp\/v2\/product\/10727","targetHints":{"allow":["GET"]}}],"collection":[{"href":"https:\/\/www.kaviargauche.com\/de\/wp-json\/wp\/v2\/product"}],"about":[{"href":"https:\/\/www.kaviargauche.com\/de\/wp-json\/wp\/v2\/types\/product"}],"wp:featuredmedia":[{"embeddable":true,"href":"https:\/\/www.kaviargauche.com\/de\/wp-json\/wp\/v2\/media\/24814"}],"wp:attachment":[{"href":"https:\/\/www.kaviargauche.com\/de\/wp-json\/wp\/v2\/media?parent=10727"}],"wp:term":[{"taxonomy":"product_brand","embeddable":true,"href":"https:\/\/www.kaviargauche.com\/de\/wp-json\/wp\/v2\/product_brand?post=10727"},{"taxonomy":"product_cat","embeddable":true,"href":"https:\/\/www.kaviargauche.com\/de\/wp-json\/wp\/v2\/product_cat?post=10727"},{"taxonomy":"product_tag","embeddable":true,"href":"https:\/\/www.kaviargauche.com\/de\/wp-json\/wp\/v2\/product_tag?post=10727"}],"curies":[{"name":"wp","href":"https:\/\/api.w.org\/{rel}","templated":true}]}}