
{"id":13868,"date":"2023-06-30T16:04:42","date_gmt":"2023-06-30T16:04:42","guid":{"rendered":"https:\/\/www.kaviargauche.com\/?post_type=product&#038;p=13868"},"modified":"2025-09-24T16:18:48","modified_gmt":"2025-09-24T14:18:48","slug":"kaviar-gauche-veil","status":"publish","type":"product","link":"https:\/\/www.kaviargauche.com\/de\/produkt\/kaviar-gauche-veil\/","title":{"rendered":"Kaviar Gauche Veil"},"content":{"rendered":"<p>Der T\u00fcllschleier geh\u00f6rt mittlerweile zu den Klassikern von Kaviar Gauche und wird in liebevoller Handarbeit im eigenen Atelier gefertigt.<br \/>\nEin Muss f\u00fcr jede Braut, die traditionell vor den Traualtar treten m\u00f6chte. Passt zu jedem Brautkleid.<\/p>\n<p>&#8211; goldfarbener Kamm<br \/>\n&#8211; handgefertigt in unserem Berliner Atelier<\/p>\n<p>L\u00e4ngen zweilagig<br \/>\n&#8211; S 80cm + 60cm<br \/>\n&#8211; M 110cm + 60cm<br \/>\n&#8211; L 200cm + 80cm<br \/>\n&#8211; XL 250cm + 80cm<\/p>\n<p>L\u00e4ngen einlagig<br \/>\n&#8211; S 80cm<br \/>\n&#8211; M 110cm<br \/>\n&#8211; L 200cm<br \/>\n&#8211; XL 250cm<\/p>\n<p>Der Schleier auf dem ersten Bild ist M doppellagig.<\/p>\n<p>Material: 100% Polyamid<\/p>\n<p>MADE WITH LOVE IN GERMANY<\/p>\n","protected":false},"excerpt":{"rendered":"<p>Klassischer Brautschleier aus T\u00fcll<\/p>\n","protected":false},"featured_media":1402,"template":"","meta":{"_acf_changed":false},"product_brand":[],"product_cat":[491,977],"product_tag":[],"class_list":{"0":"post-13868","1":"product","2":"type-product","3":"status-publish","4":"has-post-thumbnail","6":"product_cat-brautschleier","7":"product_cat-celebrate-love","8":"product_shipping_class-klein-de","10":"first","11":"instock","12":"taxable","13":"shipping-taxable","14":"purchasable","15":"product-type-variable","16":"has-default-attributes","17":"wvs-archive-product-wrapper"},"acf":[],"yoast_head":"<!-- This site is optimized with the Yoast SEO Premium plugin v26.3 (Yoast SEO v27.3) - https:\/\/yoast.com\/product\/yoast-seo-premium-wordpress\/ -->\n<title>T\u00fcllschleier f\u00fcr Br\u00e4ute \u2013 Handmade by Kaviar Gauche<\/title>\n<meta name=\"description\" content=\"Klassischer Schleier aus T\u00fcll von Kaviar Gauche\" \/>\n<meta name=\"robots\" content=\"index, follow, max-snippet:-1, max-image-preview:large, max-video-preview:-1\" \/>\n<link rel=\"canonical\" href=\"https:\/\/www.kaviargauche.com\/de\/produkt\/kaviar-gauche-veil\/\" \/>\n<meta property=\"og:locale\" content=\"de_DE\" \/>\n<meta property=\"og:type\" content=\"article\" \/>\n<meta property=\"og:title\" content=\"Kaviar Gauche Veil\" \/>\n<meta property=\"og:description\" content=\"Klassischer Schleier aus T\u00fcll von Kaviar Gauche\" \/>\n<meta property=\"og:url\" content=\"https:\/\/www.kaviargauche.com\/de\/produkt\/kaviar-gauche-veil\/\" \/>\n<meta property=\"og:site_name\" content=\"Kaviar Gauche\" \/>\n<meta property=\"article:publisher\" content=\"https:\/\/www.facebook.com\/kaviargauche\" \/>\n<meta property=\"article:modified_time\" content=\"2025-09-24T14:18:48+00:00\" \/>\n<meta property=\"og:image\" content=\"https:\/\/www.kaviargauche.com\/wp-content\/uploads\/KAVIAR-GAUCHE-VEIL-MIDI-Kaviar-gauche-Berlin-Duesseldorf-Muenchen-scaled.jpeg\" \/>\n\t<meta property=\"og:image:width\" content=\"1707\" \/>\n\t<meta property=\"og:image:height\" content=\"2560\" \/>\n\t<meta property=\"og:image:type\" content=\"image\/jpeg\" \/>\n<meta name=\"twitter:card\" content=\"summary_large_image\" \/>\n<meta name=\"twitter:label1\" content=\"Gesch\u00e4tzte Lesezeit\" \/>\n\t<meta name=\"twitter:data1\" content=\"1\u00a0Minute\" \/>\n<script type=\"application\/ld+json\" class=\"yoast-schema-graph\">{\"@context\":\"https:\\\/\\\/schema.org\",\"@graph\":[{\"@type\":\"WebPage\",\"@id\":\"https:\\\/\\\/www.kaviargauche.com\\\/de\\\/produkt\\\/kaviar-gauche-veil\\\/\",\"url\":\"https:\\\/\\\/www.kaviargauche.com\\\/de\\\/produkt\\\/kaviar-gauche-veil\\\/\",\"name\":\"T\u00fcllschleier f\u00fcr Br\u00e4ute \u2013 Handmade by Kaviar Gauche\",\"isPartOf\":{\"@id\":\"https:\\\/\\\/www.kaviargauche.com\\\/de\\\/#website\"},\"primaryImageOfPage\":{\"@id\":\"https:\\\/\\\/www.kaviargauche.com\\\/de\\\/produkt\\\/kaviar-gauche-veil\\\/#primaryimage\"},\"image\":{\"@id\":\"https:\\\/\\\/www.kaviargauche.com\\\/de\\\/produkt\\\/kaviar-gauche-veil\\\/#primaryimage\"},\"thumbnailUrl\":\"https:\\\/\\\/www.kaviargauche.com\\\/wp-content\\\/uploads\\\/KAVIAR-GAUCHE-VEIL-MIDI-Kaviar-gauche-Berlin-Duesseldorf-Muenchen-scaled.jpeg\",\"datePublished\":\"2023-06-30T16:04:42+00:00\",\"dateModified\":\"2025-09-24T14:18:48+00:00\",\"description\":\"Klassischer Schleier aus T\u00fcll von Kaviar Gauche\",\"breadcrumb\":{\"@id\":\"https:\\\/\\\/www.kaviargauche.com\\\/de\\\/produkt\\\/kaviar-gauche-veil\\\/#breadcrumb\"},\"inLanguage\":\"de\",\"potentialAction\":[{\"@type\":\"ReadAction\",\"target\":[\"https:\\\/\\\/www.kaviargauche.com\\\/de\\\/produkt\\\/kaviar-gauche-veil\\\/\"]}]},{\"@type\":\"ImageObject\",\"inLanguage\":\"de\",\"@id\":\"https:\\\/\\\/www.kaviargauche.com\\\/de\\\/produkt\\\/kaviar-gauche-veil\\\/#primaryimage\",\"url\":\"https:\\\/\\\/www.kaviargauche.com\\\/wp-content\\\/uploads\\\/KAVIAR-GAUCHE-VEIL-MIDI-Kaviar-gauche-Berlin-Duesseldorf-Muenchen-scaled.jpeg\",\"contentUrl\":\"https:\\\/\\\/www.kaviargauche.com\\\/wp-content\\\/uploads\\\/KAVIAR-GAUCHE-VEIL-MIDI-Kaviar-gauche-Berlin-Duesseldorf-Muenchen-scaled.jpeg\",\"width\":1707,\"height\":2560,\"caption\":\"T\u00fcllschleier von Kaviar Gauche\"},{\"@type\":\"BreadcrumbList\",\"@id\":\"https:\\\/\\\/www.kaviargauche.com\\\/de\\\/produkt\\\/kaviar-gauche-veil\\\/#breadcrumb\",\"itemListElement\":[{\"@type\":\"ListItem\",\"position\":1,\"name\":\"Home\",\"item\":\"https:\\\/\\\/www.kaviargauche.com\\\/de\\\/\"},{\"@type\":\"ListItem\",\"position\":2,\"name\":\"Shop\",\"item\":\"https:\\\/\\\/www.kaviargauche.com\\\/de\\\/shop-2\\\/\"},{\"@type\":\"ListItem\",\"position\":3,\"name\":\"Kaviar Gauche Veil\"}]},{\"@type\":\"WebSite\",\"@id\":\"https:\\\/\\\/www.kaviargauche.com\\\/de\\\/#website\",\"url\":\"https:\\\/\\\/www.kaviargauche.com\\\/de\\\/\",\"name\":\"Kaviar Gauche\",\"description\":\"Bridal Couture\",\"publisher\":{\"@id\":\"https:\\\/\\\/www.kaviargauche.com\\\/de\\\/#organization\"},\"potentialAction\":[{\"@type\":\"SearchAction\",\"target\":{\"@type\":\"EntryPoint\",\"urlTemplate\":\"https:\\\/\\\/www.kaviargauche.com\\\/de\\\/?s={search_term_string}\"},\"query-input\":{\"@type\":\"PropertyValueSpecification\",\"valueRequired\":true,\"valueName\":\"search_term_string\"}}],\"inLanguage\":\"de\"},{\"@type\":\"Organization\",\"@id\":\"https:\\\/\\\/www.kaviargauche.com\\\/de\\\/#organization\",\"name\":\"KAVIAR GAUCHE\",\"url\":\"https:\\\/\\\/www.kaviargauche.com\\\/de\\\/\",\"logo\":{\"@type\":\"ImageObject\",\"inLanguage\":\"de\",\"@id\":\"https:\\\/\\\/www.kaviargauche.com\\\/de\\\/#\\\/schema\\\/logo\\\/image\\\/\",\"url\":\"https:\\\/\\\/www.kaviargauche.com\\\/wp-content\\\/uploads\\\/kaviar-gauche.png\",\"contentUrl\":\"https:\\\/\\\/www.kaviargauche.com\\\/wp-content\\\/uploads\\\/kaviar-gauche.png\",\"width\":512,\"height\":512,\"caption\":\"KAVIAR GAUCHE\"},\"image\":{\"@id\":\"https:\\\/\\\/www.kaviargauche.com\\\/de\\\/#\\\/schema\\\/logo\\\/image\\\/\"},\"sameAs\":[\"https:\\\/\\\/www.facebook.com\\\/kaviargauche\",\"https:\\\/\\\/www.pinterest.de\\\/KaviarGaucheOfficial\\\/\",\"https:\\\/\\\/www.instagram.com\\\/kaviargauche_official\"]}]}<\/script>\n<!-- \/ Yoast SEO Premium plugin. -->","yoast_head_json":{"title":"T\u00fcllschleier f\u00fcr Br\u00e4ute \u2013 Handmade by Kaviar Gauche","description":"Klassischer Schleier aus T\u00fcll von Kaviar Gauche","robots":{"index":"index","follow":"follow","max-snippet":"max-snippet:-1","max-image-preview":"max-image-preview:large","max-video-preview":"max-video-preview:-1"},"canonical":"https:\/\/www.kaviargauche.com\/de\/produkt\/kaviar-gauche-veil\/","og_locale":"de_DE","og_type":"article","og_title":"Kaviar Gauche Veil","og_description":"Klassischer Schleier aus T\u00fcll von Kaviar Gauche","og_url":"https:\/\/www.kaviargauche.com\/de\/produkt\/kaviar-gauche-veil\/","og_site_name":"Kaviar Gauche","article_publisher":"https:\/\/www.facebook.com\/kaviargauche","article_modified_time":"2025-09-24T14:18:48+00:00","og_image":[{"width":1707,"height":2560,"url":"https:\/\/www.kaviargauche.com\/wp-content\/uploads\/KAVIAR-GAUCHE-VEIL-MIDI-Kaviar-gauche-Berlin-Duesseldorf-Muenchen-scaled.jpeg","type":"image\/jpeg"}],"twitter_card":"summary_large_image","twitter_misc":{"Gesch\u00e4tzte Lesezeit":"1\u00a0Minute"},"schema":{"@context":"https:\/\/schema.org","@graph":[{"@type":"WebPage","@id":"https:\/\/www.kaviargauche.com\/de\/produkt\/kaviar-gauche-veil\/","url":"https:\/\/www.kaviargauche.com\/de\/produkt\/kaviar-gauche-veil\/","name":"T\u00fcllschleier f\u00fcr Br\u00e4ute \u2013 Handmade by Kaviar Gauche","isPartOf":{"@id":"https:\/\/www.kaviargauche.com\/de\/#website"},"primaryImageOfPage":{"@id":"https:\/\/www.kaviargauche.com\/de\/produkt\/kaviar-gauche-veil\/#primaryimage"},"image":{"@id":"https:\/\/www.kaviargauche.com\/de\/produkt\/kaviar-gauche-veil\/#primaryimage"},"thumbnailUrl":"https:\/\/www.kaviargauche.com\/wp-content\/uploads\/KAVIAR-GAUCHE-VEIL-MIDI-Kaviar-gauche-Berlin-Duesseldorf-Muenchen-scaled.jpeg","datePublished":"2023-06-30T16:04:42+00:00","dateModified":"2025-09-24T14:18:48+00:00","description":"Klassischer Schleier aus T\u00fcll von Kaviar Gauche","breadcrumb":{"@id":"https:\/\/www.kaviargauche.com\/de\/produkt\/kaviar-gauche-veil\/#breadcrumb"},"inLanguage":"de","potentialAction":[{"@type":"ReadAction","target":["https:\/\/www.kaviargauche.com\/de\/produkt\/kaviar-gauche-veil\/"]}]},{"@type":"ImageObject","inLanguage":"de","@id":"https:\/\/www.kaviargauche.com\/de\/produkt\/kaviar-gauche-veil\/#primaryimage","url":"https:\/\/www.kaviargauche.com\/wp-content\/uploads\/KAVIAR-GAUCHE-VEIL-MIDI-Kaviar-gauche-Berlin-Duesseldorf-Muenchen-scaled.jpeg","contentUrl":"https:\/\/www.kaviargauche.com\/wp-content\/uploads\/KAVIAR-GAUCHE-VEIL-MIDI-Kaviar-gauche-Berlin-Duesseldorf-Muenchen-scaled.jpeg","width":1707,"height":2560,"caption":"T\u00fcllschleier von Kaviar Gauche"},{"@type":"BreadcrumbList","@id":"https:\/\/www.kaviargauche.com\/de\/produkt\/kaviar-gauche-veil\/#breadcrumb","itemListElement":[{"@type":"ListItem","position":1,"name":"Home","item":"https:\/\/www.kaviargauche.com\/de\/"},{"@type":"ListItem","position":2,"name":"Shop","item":"https:\/\/www.kaviargauche.com\/de\/shop-2\/"},{"@type":"ListItem","position":3,"name":"Kaviar Gauche Veil"}]},{"@type":"WebSite","@id":"https:\/\/www.kaviargauche.com\/de\/#website","url":"https:\/\/www.kaviargauche.com\/de\/","name":"Kaviar Gauche","description":"Bridal Couture","publisher":{"@id":"https:\/\/www.kaviargauche.com\/de\/#organization"},"potentialAction":[{"@type":"SearchAction","target":{"@type":"EntryPoint","urlTemplate":"https:\/\/www.kaviargauche.com\/de\/?s={search_term_string}"},"query-input":{"@type":"PropertyValueSpecification","valueRequired":true,"valueName":"search_term_string"}}],"inLanguage":"de"},{"@type":"Organization","@id":"https:\/\/www.kaviargauche.com\/de\/#organization","name":"KAVIAR GAUCHE","url":"https:\/\/www.kaviargauche.com\/de\/","logo":{"@type":"ImageObject","inLanguage":"de","@id":"https:\/\/www.kaviargauche.com\/de\/#\/schema\/logo\/image\/","url":"https:\/\/www.kaviargauche.com\/wp-content\/uploads\/kaviar-gauche.png","contentUrl":"https:\/\/www.kaviargauche.com\/wp-content\/uploads\/kaviar-gauche.png","width":512,"height":512,"caption":"KAVIAR GAUCHE"},"image":{"@id":"https:\/\/www.kaviargauche.com\/de\/#\/schema\/logo\/image\/"},"sameAs":["https:\/\/www.facebook.com\/kaviargauche","https:\/\/www.pinterest.de\/KaviarGaucheOfficial\/","https:\/\/www.instagram.com\/kaviargauche_official"]}]}},"jetpack_sharing_enabled":true,"_links":{"self":[{"href":"https:\/\/www.kaviargauche.com\/de\/wp-json\/wp\/v2\/product\/13868","targetHints":{"allow":["GET"]}}],"collection":[{"href":"https:\/\/www.kaviargauche.com\/de\/wp-json\/wp\/v2\/product"}],"about":[{"href":"https:\/\/www.kaviargauche.com\/de\/wp-json\/wp\/v2\/types\/product"}],"wp:featuredmedia":[{"embeddable":true,"href":"https:\/\/www.kaviargauche.com\/de\/wp-json\/wp\/v2\/media\/1402"}],"wp:attachment":[{"href":"https:\/\/www.kaviargauche.com\/de\/wp-json\/wp\/v2\/media?parent=13868"}],"wp:term":[{"taxonomy":"product_brand","embeddable":true,"href":"https:\/\/www.kaviargauche.com\/de\/wp-json\/wp\/v2\/product_brand?post=13868"},{"taxonomy":"product_cat","embeddable":true,"href":"https:\/\/www.kaviargauche.com\/de\/wp-json\/wp\/v2\/product_cat?post=13868"},{"taxonomy":"product_tag","embeddable":true,"href":"https:\/\/www.kaviargauche.com\/de\/wp-json\/wp\/v2\/product_tag?post=13868"}],"curies":[{"name":"wp","href":"https:\/\/api.w.org\/{rel}","templated":true}]}}