
{"id":16443,"date":"2023-09-04T13:52:12","date_gmt":"2023-09-04T13:52:12","guid":{"rendered":"https:\/\/www.kaviargauche.com\/?post_type=product&#038;p=16443"},"modified":"2025-08-18T12:41:25","modified_gmt":"2025-08-18T10:41:25","slug":"moonlight-neckholder-dress","status":"publish","type":"product","link":"https:\/\/www.kaviargauche.com\/de\/produkt\/moonlight-neckholder-dress\/","title":{"rendered":"Moonlight Neckholder Dress"},"content":{"rendered":"<p>Unser Moonlight Glitter Neckholder-Kleid ist ein funkelndes Meisterwerk der Eleganz. Der Neckholder-Ausschnitt verleiht diesem elegantem Kleid eine raffinierte Note, w\u00e4hrend das funkelnde Moonlight-Glitzerdetail f\u00fcr einen Hauch von Magie sorgt. Es ist ein glamour\u00f6ses zweites Hochzeitskleid oder aber auch wundersch\u00f6n und elegant f\u00fcr <a href=\"https:\/\/www.kaviargauche.com\/de\/produktkategorie\/kleider\/partydresses\/\">festliche Anl\u00e4sse<\/a>.<\/p>\n<p>Oberstoff: 100% Polyester<br \/>\nFutter: 96% Seide, 4% Elastan<\/p>\n<p>Gerne k\u00f6nnen Sie das Kleid in unserem Gesch\u00e4ft in <a href=\"https:\/\/www.kaviargauche.com\/de\/unsere-boutiquen\/stores-berlin\/\">Berlin<\/a> oder <a href=\"https:\/\/www.kaviargauche.com\/de\/unsere-boutiquen\/stores-muenchen\/\">M\u00fcnchen<\/a> anprobieren.<\/p>\n<p>MADE WITH LOVE IN GERMANY<\/p>\n","protected":false},"excerpt":{"rendered":"<p>Glitzerndes Kleid mit einem Neckholder-Ausschnitt<\/p>\n","protected":false},"featured_media":17771,"template":"","meta":{"_acf_changed":false},"product_brand":[],"product_cat":[541,488,862,604,486],"product_tag":[],"class_list":{"0":"post-16443","1":"product","2":"type-product","3":"status-publish","4":"has-post-thumbnail","6":"product_cat-a-line-de","7":"product_cat-abendkollektion","8":"product_cat-over-the-moon","9":"product_cat-style-de","10":"product_cat-partydresses","12":"first","13":"instock","14":"taxable","15":"shipping-taxable","16":"purchasable","17":"product-type-variable","18":"wvs-archive-product-wrapper"},"acf":[],"yoast_head":"<!-- This site is optimized with the Yoast SEO Premium plugin v26.3 (Yoast SEO v27.3) - https:\/\/yoast.com\/product\/yoast-seo-premium-wordpress\/ -->\n<title>Moonlight Neckholder Dress - Kaviar Gauche<\/title>\n<meta name=\"description\" content=\"Glamour\u00f6ses Brautkleid f\u00fcr festliche Anl\u00e4sse: Neckholder-Kleid mit funkelndem Glitzer. Perfekt f\u00fcr einen zweiten Hochzeitslook oder Feierlichkeiten.\" \/>\n<meta name=\"robots\" content=\"index, follow, max-snippet:-1, max-image-preview:large, max-video-preview:-1\" \/>\n<link rel=\"canonical\" href=\"https:\/\/www.kaviargauche.com\/de\/produkt\/moonlight-neckholder-dress\/\" \/>\n<meta property=\"og:locale\" content=\"de_DE\" \/>\n<meta property=\"og:type\" content=\"article\" \/>\n<meta property=\"og:title\" content=\"Moonlight Neckholder Dress\" \/>\n<meta property=\"og:description\" content=\"Glamour\u00f6ses Brautkleid f\u00fcr festliche Anl\u00e4sse: Neckholder-Kleid mit funkelndem Glitzer. Perfekt f\u00fcr einen zweiten Hochzeitslook oder Feierlichkeiten.\" \/>\n<meta property=\"og:url\" content=\"https:\/\/www.kaviargauche.com\/de\/produkt\/moonlight-neckholder-dress\/\" \/>\n<meta property=\"og:site_name\" content=\"Kaviar Gauche\" \/>\n<meta property=\"article:publisher\" content=\"https:\/\/www.facebook.com\/kaviargauche\" \/>\n<meta property=\"article:modified_time\" content=\"2025-08-18T10:41:25+00:00\" \/>\n<meta property=\"og:image\" content=\"https:\/\/www.kaviargauche.com\/wp-content\/uploads\/KaviarGauche_BridalCouture_OverTheMoon_BC24_Moonlight_Neckholder_Dress_1-edited-1.jpg\" \/>\n\t<meta property=\"og:image:width\" content=\"1103\" \/>\n\t<meta property=\"og:image:height\" content=\"1654\" \/>\n\t<meta property=\"og:image:type\" content=\"image\/jpeg\" \/>\n<meta name=\"twitter:card\" content=\"summary_large_image\" \/>\n<meta name=\"twitter:label1\" content=\"Gesch\u00e4tzte Lesezeit\" \/>\n\t<meta name=\"twitter:data1\" content=\"1\u00a0Minute\" \/>\n<script type=\"application\/ld+json\" class=\"yoast-schema-graph\">{\"@context\":\"https:\\\/\\\/schema.org\",\"@graph\":[{\"@type\":\"WebPage\",\"@id\":\"https:\\\/\\\/www.kaviargauche.com\\\/de\\\/produkt\\\/moonlight-neckholder-dress\\\/\",\"url\":\"https:\\\/\\\/www.kaviargauche.com\\\/de\\\/produkt\\\/moonlight-neckholder-dress\\\/\",\"name\":\"Moonlight Neckholder Dress - Kaviar Gauche\",\"isPartOf\":{\"@id\":\"https:\\\/\\\/www.kaviargauche.com\\\/de\\\/#website\"},\"primaryImageOfPage\":{\"@id\":\"https:\\\/\\\/www.kaviargauche.com\\\/de\\\/produkt\\\/moonlight-neckholder-dress\\\/#primaryimage\"},\"image\":{\"@id\":\"https:\\\/\\\/www.kaviargauche.com\\\/de\\\/produkt\\\/moonlight-neckholder-dress\\\/#primaryimage\"},\"thumbnailUrl\":\"https:\\\/\\\/www.kaviargauche.com\\\/wp-content\\\/uploads\\\/KaviarGauche_BridalCouture_OverTheMoon_BC24_Moonlight_Neckholder_Dress_1-edited-1.jpg\",\"datePublished\":\"2023-09-04T13:52:12+00:00\",\"dateModified\":\"2025-08-18T10:41:25+00:00\",\"description\":\"Glamour\u00f6ses Brautkleid f\u00fcr festliche Anl\u00e4sse: Neckholder-Kleid mit funkelndem Glitzer. Perfekt f\u00fcr einen zweiten Hochzeitslook oder Feierlichkeiten.\",\"breadcrumb\":{\"@id\":\"https:\\\/\\\/www.kaviargauche.com\\\/de\\\/produkt\\\/moonlight-neckholder-dress\\\/#breadcrumb\"},\"inLanguage\":\"de\",\"potentialAction\":[{\"@type\":\"ReadAction\",\"target\":[\"https:\\\/\\\/www.kaviargauche.com\\\/de\\\/produkt\\\/moonlight-neckholder-dress\\\/\"]}]},{\"@type\":\"ImageObject\",\"inLanguage\":\"de\",\"@id\":\"https:\\\/\\\/www.kaviargauche.com\\\/de\\\/produkt\\\/moonlight-neckholder-dress\\\/#primaryimage\",\"url\":\"https:\\\/\\\/www.kaviargauche.com\\\/wp-content\\\/uploads\\\/KaviarGauche_BridalCouture_OverTheMoon_BC24_Moonlight_Neckholder_Dress_1-edited-1.jpg\",\"contentUrl\":\"https:\\\/\\\/www.kaviargauche.com\\\/wp-content\\\/uploads\\\/KaviarGauche_BridalCouture_OverTheMoon_BC24_Moonlight_Neckholder_Dress_1-edited-1.jpg\",\"width\":1103,\"height\":1654},{\"@type\":\"BreadcrumbList\",\"@id\":\"https:\\\/\\\/www.kaviargauche.com\\\/de\\\/produkt\\\/moonlight-neckholder-dress\\\/#breadcrumb\",\"itemListElement\":[{\"@type\":\"ListItem\",\"position\":1,\"name\":\"Home\",\"item\":\"https:\\\/\\\/www.kaviargauche.com\\\/de\\\/\"},{\"@type\":\"ListItem\",\"position\":2,\"name\":\"Shop\",\"item\":\"https:\\\/\\\/www.kaviargauche.com\\\/de\\\/shop-2\\\/\"},{\"@type\":\"ListItem\",\"position\":3,\"name\":\"Moonlight Neckholder Dress\"}]},{\"@type\":\"WebSite\",\"@id\":\"https:\\\/\\\/www.kaviargauche.com\\\/de\\\/#website\",\"url\":\"https:\\\/\\\/www.kaviargauche.com\\\/de\\\/\",\"name\":\"Kaviar Gauche\",\"description\":\"Bridal Couture\",\"publisher\":{\"@id\":\"https:\\\/\\\/www.kaviargauche.com\\\/de\\\/#organization\"},\"potentialAction\":[{\"@type\":\"SearchAction\",\"target\":{\"@type\":\"EntryPoint\",\"urlTemplate\":\"https:\\\/\\\/www.kaviargauche.com\\\/de\\\/?s={search_term_string}\"},\"query-input\":{\"@type\":\"PropertyValueSpecification\",\"valueRequired\":true,\"valueName\":\"search_term_string\"}}],\"inLanguage\":\"de\"},{\"@type\":\"Organization\",\"@id\":\"https:\\\/\\\/www.kaviargauche.com\\\/de\\\/#organization\",\"name\":\"KAVIAR GAUCHE\",\"url\":\"https:\\\/\\\/www.kaviargauche.com\\\/de\\\/\",\"logo\":{\"@type\":\"ImageObject\",\"inLanguage\":\"de\",\"@id\":\"https:\\\/\\\/www.kaviargauche.com\\\/de\\\/#\\\/schema\\\/logo\\\/image\\\/\",\"url\":\"https:\\\/\\\/www.kaviargauche.com\\\/wp-content\\\/uploads\\\/kaviar-gauche.png\",\"contentUrl\":\"https:\\\/\\\/www.kaviargauche.com\\\/wp-content\\\/uploads\\\/kaviar-gauche.png\",\"width\":512,\"height\":512,\"caption\":\"KAVIAR GAUCHE\"},\"image\":{\"@id\":\"https:\\\/\\\/www.kaviargauche.com\\\/de\\\/#\\\/schema\\\/logo\\\/image\\\/\"},\"sameAs\":[\"https:\\\/\\\/www.facebook.com\\\/kaviargauche\",\"https:\\\/\\\/www.pinterest.de\\\/KaviarGaucheOfficial\\\/\",\"https:\\\/\\\/www.instagram.com\\\/kaviargauche_official\"]}]}<\/script>\n<!-- \/ Yoast SEO Premium plugin. -->","yoast_head_json":{"title":"Moonlight Neckholder Dress - Kaviar Gauche","description":"Glamour\u00f6ses Brautkleid f\u00fcr festliche Anl\u00e4sse: Neckholder-Kleid mit funkelndem Glitzer. Perfekt f\u00fcr einen zweiten Hochzeitslook oder Feierlichkeiten.","robots":{"index":"index","follow":"follow","max-snippet":"max-snippet:-1","max-image-preview":"max-image-preview:large","max-video-preview":"max-video-preview:-1"},"canonical":"https:\/\/www.kaviargauche.com\/de\/produkt\/moonlight-neckholder-dress\/","og_locale":"de_DE","og_type":"article","og_title":"Moonlight Neckholder Dress","og_description":"Glamour\u00f6ses Brautkleid f\u00fcr festliche Anl\u00e4sse: Neckholder-Kleid mit funkelndem Glitzer. Perfekt f\u00fcr einen zweiten Hochzeitslook oder Feierlichkeiten.","og_url":"https:\/\/www.kaviargauche.com\/de\/produkt\/moonlight-neckholder-dress\/","og_site_name":"Kaviar Gauche","article_publisher":"https:\/\/www.facebook.com\/kaviargauche","article_modified_time":"2025-08-18T10:41:25+00:00","og_image":[{"width":1103,"height":1654,"url":"https:\/\/www.kaviargauche.com\/wp-content\/uploads\/KaviarGauche_BridalCouture_OverTheMoon_BC24_Moonlight_Neckholder_Dress_1-edited-1.jpg","type":"image\/jpeg"}],"twitter_card":"summary_large_image","twitter_misc":{"Gesch\u00e4tzte Lesezeit":"1\u00a0Minute"},"schema":{"@context":"https:\/\/schema.org","@graph":[{"@type":"WebPage","@id":"https:\/\/www.kaviargauche.com\/de\/produkt\/moonlight-neckholder-dress\/","url":"https:\/\/www.kaviargauche.com\/de\/produkt\/moonlight-neckholder-dress\/","name":"Moonlight Neckholder Dress - Kaviar Gauche","isPartOf":{"@id":"https:\/\/www.kaviargauche.com\/de\/#website"},"primaryImageOfPage":{"@id":"https:\/\/www.kaviargauche.com\/de\/produkt\/moonlight-neckholder-dress\/#primaryimage"},"image":{"@id":"https:\/\/www.kaviargauche.com\/de\/produkt\/moonlight-neckholder-dress\/#primaryimage"},"thumbnailUrl":"https:\/\/www.kaviargauche.com\/wp-content\/uploads\/KaviarGauche_BridalCouture_OverTheMoon_BC24_Moonlight_Neckholder_Dress_1-edited-1.jpg","datePublished":"2023-09-04T13:52:12+00:00","dateModified":"2025-08-18T10:41:25+00:00","description":"Glamour\u00f6ses Brautkleid f\u00fcr festliche Anl\u00e4sse: Neckholder-Kleid mit funkelndem Glitzer. Perfekt f\u00fcr einen zweiten Hochzeitslook oder Feierlichkeiten.","breadcrumb":{"@id":"https:\/\/www.kaviargauche.com\/de\/produkt\/moonlight-neckholder-dress\/#breadcrumb"},"inLanguage":"de","potentialAction":[{"@type":"ReadAction","target":["https:\/\/www.kaviargauche.com\/de\/produkt\/moonlight-neckholder-dress\/"]}]},{"@type":"ImageObject","inLanguage":"de","@id":"https:\/\/www.kaviargauche.com\/de\/produkt\/moonlight-neckholder-dress\/#primaryimage","url":"https:\/\/www.kaviargauche.com\/wp-content\/uploads\/KaviarGauche_BridalCouture_OverTheMoon_BC24_Moonlight_Neckholder_Dress_1-edited-1.jpg","contentUrl":"https:\/\/www.kaviargauche.com\/wp-content\/uploads\/KaviarGauche_BridalCouture_OverTheMoon_BC24_Moonlight_Neckholder_Dress_1-edited-1.jpg","width":1103,"height":1654},{"@type":"BreadcrumbList","@id":"https:\/\/www.kaviargauche.com\/de\/produkt\/moonlight-neckholder-dress\/#breadcrumb","itemListElement":[{"@type":"ListItem","position":1,"name":"Home","item":"https:\/\/www.kaviargauche.com\/de\/"},{"@type":"ListItem","position":2,"name":"Shop","item":"https:\/\/www.kaviargauche.com\/de\/shop-2\/"},{"@type":"ListItem","position":3,"name":"Moonlight Neckholder Dress"}]},{"@type":"WebSite","@id":"https:\/\/www.kaviargauche.com\/de\/#website","url":"https:\/\/www.kaviargauche.com\/de\/","name":"Kaviar Gauche","description":"Bridal Couture","publisher":{"@id":"https:\/\/www.kaviargauche.com\/de\/#organization"},"potentialAction":[{"@type":"SearchAction","target":{"@type":"EntryPoint","urlTemplate":"https:\/\/www.kaviargauche.com\/de\/?s={search_term_string}"},"query-input":{"@type":"PropertyValueSpecification","valueRequired":true,"valueName":"search_term_string"}}],"inLanguage":"de"},{"@type":"Organization","@id":"https:\/\/www.kaviargauche.com\/de\/#organization","name":"KAVIAR GAUCHE","url":"https:\/\/www.kaviargauche.com\/de\/","logo":{"@type":"ImageObject","inLanguage":"de","@id":"https:\/\/www.kaviargauche.com\/de\/#\/schema\/logo\/image\/","url":"https:\/\/www.kaviargauche.com\/wp-content\/uploads\/kaviar-gauche.png","contentUrl":"https:\/\/www.kaviargauche.com\/wp-content\/uploads\/kaviar-gauche.png","width":512,"height":512,"caption":"KAVIAR GAUCHE"},"image":{"@id":"https:\/\/www.kaviargauche.com\/de\/#\/schema\/logo\/image\/"},"sameAs":["https:\/\/www.facebook.com\/kaviargauche","https:\/\/www.pinterest.de\/KaviarGaucheOfficial\/","https:\/\/www.instagram.com\/kaviargauche_official"]}]}},"jetpack_sharing_enabled":true,"_links":{"self":[{"href":"https:\/\/www.kaviargauche.com\/de\/wp-json\/wp\/v2\/product\/16443","targetHints":{"allow":["GET"]}}],"collection":[{"href":"https:\/\/www.kaviargauche.com\/de\/wp-json\/wp\/v2\/product"}],"about":[{"href":"https:\/\/www.kaviargauche.com\/de\/wp-json\/wp\/v2\/types\/product"}],"wp:featuredmedia":[{"embeddable":true,"href":"https:\/\/www.kaviargauche.com\/de\/wp-json\/wp\/v2\/media\/17771"}],"wp:attachment":[{"href":"https:\/\/www.kaviargauche.com\/de\/wp-json\/wp\/v2\/media?parent=16443"}],"wp:term":[{"taxonomy":"product_brand","embeddable":true,"href":"https:\/\/www.kaviargauche.com\/de\/wp-json\/wp\/v2\/product_brand?post=16443"},{"taxonomy":"product_cat","embeddable":true,"href":"https:\/\/www.kaviargauche.com\/de\/wp-json\/wp\/v2\/product_cat?post=16443"},{"taxonomy":"product_tag","embeddable":true,"href":"https:\/\/www.kaviargauche.com\/de\/wp-json\/wp\/v2\/product_tag?post=16443"}],"curies":[{"name":"wp","href":"https:\/\/api.w.org\/{rel}","templated":true}]}}