
{"id":16527,"date":"2023-09-05T07:51:49","date_gmt":"2023-09-05T07:51:49","guid":{"rendered":"https:\/\/www.kaviargauche.com\/?post_type=product&#038;p=16527"},"modified":"2025-08-18T12:13:29","modified_gmt":"2025-08-18T10:13:29","slug":"dreamy-cup-corsage-dress","status":"publish","type":"product","link":"https:\/\/www.kaviargauche.com\/de\/produkt\/dreamy-cup-corsage-dress\/","title":{"rendered":"Dreamy Cup Corsage Dress"},"content":{"rendered":"<p>Das Dreamy Cup Corsage Dress ist ein traumhaft sch\u00f6nes Kleid, das Eleganz und Romantik verk\u00f6rpert. Die \u00e4rmellose, mit Spitze besetzte Corsage harmoniert perfekt mit dem m\u00e4rchenhaften T\u00fcllrock und verleiht dir einen verspielt-romantischen Look.<\/p>\n<p>&#8211; Spitze: 65% Polyamid, 35% Polyester<br \/>\n&#8211; Oberstoff: 100% Polyamid<\/p>\n<p>MADE WITH LOVE IN GERMANY<\/p>\n","protected":false},"excerpt":{"rendered":"<p>\u00c4rmelloses, romantisches Hochzeitskleid mit Bl\u00fctenapplikationen<\/p>\n","protected":false},"featured_media":17765,"template":"","meta":{"_acf_changed":false},"product_brand":[],"product_cat":[963,862],"product_tag":[],"class_list":{"0":"post-16527","1":"product","2":"type-product","3":"status-publish","4":"has-post-thumbnail","6":"product_cat-couture-de","7":"product_cat-over-the-moon","8":"product_shipping_class-klein-de","10":"first","11":"instock","12":"taxable","13":"shipping-taxable","14":"purchasable","15":"product-type-simple"},"acf":[],"yoast_head":"<!-- This site is optimized with the Yoast SEO Premium plugin v26.3 (Yoast SEO v27.5) - https:\/\/yoast.com\/product\/yoast-seo-premium-wordpress\/ -->\n<title>Dreamy Cup Corsage Dress - Kaviar Gauche<\/title>\n<meta name=\"description\" content=\"Das Dreamy Cup Corsage Dress vereint elegante, \u00e4rmellose Corsage mit Spitzenbesatz und m\u00e4rchenhaftem T\u00fcllrock f\u00fcr einen verspielt-romantischen Look. Made in Germany.\" \/>\n<meta name=\"robots\" content=\"index, follow, max-snippet:-1, max-image-preview:large, max-video-preview:-1\" \/>\n<link rel=\"canonical\" href=\"https:\/\/www.kaviargauche.com\/de\/produkt\/dreamy-cup-corsage-dress\/\" \/>\n<meta property=\"og:locale\" content=\"de_DE\" \/>\n<meta property=\"og:type\" content=\"article\" \/>\n<meta property=\"og:title\" content=\"Dreamy Cup Corsage Dress\" \/>\n<meta property=\"og:description\" content=\"Das Dreamy Cup Corsage Dress vereint elegante, \u00e4rmellose Corsage mit Spitzenbesatz und m\u00e4rchenhaftem T\u00fcllrock f\u00fcr einen verspielt-romantischen Look. Made in Germany.\" \/>\n<meta property=\"og:url\" content=\"https:\/\/www.kaviargauche.com\/de\/produkt\/dreamy-cup-corsage-dress\/\" \/>\n<meta property=\"og:site_name\" content=\"Kaviar Gauche\" \/>\n<meta property=\"article:publisher\" content=\"https:\/\/www.facebook.com\/kaviargauche\" \/>\n<meta property=\"article:modified_time\" content=\"2025-08-18T10:13:29+00:00\" \/>\n<meta property=\"og:image\" content=\"https:\/\/www.kaviargauche.com\/wp-content\/uploads\/KaviarGauche_BridalCouture_OverTheMoon_BC24_Dreamy_Cup_Corsage_Dress_VeilXL_1-edited-1.jpg\" \/>\n\t<meta property=\"og:image:width\" content=\"1123\" \/>\n\t<meta property=\"og:image:height\" content=\"1684\" \/>\n\t<meta property=\"og:image:type\" content=\"image\/jpeg\" \/>\n<meta name=\"twitter:card\" content=\"summary_large_image\" \/>\n<meta name=\"twitter:label1\" content=\"Gesch\u00e4tzte Lesezeit\" \/>\n\t<meta name=\"twitter:data1\" content=\"1\u00a0Minute\" \/>\n<script type=\"application\/ld+json\" class=\"yoast-schema-graph\">{\"@context\":\"https:\\\/\\\/schema.org\",\"@graph\":[{\"@type\":\"WebPage\",\"@id\":\"https:\\\/\\\/www.kaviargauche.com\\\/de\\\/produkt\\\/dreamy-cup-corsage-dress\\\/\",\"url\":\"https:\\\/\\\/www.kaviargauche.com\\\/de\\\/produkt\\\/dreamy-cup-corsage-dress\\\/\",\"name\":\"Dreamy Cup Corsage Dress - Kaviar Gauche\",\"isPartOf\":{\"@id\":\"https:\\\/\\\/www.kaviargauche.com\\\/de\\\/#website\"},\"primaryImageOfPage\":{\"@id\":\"https:\\\/\\\/www.kaviargauche.com\\\/de\\\/produkt\\\/dreamy-cup-corsage-dress\\\/#primaryimage\"},\"image\":{\"@id\":\"https:\\\/\\\/www.kaviargauche.com\\\/de\\\/produkt\\\/dreamy-cup-corsage-dress\\\/#primaryimage\"},\"thumbnailUrl\":\"https:\\\/\\\/www.kaviargauche.com\\\/wp-content\\\/uploads\\\/KaviarGauche_BridalCouture_OverTheMoon_BC24_Dreamy_Cup_Corsage_Dress_VeilXL_1-edited-1.jpg\",\"datePublished\":\"2023-09-05T07:51:49+00:00\",\"dateModified\":\"2025-08-18T10:13:29+00:00\",\"description\":\"Das Dreamy Cup Corsage Dress vereint elegante, \u00e4rmellose Corsage mit Spitzenbesatz und m\u00e4rchenhaftem T\u00fcllrock f\u00fcr einen verspielt-romantischen Look. Made in Germany.\",\"breadcrumb\":{\"@id\":\"https:\\\/\\\/www.kaviargauche.com\\\/de\\\/produkt\\\/dreamy-cup-corsage-dress\\\/#breadcrumb\"},\"inLanguage\":\"de\",\"potentialAction\":[{\"@type\":\"ReadAction\",\"target\":[\"https:\\\/\\\/www.kaviargauche.com\\\/de\\\/produkt\\\/dreamy-cup-corsage-dress\\\/\"]}]},{\"@type\":\"ImageObject\",\"inLanguage\":\"de\",\"@id\":\"https:\\\/\\\/www.kaviargauche.com\\\/de\\\/produkt\\\/dreamy-cup-corsage-dress\\\/#primaryimage\",\"url\":\"https:\\\/\\\/www.kaviargauche.com\\\/wp-content\\\/uploads\\\/KaviarGauche_BridalCouture_OverTheMoon_BC24_Dreamy_Cup_Corsage_Dress_VeilXL_1-edited-1.jpg\",\"contentUrl\":\"https:\\\/\\\/www.kaviargauche.com\\\/wp-content\\\/uploads\\\/KaviarGauche_BridalCouture_OverTheMoon_BC24_Dreamy_Cup_Corsage_Dress_VeilXL_1-edited-1.jpg\",\"width\":1123,\"height\":1684},{\"@type\":\"BreadcrumbList\",\"@id\":\"https:\\\/\\\/www.kaviargauche.com\\\/de\\\/produkt\\\/dreamy-cup-corsage-dress\\\/#breadcrumb\",\"itemListElement\":[{\"@type\":\"ListItem\",\"position\":1,\"name\":\"Home\",\"item\":\"https:\\\/\\\/www.kaviargauche.com\\\/de\\\/\"},{\"@type\":\"ListItem\",\"position\":2,\"name\":\"Shop\",\"item\":\"https:\\\/\\\/www.kaviargauche.com\\\/de\\\/shop-2\\\/\"},{\"@type\":\"ListItem\",\"position\":3,\"name\":\"Dreamy Cup Corsage Dress\"}]},{\"@type\":\"WebSite\",\"@id\":\"https:\\\/\\\/www.kaviargauche.com\\\/de\\\/#website\",\"url\":\"https:\\\/\\\/www.kaviargauche.com\\\/de\\\/\",\"name\":\"Kaviar Gauche\",\"description\":\"Bridal Couture\",\"publisher\":{\"@id\":\"https:\\\/\\\/www.kaviargauche.com\\\/de\\\/#organization\"},\"potentialAction\":[{\"@type\":\"SearchAction\",\"target\":{\"@type\":\"EntryPoint\",\"urlTemplate\":\"https:\\\/\\\/www.kaviargauche.com\\\/de\\\/?s={search_term_string}\"},\"query-input\":{\"@type\":\"PropertyValueSpecification\",\"valueRequired\":true,\"valueName\":\"search_term_string\"}}],\"inLanguage\":\"de\"},{\"@type\":\"Organization\",\"@id\":\"https:\\\/\\\/www.kaviargauche.com\\\/de\\\/#organization\",\"name\":\"KAVIAR GAUCHE\",\"url\":\"https:\\\/\\\/www.kaviargauche.com\\\/de\\\/\",\"logo\":{\"@type\":\"ImageObject\",\"inLanguage\":\"de\",\"@id\":\"https:\\\/\\\/www.kaviargauche.com\\\/de\\\/#\\\/schema\\\/logo\\\/image\\\/\",\"url\":\"https:\\\/\\\/www.kaviargauche.com\\\/wp-content\\\/uploads\\\/kaviar-gauche.png\",\"contentUrl\":\"https:\\\/\\\/www.kaviargauche.com\\\/wp-content\\\/uploads\\\/kaviar-gauche.png\",\"width\":512,\"height\":512,\"caption\":\"KAVIAR GAUCHE\"},\"image\":{\"@id\":\"https:\\\/\\\/www.kaviargauche.com\\\/de\\\/#\\\/schema\\\/logo\\\/image\\\/\"},\"sameAs\":[\"https:\\\/\\\/www.facebook.com\\\/kaviargauche\",\"https:\\\/\\\/www.pinterest.de\\\/KaviarGaucheOfficial\\\/\",\"https:\\\/\\\/www.instagram.com\\\/kaviargauche_official\"]}]}<\/script>\n<!-- \/ Yoast SEO Premium plugin. -->","yoast_head_json":{"title":"Dreamy Cup Corsage Dress - Kaviar Gauche","description":"Das Dreamy Cup Corsage Dress vereint elegante, \u00e4rmellose Corsage mit Spitzenbesatz und m\u00e4rchenhaftem T\u00fcllrock f\u00fcr einen verspielt-romantischen Look. Made in Germany.","robots":{"index":"index","follow":"follow","max-snippet":"max-snippet:-1","max-image-preview":"max-image-preview:large","max-video-preview":"max-video-preview:-1"},"canonical":"https:\/\/www.kaviargauche.com\/de\/produkt\/dreamy-cup-corsage-dress\/","og_locale":"de_DE","og_type":"article","og_title":"Dreamy Cup Corsage Dress","og_description":"Das Dreamy Cup Corsage Dress vereint elegante, \u00e4rmellose Corsage mit Spitzenbesatz und m\u00e4rchenhaftem T\u00fcllrock f\u00fcr einen verspielt-romantischen Look. Made in Germany.","og_url":"https:\/\/www.kaviargauche.com\/de\/produkt\/dreamy-cup-corsage-dress\/","og_site_name":"Kaviar Gauche","article_publisher":"https:\/\/www.facebook.com\/kaviargauche","article_modified_time":"2025-08-18T10:13:29+00:00","og_image":[{"width":1123,"height":1684,"url":"https:\/\/www.kaviargauche.com\/wp-content\/uploads\/KaviarGauche_BridalCouture_OverTheMoon_BC24_Dreamy_Cup_Corsage_Dress_VeilXL_1-edited-1.jpg","type":"image\/jpeg"}],"twitter_card":"summary_large_image","twitter_misc":{"Gesch\u00e4tzte Lesezeit":"1\u00a0Minute"},"schema":{"@context":"https:\/\/schema.org","@graph":[{"@type":"WebPage","@id":"https:\/\/www.kaviargauche.com\/de\/produkt\/dreamy-cup-corsage-dress\/","url":"https:\/\/www.kaviargauche.com\/de\/produkt\/dreamy-cup-corsage-dress\/","name":"Dreamy Cup Corsage Dress - Kaviar Gauche","isPartOf":{"@id":"https:\/\/www.kaviargauche.com\/de\/#website"},"primaryImageOfPage":{"@id":"https:\/\/www.kaviargauche.com\/de\/produkt\/dreamy-cup-corsage-dress\/#primaryimage"},"image":{"@id":"https:\/\/www.kaviargauche.com\/de\/produkt\/dreamy-cup-corsage-dress\/#primaryimage"},"thumbnailUrl":"https:\/\/www.kaviargauche.com\/wp-content\/uploads\/KaviarGauche_BridalCouture_OverTheMoon_BC24_Dreamy_Cup_Corsage_Dress_VeilXL_1-edited-1.jpg","datePublished":"2023-09-05T07:51:49+00:00","dateModified":"2025-08-18T10:13:29+00:00","description":"Das Dreamy Cup Corsage Dress vereint elegante, \u00e4rmellose Corsage mit Spitzenbesatz und m\u00e4rchenhaftem T\u00fcllrock f\u00fcr einen verspielt-romantischen Look. Made in Germany.","breadcrumb":{"@id":"https:\/\/www.kaviargauche.com\/de\/produkt\/dreamy-cup-corsage-dress\/#breadcrumb"},"inLanguage":"de","potentialAction":[{"@type":"ReadAction","target":["https:\/\/www.kaviargauche.com\/de\/produkt\/dreamy-cup-corsage-dress\/"]}]},{"@type":"ImageObject","inLanguage":"de","@id":"https:\/\/www.kaviargauche.com\/de\/produkt\/dreamy-cup-corsage-dress\/#primaryimage","url":"https:\/\/www.kaviargauche.com\/wp-content\/uploads\/KaviarGauche_BridalCouture_OverTheMoon_BC24_Dreamy_Cup_Corsage_Dress_VeilXL_1-edited-1.jpg","contentUrl":"https:\/\/www.kaviargauche.com\/wp-content\/uploads\/KaviarGauche_BridalCouture_OverTheMoon_BC24_Dreamy_Cup_Corsage_Dress_VeilXL_1-edited-1.jpg","width":1123,"height":1684},{"@type":"BreadcrumbList","@id":"https:\/\/www.kaviargauche.com\/de\/produkt\/dreamy-cup-corsage-dress\/#breadcrumb","itemListElement":[{"@type":"ListItem","position":1,"name":"Home","item":"https:\/\/www.kaviargauche.com\/de\/"},{"@type":"ListItem","position":2,"name":"Shop","item":"https:\/\/www.kaviargauche.com\/de\/shop-2\/"},{"@type":"ListItem","position":3,"name":"Dreamy Cup Corsage Dress"}]},{"@type":"WebSite","@id":"https:\/\/www.kaviargauche.com\/de\/#website","url":"https:\/\/www.kaviargauche.com\/de\/","name":"Kaviar Gauche","description":"Bridal Couture","publisher":{"@id":"https:\/\/www.kaviargauche.com\/de\/#organization"},"potentialAction":[{"@type":"SearchAction","target":{"@type":"EntryPoint","urlTemplate":"https:\/\/www.kaviargauche.com\/de\/?s={search_term_string}"},"query-input":{"@type":"PropertyValueSpecification","valueRequired":true,"valueName":"search_term_string"}}],"inLanguage":"de"},{"@type":"Organization","@id":"https:\/\/www.kaviargauche.com\/de\/#organization","name":"KAVIAR GAUCHE","url":"https:\/\/www.kaviargauche.com\/de\/","logo":{"@type":"ImageObject","inLanguage":"de","@id":"https:\/\/www.kaviargauche.com\/de\/#\/schema\/logo\/image\/","url":"https:\/\/www.kaviargauche.com\/wp-content\/uploads\/kaviar-gauche.png","contentUrl":"https:\/\/www.kaviargauche.com\/wp-content\/uploads\/kaviar-gauche.png","width":512,"height":512,"caption":"KAVIAR GAUCHE"},"image":{"@id":"https:\/\/www.kaviargauche.com\/de\/#\/schema\/logo\/image\/"},"sameAs":["https:\/\/www.facebook.com\/kaviargauche","https:\/\/www.pinterest.de\/KaviarGaucheOfficial\/","https:\/\/www.instagram.com\/kaviargauche_official"]}]}},"jetpack_sharing_enabled":true,"_links":{"self":[{"href":"https:\/\/www.kaviargauche.com\/de\/wp-json\/wp\/v2\/product\/16527","targetHints":{"allow":["GET"]}}],"collection":[{"href":"https:\/\/www.kaviargauche.com\/de\/wp-json\/wp\/v2\/product"}],"about":[{"href":"https:\/\/www.kaviargauche.com\/de\/wp-json\/wp\/v2\/types\/product"}],"wp:featuredmedia":[{"embeddable":true,"href":"https:\/\/www.kaviargauche.com\/de\/wp-json\/wp\/v2\/media\/17765"}],"wp:attachment":[{"href":"https:\/\/www.kaviargauche.com\/de\/wp-json\/wp\/v2\/media?parent=16527"}],"wp:term":[{"taxonomy":"product_brand","embeddable":true,"href":"https:\/\/www.kaviargauche.com\/de\/wp-json\/wp\/v2\/product_brand?post=16527"},{"taxonomy":"product_cat","embeddable":true,"href":"https:\/\/www.kaviargauche.com\/de\/wp-json\/wp\/v2\/product_cat?post=16527"},{"taxonomy":"product_tag","embeddable":true,"href":"https:\/\/www.kaviargauche.com\/de\/wp-json\/wp\/v2\/product_tag?post=16527"}],"curies":[{"name":"wp","href":"https:\/\/api.w.org\/{rel}","templated":true}]}}