
{"id":16647,"date":"2023-09-05T09:10:25","date_gmt":"2023-09-05T09:10:25","guid":{"rendered":"https:\/\/www.kaviargauche.com\/?post_type=product&#038;p=16647"},"modified":"2025-04-14T14:40:42","modified_gmt":"2025-04-14T12:40:42","slug":"emi-dress","status":"publish","type":"product","link":"https:\/\/www.kaviargauche.com\/de\/produkt\/emi-dress\/","title":{"rendered":"Emi Dress"},"content":{"rendered":"<div>Das Emi-Dress-Hochzeitskleid hat einen eleganten, hohen Ausschnitt, w\u00e4hrend der hohe Schlitz f\u00fcr einen Hauch von Drama sorgt. Die gekreuzten Spaghettitr\u00e4ger betonen den offenen R\u00fccken mit einem tiefen Wasserfalldesign, das aus jedem Blickwinkel einen bleibenden Eindruck hinterl\u00e4sst. In Kombination mit unserem <a href=\"https:\/\/www.kaviargauche.com\/de\/produkt\/cannes-cape\/\">Cannes-Cape<\/a> trifft minimalistische Anmut auf fesselnden Charme. Dieses Kleid eignet sich auch hervorragend als Partykleid.<\/div>\n<div><\/div>\n<div><\/div>\n<div>Oberstoff: 82% Triacetat, 18% Polyester<br \/>\nFutter: 100% Polyester<\/div>\n<div><\/div>\n<div><\/div>\n<div>MADE WITH LOVE IN GERMANY<\/div>\n","protected":false},"excerpt":{"rendered":"<p>Elegantes drapiertes Neckholder-Kleid<\/p>\n","protected":false},"featured_media":17296,"template":"","meta":{"_acf_changed":false},"product_brand":[],"product_cat":[473,977,552,472,474,601,543,862,471,602,475,486],"product_tag":[],"class_list":{"0":"post-16647","1":"product","2":"type-product","3":"status-publish","4":"has-post-thumbnail","6":"product_cat-brautkleider","7":"product_cat-celebrate-love","8":"product_cat-glamouroes-de","9":"product_cat-kleider","10":"product_cat-lange-kleider","11":"product_cat-minimalistisch-de","12":"product_cat-modern-classic-de","13":"product_cat-over-the-moon","14":"product_cat-ready-to-marry-de","15":"product_cat-romantisch","16":"product_cat-standesamt","17":"product_cat-partydresses","19":"first","20":"instock","21":"taxable","22":"shipping-taxable","23":"purchasable","24":"product-type-variable","25":"has-default-attributes","26":"wvs-archive-product-wrapper"},"acf":[],"yoast_head":"<!-- This site is optimized with the Yoast SEO Premium plugin v26.3 (Yoast SEO v27.3) - https:\/\/yoast.com\/product\/yoast-seo-premium-wordpress\/ -->\n<title>Emi Dress - Kaviar Gauche<\/title>\n<meta name=\"description\" content=\"Emi-Dress-Hochzeitskleid mit hohem Ausschnitt, Schlitz und tiefem Wasserfall-R\u00fccken \u2013 minimalistisch elegant, mit Cannes-Cape auch als Partykleid perfekt.\" \/>\n<meta name=\"robots\" content=\"index, follow, max-snippet:-1, max-image-preview:large, max-video-preview:-1\" \/>\n<link rel=\"canonical\" href=\"https:\/\/www.kaviargauche.com\/de\/produkt\/emi-dress\/\" \/>\n<meta property=\"og:locale\" content=\"de_DE\" \/>\n<meta property=\"og:type\" content=\"article\" \/>\n<meta property=\"og:title\" content=\"Emi Dress\" \/>\n<meta property=\"og:description\" content=\"Emi-Dress-Hochzeitskleid mit hohem Ausschnitt, Schlitz und tiefem Wasserfall-R\u00fccken \u2013 minimalistisch elegant, mit Cannes-Cape auch als Partykleid perfekt.\" \/>\n<meta property=\"og:url\" content=\"https:\/\/www.kaviargauche.com\/de\/produkt\/emi-dress\/\" \/>\n<meta property=\"og:site_name\" content=\"Kaviar Gauche\" \/>\n<meta property=\"article:publisher\" content=\"https:\/\/www.facebook.com\/kaviargauche\" \/>\n<meta property=\"article:modified_time\" content=\"2025-04-14T12:40:42+00:00\" \/>\n<meta property=\"og:image\" content=\"https:\/\/www.kaviargauche.com\/wp-content\/uploads\/KaviarGauche_BridalCouture_OverTheMoon_BC24_Cannes_Dress_Cannes_Cape_3_c.jpg\" \/>\n\t<meta property=\"og:image:width\" content=\"1280\" \/>\n\t<meta property=\"og:image:height\" content=\"1920\" \/>\n\t<meta property=\"og:image:type\" content=\"image\/jpeg\" \/>\n<meta name=\"twitter:card\" content=\"summary_large_image\" \/>\n<meta name=\"twitter:label1\" content=\"Gesch\u00e4tzte Lesezeit\" \/>\n\t<meta name=\"twitter:data1\" content=\"1\u00a0Minute\" \/>\n<script type=\"application\/ld+json\" class=\"yoast-schema-graph\">{\"@context\":\"https:\\\/\\\/schema.org\",\"@graph\":[{\"@type\":\"WebPage\",\"@id\":\"https:\\\/\\\/www.kaviargauche.com\\\/de\\\/produkt\\\/emi-dress\\\/\",\"url\":\"https:\\\/\\\/www.kaviargauche.com\\\/de\\\/produkt\\\/emi-dress\\\/\",\"name\":\"Emi Dress - Kaviar Gauche\",\"isPartOf\":{\"@id\":\"https:\\\/\\\/www.kaviargauche.com\\\/de\\\/#website\"},\"primaryImageOfPage\":{\"@id\":\"https:\\\/\\\/www.kaviargauche.com\\\/de\\\/produkt\\\/emi-dress\\\/#primaryimage\"},\"image\":{\"@id\":\"https:\\\/\\\/www.kaviargauche.com\\\/de\\\/produkt\\\/emi-dress\\\/#primaryimage\"},\"thumbnailUrl\":\"https:\\\/\\\/www.kaviargauche.com\\\/wp-content\\\/uploads\\\/KaviarGauche_BridalCouture_OverTheMoon_BC24_Cannes_Dress_Cannes_Cape_3_c.jpg\",\"datePublished\":\"2023-09-05T09:10:25+00:00\",\"dateModified\":\"2025-04-14T12:40:42+00:00\",\"description\":\"Emi-Dress-Hochzeitskleid mit hohem Ausschnitt, Schlitz und tiefem Wasserfall-R\u00fccken \u2013 minimalistisch elegant, mit Cannes-Cape auch als Partykleid perfekt.\",\"breadcrumb\":{\"@id\":\"https:\\\/\\\/www.kaviargauche.com\\\/de\\\/produkt\\\/emi-dress\\\/#breadcrumb\"},\"inLanguage\":\"de\",\"potentialAction\":[{\"@type\":\"ReadAction\",\"target\":[\"https:\\\/\\\/www.kaviargauche.com\\\/de\\\/produkt\\\/emi-dress\\\/\"]}]},{\"@type\":\"ImageObject\",\"inLanguage\":\"de\",\"@id\":\"https:\\\/\\\/www.kaviargauche.com\\\/de\\\/produkt\\\/emi-dress\\\/#primaryimage\",\"url\":\"https:\\\/\\\/www.kaviargauche.com\\\/wp-content\\\/uploads\\\/KaviarGauche_BridalCouture_OverTheMoon_BC24_Cannes_Dress_Cannes_Cape_3_c.jpg\",\"contentUrl\":\"https:\\\/\\\/www.kaviargauche.com\\\/wp-content\\\/uploads\\\/KaviarGauche_BridalCouture_OverTheMoon_BC24_Cannes_Dress_Cannes_Cape_3_c.jpg\",\"width\":1280,\"height\":1920,\"caption\":\"Kaviar Gauche Bridal Dress\"},{\"@type\":\"BreadcrumbList\",\"@id\":\"https:\\\/\\\/www.kaviargauche.com\\\/de\\\/produkt\\\/emi-dress\\\/#breadcrumb\",\"itemListElement\":[{\"@type\":\"ListItem\",\"position\":1,\"name\":\"Home\",\"item\":\"https:\\\/\\\/www.kaviargauche.com\\\/de\\\/\"},{\"@type\":\"ListItem\",\"position\":2,\"name\":\"Shop\",\"item\":\"https:\\\/\\\/www.kaviargauche.com\\\/de\\\/shop-2\\\/\"},{\"@type\":\"ListItem\",\"position\":3,\"name\":\"Emi Dress\"}]},{\"@type\":\"WebSite\",\"@id\":\"https:\\\/\\\/www.kaviargauche.com\\\/de\\\/#website\",\"url\":\"https:\\\/\\\/www.kaviargauche.com\\\/de\\\/\",\"name\":\"Kaviar Gauche\",\"description\":\"Bridal Couture\",\"publisher\":{\"@id\":\"https:\\\/\\\/www.kaviargauche.com\\\/de\\\/#organization\"},\"potentialAction\":[{\"@type\":\"SearchAction\",\"target\":{\"@type\":\"EntryPoint\",\"urlTemplate\":\"https:\\\/\\\/www.kaviargauche.com\\\/de\\\/?s={search_term_string}\"},\"query-input\":{\"@type\":\"PropertyValueSpecification\",\"valueRequired\":true,\"valueName\":\"search_term_string\"}}],\"inLanguage\":\"de\"},{\"@type\":\"Organization\",\"@id\":\"https:\\\/\\\/www.kaviargauche.com\\\/de\\\/#organization\",\"name\":\"KAVIAR GAUCHE\",\"url\":\"https:\\\/\\\/www.kaviargauche.com\\\/de\\\/\",\"logo\":{\"@type\":\"ImageObject\",\"inLanguage\":\"de\",\"@id\":\"https:\\\/\\\/www.kaviargauche.com\\\/de\\\/#\\\/schema\\\/logo\\\/image\\\/\",\"url\":\"https:\\\/\\\/www.kaviargauche.com\\\/wp-content\\\/uploads\\\/kaviar-gauche.png\",\"contentUrl\":\"https:\\\/\\\/www.kaviargauche.com\\\/wp-content\\\/uploads\\\/kaviar-gauche.png\",\"width\":512,\"height\":512,\"caption\":\"KAVIAR GAUCHE\"},\"image\":{\"@id\":\"https:\\\/\\\/www.kaviargauche.com\\\/de\\\/#\\\/schema\\\/logo\\\/image\\\/\"},\"sameAs\":[\"https:\\\/\\\/www.facebook.com\\\/kaviargauche\",\"https:\\\/\\\/www.pinterest.de\\\/KaviarGaucheOfficial\\\/\",\"https:\\\/\\\/www.instagram.com\\\/kaviargauche_official\"]}]}<\/script>\n<!-- \/ Yoast SEO Premium plugin. -->","yoast_head_json":{"title":"Emi Dress - Kaviar Gauche","description":"Emi-Dress-Hochzeitskleid mit hohem Ausschnitt, Schlitz und tiefem Wasserfall-R\u00fccken \u2013 minimalistisch elegant, mit Cannes-Cape auch als Partykleid perfekt.","robots":{"index":"index","follow":"follow","max-snippet":"max-snippet:-1","max-image-preview":"max-image-preview:large","max-video-preview":"max-video-preview:-1"},"canonical":"https:\/\/www.kaviargauche.com\/de\/produkt\/emi-dress\/","og_locale":"de_DE","og_type":"article","og_title":"Emi Dress","og_description":"Emi-Dress-Hochzeitskleid mit hohem Ausschnitt, Schlitz und tiefem Wasserfall-R\u00fccken \u2013 minimalistisch elegant, mit Cannes-Cape auch als Partykleid perfekt.","og_url":"https:\/\/www.kaviargauche.com\/de\/produkt\/emi-dress\/","og_site_name":"Kaviar Gauche","article_publisher":"https:\/\/www.facebook.com\/kaviargauche","article_modified_time":"2025-04-14T12:40:42+00:00","og_image":[{"width":1280,"height":1920,"url":"https:\/\/www.kaviargauche.com\/wp-content\/uploads\/KaviarGauche_BridalCouture_OverTheMoon_BC24_Cannes_Dress_Cannes_Cape_3_c.jpg","type":"image\/jpeg"}],"twitter_card":"summary_large_image","twitter_misc":{"Gesch\u00e4tzte Lesezeit":"1\u00a0Minute"},"schema":{"@context":"https:\/\/schema.org","@graph":[{"@type":"WebPage","@id":"https:\/\/www.kaviargauche.com\/de\/produkt\/emi-dress\/","url":"https:\/\/www.kaviargauche.com\/de\/produkt\/emi-dress\/","name":"Emi Dress - Kaviar Gauche","isPartOf":{"@id":"https:\/\/www.kaviargauche.com\/de\/#website"},"primaryImageOfPage":{"@id":"https:\/\/www.kaviargauche.com\/de\/produkt\/emi-dress\/#primaryimage"},"image":{"@id":"https:\/\/www.kaviargauche.com\/de\/produkt\/emi-dress\/#primaryimage"},"thumbnailUrl":"https:\/\/www.kaviargauche.com\/wp-content\/uploads\/KaviarGauche_BridalCouture_OverTheMoon_BC24_Cannes_Dress_Cannes_Cape_3_c.jpg","datePublished":"2023-09-05T09:10:25+00:00","dateModified":"2025-04-14T12:40:42+00:00","description":"Emi-Dress-Hochzeitskleid mit hohem Ausschnitt, Schlitz und tiefem Wasserfall-R\u00fccken \u2013 minimalistisch elegant, mit Cannes-Cape auch als Partykleid perfekt.","breadcrumb":{"@id":"https:\/\/www.kaviargauche.com\/de\/produkt\/emi-dress\/#breadcrumb"},"inLanguage":"de","potentialAction":[{"@type":"ReadAction","target":["https:\/\/www.kaviargauche.com\/de\/produkt\/emi-dress\/"]}]},{"@type":"ImageObject","inLanguage":"de","@id":"https:\/\/www.kaviargauche.com\/de\/produkt\/emi-dress\/#primaryimage","url":"https:\/\/www.kaviargauche.com\/wp-content\/uploads\/KaviarGauche_BridalCouture_OverTheMoon_BC24_Cannes_Dress_Cannes_Cape_3_c.jpg","contentUrl":"https:\/\/www.kaviargauche.com\/wp-content\/uploads\/KaviarGauche_BridalCouture_OverTheMoon_BC24_Cannes_Dress_Cannes_Cape_3_c.jpg","width":1280,"height":1920,"caption":"Kaviar Gauche Bridal Dress"},{"@type":"BreadcrumbList","@id":"https:\/\/www.kaviargauche.com\/de\/produkt\/emi-dress\/#breadcrumb","itemListElement":[{"@type":"ListItem","position":1,"name":"Home","item":"https:\/\/www.kaviargauche.com\/de\/"},{"@type":"ListItem","position":2,"name":"Shop","item":"https:\/\/www.kaviargauche.com\/de\/shop-2\/"},{"@type":"ListItem","position":3,"name":"Emi Dress"}]},{"@type":"WebSite","@id":"https:\/\/www.kaviargauche.com\/de\/#website","url":"https:\/\/www.kaviargauche.com\/de\/","name":"Kaviar Gauche","description":"Bridal Couture","publisher":{"@id":"https:\/\/www.kaviargauche.com\/de\/#organization"},"potentialAction":[{"@type":"SearchAction","target":{"@type":"EntryPoint","urlTemplate":"https:\/\/www.kaviargauche.com\/de\/?s={search_term_string}"},"query-input":{"@type":"PropertyValueSpecification","valueRequired":true,"valueName":"search_term_string"}}],"inLanguage":"de"},{"@type":"Organization","@id":"https:\/\/www.kaviargauche.com\/de\/#organization","name":"KAVIAR GAUCHE","url":"https:\/\/www.kaviargauche.com\/de\/","logo":{"@type":"ImageObject","inLanguage":"de","@id":"https:\/\/www.kaviargauche.com\/de\/#\/schema\/logo\/image\/","url":"https:\/\/www.kaviargauche.com\/wp-content\/uploads\/kaviar-gauche.png","contentUrl":"https:\/\/www.kaviargauche.com\/wp-content\/uploads\/kaviar-gauche.png","width":512,"height":512,"caption":"KAVIAR GAUCHE"},"image":{"@id":"https:\/\/www.kaviargauche.com\/de\/#\/schema\/logo\/image\/"},"sameAs":["https:\/\/www.facebook.com\/kaviargauche","https:\/\/www.pinterest.de\/KaviarGaucheOfficial\/","https:\/\/www.instagram.com\/kaviargauche_official"]}]}},"jetpack_sharing_enabled":true,"_links":{"self":[{"href":"https:\/\/www.kaviargauche.com\/de\/wp-json\/wp\/v2\/product\/16647","targetHints":{"allow":["GET"]}}],"collection":[{"href":"https:\/\/www.kaviargauche.com\/de\/wp-json\/wp\/v2\/product"}],"about":[{"href":"https:\/\/www.kaviargauche.com\/de\/wp-json\/wp\/v2\/types\/product"}],"wp:featuredmedia":[{"embeddable":true,"href":"https:\/\/www.kaviargauche.com\/de\/wp-json\/wp\/v2\/media\/17296"}],"wp:attachment":[{"href":"https:\/\/www.kaviargauche.com\/de\/wp-json\/wp\/v2\/media?parent=16647"}],"wp:term":[{"taxonomy":"product_brand","embeddable":true,"href":"https:\/\/www.kaviargauche.com\/de\/wp-json\/wp\/v2\/product_brand?post=16647"},{"taxonomy":"product_cat","embeddable":true,"href":"https:\/\/www.kaviargauche.com\/de\/wp-json\/wp\/v2\/product_cat?post=16647"},{"taxonomy":"product_tag","embeddable":true,"href":"https:\/\/www.kaviargauche.com\/de\/wp-json\/wp\/v2\/product_tag?post=16647"}],"curies":[{"name":"wp","href":"https:\/\/api.w.org\/{rel}","templated":true}]}}