
{"id":18117,"date":"2023-10-31T10:38:59","date_gmt":"2023-10-31T10:38:59","guid":{"rendered":"https:\/\/www.kaviargauche.com\/?post_type=product&#038;p=18117"},"modified":"2025-07-14T15:43:28","modified_gmt":"2025-07-14T13:43:28","slug":"infinity-skirt","status":"publish","type":"product","link":"https:\/\/www.kaviargauche.com\/de\/produkt\/infinity-skirt\/","title":{"rendered":"Infinity Skirt"},"content":{"rendered":"<p>Der feminine Brautrock mit Schleppe strahlt moderne Eleganz aus und sorgt f\u00fcr einen atemberaubenden Brautlook, der schlicht und doch raffiniert ist. Seine moderne Silhouette fasziniert und unterstreicht die Sch\u00f6nheit der Braut, w\u00e4hrend die Schleppe ihr eine anmutige Dimension verleiht. Ein perfekter Ausdruck zeitloser Eleganz f\u00fcr die moderne Braut.<\/p>\n<p>&#8211; Oberstoff: 57 % Polyester, 43 % Seide<br \/>\n&#8211; Zwischenlage: 100 % Polyamid<br \/>\n&#8211; Futter: 82 % Acetat, 18 % Seide<\/p>\n<p>MADE WITH LOVE IN GERMANY<\/p>\n","protected":false},"excerpt":{"rendered":"<p>Femininer Brautrock in A-Linie mit Schleppe<\/p>\n","protected":false},"featured_media":18143,"template":"","meta":{"_acf_changed":false},"product_brand":[],"product_cat":[460,674,862,471,524],"product_tag":[],"class_list":{"0":"post-18117","1":"product","2":"type-product","3":"status-publish","4":"has-post-thumbnail","6":"product_cat-bekleidung","7":"product_cat-modern-infinity-de","8":"product_cat-over-the-moon","9":"product_cat-ready-to-marry-de","10":"product_cat-roecke","12":"first","13":"instock","14":"taxable","15":"shipping-taxable","16":"purchasable","17":"product-type-variable","18":"has-default-attributes","19":"wvs-archive-product-wrapper"},"acf":[],"yoast_head":"<!-- This site is optimized with the Yoast SEO Premium plugin v26.3 (Yoast SEO v27.3) - https:\/\/yoast.com\/product\/yoast-seo-premium-wordpress\/ -->\n<title>Infinity Skirt - Kaviar Gauche<\/title>\n<meta name=\"description\" content=\"Femininer Brautrock mit Schleppe f\u00fcr moderne Eleganz \u2013 flie\u00dfende Silhouette f\u00fcr einen schlichten und anmutigen Brautlook.\" \/>\n<meta name=\"robots\" content=\"index, follow, max-snippet:-1, max-image-preview:large, max-video-preview:-1\" \/>\n<link rel=\"canonical\" href=\"https:\/\/www.kaviargauche.com\/de\/produkt\/infinity-skirt\/\" \/>\n<meta property=\"og:locale\" content=\"de_DE\" \/>\n<meta property=\"og:type\" content=\"article\" \/>\n<meta property=\"og:title\" content=\"Infinity Skirt\" \/>\n<meta property=\"og:description\" content=\"Femininer Brautrock mit Schleppe f\u00fcr moderne Eleganz \u2013 flie\u00dfende Silhouette f\u00fcr einen schlichten und anmutigen Brautlook.\" \/>\n<meta property=\"og:url\" content=\"https:\/\/www.kaviargauche.com\/de\/produkt\/infinity-skirt\/\" \/>\n<meta property=\"og:site_name\" content=\"Kaviar Gauche\" \/>\n<meta property=\"article:publisher\" content=\"https:\/\/www.facebook.com\/kaviargauche\" \/>\n<meta property=\"article:modified_time\" content=\"2025-07-14T13:43:28+00:00\" \/>\n<meta property=\"og:image\" content=\"https:\/\/www.kaviargauche.com\/wp-content\/uploads\/Infinity-Skirt-scaled.jpeg\" \/>\n\t<meta property=\"og:image:width\" content=\"1709\" \/>\n\t<meta property=\"og:image:height\" content=\"2560\" \/>\n\t<meta property=\"og:image:type\" content=\"image\/jpeg\" \/>\n<meta name=\"twitter:card\" content=\"summary_large_image\" \/>\n<meta name=\"twitter:label1\" content=\"Gesch\u00e4tzte Lesezeit\" \/>\n\t<meta name=\"twitter:data1\" content=\"1\u00a0Minute\" \/>\n<script type=\"application\/ld+json\" class=\"yoast-schema-graph\">{\"@context\":\"https:\\\/\\\/schema.org\",\"@graph\":[{\"@type\":\"WebPage\",\"@id\":\"https:\\\/\\\/www.kaviargauche.com\\\/de\\\/produkt\\\/infinity-skirt\\\/\",\"url\":\"https:\\\/\\\/www.kaviargauche.com\\\/de\\\/produkt\\\/infinity-skirt\\\/\",\"name\":\"Infinity Skirt - Kaviar Gauche\",\"isPartOf\":{\"@id\":\"https:\\\/\\\/www.kaviargauche.com\\\/de\\\/#website\"},\"primaryImageOfPage\":{\"@id\":\"https:\\\/\\\/www.kaviargauche.com\\\/de\\\/produkt\\\/infinity-skirt\\\/#primaryimage\"},\"image\":{\"@id\":\"https:\\\/\\\/www.kaviargauche.com\\\/de\\\/produkt\\\/infinity-skirt\\\/#primaryimage\"},\"thumbnailUrl\":\"https:\\\/\\\/www.kaviargauche.com\\\/wp-content\\\/uploads\\\/Infinity-Skirt-scaled.jpeg\",\"datePublished\":\"2023-10-31T10:38:59+00:00\",\"dateModified\":\"2025-07-14T13:43:28+00:00\",\"description\":\"Femininer Brautrock mit Schleppe f\u00fcr moderne Eleganz \u2013 flie\u00dfende Silhouette f\u00fcr einen schlichten und anmutigen Brautlook.\",\"breadcrumb\":{\"@id\":\"https:\\\/\\\/www.kaviargauche.com\\\/de\\\/produkt\\\/infinity-skirt\\\/#breadcrumb\"},\"inLanguage\":\"de\",\"potentialAction\":[{\"@type\":\"ReadAction\",\"target\":[\"https:\\\/\\\/www.kaviargauche.com\\\/de\\\/produkt\\\/infinity-skirt\\\/\"]}]},{\"@type\":\"ImageObject\",\"inLanguage\":\"de\",\"@id\":\"https:\\\/\\\/www.kaviargauche.com\\\/de\\\/produkt\\\/infinity-skirt\\\/#primaryimage\",\"url\":\"https:\\\/\\\/www.kaviargauche.com\\\/wp-content\\\/uploads\\\/Infinity-Skirt-scaled.jpeg\",\"contentUrl\":\"https:\\\/\\\/www.kaviargauche.com\\\/wp-content\\\/uploads\\\/Infinity-Skirt-scaled.jpeg\",\"width\":1709,\"height\":2560,\"caption\":\"Kaviar Gauche Bridal Dress\"},{\"@type\":\"BreadcrumbList\",\"@id\":\"https:\\\/\\\/www.kaviargauche.com\\\/de\\\/produkt\\\/infinity-skirt\\\/#breadcrumb\",\"itemListElement\":[{\"@type\":\"ListItem\",\"position\":1,\"name\":\"Home\",\"item\":\"https:\\\/\\\/www.kaviargauche.com\\\/de\\\/\"},{\"@type\":\"ListItem\",\"position\":2,\"name\":\"Shop\",\"item\":\"https:\\\/\\\/www.kaviargauche.com\\\/de\\\/shop-2\\\/\"},{\"@type\":\"ListItem\",\"position\":3,\"name\":\"Infinity Skirt\"}]},{\"@type\":\"WebSite\",\"@id\":\"https:\\\/\\\/www.kaviargauche.com\\\/de\\\/#website\",\"url\":\"https:\\\/\\\/www.kaviargauche.com\\\/de\\\/\",\"name\":\"Kaviar Gauche\",\"description\":\"Bridal Couture\",\"publisher\":{\"@id\":\"https:\\\/\\\/www.kaviargauche.com\\\/de\\\/#organization\"},\"potentialAction\":[{\"@type\":\"SearchAction\",\"target\":{\"@type\":\"EntryPoint\",\"urlTemplate\":\"https:\\\/\\\/www.kaviargauche.com\\\/de\\\/?s={search_term_string}\"},\"query-input\":{\"@type\":\"PropertyValueSpecification\",\"valueRequired\":true,\"valueName\":\"search_term_string\"}}],\"inLanguage\":\"de\"},{\"@type\":\"Organization\",\"@id\":\"https:\\\/\\\/www.kaviargauche.com\\\/de\\\/#organization\",\"name\":\"KAVIAR GAUCHE\",\"url\":\"https:\\\/\\\/www.kaviargauche.com\\\/de\\\/\",\"logo\":{\"@type\":\"ImageObject\",\"inLanguage\":\"de\",\"@id\":\"https:\\\/\\\/www.kaviargauche.com\\\/de\\\/#\\\/schema\\\/logo\\\/image\\\/\",\"url\":\"https:\\\/\\\/www.kaviargauche.com\\\/wp-content\\\/uploads\\\/kaviar-gauche.png\",\"contentUrl\":\"https:\\\/\\\/www.kaviargauche.com\\\/wp-content\\\/uploads\\\/kaviar-gauche.png\",\"width\":512,\"height\":512,\"caption\":\"KAVIAR GAUCHE\"},\"image\":{\"@id\":\"https:\\\/\\\/www.kaviargauche.com\\\/de\\\/#\\\/schema\\\/logo\\\/image\\\/\"},\"sameAs\":[\"https:\\\/\\\/www.facebook.com\\\/kaviargauche\",\"https:\\\/\\\/www.pinterest.de\\\/KaviarGaucheOfficial\\\/\",\"https:\\\/\\\/www.instagram.com\\\/kaviargauche_official\"]}]}<\/script>\n<!-- \/ Yoast SEO Premium plugin. -->","yoast_head_json":{"title":"Infinity Skirt - Kaviar Gauche","description":"Femininer Brautrock mit Schleppe f\u00fcr moderne Eleganz \u2013 flie\u00dfende Silhouette f\u00fcr einen schlichten und anmutigen Brautlook.","robots":{"index":"index","follow":"follow","max-snippet":"max-snippet:-1","max-image-preview":"max-image-preview:large","max-video-preview":"max-video-preview:-1"},"canonical":"https:\/\/www.kaviargauche.com\/de\/produkt\/infinity-skirt\/","og_locale":"de_DE","og_type":"article","og_title":"Infinity Skirt","og_description":"Femininer Brautrock mit Schleppe f\u00fcr moderne Eleganz \u2013 flie\u00dfende Silhouette f\u00fcr einen schlichten und anmutigen Brautlook.","og_url":"https:\/\/www.kaviargauche.com\/de\/produkt\/infinity-skirt\/","og_site_name":"Kaviar Gauche","article_publisher":"https:\/\/www.facebook.com\/kaviargauche","article_modified_time":"2025-07-14T13:43:28+00:00","og_image":[{"width":1709,"height":2560,"url":"https:\/\/www.kaviargauche.com\/wp-content\/uploads\/Infinity-Skirt-scaled.jpeg","type":"image\/jpeg"}],"twitter_card":"summary_large_image","twitter_misc":{"Gesch\u00e4tzte Lesezeit":"1\u00a0Minute"},"schema":{"@context":"https:\/\/schema.org","@graph":[{"@type":"WebPage","@id":"https:\/\/www.kaviargauche.com\/de\/produkt\/infinity-skirt\/","url":"https:\/\/www.kaviargauche.com\/de\/produkt\/infinity-skirt\/","name":"Infinity Skirt - Kaviar Gauche","isPartOf":{"@id":"https:\/\/www.kaviargauche.com\/de\/#website"},"primaryImageOfPage":{"@id":"https:\/\/www.kaviargauche.com\/de\/produkt\/infinity-skirt\/#primaryimage"},"image":{"@id":"https:\/\/www.kaviargauche.com\/de\/produkt\/infinity-skirt\/#primaryimage"},"thumbnailUrl":"https:\/\/www.kaviargauche.com\/wp-content\/uploads\/Infinity-Skirt-scaled.jpeg","datePublished":"2023-10-31T10:38:59+00:00","dateModified":"2025-07-14T13:43:28+00:00","description":"Femininer Brautrock mit Schleppe f\u00fcr moderne Eleganz \u2013 flie\u00dfende Silhouette f\u00fcr einen schlichten und anmutigen Brautlook.","breadcrumb":{"@id":"https:\/\/www.kaviargauche.com\/de\/produkt\/infinity-skirt\/#breadcrumb"},"inLanguage":"de","potentialAction":[{"@type":"ReadAction","target":["https:\/\/www.kaviargauche.com\/de\/produkt\/infinity-skirt\/"]}]},{"@type":"ImageObject","inLanguage":"de","@id":"https:\/\/www.kaviargauche.com\/de\/produkt\/infinity-skirt\/#primaryimage","url":"https:\/\/www.kaviargauche.com\/wp-content\/uploads\/Infinity-Skirt-scaled.jpeg","contentUrl":"https:\/\/www.kaviargauche.com\/wp-content\/uploads\/Infinity-Skirt-scaled.jpeg","width":1709,"height":2560,"caption":"Kaviar Gauche Bridal Dress"},{"@type":"BreadcrumbList","@id":"https:\/\/www.kaviargauche.com\/de\/produkt\/infinity-skirt\/#breadcrumb","itemListElement":[{"@type":"ListItem","position":1,"name":"Home","item":"https:\/\/www.kaviargauche.com\/de\/"},{"@type":"ListItem","position":2,"name":"Shop","item":"https:\/\/www.kaviargauche.com\/de\/shop-2\/"},{"@type":"ListItem","position":3,"name":"Infinity Skirt"}]},{"@type":"WebSite","@id":"https:\/\/www.kaviargauche.com\/de\/#website","url":"https:\/\/www.kaviargauche.com\/de\/","name":"Kaviar Gauche","description":"Bridal Couture","publisher":{"@id":"https:\/\/www.kaviargauche.com\/de\/#organization"},"potentialAction":[{"@type":"SearchAction","target":{"@type":"EntryPoint","urlTemplate":"https:\/\/www.kaviargauche.com\/de\/?s={search_term_string}"},"query-input":{"@type":"PropertyValueSpecification","valueRequired":true,"valueName":"search_term_string"}}],"inLanguage":"de"},{"@type":"Organization","@id":"https:\/\/www.kaviargauche.com\/de\/#organization","name":"KAVIAR GAUCHE","url":"https:\/\/www.kaviargauche.com\/de\/","logo":{"@type":"ImageObject","inLanguage":"de","@id":"https:\/\/www.kaviargauche.com\/de\/#\/schema\/logo\/image\/","url":"https:\/\/www.kaviargauche.com\/wp-content\/uploads\/kaviar-gauche.png","contentUrl":"https:\/\/www.kaviargauche.com\/wp-content\/uploads\/kaviar-gauche.png","width":512,"height":512,"caption":"KAVIAR GAUCHE"},"image":{"@id":"https:\/\/www.kaviargauche.com\/de\/#\/schema\/logo\/image\/"},"sameAs":["https:\/\/www.facebook.com\/kaviargauche","https:\/\/www.pinterest.de\/KaviarGaucheOfficial\/","https:\/\/www.instagram.com\/kaviargauche_official"]}]}},"jetpack_sharing_enabled":true,"_links":{"self":[{"href":"https:\/\/www.kaviargauche.com\/de\/wp-json\/wp\/v2\/product\/18117","targetHints":{"allow":["GET"]}}],"collection":[{"href":"https:\/\/www.kaviargauche.com\/de\/wp-json\/wp\/v2\/product"}],"about":[{"href":"https:\/\/www.kaviargauche.com\/de\/wp-json\/wp\/v2\/types\/product"}],"wp:featuredmedia":[{"embeddable":true,"href":"https:\/\/www.kaviargauche.com\/de\/wp-json\/wp\/v2\/media\/18143"}],"wp:attachment":[{"href":"https:\/\/www.kaviargauche.com\/de\/wp-json\/wp\/v2\/media?parent=18117"}],"wp:term":[{"taxonomy":"product_brand","embeddable":true,"href":"https:\/\/www.kaviargauche.com\/de\/wp-json\/wp\/v2\/product_brand?post=18117"},{"taxonomy":"product_cat","embeddable":true,"href":"https:\/\/www.kaviargauche.com\/de\/wp-json\/wp\/v2\/product_cat?post=18117"},{"taxonomy":"product_tag","embeddable":true,"href":"https:\/\/www.kaviargauche.com\/de\/wp-json\/wp\/v2\/product_tag?post=18117"}],"curies":[{"name":"wp","href":"https:\/\/api.w.org\/{rel}","templated":true}]}}