
{"id":2008,"date":"2025-04-10T10:39:56","date_gmt":"2025-04-10T08:39:56","guid":{"rendered":"https:\/\/www.kaviargauche.com\/product\/bouton-blazer-kleid\/"},"modified":"2026-01-25T00:41:30","modified_gmt":"2026-01-24T22:41:30","slug":"bouton-blazer-dress","status":"publish","type":"product","link":"https:\/\/www.kaviargauche.com\/de\/produkt\/bouton-blazer-dress\/","title":{"rendered":"Bouton Blazer Dress"},"content":{"rendered":"<p>Das moderne Blazer Dress ist perfekt f\u00fcr die standesamtliche Trauung und zaubert auch zum Ausgehen einen schicken Look. Der leicht schimmernde Stoff und der taillierte Schnitt lassen den Blazer besonders edel wirken, w\u00e4hrend die Perlmuttkn\u00f6pfe f\u00fcr ein elegantes Outfit sorgen.<\/p>\n<p>&#8211; L\u00e4nge vorne: 82,5cm<br \/>\n&#8211; L\u00e4nge hinten: 86cm<\/p>\n<p>&#8211; Trockenreinigung<br \/>\n&#8211; Obermaterial: 77% Triacetat, 23% Polyester<br \/>\n&#8211; Futter: 100% Viskose<\/p>\n<p>MADE WITH LOVE IN GERMANY<\/p>\n","protected":false},"excerpt":{"rendered":"<p>Tailliertes Blazer Kleid mit Permuttkn\u00f6pfen<\/p>\n","protected":false},"featured_media":7749,"template":"","meta":{"_acf_changed":false},"product_brand":[],"product_cat":[977,489,472,490,870,475,486],"product_tag":[],"class_list":{"0":"post-2008","1":"product","2":"type-product","3":"status-publish","4":"has-post-thumbnail","6":"product_cat-celebrate-love","7":"product_cat-cloud-n9-de","8":"product_cat-kleider","9":"product_cat-kurze-kleider","10":"product_cat-schnelle-lieferung","11":"product_cat-standesamt","12":"product_cat-partydresses","14":"first","15":"instock","16":"taxable","17":"shipping-taxable","18":"purchasable","19":"product-type-variable","20":"has-default-attributes","21":"wvs-archive-product-wrapper"},"acf":[],"yoast_head":"<!-- This site is optimized with the Yoast SEO Premium plugin v26.3 (Yoast SEO v27.3) - https:\/\/yoast.com\/product\/yoast-seo-premium-wordpress\/ -->\n<title>Bouton Blazer Dress - Kaviar Gauche<\/title>\n<meta name=\"description\" content=\"Modernes Blazer Dress mit schimmerndem Stoff, tailliertem Schnitt &amp; edlen Perlmuttkn\u00f6pfen \u2013 perfekt f\u00fcrs Standesamt &amp; stilvolle Abendlooks.\" \/>\n<meta name=\"robots\" content=\"index, follow, max-snippet:-1, max-image-preview:large, max-video-preview:-1\" \/>\n<link rel=\"canonical\" href=\"https:\/\/www.kaviargauche.com\/de\/produkt\/bouton-blazer-dress\/\" \/>\n<meta property=\"og:locale\" content=\"de_DE\" \/>\n<meta property=\"og:type\" content=\"article\" \/>\n<meta property=\"og:title\" content=\"Bouton Blazer Dress\" \/>\n<meta property=\"og:description\" content=\"Modernes Blazer Dress mit schimmerndem Stoff, tailliertem Schnitt &amp; edlen Perlmuttkn\u00f6pfen \u2013 perfekt f\u00fcrs Standesamt &amp; stilvolle Abendlooks.\" \/>\n<meta property=\"og:url\" content=\"https:\/\/www.kaviargauche.com\/de\/produkt\/bouton-blazer-dress\/\" \/>\n<meta property=\"og:site_name\" content=\"Kaviar Gauche\" \/>\n<meta property=\"article:publisher\" content=\"https:\/\/www.facebook.com\/kaviargauche\" \/>\n<meta property=\"article:modified_time\" content=\"2026-01-24T22:41:30+00:00\" \/>\n<meta property=\"og:image\" content=\"https:\/\/www.kaviargauche.com\/wp-content\/uploads\/BoutonBlazerDressfront_OSnew.jpg\" \/>\n\t<meta property=\"og:image:width\" content=\"922\" \/>\n\t<meta property=\"og:image:height\" content=\"1382\" \/>\n\t<meta property=\"og:image:type\" content=\"image\/jpeg\" \/>\n<meta name=\"twitter:card\" content=\"summary_large_image\" \/>\n<meta name=\"twitter:label1\" content=\"Gesch\u00e4tzte Lesezeit\" \/>\n\t<meta name=\"twitter:data1\" content=\"1\u00a0Minute\" \/>\n<script type=\"application\/ld+json\" class=\"yoast-schema-graph\">{\"@context\":\"https:\\\/\\\/schema.org\",\"@graph\":[{\"@type\":\"WebPage\",\"@id\":\"https:\\\/\\\/www.kaviargauche.com\\\/de\\\/produkt\\\/bouton-blazer-dress\\\/\",\"url\":\"https:\\\/\\\/www.kaviargauche.com\\\/de\\\/produkt\\\/bouton-blazer-dress\\\/\",\"name\":\"Bouton Blazer Dress - Kaviar Gauche\",\"isPartOf\":{\"@id\":\"https:\\\/\\\/www.kaviargauche.com\\\/de\\\/#website\"},\"primaryImageOfPage\":{\"@id\":\"https:\\\/\\\/www.kaviargauche.com\\\/de\\\/produkt\\\/bouton-blazer-dress\\\/#primaryimage\"},\"image\":{\"@id\":\"https:\\\/\\\/www.kaviargauche.com\\\/de\\\/produkt\\\/bouton-blazer-dress\\\/#primaryimage\"},\"thumbnailUrl\":\"https:\\\/\\\/www.kaviargauche.com\\\/wp-content\\\/uploads\\\/BoutonBlazerDressfront_OSnew.jpg\",\"datePublished\":\"2025-04-10T08:39:56+00:00\",\"dateModified\":\"2026-01-24T22:41:30+00:00\",\"description\":\"Modernes Blazer Dress mit schimmerndem Stoff, tailliertem Schnitt & edlen Perlmuttkn\u00f6pfen \u2013 perfekt f\u00fcrs Standesamt & stilvolle Abendlooks.\",\"breadcrumb\":{\"@id\":\"https:\\\/\\\/www.kaviargauche.com\\\/de\\\/produkt\\\/bouton-blazer-dress\\\/#breadcrumb\"},\"inLanguage\":\"de\",\"potentialAction\":[{\"@type\":\"ReadAction\",\"target\":[\"https:\\\/\\\/www.kaviargauche.com\\\/de\\\/produkt\\\/bouton-blazer-dress\\\/\"]}]},{\"@type\":\"ImageObject\",\"inLanguage\":\"de\",\"@id\":\"https:\\\/\\\/www.kaviargauche.com\\\/de\\\/produkt\\\/bouton-blazer-dress\\\/#primaryimage\",\"url\":\"https:\\\/\\\/www.kaviargauche.com\\\/wp-content\\\/uploads\\\/BoutonBlazerDressfront_OSnew.jpg\",\"contentUrl\":\"https:\\\/\\\/www.kaviargauche.com\\\/wp-content\\\/uploads\\\/BoutonBlazerDressfront_OSnew.jpg\",\"width\":922,\"height\":1382,\"caption\":\"Kaviar Gauche Bridal Dress\"},{\"@type\":\"BreadcrumbList\",\"@id\":\"https:\\\/\\\/www.kaviargauche.com\\\/de\\\/produkt\\\/bouton-blazer-dress\\\/#breadcrumb\",\"itemListElement\":[{\"@type\":\"ListItem\",\"position\":1,\"name\":\"Home\",\"item\":\"https:\\\/\\\/www.kaviargauche.com\\\/de\\\/\"},{\"@type\":\"ListItem\",\"position\":2,\"name\":\"Shop\",\"item\":\"https:\\\/\\\/www.kaviargauche.com\\\/de\\\/shop-2\\\/\"},{\"@type\":\"ListItem\",\"position\":3,\"name\":\"Bouton Blazer Dress\"}]},{\"@type\":\"WebSite\",\"@id\":\"https:\\\/\\\/www.kaviargauche.com\\\/de\\\/#website\",\"url\":\"https:\\\/\\\/www.kaviargauche.com\\\/de\\\/\",\"name\":\"Kaviar Gauche\",\"description\":\"Bridal Couture\",\"publisher\":{\"@id\":\"https:\\\/\\\/www.kaviargauche.com\\\/de\\\/#organization\"},\"potentialAction\":[{\"@type\":\"SearchAction\",\"target\":{\"@type\":\"EntryPoint\",\"urlTemplate\":\"https:\\\/\\\/www.kaviargauche.com\\\/de\\\/?s={search_term_string}\"},\"query-input\":{\"@type\":\"PropertyValueSpecification\",\"valueRequired\":true,\"valueName\":\"search_term_string\"}}],\"inLanguage\":\"de\"},{\"@type\":\"Organization\",\"@id\":\"https:\\\/\\\/www.kaviargauche.com\\\/de\\\/#organization\",\"name\":\"KAVIAR GAUCHE\",\"url\":\"https:\\\/\\\/www.kaviargauche.com\\\/de\\\/\",\"logo\":{\"@type\":\"ImageObject\",\"inLanguage\":\"de\",\"@id\":\"https:\\\/\\\/www.kaviargauche.com\\\/de\\\/#\\\/schema\\\/logo\\\/image\\\/\",\"url\":\"https:\\\/\\\/www.kaviargauche.com\\\/wp-content\\\/uploads\\\/kaviar-gauche.png\",\"contentUrl\":\"https:\\\/\\\/www.kaviargauche.com\\\/wp-content\\\/uploads\\\/kaviar-gauche.png\",\"width\":512,\"height\":512,\"caption\":\"KAVIAR GAUCHE\"},\"image\":{\"@id\":\"https:\\\/\\\/www.kaviargauche.com\\\/de\\\/#\\\/schema\\\/logo\\\/image\\\/\"},\"sameAs\":[\"https:\\\/\\\/www.facebook.com\\\/kaviargauche\",\"https:\\\/\\\/www.pinterest.de\\\/KaviarGaucheOfficial\\\/\",\"https:\\\/\\\/www.instagram.com\\\/kaviargauche_official\"]}]}<\/script>\n<!-- \/ Yoast SEO Premium plugin. -->","yoast_head_json":{"title":"Bouton Blazer Dress - Kaviar Gauche","description":"Modernes Blazer Dress mit schimmerndem Stoff, tailliertem Schnitt & edlen Perlmuttkn\u00f6pfen \u2013 perfekt f\u00fcrs Standesamt & stilvolle Abendlooks.","robots":{"index":"index","follow":"follow","max-snippet":"max-snippet:-1","max-image-preview":"max-image-preview:large","max-video-preview":"max-video-preview:-1"},"canonical":"https:\/\/www.kaviargauche.com\/de\/produkt\/bouton-blazer-dress\/","og_locale":"de_DE","og_type":"article","og_title":"Bouton Blazer Dress","og_description":"Modernes Blazer Dress mit schimmerndem Stoff, tailliertem Schnitt & edlen Perlmuttkn\u00f6pfen \u2013 perfekt f\u00fcrs Standesamt & stilvolle Abendlooks.","og_url":"https:\/\/www.kaviargauche.com\/de\/produkt\/bouton-blazer-dress\/","og_site_name":"Kaviar Gauche","article_publisher":"https:\/\/www.facebook.com\/kaviargauche","article_modified_time":"2026-01-24T22:41:30+00:00","og_image":[{"width":922,"height":1382,"url":"https:\/\/www.kaviargauche.com\/wp-content\/uploads\/BoutonBlazerDressfront_OSnew.jpg","type":"image\/jpeg"}],"twitter_card":"summary_large_image","twitter_misc":{"Gesch\u00e4tzte Lesezeit":"1\u00a0Minute"},"schema":{"@context":"https:\/\/schema.org","@graph":[{"@type":"WebPage","@id":"https:\/\/www.kaviargauche.com\/de\/produkt\/bouton-blazer-dress\/","url":"https:\/\/www.kaviargauche.com\/de\/produkt\/bouton-blazer-dress\/","name":"Bouton Blazer Dress - Kaviar Gauche","isPartOf":{"@id":"https:\/\/www.kaviargauche.com\/de\/#website"},"primaryImageOfPage":{"@id":"https:\/\/www.kaviargauche.com\/de\/produkt\/bouton-blazer-dress\/#primaryimage"},"image":{"@id":"https:\/\/www.kaviargauche.com\/de\/produkt\/bouton-blazer-dress\/#primaryimage"},"thumbnailUrl":"https:\/\/www.kaviargauche.com\/wp-content\/uploads\/BoutonBlazerDressfront_OSnew.jpg","datePublished":"2025-04-10T08:39:56+00:00","dateModified":"2026-01-24T22:41:30+00:00","description":"Modernes Blazer Dress mit schimmerndem Stoff, tailliertem Schnitt & edlen Perlmuttkn\u00f6pfen \u2013 perfekt f\u00fcrs Standesamt & stilvolle Abendlooks.","breadcrumb":{"@id":"https:\/\/www.kaviargauche.com\/de\/produkt\/bouton-blazer-dress\/#breadcrumb"},"inLanguage":"de","potentialAction":[{"@type":"ReadAction","target":["https:\/\/www.kaviargauche.com\/de\/produkt\/bouton-blazer-dress\/"]}]},{"@type":"ImageObject","inLanguage":"de","@id":"https:\/\/www.kaviargauche.com\/de\/produkt\/bouton-blazer-dress\/#primaryimage","url":"https:\/\/www.kaviargauche.com\/wp-content\/uploads\/BoutonBlazerDressfront_OSnew.jpg","contentUrl":"https:\/\/www.kaviargauche.com\/wp-content\/uploads\/BoutonBlazerDressfront_OSnew.jpg","width":922,"height":1382,"caption":"Kaviar Gauche Bridal Dress"},{"@type":"BreadcrumbList","@id":"https:\/\/www.kaviargauche.com\/de\/produkt\/bouton-blazer-dress\/#breadcrumb","itemListElement":[{"@type":"ListItem","position":1,"name":"Home","item":"https:\/\/www.kaviargauche.com\/de\/"},{"@type":"ListItem","position":2,"name":"Shop","item":"https:\/\/www.kaviargauche.com\/de\/shop-2\/"},{"@type":"ListItem","position":3,"name":"Bouton Blazer Dress"}]},{"@type":"WebSite","@id":"https:\/\/www.kaviargauche.com\/de\/#website","url":"https:\/\/www.kaviargauche.com\/de\/","name":"Kaviar Gauche","description":"Bridal Couture","publisher":{"@id":"https:\/\/www.kaviargauche.com\/de\/#organization"},"potentialAction":[{"@type":"SearchAction","target":{"@type":"EntryPoint","urlTemplate":"https:\/\/www.kaviargauche.com\/de\/?s={search_term_string}"},"query-input":{"@type":"PropertyValueSpecification","valueRequired":true,"valueName":"search_term_string"}}],"inLanguage":"de"},{"@type":"Organization","@id":"https:\/\/www.kaviargauche.com\/de\/#organization","name":"KAVIAR GAUCHE","url":"https:\/\/www.kaviargauche.com\/de\/","logo":{"@type":"ImageObject","inLanguage":"de","@id":"https:\/\/www.kaviargauche.com\/de\/#\/schema\/logo\/image\/","url":"https:\/\/www.kaviargauche.com\/wp-content\/uploads\/kaviar-gauche.png","contentUrl":"https:\/\/www.kaviargauche.com\/wp-content\/uploads\/kaviar-gauche.png","width":512,"height":512,"caption":"KAVIAR GAUCHE"},"image":{"@id":"https:\/\/www.kaviargauche.com\/de\/#\/schema\/logo\/image\/"},"sameAs":["https:\/\/www.facebook.com\/kaviargauche","https:\/\/www.pinterest.de\/KaviarGaucheOfficial\/","https:\/\/www.instagram.com\/kaviargauche_official"]}]}},"jetpack_sharing_enabled":true,"_links":{"self":[{"href":"https:\/\/www.kaviargauche.com\/de\/wp-json\/wp\/v2\/product\/2008","targetHints":{"allow":["GET"]}}],"collection":[{"href":"https:\/\/www.kaviargauche.com\/de\/wp-json\/wp\/v2\/product"}],"about":[{"href":"https:\/\/www.kaviargauche.com\/de\/wp-json\/wp\/v2\/types\/product"}],"wp:featuredmedia":[{"embeddable":true,"href":"https:\/\/www.kaviargauche.com\/de\/wp-json\/wp\/v2\/media\/7749"}],"wp:attachment":[{"href":"https:\/\/www.kaviargauche.com\/de\/wp-json\/wp\/v2\/media?parent=2008"}],"wp:term":[{"taxonomy":"product_brand","embeddable":true,"href":"https:\/\/www.kaviargauche.com\/de\/wp-json\/wp\/v2\/product_brand?post=2008"},{"taxonomy":"product_cat","embeddable":true,"href":"https:\/\/www.kaviargauche.com\/de\/wp-json\/wp\/v2\/product_cat?post=2008"},{"taxonomy":"product_tag","embeddable":true,"href":"https:\/\/www.kaviargauche.com\/de\/wp-json\/wp\/v2\/product_tag?post=2008"}],"curies":[{"name":"wp","href":"https:\/\/api.w.org\/{rel}","templated":true}]}}