
{"id":2024,"date":"2022-02-22T10:32:45","date_gmt":"2022-02-22T10:32:45","guid":{"rendered":"https:\/\/www.kaviargauche.com\/?post_type=product&#038;p=2024"},"modified":"2025-07-25T11:28:25","modified_gmt":"2025-07-25T09:28:25","slug":"bloomy-rose-top","status":"publish","type":"product","link":"https:\/\/www.kaviargauche.com\/de\/produkt\/bloomy-rose-top\/","title":{"rendered":"Bloomy Rose Top"},"content":{"rendered":"<p>Das mit Blumen bestickte Brautoberteil ist der perfekte Begleiter sowohl zu R\u00f6cken als auch zu Hosen. Es kreiert einen floralen Hochzeitslook f\u00fcr die moderne und legere Braut. Geschlossen wird das Top mit einem feinen Rei\u00dfverschluss in der Seite und mit Haken sowie \u00d6se im Nacken.<\/p>\n<p>Oberstoff: 100% Polyamid -Bl\u00fcten: 80% Viskose, 20% Polyester<br \/>\nBl\u00fcten: 80% Viskose, 20% Polyester<br \/>\nTrockenreinigung<\/p>\n<p class=\"p1\">MADE WITH LOVE IN GERMANY<\/p>\n","protected":false},"excerpt":{"rendered":"<p>Hochgeschlossenes, mit Blumen besticktes Brautoberteil<\/p>\n","protected":false},"featured_media":7091,"template":"","meta":{"_acf_changed":false},"product_brand":[],"product_cat":[460,492,461,471,602],"product_tag":[],"class_list":{"0":"post-2024","1":"product","2":"type-product","3":"status-publish","4":"has-post-thumbnail","6":"product_cat-bekleidung","7":"product_cat-la-vie-en-rose-de","8":"product_cat-oberteile","9":"product_cat-ready-to-marry-de","10":"product_cat-romantisch","12":"first","13":"instock","14":"taxable","15":"shipping-taxable","16":"purchasable","17":"product-type-variable","18":"has-default-attributes","19":"wvs-archive-product-wrapper"},"acf":[],"yoast_head":"<!-- This site is optimized with the Yoast SEO Premium plugin v26.3 (Yoast SEO v27.3) - https:\/\/yoast.com\/product\/yoast-seo-premium-wordpress\/ -->\n<title>Bloomy Rose Top - Kaviar Gauche<\/title>\n<meta name=\"description\" content=\"Blumiges 3D-Top mit applizierten Bl\u00fcten &amp; hohem Ausschnitt \u2013 ideal f\u00fcr einen modernen, legeren Bridal-Look mit floraler Eleganz.\" \/>\n<meta name=\"robots\" content=\"index, follow, max-snippet:-1, max-image-preview:large, max-video-preview:-1\" \/>\n<link rel=\"canonical\" href=\"https:\/\/www.kaviargauche.com\/de\/produkt\/bloomy-rose-top\/\" \/>\n<meta property=\"og:locale\" content=\"de_DE\" \/>\n<meta property=\"og:type\" content=\"article\" \/>\n<meta property=\"og:title\" content=\"Bloomy Rose Top\" \/>\n<meta property=\"og:description\" content=\"Blumiges 3D-Top mit applizierten Bl\u00fcten &amp; hohem Ausschnitt \u2013 ideal f\u00fcr einen modernen, legeren Bridal-Look mit floraler Eleganz.\" \/>\n<meta property=\"og:url\" content=\"https:\/\/www.kaviargauche.com\/de\/produkt\/bloomy-rose-top\/\" \/>\n<meta property=\"og:site_name\" content=\"Kaviar Gauche\" \/>\n<meta property=\"article:publisher\" content=\"https:\/\/www.facebook.com\/kaviargauche\" \/>\n<meta property=\"article:modified_time\" content=\"2025-07-25T09:28:25+00:00\" \/>\n<meta property=\"og:image\" content=\"https:\/\/www.kaviargauche.com\/wp-content\/uploads\/KG-Bloomy-Rose-Top-rose-front-Kaviar-Gauche-Berlin-Duesseldorf-Muenchen-Brautkleid_ivory.jpeg\" \/>\n\t<meta property=\"og:image:width\" content=\"1000\" \/>\n\t<meta property=\"og:image:height\" content=\"1700\" \/>\n\t<meta property=\"og:image:type\" content=\"image\/jpeg\" \/>\n<meta name=\"twitter:card\" content=\"summary_large_image\" \/>\n<meta name=\"twitter:label1\" content=\"Gesch\u00e4tzte Lesezeit\" \/>\n\t<meta name=\"twitter:data1\" content=\"1\u00a0Minute\" \/>\n<script type=\"application\/ld+json\" class=\"yoast-schema-graph\">{\"@context\":\"https:\\\/\\\/schema.org\",\"@graph\":[{\"@type\":\"WebPage\",\"@id\":\"https:\\\/\\\/www.kaviargauche.com\\\/de\\\/produkt\\\/bloomy-rose-top\\\/\",\"url\":\"https:\\\/\\\/www.kaviargauche.com\\\/de\\\/produkt\\\/bloomy-rose-top\\\/\",\"name\":\"Bloomy Rose Top - Kaviar Gauche\",\"isPartOf\":{\"@id\":\"https:\\\/\\\/www.kaviargauche.com\\\/de\\\/#website\"},\"primaryImageOfPage\":{\"@id\":\"https:\\\/\\\/www.kaviargauche.com\\\/de\\\/produkt\\\/bloomy-rose-top\\\/#primaryimage\"},\"image\":{\"@id\":\"https:\\\/\\\/www.kaviargauche.com\\\/de\\\/produkt\\\/bloomy-rose-top\\\/#primaryimage\"},\"thumbnailUrl\":\"https:\\\/\\\/www.kaviargauche.com\\\/wp-content\\\/uploads\\\/KG-Bloomy-Rose-Top-rose-front-Kaviar-Gauche-Berlin-Duesseldorf-Muenchen-Brautkleid_ivory.jpeg\",\"datePublished\":\"2022-02-22T10:32:45+00:00\",\"dateModified\":\"2025-07-25T09:28:25+00:00\",\"description\":\"Blumiges 3D-Top mit applizierten Bl\u00fcten & hohem Ausschnitt \u2013 ideal f\u00fcr einen modernen, legeren Bridal-Look mit floraler Eleganz.\",\"breadcrumb\":{\"@id\":\"https:\\\/\\\/www.kaviargauche.com\\\/de\\\/produkt\\\/bloomy-rose-top\\\/#breadcrumb\"},\"inLanguage\":\"de\",\"potentialAction\":[{\"@type\":\"ReadAction\",\"target\":[\"https:\\\/\\\/www.kaviargauche.com\\\/de\\\/produkt\\\/bloomy-rose-top\\\/\"]}]},{\"@type\":\"ImageObject\",\"inLanguage\":\"de\",\"@id\":\"https:\\\/\\\/www.kaviargauche.com\\\/de\\\/produkt\\\/bloomy-rose-top\\\/#primaryimage\",\"url\":\"https:\\\/\\\/www.kaviargauche.com\\\/wp-content\\\/uploads\\\/KG-Bloomy-Rose-Top-rose-front-Kaviar-Gauche-Berlin-Duesseldorf-Muenchen-Brautkleid_ivory.jpeg\",\"contentUrl\":\"https:\\\/\\\/www.kaviargauche.com\\\/wp-content\\\/uploads\\\/KG-Bloomy-Rose-Top-rose-front-Kaviar-Gauche-Berlin-Duesseldorf-Muenchen-Brautkleid_ivory.jpeg\",\"width\":1000,\"height\":1700,\"caption\":\"Kaviar Gauche Bridal Dress\"},{\"@type\":\"BreadcrumbList\",\"@id\":\"https:\\\/\\\/www.kaviargauche.com\\\/de\\\/produkt\\\/bloomy-rose-top\\\/#breadcrumb\",\"itemListElement\":[{\"@type\":\"ListItem\",\"position\":1,\"name\":\"Home\",\"item\":\"https:\\\/\\\/www.kaviargauche.com\\\/de\\\/\"},{\"@type\":\"ListItem\",\"position\":2,\"name\":\"Shop\",\"item\":\"https:\\\/\\\/www.kaviargauche.com\\\/de\\\/shop-2\\\/\"},{\"@type\":\"ListItem\",\"position\":3,\"name\":\"Bloomy Rose Top\"}]},{\"@type\":\"WebSite\",\"@id\":\"https:\\\/\\\/www.kaviargauche.com\\\/de\\\/#website\",\"url\":\"https:\\\/\\\/www.kaviargauche.com\\\/de\\\/\",\"name\":\"Kaviar Gauche\",\"description\":\"Bridal Couture\",\"publisher\":{\"@id\":\"https:\\\/\\\/www.kaviargauche.com\\\/de\\\/#organization\"},\"potentialAction\":[{\"@type\":\"SearchAction\",\"target\":{\"@type\":\"EntryPoint\",\"urlTemplate\":\"https:\\\/\\\/www.kaviargauche.com\\\/de\\\/?s={search_term_string}\"},\"query-input\":{\"@type\":\"PropertyValueSpecification\",\"valueRequired\":true,\"valueName\":\"search_term_string\"}}],\"inLanguage\":\"de\"},{\"@type\":\"Organization\",\"@id\":\"https:\\\/\\\/www.kaviargauche.com\\\/de\\\/#organization\",\"name\":\"KAVIAR GAUCHE\",\"url\":\"https:\\\/\\\/www.kaviargauche.com\\\/de\\\/\",\"logo\":{\"@type\":\"ImageObject\",\"inLanguage\":\"de\",\"@id\":\"https:\\\/\\\/www.kaviargauche.com\\\/de\\\/#\\\/schema\\\/logo\\\/image\\\/\",\"url\":\"https:\\\/\\\/www.kaviargauche.com\\\/wp-content\\\/uploads\\\/kaviar-gauche.png\",\"contentUrl\":\"https:\\\/\\\/www.kaviargauche.com\\\/wp-content\\\/uploads\\\/kaviar-gauche.png\",\"width\":512,\"height\":512,\"caption\":\"KAVIAR GAUCHE\"},\"image\":{\"@id\":\"https:\\\/\\\/www.kaviargauche.com\\\/de\\\/#\\\/schema\\\/logo\\\/image\\\/\"},\"sameAs\":[\"https:\\\/\\\/www.facebook.com\\\/kaviargauche\",\"https:\\\/\\\/www.pinterest.de\\\/KaviarGaucheOfficial\\\/\",\"https:\\\/\\\/www.instagram.com\\\/kaviargauche_official\"]}]}<\/script>\n<!-- \/ Yoast SEO Premium plugin. -->","yoast_head_json":{"title":"Bloomy Rose Top - Kaviar Gauche","description":"Blumiges 3D-Top mit applizierten Bl\u00fcten & hohem Ausschnitt \u2013 ideal f\u00fcr einen modernen, legeren Bridal-Look mit floraler Eleganz.","robots":{"index":"index","follow":"follow","max-snippet":"max-snippet:-1","max-image-preview":"max-image-preview:large","max-video-preview":"max-video-preview:-1"},"canonical":"https:\/\/www.kaviargauche.com\/de\/produkt\/bloomy-rose-top\/","og_locale":"de_DE","og_type":"article","og_title":"Bloomy Rose Top","og_description":"Blumiges 3D-Top mit applizierten Bl\u00fcten & hohem Ausschnitt \u2013 ideal f\u00fcr einen modernen, legeren Bridal-Look mit floraler Eleganz.","og_url":"https:\/\/www.kaviargauche.com\/de\/produkt\/bloomy-rose-top\/","og_site_name":"Kaviar Gauche","article_publisher":"https:\/\/www.facebook.com\/kaviargauche","article_modified_time":"2025-07-25T09:28:25+00:00","og_image":[{"width":1000,"height":1700,"url":"https:\/\/www.kaviargauche.com\/wp-content\/uploads\/KG-Bloomy-Rose-Top-rose-front-Kaviar-Gauche-Berlin-Duesseldorf-Muenchen-Brautkleid_ivory.jpeg","type":"image\/jpeg"}],"twitter_card":"summary_large_image","twitter_misc":{"Gesch\u00e4tzte Lesezeit":"1\u00a0Minute"},"schema":{"@context":"https:\/\/schema.org","@graph":[{"@type":"WebPage","@id":"https:\/\/www.kaviargauche.com\/de\/produkt\/bloomy-rose-top\/","url":"https:\/\/www.kaviargauche.com\/de\/produkt\/bloomy-rose-top\/","name":"Bloomy Rose Top - Kaviar Gauche","isPartOf":{"@id":"https:\/\/www.kaviargauche.com\/de\/#website"},"primaryImageOfPage":{"@id":"https:\/\/www.kaviargauche.com\/de\/produkt\/bloomy-rose-top\/#primaryimage"},"image":{"@id":"https:\/\/www.kaviargauche.com\/de\/produkt\/bloomy-rose-top\/#primaryimage"},"thumbnailUrl":"https:\/\/www.kaviargauche.com\/wp-content\/uploads\/KG-Bloomy-Rose-Top-rose-front-Kaviar-Gauche-Berlin-Duesseldorf-Muenchen-Brautkleid_ivory.jpeg","datePublished":"2022-02-22T10:32:45+00:00","dateModified":"2025-07-25T09:28:25+00:00","description":"Blumiges 3D-Top mit applizierten Bl\u00fcten & hohem Ausschnitt \u2013 ideal f\u00fcr einen modernen, legeren Bridal-Look mit floraler Eleganz.","breadcrumb":{"@id":"https:\/\/www.kaviargauche.com\/de\/produkt\/bloomy-rose-top\/#breadcrumb"},"inLanguage":"de","potentialAction":[{"@type":"ReadAction","target":["https:\/\/www.kaviargauche.com\/de\/produkt\/bloomy-rose-top\/"]}]},{"@type":"ImageObject","inLanguage":"de","@id":"https:\/\/www.kaviargauche.com\/de\/produkt\/bloomy-rose-top\/#primaryimage","url":"https:\/\/www.kaviargauche.com\/wp-content\/uploads\/KG-Bloomy-Rose-Top-rose-front-Kaviar-Gauche-Berlin-Duesseldorf-Muenchen-Brautkleid_ivory.jpeg","contentUrl":"https:\/\/www.kaviargauche.com\/wp-content\/uploads\/KG-Bloomy-Rose-Top-rose-front-Kaviar-Gauche-Berlin-Duesseldorf-Muenchen-Brautkleid_ivory.jpeg","width":1000,"height":1700,"caption":"Kaviar Gauche Bridal Dress"},{"@type":"BreadcrumbList","@id":"https:\/\/www.kaviargauche.com\/de\/produkt\/bloomy-rose-top\/#breadcrumb","itemListElement":[{"@type":"ListItem","position":1,"name":"Home","item":"https:\/\/www.kaviargauche.com\/de\/"},{"@type":"ListItem","position":2,"name":"Shop","item":"https:\/\/www.kaviargauche.com\/de\/shop-2\/"},{"@type":"ListItem","position":3,"name":"Bloomy Rose Top"}]},{"@type":"WebSite","@id":"https:\/\/www.kaviargauche.com\/de\/#website","url":"https:\/\/www.kaviargauche.com\/de\/","name":"Kaviar Gauche","description":"Bridal Couture","publisher":{"@id":"https:\/\/www.kaviargauche.com\/de\/#organization"},"potentialAction":[{"@type":"SearchAction","target":{"@type":"EntryPoint","urlTemplate":"https:\/\/www.kaviargauche.com\/de\/?s={search_term_string}"},"query-input":{"@type":"PropertyValueSpecification","valueRequired":true,"valueName":"search_term_string"}}],"inLanguage":"de"},{"@type":"Organization","@id":"https:\/\/www.kaviargauche.com\/de\/#organization","name":"KAVIAR GAUCHE","url":"https:\/\/www.kaviargauche.com\/de\/","logo":{"@type":"ImageObject","inLanguage":"de","@id":"https:\/\/www.kaviargauche.com\/de\/#\/schema\/logo\/image\/","url":"https:\/\/www.kaviargauche.com\/wp-content\/uploads\/kaviar-gauche.png","contentUrl":"https:\/\/www.kaviargauche.com\/wp-content\/uploads\/kaviar-gauche.png","width":512,"height":512,"caption":"KAVIAR GAUCHE"},"image":{"@id":"https:\/\/www.kaviargauche.com\/de\/#\/schema\/logo\/image\/"},"sameAs":["https:\/\/www.facebook.com\/kaviargauche","https:\/\/www.pinterest.de\/KaviarGaucheOfficial\/","https:\/\/www.instagram.com\/kaviargauche_official"]}]}},"jetpack_sharing_enabled":true,"_links":{"self":[{"href":"https:\/\/www.kaviargauche.com\/de\/wp-json\/wp\/v2\/product\/2024","targetHints":{"allow":["GET"]}}],"collection":[{"href":"https:\/\/www.kaviargauche.com\/de\/wp-json\/wp\/v2\/product"}],"about":[{"href":"https:\/\/www.kaviargauche.com\/de\/wp-json\/wp\/v2\/types\/product"}],"wp:featuredmedia":[{"embeddable":true,"href":"https:\/\/www.kaviargauche.com\/de\/wp-json\/wp\/v2\/media\/7091"}],"wp:attachment":[{"href":"https:\/\/www.kaviargauche.com\/de\/wp-json\/wp\/v2\/media?parent=2024"}],"wp:term":[{"taxonomy":"product_brand","embeddable":true,"href":"https:\/\/www.kaviargauche.com\/de\/wp-json\/wp\/v2\/product_brand?post=2024"},{"taxonomy":"product_cat","embeddable":true,"href":"https:\/\/www.kaviargauche.com\/de\/wp-json\/wp\/v2\/product_cat?post=2024"},{"taxonomy":"product_tag","embeddable":true,"href":"https:\/\/www.kaviargauche.com\/de\/wp-json\/wp\/v2\/product_tag?post=2024"}],"curies":[{"name":"wp","href":"https:\/\/api.w.org\/{rel}","templated":true}]}}