
{"id":2068,"date":"2022-02-22T12:08:34","date_gmt":"2022-02-22T12:08:34","guid":{"rendered":"https:\/\/www.kaviargauche.com\/?post_type=product&#038;p=2068"},"modified":"2026-04-06T09:16:19","modified_gmt":"2026-04-06T07:16:19","slug":"kaviar-gauche-parfum-90ml","status":"publish","type":"product","link":"https:\/\/www.kaviargauche.com\/de\/produkt\/kaviar-gauche-parfum-90ml\/","title":{"rendered":"Kaviar Gauche Parfum 90 ml"},"content":{"rendered":"<p>Die harmonisch abgestimmten Duft-Ingredienzen spiegeln das f\u00fcr das Label typische Floral-Design wieder. Die Herznote des Parfums bildet dabei der bet\u00f6rende Duft der Pfingstrose als Chiffre f\u00fcr weibliche Noblesse. W\u00fcrzige H\u00f6lzer sowie rosa Pfeffer setzen den markanten Kontrapunkt.<\/p>\n<p>Erh\u00e4ltlich im 40ml &amp; 90ml Flakon.<\/p>\n<p class=\"p1\">Das Produkt kann nur unge\u00f6ffnet retourniert werden.<\/p>\n","protected":false},"excerpt":{"rendered":"<p>Elegantes Eau de Parfum von Kaviar Gauche<\/p>\n","protected":false},"featured_media":1469,"template":"","meta":{"_acf_changed":false},"product_brand":[],"product_cat":[510,495,870,462],"product_tag":[],"class_list":{"0":"post-2068","1":"product","2":"type-product","3":"status-publish","4":"has-post-thumbnail","6":"product_cat-eau-de-parfum-de","7":"product_cat-geschenkideen","8":"product_cat-schnelle-lieferung","9":"product_cat-specials-de","10":"product_shipping_class-klein-de","12":"first","13":"outofstock","14":"taxable","15":"shipping-taxable","16":"purchasable","17":"product-type-simple"},"acf":[],"yoast_head":"<!-- This site is optimized with the Yoast SEO Premium plugin v26.3 (Yoast SEO v27.3) - https:\/\/yoast.com\/product\/yoast-seo-premium-wordpress\/ -->\n<title>Kaviar Gauche Parfum 90 ml - Kaviar Gauche<\/title>\n<meta name=\"description\" content=\"Die harmonisch abgestimmten Duft-Ingredienzen spiegeln das f\u00fcr das Label\" \/>\n<meta name=\"robots\" content=\"index, follow, max-snippet:-1, max-image-preview:large, max-video-preview:-1\" \/>\n<link rel=\"canonical\" href=\"https:\/\/www.kaviargauche.com\/de\/produkt\/kaviar-gauche-parfum-90ml\/\" \/>\n<meta property=\"og:locale\" content=\"de_DE\" \/>\n<meta property=\"og:type\" content=\"article\" \/>\n<meta property=\"og:title\" content=\"Kaviar Gauche Parfum 90 ml\" \/>\n<meta property=\"og:description\" content=\"Die harmonisch abgestimmten Duft-Ingredienzen spiegeln das f\u00fcr das Label\" \/>\n<meta property=\"og:url\" content=\"https:\/\/www.kaviargauche.com\/de\/produkt\/kaviar-gauche-parfum-90ml\/\" \/>\n<meta property=\"og:site_name\" content=\"Kaviar Gauche\" \/>\n<meta property=\"article:publisher\" content=\"https:\/\/www.facebook.com\/kaviargauche\" \/>\n<meta property=\"article:modified_time\" content=\"2026-04-06T07:16:19+00:00\" \/>\n<meta property=\"og:image\" content=\"https:\/\/www.kaviargauche.com\/wp-content\/uploads\/Kaviar-Gauche-Eau-de-Parfum-90ml-scaled.jpeg\" \/>\n\t<meta property=\"og:image:width\" content=\"1707\" \/>\n\t<meta property=\"og:image:height\" content=\"2560\" \/>\n\t<meta property=\"og:image:type\" content=\"image\/jpeg\" \/>\n<meta name=\"twitter:card\" content=\"summary_large_image\" \/>\n<meta name=\"twitter:label1\" content=\"Gesch\u00e4tzte Lesezeit\" \/>\n\t<meta name=\"twitter:data1\" content=\"1\u00a0Minute\" \/>\n<script type=\"application\/ld+json\" class=\"yoast-schema-graph\">{\"@context\":\"https:\\\/\\\/schema.org\",\"@graph\":[{\"@type\":\"WebPage\",\"@id\":\"https:\\\/\\\/www.kaviargauche.com\\\/de\\\/produkt\\\/kaviar-gauche-parfum-90ml\\\/\",\"url\":\"https:\\\/\\\/www.kaviargauche.com\\\/de\\\/produkt\\\/kaviar-gauche-parfum-90ml\\\/\",\"name\":\"Kaviar Gauche Parfum 90 ml - Kaviar Gauche\",\"isPartOf\":{\"@id\":\"https:\\\/\\\/www.kaviargauche.com\\\/de\\\/#website\"},\"primaryImageOfPage\":{\"@id\":\"https:\\\/\\\/www.kaviargauche.com\\\/de\\\/produkt\\\/kaviar-gauche-parfum-90ml\\\/#primaryimage\"},\"image\":{\"@id\":\"https:\\\/\\\/www.kaviargauche.com\\\/de\\\/produkt\\\/kaviar-gauche-parfum-90ml\\\/#primaryimage\"},\"thumbnailUrl\":\"https:\\\/\\\/www.kaviargauche.com\\\/wp-content\\\/uploads\\\/Kaviar-Gauche-Eau-de-Parfum-90ml-scaled.jpeg\",\"datePublished\":\"2022-02-22T12:08:34+00:00\",\"dateModified\":\"2026-04-06T07:16:19+00:00\",\"description\":\"Die harmonisch abgestimmten Duft-Ingredienzen spiegeln das f\u00fcr das Label\",\"breadcrumb\":{\"@id\":\"https:\\\/\\\/www.kaviargauche.com\\\/de\\\/produkt\\\/kaviar-gauche-parfum-90ml\\\/#breadcrumb\"},\"inLanguage\":\"de\",\"potentialAction\":[{\"@type\":\"ReadAction\",\"target\":[\"https:\\\/\\\/www.kaviargauche.com\\\/de\\\/produkt\\\/kaviar-gauche-parfum-90ml\\\/\"]}]},{\"@type\":\"ImageObject\",\"inLanguage\":\"de\",\"@id\":\"https:\\\/\\\/www.kaviargauche.com\\\/de\\\/produkt\\\/kaviar-gauche-parfum-90ml\\\/#primaryimage\",\"url\":\"https:\\\/\\\/www.kaviargauche.com\\\/wp-content\\\/uploads\\\/Kaviar-Gauche-Eau-de-Parfum-90ml-scaled.jpeg\",\"contentUrl\":\"https:\\\/\\\/www.kaviargauche.com\\\/wp-content\\\/uploads\\\/Kaviar-Gauche-Eau-de-Parfum-90ml-scaled.jpeg\",\"width\":1707,\"height\":2560,\"caption\":\"Eau de Parfum von Kaviar Gauche 90ml neu\"},{\"@type\":\"BreadcrumbList\",\"@id\":\"https:\\\/\\\/www.kaviargauche.com\\\/de\\\/produkt\\\/kaviar-gauche-parfum-90ml\\\/#breadcrumb\",\"itemListElement\":[{\"@type\":\"ListItem\",\"position\":1,\"name\":\"Home\",\"item\":\"https:\\\/\\\/www.kaviargauche.com\\\/de\\\/\"},{\"@type\":\"ListItem\",\"position\":2,\"name\":\"Shop\",\"item\":\"https:\\\/\\\/www.kaviargauche.com\\\/de\\\/shop-2\\\/\"},{\"@type\":\"ListItem\",\"position\":3,\"name\":\"Kaviar Gauche Parfum 90 ml\"}]},{\"@type\":\"WebSite\",\"@id\":\"https:\\\/\\\/www.kaviargauche.com\\\/de\\\/#website\",\"url\":\"https:\\\/\\\/www.kaviargauche.com\\\/de\\\/\",\"name\":\"Kaviar Gauche\",\"description\":\"Bridal Couture\",\"publisher\":{\"@id\":\"https:\\\/\\\/www.kaviargauche.com\\\/de\\\/#organization\"},\"potentialAction\":[{\"@type\":\"SearchAction\",\"target\":{\"@type\":\"EntryPoint\",\"urlTemplate\":\"https:\\\/\\\/www.kaviargauche.com\\\/de\\\/?s={search_term_string}\"},\"query-input\":{\"@type\":\"PropertyValueSpecification\",\"valueRequired\":true,\"valueName\":\"search_term_string\"}}],\"inLanguage\":\"de\"},{\"@type\":\"Organization\",\"@id\":\"https:\\\/\\\/www.kaviargauche.com\\\/de\\\/#organization\",\"name\":\"KAVIAR GAUCHE\",\"url\":\"https:\\\/\\\/www.kaviargauche.com\\\/de\\\/\",\"logo\":{\"@type\":\"ImageObject\",\"inLanguage\":\"de\",\"@id\":\"https:\\\/\\\/www.kaviargauche.com\\\/de\\\/#\\\/schema\\\/logo\\\/image\\\/\",\"url\":\"https:\\\/\\\/www.kaviargauche.com\\\/wp-content\\\/uploads\\\/kaviar-gauche.png\",\"contentUrl\":\"https:\\\/\\\/www.kaviargauche.com\\\/wp-content\\\/uploads\\\/kaviar-gauche.png\",\"width\":512,\"height\":512,\"caption\":\"KAVIAR GAUCHE\"},\"image\":{\"@id\":\"https:\\\/\\\/www.kaviargauche.com\\\/de\\\/#\\\/schema\\\/logo\\\/image\\\/\"},\"sameAs\":[\"https:\\\/\\\/www.facebook.com\\\/kaviargauche\",\"https:\\\/\\\/www.pinterest.de\\\/KaviarGaucheOfficial\\\/\",\"https:\\\/\\\/www.instagram.com\\\/kaviargauche_official\"]}]}<\/script>\n<!-- \/ Yoast SEO Premium plugin. -->","yoast_head_json":{"title":"Kaviar Gauche Parfum 90 ml - Kaviar Gauche","description":"Die harmonisch abgestimmten Duft-Ingredienzen spiegeln das f\u00fcr das Label","robots":{"index":"index","follow":"follow","max-snippet":"max-snippet:-1","max-image-preview":"max-image-preview:large","max-video-preview":"max-video-preview:-1"},"canonical":"https:\/\/www.kaviargauche.com\/de\/produkt\/kaviar-gauche-parfum-90ml\/","og_locale":"de_DE","og_type":"article","og_title":"Kaviar Gauche Parfum 90 ml","og_description":"Die harmonisch abgestimmten Duft-Ingredienzen spiegeln das f\u00fcr das Label","og_url":"https:\/\/www.kaviargauche.com\/de\/produkt\/kaviar-gauche-parfum-90ml\/","og_site_name":"Kaviar Gauche","article_publisher":"https:\/\/www.facebook.com\/kaviargauche","article_modified_time":"2026-04-06T07:16:19+00:00","og_image":[{"width":1707,"height":2560,"url":"https:\/\/www.kaviargauche.com\/wp-content\/uploads\/Kaviar-Gauche-Eau-de-Parfum-90ml-scaled.jpeg","type":"image\/jpeg"}],"twitter_card":"summary_large_image","twitter_misc":{"Gesch\u00e4tzte Lesezeit":"1\u00a0Minute"},"schema":{"@context":"https:\/\/schema.org","@graph":[{"@type":"WebPage","@id":"https:\/\/www.kaviargauche.com\/de\/produkt\/kaviar-gauche-parfum-90ml\/","url":"https:\/\/www.kaviargauche.com\/de\/produkt\/kaviar-gauche-parfum-90ml\/","name":"Kaviar Gauche Parfum 90 ml - Kaviar Gauche","isPartOf":{"@id":"https:\/\/www.kaviargauche.com\/de\/#website"},"primaryImageOfPage":{"@id":"https:\/\/www.kaviargauche.com\/de\/produkt\/kaviar-gauche-parfum-90ml\/#primaryimage"},"image":{"@id":"https:\/\/www.kaviargauche.com\/de\/produkt\/kaviar-gauche-parfum-90ml\/#primaryimage"},"thumbnailUrl":"https:\/\/www.kaviargauche.com\/wp-content\/uploads\/Kaviar-Gauche-Eau-de-Parfum-90ml-scaled.jpeg","datePublished":"2022-02-22T12:08:34+00:00","dateModified":"2026-04-06T07:16:19+00:00","description":"Die harmonisch abgestimmten Duft-Ingredienzen spiegeln das f\u00fcr das Label","breadcrumb":{"@id":"https:\/\/www.kaviargauche.com\/de\/produkt\/kaviar-gauche-parfum-90ml\/#breadcrumb"},"inLanguage":"de","potentialAction":[{"@type":"ReadAction","target":["https:\/\/www.kaviargauche.com\/de\/produkt\/kaviar-gauche-parfum-90ml\/"]}]},{"@type":"ImageObject","inLanguage":"de","@id":"https:\/\/www.kaviargauche.com\/de\/produkt\/kaviar-gauche-parfum-90ml\/#primaryimage","url":"https:\/\/www.kaviargauche.com\/wp-content\/uploads\/Kaviar-Gauche-Eau-de-Parfum-90ml-scaled.jpeg","contentUrl":"https:\/\/www.kaviargauche.com\/wp-content\/uploads\/Kaviar-Gauche-Eau-de-Parfum-90ml-scaled.jpeg","width":1707,"height":2560,"caption":"Eau de Parfum von Kaviar Gauche 90ml neu"},{"@type":"BreadcrumbList","@id":"https:\/\/www.kaviargauche.com\/de\/produkt\/kaviar-gauche-parfum-90ml\/#breadcrumb","itemListElement":[{"@type":"ListItem","position":1,"name":"Home","item":"https:\/\/www.kaviargauche.com\/de\/"},{"@type":"ListItem","position":2,"name":"Shop","item":"https:\/\/www.kaviargauche.com\/de\/shop-2\/"},{"@type":"ListItem","position":3,"name":"Kaviar Gauche Parfum 90 ml"}]},{"@type":"WebSite","@id":"https:\/\/www.kaviargauche.com\/de\/#website","url":"https:\/\/www.kaviargauche.com\/de\/","name":"Kaviar Gauche","description":"Bridal Couture","publisher":{"@id":"https:\/\/www.kaviargauche.com\/de\/#organization"},"potentialAction":[{"@type":"SearchAction","target":{"@type":"EntryPoint","urlTemplate":"https:\/\/www.kaviargauche.com\/de\/?s={search_term_string}"},"query-input":{"@type":"PropertyValueSpecification","valueRequired":true,"valueName":"search_term_string"}}],"inLanguage":"de"},{"@type":"Organization","@id":"https:\/\/www.kaviargauche.com\/de\/#organization","name":"KAVIAR GAUCHE","url":"https:\/\/www.kaviargauche.com\/de\/","logo":{"@type":"ImageObject","inLanguage":"de","@id":"https:\/\/www.kaviargauche.com\/de\/#\/schema\/logo\/image\/","url":"https:\/\/www.kaviargauche.com\/wp-content\/uploads\/kaviar-gauche.png","contentUrl":"https:\/\/www.kaviargauche.com\/wp-content\/uploads\/kaviar-gauche.png","width":512,"height":512,"caption":"KAVIAR GAUCHE"},"image":{"@id":"https:\/\/www.kaviargauche.com\/de\/#\/schema\/logo\/image\/"},"sameAs":["https:\/\/www.facebook.com\/kaviargauche","https:\/\/www.pinterest.de\/KaviarGaucheOfficial\/","https:\/\/www.instagram.com\/kaviargauche_official"]}]}},"jetpack_sharing_enabled":true,"_links":{"self":[{"href":"https:\/\/www.kaviargauche.com\/de\/wp-json\/wp\/v2\/product\/2068","targetHints":{"allow":["GET"]}}],"collection":[{"href":"https:\/\/www.kaviargauche.com\/de\/wp-json\/wp\/v2\/product"}],"about":[{"href":"https:\/\/www.kaviargauche.com\/de\/wp-json\/wp\/v2\/types\/product"}],"wp:featuredmedia":[{"embeddable":true,"href":"https:\/\/www.kaviargauche.com\/de\/wp-json\/wp\/v2\/media\/1469"}],"wp:attachment":[{"href":"https:\/\/www.kaviargauche.com\/de\/wp-json\/wp\/v2\/media?parent=2068"}],"wp:term":[{"taxonomy":"product_brand","embeddable":true,"href":"https:\/\/www.kaviargauche.com\/de\/wp-json\/wp\/v2\/product_brand?post=2068"},{"taxonomy":"product_cat","embeddable":true,"href":"https:\/\/www.kaviargauche.com\/de\/wp-json\/wp\/v2\/product_cat?post=2068"},{"taxonomy":"product_tag","embeddable":true,"href":"https:\/\/www.kaviargauche.com\/de\/wp-json\/wp\/v2\/product_tag?post=2068"}],"curies":[{"name":"wp","href":"https:\/\/api.w.org\/{rel}","templated":true}]}}