
{"id":2101,"date":"2022-02-22T15:15:14","date_gmt":"2022-08-25T13:42:09","guid":{"rendered":"https:\/\/www.kaviargauche.com\/?post_type=product&#038;p=2101"},"modified":"2025-04-22T15:30:47","modified_gmt":"2025-04-22T13:30:47","slug":"rose-garden-veil","status":"publish","type":"product","link":"https:\/\/www.kaviargauche.com\/de\/produkt\/rose-garden-veil\/","title":{"rendered":"Rose Garden Veil"},"content":{"rendered":"<p>Der doppellagige Hochzeitsschleier mit gro\u00dfz\u00fcgiger Schleppe wurde mit der charakteristischen Bl\u00fctenspitze der \u201e<a href=\"https:\/\/www.kaviargauche.com\/de\/kollektionen\/la-vie-en-rose\/\">La Vie En Rose<\/a>\u201c Kollektion best\u00fcckt. Das Ergebnis ist ein atemberaubendes Accessoire f\u00fcr Ihr perfektes Brautkleid im k\u00f6niglichen Stil.<\/p>\n<p>Kamm in gold<br \/>\nhandgefertigt in unserem Berliner Atelier<\/p>\n<p>T\u00fcll: 100% Polyamid<br \/>\nBorte: 32% Polyamid, 24% Viskose, 44% Baumwolle<\/p>\n<p>Der abgebildete Haarschmuck ist nicht im Preis inbegriffen sondern separat in unserem <a href=\"https:\/\/www.kaviargauche.com\/de\/\">Online Shop<\/a> erh\u00e4ltlich.<\/p>\n<p>MADE WITH LOVE IN GERMANY<\/p>\n","protected":false},"excerpt":{"rendered":"<p>Hochzeitsschleier aus T\u00fcll mit &#8222;Rose Garden&#8220; Spitzenborte<\/p>\n","protected":false},"featured_media":1389,"template":"","meta":{"_acf_changed":false},"product_brand":[],"product_cat":[491,492],"product_tag":[],"class_list":{"0":"post-2101","1":"product","2":"type-product","3":"status-publish","4":"has-post-thumbnail","6":"product_cat-brautschleier","7":"product_cat-la-vie-en-rose-de","8":"product_shipping_class-klein-de","10":"first","11":"instock","12":"taxable","13":"shipping-taxable","14":"purchasable","15":"product-type-simple"},"acf":[],"yoast_head":"<!-- This site is optimized with the Yoast SEO Premium plugin v26.3 (Yoast SEO v27.5) - https:\/\/yoast.com\/product\/yoast-seo-premium-wordpress\/ -->\n<title>Rose Garden Veil - Kaviar Gauche<\/title>\n<meta name=\"description\" content=\"Doppellagiger Hochzeitsschleier mit royaler Schleppe und Bl\u00fctenspitze aus der \u201eLa Vie En Rose\u201c Kollektion \u2013 ein romantisches Highlight f\u00fcr Ihr Brautkleid.\" \/>\n<meta name=\"robots\" content=\"index, follow, max-snippet:-1, max-image-preview:large, max-video-preview:-1\" \/>\n<link rel=\"canonical\" href=\"https:\/\/www.kaviargauche.com\/de\/produkt\/rose-garden-veil\/\" \/>\n<meta property=\"og:locale\" content=\"de_DE\" \/>\n<meta property=\"og:type\" content=\"article\" \/>\n<meta property=\"og:title\" content=\"Rose Garden Veil\" \/>\n<meta property=\"og:description\" content=\"Doppellagiger Hochzeitsschleier mit royaler Schleppe und Bl\u00fctenspitze aus der \u201eLa Vie En Rose\u201c Kollektion \u2013 ein romantisches Highlight f\u00fcr Ihr Brautkleid.\" \/>\n<meta property=\"og:url\" content=\"https:\/\/www.kaviargauche.com\/de\/produkt\/rose-garden-veil\/\" \/>\n<meta property=\"og:site_name\" content=\"Kaviar Gauche\" \/>\n<meta property=\"article:publisher\" content=\"https:\/\/www.facebook.com\/kaviargauche\" \/>\n<meta property=\"article:modified_time\" content=\"2025-04-22T13:30:47+00:00\" \/>\n<meta property=\"og:image\" content=\"https:\/\/www.kaviargauche.com\/wp-content\/uploads\/ROSE-GARDEN-VEIL-Kaviar-gauche-Berlin-Duesseldorf-Muenchen-scaled.jpeg\" \/>\n\t<meta property=\"og:image:width\" content=\"1707\" \/>\n\t<meta property=\"og:image:height\" content=\"2560\" \/>\n\t<meta property=\"og:image:type\" content=\"image\/jpeg\" \/>\n<meta name=\"twitter:card\" content=\"summary_large_image\" \/>\n<meta name=\"twitter:label1\" content=\"Gesch\u00e4tzte Lesezeit\" \/>\n\t<meta name=\"twitter:data1\" content=\"1\u00a0Minute\" \/>\n<script type=\"application\/ld+json\" class=\"yoast-schema-graph\">{\"@context\":\"https:\\\/\\\/schema.org\",\"@graph\":[{\"@type\":\"WebPage\",\"@id\":\"https:\\\/\\\/www.kaviargauche.com\\\/de\\\/produkt\\\/rose-garden-veil\\\/\",\"url\":\"https:\\\/\\\/www.kaviargauche.com\\\/de\\\/produkt\\\/rose-garden-veil\\\/\",\"name\":\"Rose Garden Veil - Kaviar Gauche\",\"isPartOf\":{\"@id\":\"https:\\\/\\\/www.kaviargauche.com\\\/de\\\/#website\"},\"primaryImageOfPage\":{\"@id\":\"https:\\\/\\\/www.kaviargauche.com\\\/de\\\/produkt\\\/rose-garden-veil\\\/#primaryimage\"},\"image\":{\"@id\":\"https:\\\/\\\/www.kaviargauche.com\\\/de\\\/produkt\\\/rose-garden-veil\\\/#primaryimage\"},\"thumbnailUrl\":\"https:\\\/\\\/www.kaviargauche.com\\\/wp-content\\\/uploads\\\/ROSE-GARDEN-VEIL-Kaviar-gauche-Berlin-Duesseldorf-Muenchen-scaled.jpeg\",\"datePublished\":\"2022-08-25T13:42:09+00:00\",\"dateModified\":\"2025-04-22T13:30:47+00:00\",\"description\":\"Doppellagiger Hochzeitsschleier mit royaler Schleppe und Bl\u00fctenspitze aus der \u201eLa Vie En Rose\u201c Kollektion \u2013 ein romantisches Highlight f\u00fcr Ihr Brautkleid.\",\"breadcrumb\":{\"@id\":\"https:\\\/\\\/www.kaviargauche.com\\\/de\\\/produkt\\\/rose-garden-veil\\\/#breadcrumb\"},\"inLanguage\":\"de\",\"potentialAction\":[{\"@type\":\"ReadAction\",\"target\":[\"https:\\\/\\\/www.kaviargauche.com\\\/de\\\/produkt\\\/rose-garden-veil\\\/\"]}]},{\"@type\":\"ImageObject\",\"inLanguage\":\"de\",\"@id\":\"https:\\\/\\\/www.kaviargauche.com\\\/de\\\/produkt\\\/rose-garden-veil\\\/#primaryimage\",\"url\":\"https:\\\/\\\/www.kaviargauche.com\\\/wp-content\\\/uploads\\\/ROSE-GARDEN-VEIL-Kaviar-gauche-Berlin-Duesseldorf-Muenchen-scaled.jpeg\",\"contentUrl\":\"https:\\\/\\\/www.kaviargauche.com\\\/wp-content\\\/uploads\\\/ROSE-GARDEN-VEIL-Kaviar-gauche-Berlin-Duesseldorf-Muenchen-scaled.jpeg\",\"width\":1707,\"height\":2560,\"caption\":\"Hochzeitsschleier mit Spitzenborte\"},{\"@type\":\"BreadcrumbList\",\"@id\":\"https:\\\/\\\/www.kaviargauche.com\\\/de\\\/produkt\\\/rose-garden-veil\\\/#breadcrumb\",\"itemListElement\":[{\"@type\":\"ListItem\",\"position\":1,\"name\":\"Home\",\"item\":\"https:\\\/\\\/www.kaviargauche.com\\\/de\\\/\"},{\"@type\":\"ListItem\",\"position\":2,\"name\":\"Shop\",\"item\":\"https:\\\/\\\/www.kaviargauche.com\\\/de\\\/shop-2\\\/\"},{\"@type\":\"ListItem\",\"position\":3,\"name\":\"Rose Garden Veil\"}]},{\"@type\":\"WebSite\",\"@id\":\"https:\\\/\\\/www.kaviargauche.com\\\/de\\\/#website\",\"url\":\"https:\\\/\\\/www.kaviargauche.com\\\/de\\\/\",\"name\":\"Kaviar Gauche\",\"description\":\"Bridal Couture\",\"publisher\":{\"@id\":\"https:\\\/\\\/www.kaviargauche.com\\\/de\\\/#organization\"},\"potentialAction\":[{\"@type\":\"SearchAction\",\"target\":{\"@type\":\"EntryPoint\",\"urlTemplate\":\"https:\\\/\\\/www.kaviargauche.com\\\/de\\\/?s={search_term_string}\"},\"query-input\":{\"@type\":\"PropertyValueSpecification\",\"valueRequired\":true,\"valueName\":\"search_term_string\"}}],\"inLanguage\":\"de\"},{\"@type\":\"Organization\",\"@id\":\"https:\\\/\\\/www.kaviargauche.com\\\/de\\\/#organization\",\"name\":\"KAVIAR GAUCHE\",\"url\":\"https:\\\/\\\/www.kaviargauche.com\\\/de\\\/\",\"logo\":{\"@type\":\"ImageObject\",\"inLanguage\":\"de\",\"@id\":\"https:\\\/\\\/www.kaviargauche.com\\\/de\\\/#\\\/schema\\\/logo\\\/image\\\/\",\"url\":\"https:\\\/\\\/www.kaviargauche.com\\\/wp-content\\\/uploads\\\/kaviar-gauche.png\",\"contentUrl\":\"https:\\\/\\\/www.kaviargauche.com\\\/wp-content\\\/uploads\\\/kaviar-gauche.png\",\"width\":512,\"height\":512,\"caption\":\"KAVIAR GAUCHE\"},\"image\":{\"@id\":\"https:\\\/\\\/www.kaviargauche.com\\\/de\\\/#\\\/schema\\\/logo\\\/image\\\/\"},\"sameAs\":[\"https:\\\/\\\/www.facebook.com\\\/kaviargauche\",\"https:\\\/\\\/www.pinterest.de\\\/KaviarGaucheOfficial\\\/\",\"https:\\\/\\\/www.instagram.com\\\/kaviargauche_official\"]}]}<\/script>\n<!-- \/ Yoast SEO Premium plugin. -->","yoast_head_json":{"title":"Rose Garden Veil - Kaviar Gauche","description":"Doppellagiger Hochzeitsschleier mit royaler Schleppe und Bl\u00fctenspitze aus der \u201eLa Vie En Rose\u201c Kollektion \u2013 ein romantisches Highlight f\u00fcr Ihr Brautkleid.","robots":{"index":"index","follow":"follow","max-snippet":"max-snippet:-1","max-image-preview":"max-image-preview:large","max-video-preview":"max-video-preview:-1"},"canonical":"https:\/\/www.kaviargauche.com\/de\/produkt\/rose-garden-veil\/","og_locale":"de_DE","og_type":"article","og_title":"Rose Garden Veil","og_description":"Doppellagiger Hochzeitsschleier mit royaler Schleppe und Bl\u00fctenspitze aus der \u201eLa Vie En Rose\u201c Kollektion \u2013 ein romantisches Highlight f\u00fcr Ihr Brautkleid.","og_url":"https:\/\/www.kaviargauche.com\/de\/produkt\/rose-garden-veil\/","og_site_name":"Kaviar Gauche","article_publisher":"https:\/\/www.facebook.com\/kaviargauche","article_modified_time":"2025-04-22T13:30:47+00:00","og_image":[{"width":1707,"height":2560,"url":"https:\/\/www.kaviargauche.com\/wp-content\/uploads\/ROSE-GARDEN-VEIL-Kaviar-gauche-Berlin-Duesseldorf-Muenchen-scaled.jpeg","type":"image\/jpeg"}],"twitter_card":"summary_large_image","twitter_misc":{"Gesch\u00e4tzte Lesezeit":"1\u00a0Minute"},"schema":{"@context":"https:\/\/schema.org","@graph":[{"@type":"WebPage","@id":"https:\/\/www.kaviargauche.com\/de\/produkt\/rose-garden-veil\/","url":"https:\/\/www.kaviargauche.com\/de\/produkt\/rose-garden-veil\/","name":"Rose Garden Veil - Kaviar Gauche","isPartOf":{"@id":"https:\/\/www.kaviargauche.com\/de\/#website"},"primaryImageOfPage":{"@id":"https:\/\/www.kaviargauche.com\/de\/produkt\/rose-garden-veil\/#primaryimage"},"image":{"@id":"https:\/\/www.kaviargauche.com\/de\/produkt\/rose-garden-veil\/#primaryimage"},"thumbnailUrl":"https:\/\/www.kaviargauche.com\/wp-content\/uploads\/ROSE-GARDEN-VEIL-Kaviar-gauche-Berlin-Duesseldorf-Muenchen-scaled.jpeg","datePublished":"2022-08-25T13:42:09+00:00","dateModified":"2025-04-22T13:30:47+00:00","description":"Doppellagiger Hochzeitsschleier mit royaler Schleppe und Bl\u00fctenspitze aus der \u201eLa Vie En Rose\u201c Kollektion \u2013 ein romantisches Highlight f\u00fcr Ihr Brautkleid.","breadcrumb":{"@id":"https:\/\/www.kaviargauche.com\/de\/produkt\/rose-garden-veil\/#breadcrumb"},"inLanguage":"de","potentialAction":[{"@type":"ReadAction","target":["https:\/\/www.kaviargauche.com\/de\/produkt\/rose-garden-veil\/"]}]},{"@type":"ImageObject","inLanguage":"de","@id":"https:\/\/www.kaviargauche.com\/de\/produkt\/rose-garden-veil\/#primaryimage","url":"https:\/\/www.kaviargauche.com\/wp-content\/uploads\/ROSE-GARDEN-VEIL-Kaviar-gauche-Berlin-Duesseldorf-Muenchen-scaled.jpeg","contentUrl":"https:\/\/www.kaviargauche.com\/wp-content\/uploads\/ROSE-GARDEN-VEIL-Kaviar-gauche-Berlin-Duesseldorf-Muenchen-scaled.jpeg","width":1707,"height":2560,"caption":"Hochzeitsschleier mit Spitzenborte"},{"@type":"BreadcrumbList","@id":"https:\/\/www.kaviargauche.com\/de\/produkt\/rose-garden-veil\/#breadcrumb","itemListElement":[{"@type":"ListItem","position":1,"name":"Home","item":"https:\/\/www.kaviargauche.com\/de\/"},{"@type":"ListItem","position":2,"name":"Shop","item":"https:\/\/www.kaviargauche.com\/de\/shop-2\/"},{"@type":"ListItem","position":3,"name":"Rose Garden Veil"}]},{"@type":"WebSite","@id":"https:\/\/www.kaviargauche.com\/de\/#website","url":"https:\/\/www.kaviargauche.com\/de\/","name":"Kaviar Gauche","description":"Bridal Couture","publisher":{"@id":"https:\/\/www.kaviargauche.com\/de\/#organization"},"potentialAction":[{"@type":"SearchAction","target":{"@type":"EntryPoint","urlTemplate":"https:\/\/www.kaviargauche.com\/de\/?s={search_term_string}"},"query-input":{"@type":"PropertyValueSpecification","valueRequired":true,"valueName":"search_term_string"}}],"inLanguage":"de"},{"@type":"Organization","@id":"https:\/\/www.kaviargauche.com\/de\/#organization","name":"KAVIAR GAUCHE","url":"https:\/\/www.kaviargauche.com\/de\/","logo":{"@type":"ImageObject","inLanguage":"de","@id":"https:\/\/www.kaviargauche.com\/de\/#\/schema\/logo\/image\/","url":"https:\/\/www.kaviargauche.com\/wp-content\/uploads\/kaviar-gauche.png","contentUrl":"https:\/\/www.kaviargauche.com\/wp-content\/uploads\/kaviar-gauche.png","width":512,"height":512,"caption":"KAVIAR GAUCHE"},"image":{"@id":"https:\/\/www.kaviargauche.com\/de\/#\/schema\/logo\/image\/"},"sameAs":["https:\/\/www.facebook.com\/kaviargauche","https:\/\/www.pinterest.de\/KaviarGaucheOfficial\/","https:\/\/www.instagram.com\/kaviargauche_official"]}]}},"jetpack_sharing_enabled":true,"_links":{"self":[{"href":"https:\/\/www.kaviargauche.com\/de\/wp-json\/wp\/v2\/product\/2101","targetHints":{"allow":["GET"]}}],"collection":[{"href":"https:\/\/www.kaviargauche.com\/de\/wp-json\/wp\/v2\/product"}],"about":[{"href":"https:\/\/www.kaviargauche.com\/de\/wp-json\/wp\/v2\/types\/product"}],"wp:featuredmedia":[{"embeddable":true,"href":"https:\/\/www.kaviargauche.com\/de\/wp-json\/wp\/v2\/media\/1389"}],"wp:attachment":[{"href":"https:\/\/www.kaviargauche.com\/de\/wp-json\/wp\/v2\/media?parent=2101"}],"wp:term":[{"taxonomy":"product_brand","embeddable":true,"href":"https:\/\/www.kaviargauche.com\/de\/wp-json\/wp\/v2\/product_brand?post=2101"},{"taxonomy":"product_cat","embeddable":true,"href":"https:\/\/www.kaviargauche.com\/de\/wp-json\/wp\/v2\/product_cat?post=2101"},{"taxonomy":"product_tag","embeddable":true,"href":"https:\/\/www.kaviargauche.com\/de\/wp-json\/wp\/v2\/product_tag?post=2101"}],"curies":[{"name":"wp","href":"https:\/\/api.w.org\/{rel}","templated":true}]}}