
{"id":2181,"date":"2022-02-23T09:25:17","date_gmt":"2022-02-23T09:25:17","guid":{"rendered":"https:\/\/www.kaviargauche.com\/?post_type=product&#038;p=2181"},"modified":"2026-04-21T16:12:58","modified_gmt":"2026-04-21T14:12:58","slug":"the-seraphim-long-necklace","status":"publish","type":"product","link":"https:\/\/www.kaviargauche.com\/de\/produkt\/the-seraphim-long-necklace\/","title":{"rendered":"The Seraphim Long Necklace"},"content":{"rendered":"<p>Maximova Jewelry f\u00fcr Kaviar Gauche. Die lange Kette mit feiner S\u00fc\u00dfwasserperle ist das perfekte Accessoire f\u00fcr elegante Anl\u00e4sse aber auch f\u00fcr Br\u00e4ute.<\/p>\n<p>&#8211; 925 Sterling Silber, 14 K vergoldet oder 925 Sterling Silber<br \/>\n&#8211; S\u00fc\u00dfwasserperle<\/p>\n<p>-62cm Kette<br \/>\n&#8211; 5,5 cm Anh\u00e4nger<\/p>\n<p>Auch in kurz verf\u00fcgbar.<\/p>\n","protected":false},"excerpt":{"rendered":"<p class=\"p1\">Maximova Jewelry f\u00fcr Kaviar Gauche<\/p>\n","protected":false},"featured_media":1507,"template":"","meta":{"_acf_changed":false},"product_brand":[],"product_cat":[666,505,870],"product_tag":[],"class_list":{"0":"post-2181","1":"product","2":"type-product","3":"status-publish","4":"has-post-thumbnail","6":"product_cat-sale-de","7":"product_cat-schmuck","8":"product_cat-schnelle-lieferung","9":"product_shipping_class-klein-de","11":"first","12":"instock","13":"sale","14":"taxable","15":"shipping-taxable","16":"purchasable","17":"product-type-variable","18":"wvs-archive-product-wrapper"},"acf":[],"yoast_head":"<!-- This site is optimized with the Yoast SEO Premium plugin v26.3 (Yoast SEO v27.3) - https:\/\/yoast.com\/product\/yoast-seo-premium-wordpress\/ -->\n<title>The Seraphim Long Necklace - Kaviar Gauche<\/title>\n<meta name=\"description\" content=\"Maximova Jewelry f\u00fcr Kaviar Gauche. Die lange Kette mit feiner S\u00fc\u00dfwasserperle ist das perfekte Accessoire f\u00fcr elegante Anl\u00e4sse aber auch f\u00fcr Br\u00e4ute.\" \/>\n<meta name=\"robots\" content=\"index, follow, max-snippet:-1, max-image-preview:large, max-video-preview:-1\" \/>\n<link rel=\"canonical\" href=\"https:\/\/www.kaviargauche.com\/de\/produkt\/the-seraphim-long-necklace\/\" \/>\n<meta property=\"og:locale\" content=\"de_DE\" \/>\n<meta property=\"og:type\" content=\"article\" \/>\n<meta property=\"og:title\" content=\"The Seraphim Long Necklace\" \/>\n<meta property=\"og:description\" content=\"Maximova Jewelry f\u00fcr Kaviar Gauche. Die lange Kette mit feiner S\u00fc\u00dfwasserperle ist das perfekte Accessoire f\u00fcr elegante Anl\u00e4sse aber auch f\u00fcr Br\u00e4ute.\" \/>\n<meta property=\"og:url\" content=\"https:\/\/www.kaviargauche.com\/de\/produkt\/the-seraphim-long-necklace\/\" \/>\n<meta property=\"og:site_name\" content=\"Kaviar Gauche\" \/>\n<meta property=\"article:publisher\" content=\"https:\/\/www.facebook.com\/kaviargauche\" \/>\n<meta property=\"article:modified_time\" content=\"2026-04-21T14:12:58+00:00\" \/>\n<meta property=\"og:image\" content=\"https:\/\/www.kaviargauche.com\/wp-content\/uploads\/THE-SERAPHIM-LONG-1.png\" \/>\n\t<meta property=\"og:image:width\" content=\"5269\" \/>\n\t<meta property=\"og:image:height\" content=\"5269\" \/>\n\t<meta property=\"og:image:type\" content=\"image\/png\" \/>\n<meta name=\"twitter:card\" content=\"summary_large_image\" \/>\n<meta name=\"twitter:label1\" content=\"Gesch\u00e4tzte Lesezeit\" \/>\n\t<meta name=\"twitter:data1\" content=\"1\u00a0Minute\" \/>\n<script type=\"application\/ld+json\" class=\"yoast-schema-graph\">{\"@context\":\"https:\\\/\\\/schema.org\",\"@graph\":[{\"@type\":\"WebPage\",\"@id\":\"https:\\\/\\\/www.kaviargauche.com\\\/de\\\/produkt\\\/the-seraphim-long-necklace\\\/\",\"url\":\"https:\\\/\\\/www.kaviargauche.com\\\/de\\\/produkt\\\/the-seraphim-long-necklace\\\/\",\"name\":\"The Seraphim Long Necklace - Kaviar Gauche\",\"isPartOf\":{\"@id\":\"https:\\\/\\\/www.kaviargauche.com\\\/de\\\/#website\"},\"primaryImageOfPage\":{\"@id\":\"https:\\\/\\\/www.kaviargauche.com\\\/de\\\/produkt\\\/the-seraphim-long-necklace\\\/#primaryimage\"},\"image\":{\"@id\":\"https:\\\/\\\/www.kaviargauche.com\\\/de\\\/produkt\\\/the-seraphim-long-necklace\\\/#primaryimage\"},\"thumbnailUrl\":\"https:\\\/\\\/www.kaviargauche.com\\\/wp-content\\\/uploads\\\/THE-SERAPHIM-LONG-1.png\",\"datePublished\":\"2022-02-23T09:25:17+00:00\",\"dateModified\":\"2026-04-21T14:12:58+00:00\",\"description\":\"Maximova Jewelry f\u00fcr Kaviar Gauche. Die lange Kette mit feiner S\u00fc\u00dfwasserperle ist das perfekte Accessoire f\u00fcr elegante Anl\u00e4sse aber auch f\u00fcr Br\u00e4ute.\",\"breadcrumb\":{\"@id\":\"https:\\\/\\\/www.kaviargauche.com\\\/de\\\/produkt\\\/the-seraphim-long-necklace\\\/#breadcrumb\"},\"inLanguage\":\"de\",\"potentialAction\":[{\"@type\":\"ReadAction\",\"target\":[\"https:\\\/\\\/www.kaviargauche.com\\\/de\\\/produkt\\\/the-seraphim-long-necklace\\\/\"]}]},{\"@type\":\"ImageObject\",\"inLanguage\":\"de\",\"@id\":\"https:\\\/\\\/www.kaviargauche.com\\\/de\\\/produkt\\\/the-seraphim-long-necklace\\\/#primaryimage\",\"url\":\"https:\\\/\\\/www.kaviargauche.com\\\/wp-content\\\/uploads\\\/THE-SERAPHIM-LONG-1.png\",\"contentUrl\":\"https:\\\/\\\/www.kaviargauche.com\\\/wp-content\\\/uploads\\\/THE-SERAPHIM-LONG-1.png\",\"width\":5269,\"height\":5269,\"caption\":\"THE SERAPHIM LONG Necklace gold\"},{\"@type\":\"BreadcrumbList\",\"@id\":\"https:\\\/\\\/www.kaviargauche.com\\\/de\\\/produkt\\\/the-seraphim-long-necklace\\\/#breadcrumb\",\"itemListElement\":[{\"@type\":\"ListItem\",\"position\":1,\"name\":\"Home\",\"item\":\"https:\\\/\\\/www.kaviargauche.com\\\/de\\\/\"},{\"@type\":\"ListItem\",\"position\":2,\"name\":\"Shop\",\"item\":\"https:\\\/\\\/www.kaviargauche.com\\\/de\\\/shop-2\\\/\"},{\"@type\":\"ListItem\",\"position\":3,\"name\":\"The Seraphim Long Necklace\"}]},{\"@type\":\"WebSite\",\"@id\":\"https:\\\/\\\/www.kaviargauche.com\\\/de\\\/#website\",\"url\":\"https:\\\/\\\/www.kaviargauche.com\\\/de\\\/\",\"name\":\"Kaviar Gauche\",\"description\":\"Bridal Couture\",\"publisher\":{\"@id\":\"https:\\\/\\\/www.kaviargauche.com\\\/de\\\/#organization\"},\"potentialAction\":[{\"@type\":\"SearchAction\",\"target\":{\"@type\":\"EntryPoint\",\"urlTemplate\":\"https:\\\/\\\/www.kaviargauche.com\\\/de\\\/?s={search_term_string}\"},\"query-input\":{\"@type\":\"PropertyValueSpecification\",\"valueRequired\":true,\"valueName\":\"search_term_string\"}}],\"inLanguage\":\"de\"},{\"@type\":\"Organization\",\"@id\":\"https:\\\/\\\/www.kaviargauche.com\\\/de\\\/#organization\",\"name\":\"KAVIAR GAUCHE\",\"url\":\"https:\\\/\\\/www.kaviargauche.com\\\/de\\\/\",\"logo\":{\"@type\":\"ImageObject\",\"inLanguage\":\"de\",\"@id\":\"https:\\\/\\\/www.kaviargauche.com\\\/de\\\/#\\\/schema\\\/logo\\\/image\\\/\",\"url\":\"https:\\\/\\\/www.kaviargauche.com\\\/wp-content\\\/uploads\\\/kaviar-gauche.png\",\"contentUrl\":\"https:\\\/\\\/www.kaviargauche.com\\\/wp-content\\\/uploads\\\/kaviar-gauche.png\",\"width\":512,\"height\":512,\"caption\":\"KAVIAR GAUCHE\"},\"image\":{\"@id\":\"https:\\\/\\\/www.kaviargauche.com\\\/de\\\/#\\\/schema\\\/logo\\\/image\\\/\"},\"sameAs\":[\"https:\\\/\\\/www.facebook.com\\\/kaviargauche\",\"https:\\\/\\\/www.pinterest.de\\\/KaviarGaucheOfficial\\\/\",\"https:\\\/\\\/www.instagram.com\\\/kaviargauche_official\"]}]}<\/script>\n<!-- \/ Yoast SEO Premium plugin. -->","yoast_head_json":{"title":"The Seraphim Long Necklace - Kaviar Gauche","description":"Maximova Jewelry f\u00fcr Kaviar Gauche. Die lange Kette mit feiner S\u00fc\u00dfwasserperle ist das perfekte Accessoire f\u00fcr elegante Anl\u00e4sse aber auch f\u00fcr Br\u00e4ute.","robots":{"index":"index","follow":"follow","max-snippet":"max-snippet:-1","max-image-preview":"max-image-preview:large","max-video-preview":"max-video-preview:-1"},"canonical":"https:\/\/www.kaviargauche.com\/de\/produkt\/the-seraphim-long-necklace\/","og_locale":"de_DE","og_type":"article","og_title":"The Seraphim Long Necklace","og_description":"Maximova Jewelry f\u00fcr Kaviar Gauche. Die lange Kette mit feiner S\u00fc\u00dfwasserperle ist das perfekte Accessoire f\u00fcr elegante Anl\u00e4sse aber auch f\u00fcr Br\u00e4ute.","og_url":"https:\/\/www.kaviargauche.com\/de\/produkt\/the-seraphim-long-necklace\/","og_site_name":"Kaviar Gauche","article_publisher":"https:\/\/www.facebook.com\/kaviargauche","article_modified_time":"2026-04-21T14:12:58+00:00","og_image":[{"width":5269,"height":5269,"url":"https:\/\/www.kaviargauche.com\/wp-content\/uploads\/THE-SERAPHIM-LONG-1.png","type":"image\/png"}],"twitter_card":"summary_large_image","twitter_misc":{"Gesch\u00e4tzte Lesezeit":"1\u00a0Minute"},"schema":{"@context":"https:\/\/schema.org","@graph":[{"@type":"WebPage","@id":"https:\/\/www.kaviargauche.com\/de\/produkt\/the-seraphim-long-necklace\/","url":"https:\/\/www.kaviargauche.com\/de\/produkt\/the-seraphim-long-necklace\/","name":"The Seraphim Long Necklace - Kaviar Gauche","isPartOf":{"@id":"https:\/\/www.kaviargauche.com\/de\/#website"},"primaryImageOfPage":{"@id":"https:\/\/www.kaviargauche.com\/de\/produkt\/the-seraphim-long-necklace\/#primaryimage"},"image":{"@id":"https:\/\/www.kaviargauche.com\/de\/produkt\/the-seraphim-long-necklace\/#primaryimage"},"thumbnailUrl":"https:\/\/www.kaviargauche.com\/wp-content\/uploads\/THE-SERAPHIM-LONG-1.png","datePublished":"2022-02-23T09:25:17+00:00","dateModified":"2026-04-21T14:12:58+00:00","description":"Maximova Jewelry f\u00fcr Kaviar Gauche. Die lange Kette mit feiner S\u00fc\u00dfwasserperle ist das perfekte Accessoire f\u00fcr elegante Anl\u00e4sse aber auch f\u00fcr Br\u00e4ute.","breadcrumb":{"@id":"https:\/\/www.kaviargauche.com\/de\/produkt\/the-seraphim-long-necklace\/#breadcrumb"},"inLanguage":"de","potentialAction":[{"@type":"ReadAction","target":["https:\/\/www.kaviargauche.com\/de\/produkt\/the-seraphim-long-necklace\/"]}]},{"@type":"ImageObject","inLanguage":"de","@id":"https:\/\/www.kaviargauche.com\/de\/produkt\/the-seraphim-long-necklace\/#primaryimage","url":"https:\/\/www.kaviargauche.com\/wp-content\/uploads\/THE-SERAPHIM-LONG-1.png","contentUrl":"https:\/\/www.kaviargauche.com\/wp-content\/uploads\/THE-SERAPHIM-LONG-1.png","width":5269,"height":5269,"caption":"THE SERAPHIM LONG Necklace gold"},{"@type":"BreadcrumbList","@id":"https:\/\/www.kaviargauche.com\/de\/produkt\/the-seraphim-long-necklace\/#breadcrumb","itemListElement":[{"@type":"ListItem","position":1,"name":"Home","item":"https:\/\/www.kaviargauche.com\/de\/"},{"@type":"ListItem","position":2,"name":"Shop","item":"https:\/\/www.kaviargauche.com\/de\/shop-2\/"},{"@type":"ListItem","position":3,"name":"The Seraphim Long Necklace"}]},{"@type":"WebSite","@id":"https:\/\/www.kaviargauche.com\/de\/#website","url":"https:\/\/www.kaviargauche.com\/de\/","name":"Kaviar Gauche","description":"Bridal Couture","publisher":{"@id":"https:\/\/www.kaviargauche.com\/de\/#organization"},"potentialAction":[{"@type":"SearchAction","target":{"@type":"EntryPoint","urlTemplate":"https:\/\/www.kaviargauche.com\/de\/?s={search_term_string}"},"query-input":{"@type":"PropertyValueSpecification","valueRequired":true,"valueName":"search_term_string"}}],"inLanguage":"de"},{"@type":"Organization","@id":"https:\/\/www.kaviargauche.com\/de\/#organization","name":"KAVIAR GAUCHE","url":"https:\/\/www.kaviargauche.com\/de\/","logo":{"@type":"ImageObject","inLanguage":"de","@id":"https:\/\/www.kaviargauche.com\/de\/#\/schema\/logo\/image\/","url":"https:\/\/www.kaviargauche.com\/wp-content\/uploads\/kaviar-gauche.png","contentUrl":"https:\/\/www.kaviargauche.com\/wp-content\/uploads\/kaviar-gauche.png","width":512,"height":512,"caption":"KAVIAR GAUCHE"},"image":{"@id":"https:\/\/www.kaviargauche.com\/de\/#\/schema\/logo\/image\/"},"sameAs":["https:\/\/www.facebook.com\/kaviargauche","https:\/\/www.pinterest.de\/KaviarGaucheOfficial\/","https:\/\/www.instagram.com\/kaviargauche_official"]}]}},"jetpack_sharing_enabled":true,"_links":{"self":[{"href":"https:\/\/www.kaviargauche.com\/de\/wp-json\/wp\/v2\/product\/2181","targetHints":{"allow":["GET"]}}],"collection":[{"href":"https:\/\/www.kaviargauche.com\/de\/wp-json\/wp\/v2\/product"}],"about":[{"href":"https:\/\/www.kaviargauche.com\/de\/wp-json\/wp\/v2\/types\/product"}],"wp:featuredmedia":[{"embeddable":true,"href":"https:\/\/www.kaviargauche.com\/de\/wp-json\/wp\/v2\/media\/1507"}],"wp:attachment":[{"href":"https:\/\/www.kaviargauche.com\/de\/wp-json\/wp\/v2\/media?parent=2181"}],"wp:term":[{"taxonomy":"product_brand","embeddable":true,"href":"https:\/\/www.kaviargauche.com\/de\/wp-json\/wp\/v2\/product_brand?post=2181"},{"taxonomy":"product_cat","embeddable":true,"href":"https:\/\/www.kaviargauche.com\/de\/wp-json\/wp\/v2\/product_cat?post=2181"},{"taxonomy":"product_tag","embeddable":true,"href":"https:\/\/www.kaviargauche.com\/de\/wp-json\/wp\/v2\/product_tag?post=2181"}],"curies":[{"name":"wp","href":"https:\/\/api.w.org\/{rel}","templated":true}]}}