
{"id":21993,"date":"2024-10-08T16:00:41","date_gmt":"2024-10-08T14:00:41","guid":{"rendered":"https:\/\/www.kaviargauche.com\/?post_type=product&#038;p=21993"},"modified":"2025-09-26T14:59:43","modified_gmt":"2025-09-26T12:59:43","slug":"fil-coupe-bustier-dress","status":"publish","type":"product","link":"https:\/\/www.kaviargauche.com\/de\/produkt\/fil-coupe-bustier-dress\/","title":{"rendered":"Fil Coup\u00e9 Bustier Dress"},"content":{"rendered":"<p>Das Fil Coup\u00e9 Bustier Brautkleid von Kaviar Gauche ist ein bodenlanges, tr\u00e4gerloses Hochzeitskleid aus edlem Fil Coup\u00e9 Stoff. Die extravaganten \u00c4rmel und der taillierte Schnitt sorgen f\u00fcr eine elegante Silhouette. Der hohe Beinschlitz und die zarte Schleppe verleihen dem Kleid eine luxuri\u00f6se und verspielte Note &#8211; perfekt f\u00fcr die moderne Braut.<\/p>\n<p>Brautkleid mit Schleppe nur in unseren Stores in <a href=\"https:\/\/www.kaviargauche.com\/de\/unsere-boutiquen\/stores-berlin\/\">Berlin<\/a> und <a href=\"https:\/\/www.kaviargauche.com\/de\/unsere-boutiquen\/stores-muenchen\/\">M\u00fcnchen<\/a> erh\u00e4ltlich. Online nur bodenlang.<\/p>\n<p>Oberstoff: 65% Polyester, 20% Seide, 12% Metallisiertes Polyester, 3% Polyamid<br \/>\nFutterstoff: 100% Seide<\/p>\n<p>MADE WITH LOVE IN GERMANY<\/p>\n","protected":false},"excerpt":{"rendered":"<p>Couture-Hochzeitskleid mit opulenten \u00c4rmeln und hohem Beinschlitz<\/p>\n","protected":false},"featured_media":24744,"template":"","meta":{"_acf_changed":false},"product_brand":[],"product_cat":[541,473,552,965,472,474,543,604],"product_tag":[],"class_list":{"0":"post-21993","1":"product","2":"type-product","3":"status-publish","4":"has-post-thumbnail","6":"product_cat-a-line-de","7":"product_cat-brautkleider","8":"product_cat-glamouroes-de","9":"product_cat-grande-fleur-de","10":"product_cat-kleider","11":"product_cat-lange-kleider","12":"product_cat-modern-classic-de","13":"product_cat-style-de","15":"first","16":"instock","17":"taxable","18":"shipping-taxable","19":"purchasable","20":"product-type-variable","21":"wvs-archive-product-wrapper"},"acf":[],"yoast_head":"<!-- This site is optimized with the Yoast SEO Premium plugin v26.3 (Yoast SEO v27.4) - https:\/\/yoast.com\/product\/yoast-seo-premium-wordpress\/ -->\n<title>Fil Coup\u00e9 Bustier Dress von Kaviar Gauche<\/title>\n<meta name=\"description\" content=\"Fil Coup\u00e9 Bustier Dress: bodenlanges, schulterfreies Brautkleid mit extravaganten \u00c4rmeln und hohem Beinschlitz f\u00fcr eine verspielte, elegante Note.\" \/>\n<meta name=\"robots\" content=\"index, follow, max-snippet:-1, max-image-preview:large, max-video-preview:-1\" \/>\n<link rel=\"canonical\" href=\"https:\/\/www.kaviargauche.com\/de\/produkt\/fil-coupe-bustier-dress\/\" \/>\n<meta property=\"og:locale\" content=\"de_DE\" \/>\n<meta property=\"og:type\" content=\"article\" \/>\n<meta property=\"og:title\" content=\"Fil Coup\u00e9 Bustier Dress\" \/>\n<meta property=\"og:description\" content=\"Fil Coup\u00e9 Bustier Dress: bodenlanges, schulterfreies Brautkleid mit extravaganten \u00c4rmeln und hohem Beinschlitz f\u00fcr eine verspielte, elegante Note.\" \/>\n<meta property=\"og:url\" content=\"https:\/\/www.kaviargauche.com\/de\/produkt\/fil-coupe-bustier-dress\/\" \/>\n<meta property=\"og:site_name\" content=\"Kaviar Gauche\" \/>\n<meta property=\"article:publisher\" content=\"https:\/\/www.facebook.com\/kaviargauche\" \/>\n<meta property=\"article:modified_time\" content=\"2025-09-26T12:59:43+00:00\" \/>\n<meta property=\"og:image\" content=\"https:\/\/www.kaviargauche.com\/wp-content\/uploads\/Kaviar_Gauche_GrandeFleur_FilCoupeBustierDress_Retusche_05.jpg\" \/>\n\t<meta property=\"og:image:width\" content=\"1000\" \/>\n\t<meta property=\"og:image:height\" content=\"1499\" \/>\n\t<meta property=\"og:image:type\" content=\"image\/jpeg\" \/>\n<meta name=\"twitter:card\" content=\"summary_large_image\" \/>\n<meta name=\"twitter:label1\" content=\"Gesch\u00e4tzte Lesezeit\" \/>\n\t<meta name=\"twitter:data1\" content=\"1\u00a0Minute\" \/>\n<script type=\"application\/ld+json\" class=\"yoast-schema-graph\">{\"@context\":\"https:\\\/\\\/schema.org\",\"@graph\":[{\"@type\":\"WebPage\",\"@id\":\"https:\\\/\\\/www.kaviargauche.com\\\/de\\\/produkt\\\/fil-coupe-bustier-dress\\\/\",\"url\":\"https:\\\/\\\/www.kaviargauche.com\\\/de\\\/produkt\\\/fil-coupe-bustier-dress\\\/\",\"name\":\"Fil Coup\u00e9 Bustier Dress von Kaviar Gauche\",\"isPartOf\":{\"@id\":\"https:\\\/\\\/www.kaviargauche.com\\\/de\\\/#website\"},\"primaryImageOfPage\":{\"@id\":\"https:\\\/\\\/www.kaviargauche.com\\\/de\\\/produkt\\\/fil-coupe-bustier-dress\\\/#primaryimage\"},\"image\":{\"@id\":\"https:\\\/\\\/www.kaviargauche.com\\\/de\\\/produkt\\\/fil-coupe-bustier-dress\\\/#primaryimage\"},\"thumbnailUrl\":\"https:\\\/\\\/www.kaviargauche.com\\\/wp-content\\\/uploads\\\/Kaviar_Gauche_GrandeFleur_FilCoupeBustierDress_Retusche_05.jpg\",\"datePublished\":\"2024-10-08T14:00:41+00:00\",\"dateModified\":\"2025-09-26T12:59:43+00:00\",\"description\":\"Fil Coup\u00e9 Bustier Dress: bodenlanges, schulterfreies Brautkleid mit extravaganten \u00c4rmeln und hohem Beinschlitz f\u00fcr eine verspielte, elegante Note.\",\"breadcrumb\":{\"@id\":\"https:\\\/\\\/www.kaviargauche.com\\\/de\\\/produkt\\\/fil-coupe-bustier-dress\\\/#breadcrumb\"},\"inLanguage\":\"de\",\"potentialAction\":[{\"@type\":\"ReadAction\",\"target\":[\"https:\\\/\\\/www.kaviargauche.com\\\/de\\\/produkt\\\/fil-coupe-bustier-dress\\\/\"]}]},{\"@type\":\"ImageObject\",\"inLanguage\":\"de\",\"@id\":\"https:\\\/\\\/www.kaviargauche.com\\\/de\\\/produkt\\\/fil-coupe-bustier-dress\\\/#primaryimage\",\"url\":\"https:\\\/\\\/www.kaviargauche.com\\\/wp-content\\\/uploads\\\/Kaviar_Gauche_GrandeFleur_FilCoupeBustierDress_Retusche_05.jpg\",\"contentUrl\":\"https:\\\/\\\/www.kaviargauche.com\\\/wp-content\\\/uploads\\\/Kaviar_Gauche_GrandeFleur_FilCoupeBustierDress_Retusche_05.jpg\",\"width\":1000,\"height\":1499,\"caption\":\"Kaviar Gauche Bridal Dress\"},{\"@type\":\"BreadcrumbList\",\"@id\":\"https:\\\/\\\/www.kaviargauche.com\\\/de\\\/produkt\\\/fil-coupe-bustier-dress\\\/#breadcrumb\",\"itemListElement\":[{\"@type\":\"ListItem\",\"position\":1,\"name\":\"Home\",\"item\":\"https:\\\/\\\/www.kaviargauche.com\\\/de\\\/\"},{\"@type\":\"ListItem\",\"position\":2,\"name\":\"Shop\",\"item\":\"https:\\\/\\\/www.kaviargauche.com\\\/de\\\/shop-2\\\/\"},{\"@type\":\"ListItem\",\"position\":3,\"name\":\"Fil Coup\u00e9 Bustier Dress\"}]},{\"@type\":\"WebSite\",\"@id\":\"https:\\\/\\\/www.kaviargauche.com\\\/de\\\/#website\",\"url\":\"https:\\\/\\\/www.kaviargauche.com\\\/de\\\/\",\"name\":\"Kaviar Gauche\",\"description\":\"Bridal Couture\",\"publisher\":{\"@id\":\"https:\\\/\\\/www.kaviargauche.com\\\/de\\\/#organization\"},\"potentialAction\":[{\"@type\":\"SearchAction\",\"target\":{\"@type\":\"EntryPoint\",\"urlTemplate\":\"https:\\\/\\\/www.kaviargauche.com\\\/de\\\/?s={search_term_string}\"},\"query-input\":{\"@type\":\"PropertyValueSpecification\",\"valueRequired\":true,\"valueName\":\"search_term_string\"}}],\"inLanguage\":\"de\"},{\"@type\":\"Organization\",\"@id\":\"https:\\\/\\\/www.kaviargauche.com\\\/de\\\/#organization\",\"name\":\"KAVIAR GAUCHE\",\"url\":\"https:\\\/\\\/www.kaviargauche.com\\\/de\\\/\",\"logo\":{\"@type\":\"ImageObject\",\"inLanguage\":\"de\",\"@id\":\"https:\\\/\\\/www.kaviargauche.com\\\/de\\\/#\\\/schema\\\/logo\\\/image\\\/\",\"url\":\"https:\\\/\\\/www.kaviargauche.com\\\/wp-content\\\/uploads\\\/kaviar-gauche.png\",\"contentUrl\":\"https:\\\/\\\/www.kaviargauche.com\\\/wp-content\\\/uploads\\\/kaviar-gauche.png\",\"width\":512,\"height\":512,\"caption\":\"KAVIAR GAUCHE\"},\"image\":{\"@id\":\"https:\\\/\\\/www.kaviargauche.com\\\/de\\\/#\\\/schema\\\/logo\\\/image\\\/\"},\"sameAs\":[\"https:\\\/\\\/www.facebook.com\\\/kaviargauche\",\"https:\\\/\\\/www.pinterest.de\\\/KaviarGaucheOfficial\\\/\",\"https:\\\/\\\/www.instagram.com\\\/kaviargauche_official\"]}]}<\/script>\n<!-- \/ Yoast SEO Premium plugin. -->","yoast_head_json":{"title":"Fil Coup\u00e9 Bustier Dress von Kaviar Gauche","description":"Fil Coup\u00e9 Bustier Dress: bodenlanges, schulterfreies Brautkleid mit extravaganten \u00c4rmeln und hohem Beinschlitz f\u00fcr eine verspielte, elegante Note.","robots":{"index":"index","follow":"follow","max-snippet":"max-snippet:-1","max-image-preview":"max-image-preview:large","max-video-preview":"max-video-preview:-1"},"canonical":"https:\/\/www.kaviargauche.com\/de\/produkt\/fil-coupe-bustier-dress\/","og_locale":"de_DE","og_type":"article","og_title":"Fil Coup\u00e9 Bustier Dress","og_description":"Fil Coup\u00e9 Bustier Dress: bodenlanges, schulterfreies Brautkleid mit extravaganten \u00c4rmeln und hohem Beinschlitz f\u00fcr eine verspielte, elegante Note.","og_url":"https:\/\/www.kaviargauche.com\/de\/produkt\/fil-coupe-bustier-dress\/","og_site_name":"Kaviar Gauche","article_publisher":"https:\/\/www.facebook.com\/kaviargauche","article_modified_time":"2025-09-26T12:59:43+00:00","og_image":[{"width":1000,"height":1499,"url":"https:\/\/www.kaviargauche.com\/wp-content\/uploads\/Kaviar_Gauche_GrandeFleur_FilCoupeBustierDress_Retusche_05.jpg","type":"image\/jpeg"}],"twitter_card":"summary_large_image","twitter_misc":{"Gesch\u00e4tzte Lesezeit":"1\u00a0Minute"},"schema":{"@context":"https:\/\/schema.org","@graph":[{"@type":"WebPage","@id":"https:\/\/www.kaviargauche.com\/de\/produkt\/fil-coupe-bustier-dress\/","url":"https:\/\/www.kaviargauche.com\/de\/produkt\/fil-coupe-bustier-dress\/","name":"Fil Coup\u00e9 Bustier Dress von Kaviar Gauche","isPartOf":{"@id":"https:\/\/www.kaviargauche.com\/de\/#website"},"primaryImageOfPage":{"@id":"https:\/\/www.kaviargauche.com\/de\/produkt\/fil-coupe-bustier-dress\/#primaryimage"},"image":{"@id":"https:\/\/www.kaviargauche.com\/de\/produkt\/fil-coupe-bustier-dress\/#primaryimage"},"thumbnailUrl":"https:\/\/www.kaviargauche.com\/wp-content\/uploads\/Kaviar_Gauche_GrandeFleur_FilCoupeBustierDress_Retusche_05.jpg","datePublished":"2024-10-08T14:00:41+00:00","dateModified":"2025-09-26T12:59:43+00:00","description":"Fil Coup\u00e9 Bustier Dress: bodenlanges, schulterfreies Brautkleid mit extravaganten \u00c4rmeln und hohem Beinschlitz f\u00fcr eine verspielte, elegante Note.","breadcrumb":{"@id":"https:\/\/www.kaviargauche.com\/de\/produkt\/fil-coupe-bustier-dress\/#breadcrumb"},"inLanguage":"de","potentialAction":[{"@type":"ReadAction","target":["https:\/\/www.kaviargauche.com\/de\/produkt\/fil-coupe-bustier-dress\/"]}]},{"@type":"ImageObject","inLanguage":"de","@id":"https:\/\/www.kaviargauche.com\/de\/produkt\/fil-coupe-bustier-dress\/#primaryimage","url":"https:\/\/www.kaviargauche.com\/wp-content\/uploads\/Kaviar_Gauche_GrandeFleur_FilCoupeBustierDress_Retusche_05.jpg","contentUrl":"https:\/\/www.kaviargauche.com\/wp-content\/uploads\/Kaviar_Gauche_GrandeFleur_FilCoupeBustierDress_Retusche_05.jpg","width":1000,"height":1499,"caption":"Kaviar Gauche Bridal Dress"},{"@type":"BreadcrumbList","@id":"https:\/\/www.kaviargauche.com\/de\/produkt\/fil-coupe-bustier-dress\/#breadcrumb","itemListElement":[{"@type":"ListItem","position":1,"name":"Home","item":"https:\/\/www.kaviargauche.com\/de\/"},{"@type":"ListItem","position":2,"name":"Shop","item":"https:\/\/www.kaviargauche.com\/de\/shop-2\/"},{"@type":"ListItem","position":3,"name":"Fil Coup\u00e9 Bustier Dress"}]},{"@type":"WebSite","@id":"https:\/\/www.kaviargauche.com\/de\/#website","url":"https:\/\/www.kaviargauche.com\/de\/","name":"Kaviar Gauche","description":"Bridal Couture","publisher":{"@id":"https:\/\/www.kaviargauche.com\/de\/#organization"},"potentialAction":[{"@type":"SearchAction","target":{"@type":"EntryPoint","urlTemplate":"https:\/\/www.kaviargauche.com\/de\/?s={search_term_string}"},"query-input":{"@type":"PropertyValueSpecification","valueRequired":true,"valueName":"search_term_string"}}],"inLanguage":"de"},{"@type":"Organization","@id":"https:\/\/www.kaviargauche.com\/de\/#organization","name":"KAVIAR GAUCHE","url":"https:\/\/www.kaviargauche.com\/de\/","logo":{"@type":"ImageObject","inLanguage":"de","@id":"https:\/\/www.kaviargauche.com\/de\/#\/schema\/logo\/image\/","url":"https:\/\/www.kaviargauche.com\/wp-content\/uploads\/kaviar-gauche.png","contentUrl":"https:\/\/www.kaviargauche.com\/wp-content\/uploads\/kaviar-gauche.png","width":512,"height":512,"caption":"KAVIAR GAUCHE"},"image":{"@id":"https:\/\/www.kaviargauche.com\/de\/#\/schema\/logo\/image\/"},"sameAs":["https:\/\/www.facebook.com\/kaviargauche","https:\/\/www.pinterest.de\/KaviarGaucheOfficial\/","https:\/\/www.instagram.com\/kaviargauche_official"]}]}},"jetpack_sharing_enabled":true,"_links":{"self":[{"href":"https:\/\/www.kaviargauche.com\/de\/wp-json\/wp\/v2\/product\/21993","targetHints":{"allow":["GET"]}}],"collection":[{"href":"https:\/\/www.kaviargauche.com\/de\/wp-json\/wp\/v2\/product"}],"about":[{"href":"https:\/\/www.kaviargauche.com\/de\/wp-json\/wp\/v2\/types\/product"}],"wp:featuredmedia":[{"embeddable":true,"href":"https:\/\/www.kaviargauche.com\/de\/wp-json\/wp\/v2\/media\/24744"}],"wp:attachment":[{"href":"https:\/\/www.kaviargauche.com\/de\/wp-json\/wp\/v2\/media?parent=21993"}],"wp:term":[{"taxonomy":"product_brand","embeddable":true,"href":"https:\/\/www.kaviargauche.com\/de\/wp-json\/wp\/v2\/product_brand?post=21993"},{"taxonomy":"product_cat","embeddable":true,"href":"https:\/\/www.kaviargauche.com\/de\/wp-json\/wp\/v2\/product_cat?post=21993"},{"taxonomy":"product_tag","embeddable":true,"href":"https:\/\/www.kaviargauche.com\/de\/wp-json\/wp\/v2\/product_tag?post=21993"}],"curies":[{"name":"wp","href":"https:\/\/api.w.org\/{rel}","templated":true}]}}