
{"id":22064,"date":"2024-10-08T16:00:59","date_gmt":"2024-10-08T14:00:59","guid":{"rendered":"https:\/\/www.kaviargauche.com\/?post_type=product&#038;p=22064"},"modified":"2025-07-10T17:17:19","modified_gmt":"2025-07-10T15:17:19","slug":"dotty-sleeve-dress","status":"publish","type":"product","link":"https:\/\/www.kaviargauche.com\/de\/produkt\/dotty-sleeve-dress\/","title":{"rendered":"Dotty Sleeve Dress"},"content":{"rendered":"<p>Das Dotty Sleeve Dress ist ein elegantes und zeitloses Kleid. Der flie\u00dfende Stoff des Rocks, kombiniert mit einer kleinen Schleppe, verleiht dem Kleid einen anmutigen und zeitlosen Look. Die zarten \u00c4rmel und das Sch\u00f6\u00dfchen verleihen dem Kleid eine feminine Note.<\/p>\n<p>Oberstoff: 82% triacetat 18% polyester<\/p>\n<p>Spitze: 85% Polyamid, 15% Polyester<\/p>\n<p>Futterstoff: 100% Seide<\/p>\n<p>MADE WITH LOVE IN GERMANY<\/p>\n","protected":false},"excerpt":{"rendered":"<p>Gepunktetes Brautkleid mit flie\u00dfendem Rock und zarten \u00c4rmeln<\/p>\n","protected":false},"featured_media":24734,"template":"","meta":{"_acf_changed":false},"product_brand":[],"product_cat":[473,788,965,472,474,601,471,603],"product_tag":[],"class_list":{"0":"post-22064","1":"product","2":"type-product","3":"status-publish","4":"has-post-thumbnail","6":"product_cat-brautkleider","7":"product_cat-fit-and-flare-de","8":"product_cat-grande-fleur-de","9":"product_cat-kleider","10":"product_cat-lange-kleider","11":"product_cat-minimalistisch-de","12":"product_cat-ready-to-marry-de","13":"product_cat-schleppe-de","15":"first","16":"instock","17":"taxable","18":"shipping-taxable","19":"purchasable","20":"product-type-variable","21":"wvs-archive-product-wrapper"},"acf":[],"yoast_head":"<!-- This site is optimized with the Yoast SEO Premium plugin v26.3 (Yoast SEO v27.3) - https:\/\/yoast.com\/product\/yoast-seo-premium-wordpress\/ -->\n<title>Dotty Sleeve Dress - Kaviar Gauche<\/title>\n<meta name=\"description\" content=\"Das Dotty Sleeve Dress ist ein elegantes, zeitloses Kleid mit flie\u00dfendem Rock, kleiner Schleppe und zarten \u00c4rmeln \u2013 feminin und anmutig. Made with love in Germany.\" \/>\n<meta name=\"robots\" content=\"index, follow, max-snippet:-1, max-image-preview:large, max-video-preview:-1\" \/>\n<link rel=\"canonical\" href=\"https:\/\/www.kaviargauche.com\/de\/produkt\/dotty-sleeve-dress\/\" \/>\n<meta property=\"og:locale\" content=\"de_DE\" \/>\n<meta property=\"og:type\" content=\"article\" \/>\n<meta property=\"og:title\" content=\"Dotty Sleeve Dress\" \/>\n<meta property=\"og:description\" content=\"Das Dotty Sleeve Dress ist ein elegantes, zeitloses Kleid mit flie\u00dfendem Rock, kleiner Schleppe und zarten \u00c4rmeln \u2013 feminin und anmutig. Made with love in Germany.\" \/>\n<meta property=\"og:url\" content=\"https:\/\/www.kaviargauche.com\/de\/produkt\/dotty-sleeve-dress\/\" \/>\n<meta property=\"og:site_name\" content=\"Kaviar Gauche\" \/>\n<meta property=\"article:publisher\" content=\"https:\/\/www.facebook.com\/kaviargauche\" \/>\n<meta property=\"article:modified_time\" content=\"2025-07-10T15:17:19+00:00\" \/>\n<meta property=\"og:image\" content=\"https:\/\/www.kaviargauche.com\/wp-content\/uploads\/Kaviar_Gauche_GrandeFleur_DottiSeeveDress_Retusche.jpg\" \/>\n\t<meta property=\"og:image:width\" content=\"487\" \/>\n\t<meta property=\"og:image:height\" content=\"731\" \/>\n\t<meta property=\"og:image:type\" content=\"image\/jpeg\" \/>\n<meta name=\"twitter:card\" content=\"summary_large_image\" \/>\n<meta name=\"twitter:label1\" content=\"Gesch\u00e4tzte Lesezeit\" \/>\n\t<meta name=\"twitter:data1\" content=\"1\u00a0Minute\" \/>\n<script type=\"application\/ld+json\" class=\"yoast-schema-graph\">{\"@context\":\"https:\\\/\\\/schema.org\",\"@graph\":[{\"@type\":\"WebPage\",\"@id\":\"https:\\\/\\\/www.kaviargauche.com\\\/de\\\/produkt\\\/dotty-sleeve-dress\\\/\",\"url\":\"https:\\\/\\\/www.kaviargauche.com\\\/de\\\/produkt\\\/dotty-sleeve-dress\\\/\",\"name\":\"Dotty Sleeve Dress - Kaviar Gauche\",\"isPartOf\":{\"@id\":\"https:\\\/\\\/www.kaviargauche.com\\\/de\\\/#website\"},\"primaryImageOfPage\":{\"@id\":\"https:\\\/\\\/www.kaviargauche.com\\\/de\\\/produkt\\\/dotty-sleeve-dress\\\/#primaryimage\"},\"image\":{\"@id\":\"https:\\\/\\\/www.kaviargauche.com\\\/de\\\/produkt\\\/dotty-sleeve-dress\\\/#primaryimage\"},\"thumbnailUrl\":\"https:\\\/\\\/www.kaviargauche.com\\\/wp-content\\\/uploads\\\/Kaviar_Gauche_GrandeFleur_DottiSeeveDress_Retusche.jpg\",\"datePublished\":\"2024-10-08T14:00:59+00:00\",\"dateModified\":\"2025-07-10T15:17:19+00:00\",\"description\":\"Das Dotty Sleeve Dress ist ein elegantes, zeitloses Kleid mit flie\u00dfendem Rock, kleiner Schleppe und zarten \u00c4rmeln \u2013 feminin und anmutig. Made with love in Germany.\",\"breadcrumb\":{\"@id\":\"https:\\\/\\\/www.kaviargauche.com\\\/de\\\/produkt\\\/dotty-sleeve-dress\\\/#breadcrumb\"},\"inLanguage\":\"de\",\"potentialAction\":[{\"@type\":\"ReadAction\",\"target\":[\"https:\\\/\\\/www.kaviargauche.com\\\/de\\\/produkt\\\/dotty-sleeve-dress\\\/\"]}]},{\"@type\":\"ImageObject\",\"inLanguage\":\"de\",\"@id\":\"https:\\\/\\\/www.kaviargauche.com\\\/de\\\/produkt\\\/dotty-sleeve-dress\\\/#primaryimage\",\"url\":\"https:\\\/\\\/www.kaviargauche.com\\\/wp-content\\\/uploads\\\/Kaviar_Gauche_GrandeFleur_DottiSeeveDress_Retusche.jpg\",\"contentUrl\":\"https:\\\/\\\/www.kaviargauche.com\\\/wp-content\\\/uploads\\\/Kaviar_Gauche_GrandeFleur_DottiSeeveDress_Retusche.jpg\",\"width\":487,\"height\":731,\"caption\":\"Kaviar Gauche Bridal Dress\"},{\"@type\":\"BreadcrumbList\",\"@id\":\"https:\\\/\\\/www.kaviargauche.com\\\/de\\\/produkt\\\/dotty-sleeve-dress\\\/#breadcrumb\",\"itemListElement\":[{\"@type\":\"ListItem\",\"position\":1,\"name\":\"Home\",\"item\":\"https:\\\/\\\/www.kaviargauche.com\\\/de\\\/\"},{\"@type\":\"ListItem\",\"position\":2,\"name\":\"Shop\",\"item\":\"https:\\\/\\\/www.kaviargauche.com\\\/de\\\/shop-2\\\/\"},{\"@type\":\"ListItem\",\"position\":3,\"name\":\"Dotty Sleeve Dress\"}]},{\"@type\":\"WebSite\",\"@id\":\"https:\\\/\\\/www.kaviargauche.com\\\/de\\\/#website\",\"url\":\"https:\\\/\\\/www.kaviargauche.com\\\/de\\\/\",\"name\":\"Kaviar Gauche\",\"description\":\"Bridal Couture\",\"publisher\":{\"@id\":\"https:\\\/\\\/www.kaviargauche.com\\\/de\\\/#organization\"},\"potentialAction\":[{\"@type\":\"SearchAction\",\"target\":{\"@type\":\"EntryPoint\",\"urlTemplate\":\"https:\\\/\\\/www.kaviargauche.com\\\/de\\\/?s={search_term_string}\"},\"query-input\":{\"@type\":\"PropertyValueSpecification\",\"valueRequired\":true,\"valueName\":\"search_term_string\"}}],\"inLanguage\":\"de\"},{\"@type\":\"Organization\",\"@id\":\"https:\\\/\\\/www.kaviargauche.com\\\/de\\\/#organization\",\"name\":\"KAVIAR GAUCHE\",\"url\":\"https:\\\/\\\/www.kaviargauche.com\\\/de\\\/\",\"logo\":{\"@type\":\"ImageObject\",\"inLanguage\":\"de\",\"@id\":\"https:\\\/\\\/www.kaviargauche.com\\\/de\\\/#\\\/schema\\\/logo\\\/image\\\/\",\"url\":\"https:\\\/\\\/www.kaviargauche.com\\\/wp-content\\\/uploads\\\/kaviar-gauche.png\",\"contentUrl\":\"https:\\\/\\\/www.kaviargauche.com\\\/wp-content\\\/uploads\\\/kaviar-gauche.png\",\"width\":512,\"height\":512,\"caption\":\"KAVIAR GAUCHE\"},\"image\":{\"@id\":\"https:\\\/\\\/www.kaviargauche.com\\\/de\\\/#\\\/schema\\\/logo\\\/image\\\/\"},\"sameAs\":[\"https:\\\/\\\/www.facebook.com\\\/kaviargauche\",\"https:\\\/\\\/www.pinterest.de\\\/KaviarGaucheOfficial\\\/\",\"https:\\\/\\\/www.instagram.com\\\/kaviargauche_official\"]}]}<\/script>\n<!-- \/ Yoast SEO Premium plugin. -->","yoast_head_json":{"title":"Dotty Sleeve Dress - Kaviar Gauche","description":"Das Dotty Sleeve Dress ist ein elegantes, zeitloses Kleid mit flie\u00dfendem Rock, kleiner Schleppe und zarten \u00c4rmeln \u2013 feminin und anmutig. Made with love in Germany.","robots":{"index":"index","follow":"follow","max-snippet":"max-snippet:-1","max-image-preview":"max-image-preview:large","max-video-preview":"max-video-preview:-1"},"canonical":"https:\/\/www.kaviargauche.com\/de\/produkt\/dotty-sleeve-dress\/","og_locale":"de_DE","og_type":"article","og_title":"Dotty Sleeve Dress","og_description":"Das Dotty Sleeve Dress ist ein elegantes, zeitloses Kleid mit flie\u00dfendem Rock, kleiner Schleppe und zarten \u00c4rmeln \u2013 feminin und anmutig. Made with love in Germany.","og_url":"https:\/\/www.kaviargauche.com\/de\/produkt\/dotty-sleeve-dress\/","og_site_name":"Kaviar Gauche","article_publisher":"https:\/\/www.facebook.com\/kaviargauche","article_modified_time":"2025-07-10T15:17:19+00:00","og_image":[{"width":487,"height":731,"url":"https:\/\/www.kaviargauche.com\/wp-content\/uploads\/Kaviar_Gauche_GrandeFleur_DottiSeeveDress_Retusche.jpg","type":"image\/jpeg"}],"twitter_card":"summary_large_image","twitter_misc":{"Gesch\u00e4tzte Lesezeit":"1\u00a0Minute"},"schema":{"@context":"https:\/\/schema.org","@graph":[{"@type":"WebPage","@id":"https:\/\/www.kaviargauche.com\/de\/produkt\/dotty-sleeve-dress\/","url":"https:\/\/www.kaviargauche.com\/de\/produkt\/dotty-sleeve-dress\/","name":"Dotty Sleeve Dress - Kaviar Gauche","isPartOf":{"@id":"https:\/\/www.kaviargauche.com\/de\/#website"},"primaryImageOfPage":{"@id":"https:\/\/www.kaviargauche.com\/de\/produkt\/dotty-sleeve-dress\/#primaryimage"},"image":{"@id":"https:\/\/www.kaviargauche.com\/de\/produkt\/dotty-sleeve-dress\/#primaryimage"},"thumbnailUrl":"https:\/\/www.kaviargauche.com\/wp-content\/uploads\/Kaviar_Gauche_GrandeFleur_DottiSeeveDress_Retusche.jpg","datePublished":"2024-10-08T14:00:59+00:00","dateModified":"2025-07-10T15:17:19+00:00","description":"Das Dotty Sleeve Dress ist ein elegantes, zeitloses Kleid mit flie\u00dfendem Rock, kleiner Schleppe und zarten \u00c4rmeln \u2013 feminin und anmutig. Made with love in Germany.","breadcrumb":{"@id":"https:\/\/www.kaviargauche.com\/de\/produkt\/dotty-sleeve-dress\/#breadcrumb"},"inLanguage":"de","potentialAction":[{"@type":"ReadAction","target":["https:\/\/www.kaviargauche.com\/de\/produkt\/dotty-sleeve-dress\/"]}]},{"@type":"ImageObject","inLanguage":"de","@id":"https:\/\/www.kaviargauche.com\/de\/produkt\/dotty-sleeve-dress\/#primaryimage","url":"https:\/\/www.kaviargauche.com\/wp-content\/uploads\/Kaviar_Gauche_GrandeFleur_DottiSeeveDress_Retusche.jpg","contentUrl":"https:\/\/www.kaviargauche.com\/wp-content\/uploads\/Kaviar_Gauche_GrandeFleur_DottiSeeveDress_Retusche.jpg","width":487,"height":731,"caption":"Kaviar Gauche Bridal Dress"},{"@type":"BreadcrumbList","@id":"https:\/\/www.kaviargauche.com\/de\/produkt\/dotty-sleeve-dress\/#breadcrumb","itemListElement":[{"@type":"ListItem","position":1,"name":"Home","item":"https:\/\/www.kaviargauche.com\/de\/"},{"@type":"ListItem","position":2,"name":"Shop","item":"https:\/\/www.kaviargauche.com\/de\/shop-2\/"},{"@type":"ListItem","position":3,"name":"Dotty Sleeve Dress"}]},{"@type":"WebSite","@id":"https:\/\/www.kaviargauche.com\/de\/#website","url":"https:\/\/www.kaviargauche.com\/de\/","name":"Kaviar Gauche","description":"Bridal Couture","publisher":{"@id":"https:\/\/www.kaviargauche.com\/de\/#organization"},"potentialAction":[{"@type":"SearchAction","target":{"@type":"EntryPoint","urlTemplate":"https:\/\/www.kaviargauche.com\/de\/?s={search_term_string}"},"query-input":{"@type":"PropertyValueSpecification","valueRequired":true,"valueName":"search_term_string"}}],"inLanguage":"de"},{"@type":"Organization","@id":"https:\/\/www.kaviargauche.com\/de\/#organization","name":"KAVIAR GAUCHE","url":"https:\/\/www.kaviargauche.com\/de\/","logo":{"@type":"ImageObject","inLanguage":"de","@id":"https:\/\/www.kaviargauche.com\/de\/#\/schema\/logo\/image\/","url":"https:\/\/www.kaviargauche.com\/wp-content\/uploads\/kaviar-gauche.png","contentUrl":"https:\/\/www.kaviargauche.com\/wp-content\/uploads\/kaviar-gauche.png","width":512,"height":512,"caption":"KAVIAR GAUCHE"},"image":{"@id":"https:\/\/www.kaviargauche.com\/de\/#\/schema\/logo\/image\/"},"sameAs":["https:\/\/www.facebook.com\/kaviargauche","https:\/\/www.pinterest.de\/KaviarGaucheOfficial\/","https:\/\/www.instagram.com\/kaviargauche_official"]}]}},"jetpack_sharing_enabled":true,"_links":{"self":[{"href":"https:\/\/www.kaviargauche.com\/de\/wp-json\/wp\/v2\/product\/22064","targetHints":{"allow":["GET"]}}],"collection":[{"href":"https:\/\/www.kaviargauche.com\/de\/wp-json\/wp\/v2\/product"}],"about":[{"href":"https:\/\/www.kaviargauche.com\/de\/wp-json\/wp\/v2\/types\/product"}],"wp:featuredmedia":[{"embeddable":true,"href":"https:\/\/www.kaviargauche.com\/de\/wp-json\/wp\/v2\/media\/24734"}],"wp:attachment":[{"href":"https:\/\/www.kaviargauche.com\/de\/wp-json\/wp\/v2\/media?parent=22064"}],"wp:term":[{"taxonomy":"product_brand","embeddable":true,"href":"https:\/\/www.kaviargauche.com\/de\/wp-json\/wp\/v2\/product_brand?post=22064"},{"taxonomy":"product_cat","embeddable":true,"href":"https:\/\/www.kaviargauche.com\/de\/wp-json\/wp\/v2\/product_cat?post=22064"},{"taxonomy":"product_tag","embeddable":true,"href":"https:\/\/www.kaviargauche.com\/de\/wp-json\/wp\/v2\/product_tag?post=22064"}],"curies":[{"name":"wp","href":"https:\/\/api.w.org\/{rel}","templated":true}]}}