
{"id":22184,"date":"2024-10-08T16:00:48","date_gmt":"2024-10-08T14:00:48","guid":{"rendered":"https:\/\/www.kaviargauche.com\/?post_type=product&#038;p=22184"},"modified":"2025-07-11T13:25:16","modified_gmt":"2025-07-11T11:25:16","slug":"fil-coupe-coat","status":"publish","type":"product","link":"https:\/\/www.kaviargauche.com\/de\/produkt\/fil-coupe-coat\/","title":{"rendered":"Fil Coup\u00e9 Coat"},"content":{"rendered":"<p data-start=\"195\" data-end=\"395\">Der Fil Coup\u00e9 Coat ist ein kn\u00f6chellanger, gro\u00dfz\u00fcgig geschnittener Trenchcoat aus luxuri\u00f6sem Fil Coup\u00e9 \u2013 einem raffinierten Stoff, bei dem florale Elemente kunstvoll in das Gewebe eingewebt sind. Ideal f\u00fcr die <a href=\"https:\/\/www.kaviargauche.com\/de\/produktkategorie\/specials-de\/standesamt\/\">Standesamtliche Hochzeit<\/a>.<\/p>\n<p data-start=\"402\" data-end=\"676\">Das subtile Spiel mit Transparenz und Struktur verleiht dem Hochzeitsmantel eine moderne Leichtigkeit und eine ausdrucksstarke, feminine Silhouette. Die eingewebten Blumen schimmern je nach Lichteinfall sanft und bringen den au\u00dfergew\u00f6hnlichen Charakter des Designs zur Geltung.<\/p>\n<p data-start=\"683\" data-end=\"835\">Der Hochzeitsmantel l\u00e4sst sich perfekt mit der passenden Fil Coup\u00e9 Corsage kombinieren \u2013 f\u00fcr einen eleganten, perfekt abgestimmten Look mit Couture-Appeal. Die Corsage ist nur in unseren Stores in <a href=\"https:\/\/www.kaviargauche.com\/de\/unsere-boutiquen\/stores-muenchen\/\">M\u00fcnchen<\/a> und <a href=\"https:\/\/www.kaviargauche.com\/de\/unsere-boutiquen\/stores-berlin\/\">Berlin<\/a> erh\u00e4ltlich.<\/p>\n<p>Buchen Sie einen Termin in unseren <a href=\"https:\/\/www.kaviargauche.com\/de\/kollektionen\/celebrate-love\/#booknow\">Bridal Flagship Stores<\/a>, um diesen traumhaften Hochzeitsmantel anzuprobieren.<\/p>\n<p>Oberstoff: 65% Polyester, 20% Seide, 12% metallisiertes Polyester, 3% Polyamid<\/p>\n<p>Futterstoff: 100% Seide<\/p>\n<p>MADE WITH LOVE IN GERMANY<\/p>\n","protected":false},"excerpt":{"rendered":"<p>Kn\u00f6chellanger Hochzeitsmantel mit floralem Muster<\/p>\n","protected":false},"featured_media":24746,"template":"","meta":{"_acf_changed":false},"product_brand":[],"product_cat":[460,965,487,601,543,471,475],"product_tag":[],"class_list":{"0":"post-22184","1":"product","2":"type-product","3":"status-publish","4":"has-post-thumbnail","6":"product_cat-bekleidung","7":"product_cat-grande-fleur-de","8":"product_cat-jacken-mantel","9":"product_cat-minimalistisch-de","10":"product_cat-modern-classic-de","11":"product_cat-ready-to-marry-de","12":"product_cat-standesamt","14":"first","15":"instock","16":"taxable","17":"shipping-taxable","18":"purchasable","19":"product-type-variable","20":"wvs-archive-product-wrapper"},"acf":[],"yoast_head":"<!-- This site is optimized with the Yoast SEO Premium plugin v26.3 (Yoast SEO v27.3) - https:\/\/yoast.com\/product\/yoast-seo-premium-wordpress\/ -->\n<title>Fil Coup\u00e9 Coat - Kaviar Gauche<\/title>\n<meta name=\"description\" content=\"Kn\u00f6chellanger Fil Coup\u00e9 Trenchcoat mit floralen Details und Transparenz. Der perfekte Hochzeitsmantel f\u00fcr einen femininen Look zur standesamtlichen Trauung.\" \/>\n<meta name=\"robots\" content=\"index, follow, max-snippet:-1, max-image-preview:large, max-video-preview:-1\" \/>\n<link rel=\"canonical\" href=\"https:\/\/www.kaviargauche.com\/de\/produkt\/fil-coupe-coat\/\" \/>\n<meta property=\"og:locale\" content=\"de_DE\" \/>\n<meta property=\"og:type\" content=\"article\" \/>\n<meta property=\"og:title\" content=\"Fil Coup\u00e9 Coat\" \/>\n<meta property=\"og:description\" content=\"Kn\u00f6chellanger Fil Coup\u00e9 Trenchcoat mit floralen Details und Transparenz. Der perfekte Hochzeitsmantel f\u00fcr einen femininen Look zur standesamtlichen Trauung.\" \/>\n<meta property=\"og:url\" content=\"https:\/\/www.kaviargauche.com\/de\/produkt\/fil-coupe-coat\/\" \/>\n<meta property=\"og:site_name\" content=\"Kaviar Gauche\" \/>\n<meta property=\"article:publisher\" content=\"https:\/\/www.facebook.com\/kaviargauche\" \/>\n<meta property=\"article:modified_time\" content=\"2025-07-11T11:25:16+00:00\" \/>\n<meta property=\"og:image\" content=\"https:\/\/www.kaviargauche.com\/wp-content\/uploads\/Kaviar_Gauche_GrandeFleur_FilCoupeCoat_Retusche.jpg\" \/>\n\t<meta property=\"og:image:width\" content=\"1000\" \/>\n\t<meta property=\"og:image:height\" content=\"1499\" \/>\n\t<meta property=\"og:image:type\" content=\"image\/jpeg\" \/>\n<meta name=\"twitter:card\" content=\"summary_large_image\" \/>\n<meta name=\"twitter:label1\" content=\"Gesch\u00e4tzte Lesezeit\" \/>\n\t<meta name=\"twitter:data1\" content=\"1\u00a0Minute\" \/>\n<script type=\"application\/ld+json\" class=\"yoast-schema-graph\">{\"@context\":\"https:\\\/\\\/schema.org\",\"@graph\":[{\"@type\":\"WebPage\",\"@id\":\"https:\\\/\\\/www.kaviargauche.com\\\/de\\\/produkt\\\/fil-coupe-coat\\\/\",\"url\":\"https:\\\/\\\/www.kaviargauche.com\\\/de\\\/produkt\\\/fil-coupe-coat\\\/\",\"name\":\"Fil Coup\u00e9 Coat - Kaviar Gauche\",\"isPartOf\":{\"@id\":\"https:\\\/\\\/www.kaviargauche.com\\\/de\\\/#website\"},\"primaryImageOfPage\":{\"@id\":\"https:\\\/\\\/www.kaviargauche.com\\\/de\\\/produkt\\\/fil-coupe-coat\\\/#primaryimage\"},\"image\":{\"@id\":\"https:\\\/\\\/www.kaviargauche.com\\\/de\\\/produkt\\\/fil-coupe-coat\\\/#primaryimage\"},\"thumbnailUrl\":\"https:\\\/\\\/www.kaviargauche.com\\\/wp-content\\\/uploads\\\/Kaviar_Gauche_GrandeFleur_FilCoupeCoat_Retusche.jpg\",\"datePublished\":\"2024-10-08T14:00:48+00:00\",\"dateModified\":\"2025-07-11T11:25:16+00:00\",\"description\":\"Kn\u00f6chellanger Fil Coup\u00e9 Trenchcoat mit floralen Details und Transparenz. Der perfekte Hochzeitsmantel f\u00fcr einen femininen Look zur standesamtlichen Trauung.\",\"breadcrumb\":{\"@id\":\"https:\\\/\\\/www.kaviargauche.com\\\/de\\\/produkt\\\/fil-coupe-coat\\\/#breadcrumb\"},\"inLanguage\":\"de\",\"potentialAction\":[{\"@type\":\"ReadAction\",\"target\":[\"https:\\\/\\\/www.kaviargauche.com\\\/de\\\/produkt\\\/fil-coupe-coat\\\/\"]}]},{\"@type\":\"ImageObject\",\"inLanguage\":\"de\",\"@id\":\"https:\\\/\\\/www.kaviargauche.com\\\/de\\\/produkt\\\/fil-coupe-coat\\\/#primaryimage\",\"url\":\"https:\\\/\\\/www.kaviargauche.com\\\/wp-content\\\/uploads\\\/Kaviar_Gauche_GrandeFleur_FilCoupeCoat_Retusche.jpg\",\"contentUrl\":\"https:\\\/\\\/www.kaviargauche.com\\\/wp-content\\\/uploads\\\/Kaviar_Gauche_GrandeFleur_FilCoupeCoat_Retusche.jpg\",\"width\":1000,\"height\":1499,\"caption\":\"Kaviar Gauche Bridal Dress\"},{\"@type\":\"BreadcrumbList\",\"@id\":\"https:\\\/\\\/www.kaviargauche.com\\\/de\\\/produkt\\\/fil-coupe-coat\\\/#breadcrumb\",\"itemListElement\":[{\"@type\":\"ListItem\",\"position\":1,\"name\":\"Home\",\"item\":\"https:\\\/\\\/www.kaviargauche.com\\\/de\\\/\"},{\"@type\":\"ListItem\",\"position\":2,\"name\":\"Shop\",\"item\":\"https:\\\/\\\/www.kaviargauche.com\\\/de\\\/shop-2\\\/\"},{\"@type\":\"ListItem\",\"position\":3,\"name\":\"Fil Coup\u00e9 Coat\"}]},{\"@type\":\"WebSite\",\"@id\":\"https:\\\/\\\/www.kaviargauche.com\\\/de\\\/#website\",\"url\":\"https:\\\/\\\/www.kaviargauche.com\\\/de\\\/\",\"name\":\"Kaviar Gauche\",\"description\":\"Bridal Couture\",\"publisher\":{\"@id\":\"https:\\\/\\\/www.kaviargauche.com\\\/de\\\/#organization\"},\"potentialAction\":[{\"@type\":\"SearchAction\",\"target\":{\"@type\":\"EntryPoint\",\"urlTemplate\":\"https:\\\/\\\/www.kaviargauche.com\\\/de\\\/?s={search_term_string}\"},\"query-input\":{\"@type\":\"PropertyValueSpecification\",\"valueRequired\":true,\"valueName\":\"search_term_string\"}}],\"inLanguage\":\"de\"},{\"@type\":\"Organization\",\"@id\":\"https:\\\/\\\/www.kaviargauche.com\\\/de\\\/#organization\",\"name\":\"KAVIAR GAUCHE\",\"url\":\"https:\\\/\\\/www.kaviargauche.com\\\/de\\\/\",\"logo\":{\"@type\":\"ImageObject\",\"inLanguage\":\"de\",\"@id\":\"https:\\\/\\\/www.kaviargauche.com\\\/de\\\/#\\\/schema\\\/logo\\\/image\\\/\",\"url\":\"https:\\\/\\\/www.kaviargauche.com\\\/wp-content\\\/uploads\\\/kaviar-gauche.png\",\"contentUrl\":\"https:\\\/\\\/www.kaviargauche.com\\\/wp-content\\\/uploads\\\/kaviar-gauche.png\",\"width\":512,\"height\":512,\"caption\":\"KAVIAR GAUCHE\"},\"image\":{\"@id\":\"https:\\\/\\\/www.kaviargauche.com\\\/de\\\/#\\\/schema\\\/logo\\\/image\\\/\"},\"sameAs\":[\"https:\\\/\\\/www.facebook.com\\\/kaviargauche\",\"https:\\\/\\\/www.pinterest.de\\\/KaviarGaucheOfficial\\\/\",\"https:\\\/\\\/www.instagram.com\\\/kaviargauche_official\"]}]}<\/script>\n<!-- \/ Yoast SEO Premium plugin. -->","yoast_head_json":{"title":"Fil Coup\u00e9 Coat - Kaviar Gauche","description":"Kn\u00f6chellanger Fil Coup\u00e9 Trenchcoat mit floralen Details und Transparenz. Der perfekte Hochzeitsmantel f\u00fcr einen femininen Look zur standesamtlichen Trauung.","robots":{"index":"index","follow":"follow","max-snippet":"max-snippet:-1","max-image-preview":"max-image-preview:large","max-video-preview":"max-video-preview:-1"},"canonical":"https:\/\/www.kaviargauche.com\/de\/produkt\/fil-coupe-coat\/","og_locale":"de_DE","og_type":"article","og_title":"Fil Coup\u00e9 Coat","og_description":"Kn\u00f6chellanger Fil Coup\u00e9 Trenchcoat mit floralen Details und Transparenz. Der perfekte Hochzeitsmantel f\u00fcr einen femininen Look zur standesamtlichen Trauung.","og_url":"https:\/\/www.kaviargauche.com\/de\/produkt\/fil-coupe-coat\/","og_site_name":"Kaviar Gauche","article_publisher":"https:\/\/www.facebook.com\/kaviargauche","article_modified_time":"2025-07-11T11:25:16+00:00","og_image":[{"width":1000,"height":1499,"url":"https:\/\/www.kaviargauche.com\/wp-content\/uploads\/Kaviar_Gauche_GrandeFleur_FilCoupeCoat_Retusche.jpg","type":"image\/jpeg"}],"twitter_card":"summary_large_image","twitter_misc":{"Gesch\u00e4tzte Lesezeit":"1\u00a0Minute"},"schema":{"@context":"https:\/\/schema.org","@graph":[{"@type":"WebPage","@id":"https:\/\/www.kaviargauche.com\/de\/produkt\/fil-coupe-coat\/","url":"https:\/\/www.kaviargauche.com\/de\/produkt\/fil-coupe-coat\/","name":"Fil Coup\u00e9 Coat - Kaviar Gauche","isPartOf":{"@id":"https:\/\/www.kaviargauche.com\/de\/#website"},"primaryImageOfPage":{"@id":"https:\/\/www.kaviargauche.com\/de\/produkt\/fil-coupe-coat\/#primaryimage"},"image":{"@id":"https:\/\/www.kaviargauche.com\/de\/produkt\/fil-coupe-coat\/#primaryimage"},"thumbnailUrl":"https:\/\/www.kaviargauche.com\/wp-content\/uploads\/Kaviar_Gauche_GrandeFleur_FilCoupeCoat_Retusche.jpg","datePublished":"2024-10-08T14:00:48+00:00","dateModified":"2025-07-11T11:25:16+00:00","description":"Kn\u00f6chellanger Fil Coup\u00e9 Trenchcoat mit floralen Details und Transparenz. Der perfekte Hochzeitsmantel f\u00fcr einen femininen Look zur standesamtlichen Trauung.","breadcrumb":{"@id":"https:\/\/www.kaviargauche.com\/de\/produkt\/fil-coupe-coat\/#breadcrumb"},"inLanguage":"de","potentialAction":[{"@type":"ReadAction","target":["https:\/\/www.kaviargauche.com\/de\/produkt\/fil-coupe-coat\/"]}]},{"@type":"ImageObject","inLanguage":"de","@id":"https:\/\/www.kaviargauche.com\/de\/produkt\/fil-coupe-coat\/#primaryimage","url":"https:\/\/www.kaviargauche.com\/wp-content\/uploads\/Kaviar_Gauche_GrandeFleur_FilCoupeCoat_Retusche.jpg","contentUrl":"https:\/\/www.kaviargauche.com\/wp-content\/uploads\/Kaviar_Gauche_GrandeFleur_FilCoupeCoat_Retusche.jpg","width":1000,"height":1499,"caption":"Kaviar Gauche Bridal Dress"},{"@type":"BreadcrumbList","@id":"https:\/\/www.kaviargauche.com\/de\/produkt\/fil-coupe-coat\/#breadcrumb","itemListElement":[{"@type":"ListItem","position":1,"name":"Home","item":"https:\/\/www.kaviargauche.com\/de\/"},{"@type":"ListItem","position":2,"name":"Shop","item":"https:\/\/www.kaviargauche.com\/de\/shop-2\/"},{"@type":"ListItem","position":3,"name":"Fil Coup\u00e9 Coat"}]},{"@type":"WebSite","@id":"https:\/\/www.kaviargauche.com\/de\/#website","url":"https:\/\/www.kaviargauche.com\/de\/","name":"Kaviar Gauche","description":"Bridal Couture","publisher":{"@id":"https:\/\/www.kaviargauche.com\/de\/#organization"},"potentialAction":[{"@type":"SearchAction","target":{"@type":"EntryPoint","urlTemplate":"https:\/\/www.kaviargauche.com\/de\/?s={search_term_string}"},"query-input":{"@type":"PropertyValueSpecification","valueRequired":true,"valueName":"search_term_string"}}],"inLanguage":"de"},{"@type":"Organization","@id":"https:\/\/www.kaviargauche.com\/de\/#organization","name":"KAVIAR GAUCHE","url":"https:\/\/www.kaviargauche.com\/de\/","logo":{"@type":"ImageObject","inLanguage":"de","@id":"https:\/\/www.kaviargauche.com\/de\/#\/schema\/logo\/image\/","url":"https:\/\/www.kaviargauche.com\/wp-content\/uploads\/kaviar-gauche.png","contentUrl":"https:\/\/www.kaviargauche.com\/wp-content\/uploads\/kaviar-gauche.png","width":512,"height":512,"caption":"KAVIAR GAUCHE"},"image":{"@id":"https:\/\/www.kaviargauche.com\/de\/#\/schema\/logo\/image\/"},"sameAs":["https:\/\/www.facebook.com\/kaviargauche","https:\/\/www.pinterest.de\/KaviarGaucheOfficial\/","https:\/\/www.instagram.com\/kaviargauche_official"]}]}},"jetpack_sharing_enabled":true,"_links":{"self":[{"href":"https:\/\/www.kaviargauche.com\/de\/wp-json\/wp\/v2\/product\/22184","targetHints":{"allow":["GET"]}}],"collection":[{"href":"https:\/\/www.kaviargauche.com\/de\/wp-json\/wp\/v2\/product"}],"about":[{"href":"https:\/\/www.kaviargauche.com\/de\/wp-json\/wp\/v2\/types\/product"}],"wp:featuredmedia":[{"embeddable":true,"href":"https:\/\/www.kaviargauche.com\/de\/wp-json\/wp\/v2\/media\/24746"}],"wp:attachment":[{"href":"https:\/\/www.kaviargauche.com\/de\/wp-json\/wp\/v2\/media?parent=22184"}],"wp:term":[{"taxonomy":"product_brand","embeddable":true,"href":"https:\/\/www.kaviargauche.com\/de\/wp-json\/wp\/v2\/product_brand?post=22184"},{"taxonomy":"product_cat","embeddable":true,"href":"https:\/\/www.kaviargauche.com\/de\/wp-json\/wp\/v2\/product_cat?post=22184"},{"taxonomy":"product_tag","embeddable":true,"href":"https:\/\/www.kaviargauche.com\/de\/wp-json\/wp\/v2\/product_tag?post=22184"}],"curies":[{"name":"wp","href":"https:\/\/api.w.org\/{rel}","templated":true}]}}