
{"id":22201,"date":"2024-10-08T16:00:21","date_gmt":"2024-10-08T14:00:21","guid":{"rendered":"https:\/\/www.kaviargauche.com\/?post_type=product&#038;p=22201"},"modified":"2025-07-11T13:31:43","modified_gmt":"2025-07-11T11:31:43","slug":"marjorie-dress","status":"publish","type":"product","link":"https:\/\/www.kaviargauche.com\/de\/produkt\/marjorie-dress\/","title":{"rendered":"Marjorie Dress"},"content":{"rendered":"<p>Das bodenlange Marjorie Dress \u00fcberzeugt mit seinem cleanen Schick. Die schulterfreie Corsage verleiht dem Kleid in Kombination mit der tiefsitzenden sowie asymmetrischen Taille (drop waist) einen modernen Look. Der volumin\u00f6se Rock l\u00e4sst das Kleid besonders opulent und extraordin\u00e4r wirken.<\/p>\n<p>Oberstoff: 57% Polyester, 43% Seide<\/p>\n<p>Futterstoff: 100% Viskose<\/p>\n<p>MADE WITH LOVE IN GERMANY<\/p>\n","protected":false},"excerpt":{"rendered":"<p>Hochzeitskleid mit einer asymmetrischen, tiefsitzenden Taille<\/p>\n","protected":false},"featured_media":24762,"template":"","meta":{"_acf_changed":false},"product_brand":[],"product_cat":[473,963,965,472,474,543,602],"product_tag":[],"class_list":{"0":"post-22201","1":"product","2":"type-product","3":"status-publish","4":"has-post-thumbnail","6":"product_cat-brautkleider","7":"product_cat-couture-de","8":"product_cat-grande-fleur-de","9":"product_cat-kleider","10":"product_cat-lange-kleider","11":"product_cat-modern-classic-de","12":"product_cat-romantisch","14":"first","15":"outofstock","16":"taxable","17":"shipping-taxable","18":"purchasable","19":"product-type-simple"},"acf":[],"yoast_head":"<!-- This site is optimized with the Yoast SEO Premium plugin v26.3 (Yoast SEO v27.3) - https:\/\/yoast.com\/product\/yoast-seo-premium-wordpress\/ -->\n<title>Marjorie Dress - Kaviar Gauche<\/title>\n<meta name=\"description\" content=\"Das bodenlange Marjorie Dress \u00fcberzeugt mit seinem cleanen Schick. Die schulterfreie Corsage verleiht dem Kleid in Kombination mit einem modernen Look\" \/>\n<meta name=\"robots\" content=\"index, follow, max-snippet:-1, max-image-preview:large, max-video-preview:-1\" \/>\n<link rel=\"canonical\" href=\"https:\/\/www.kaviargauche.com\/de\/produkt\/marjorie-dress\/\" \/>\n<meta property=\"og:locale\" content=\"de_DE\" \/>\n<meta property=\"og:type\" content=\"article\" \/>\n<meta property=\"og:title\" content=\"Marjorie Dress\" \/>\n<meta property=\"og:description\" content=\"Das bodenlange Marjorie Dress \u00fcberzeugt mit seinem cleanen Schick. Die schulterfreie Corsage verleiht dem Kleid in Kombination mit einem modernen Look\" \/>\n<meta property=\"og:url\" content=\"https:\/\/www.kaviargauche.com\/de\/produkt\/marjorie-dress\/\" \/>\n<meta property=\"og:site_name\" content=\"Kaviar Gauche\" \/>\n<meta property=\"article:publisher\" content=\"https:\/\/www.facebook.com\/kaviargauche\" \/>\n<meta property=\"article:modified_time\" content=\"2025-07-11T11:31:43+00:00\" \/>\n<meta property=\"og:image\" content=\"https:\/\/www.kaviargauche.com\/wp-content\/uploads\/Kaviar_Gauche_GrandeFleur_MarjorieDress_Retusche.jpg\" \/>\n\t<meta property=\"og:image:width\" content=\"1000\" \/>\n\t<meta property=\"og:image:height\" content=\"1499\" \/>\n\t<meta property=\"og:image:type\" content=\"image\/jpeg\" \/>\n<meta name=\"twitter:card\" content=\"summary_large_image\" \/>\n<meta name=\"twitter:label1\" content=\"Gesch\u00e4tzte Lesezeit\" \/>\n\t<meta name=\"twitter:data1\" content=\"1\u00a0Minute\" \/>\n<script type=\"application\/ld+json\" class=\"yoast-schema-graph\">{\"@context\":\"https:\\\/\\\/schema.org\",\"@graph\":[{\"@type\":\"WebPage\",\"@id\":\"https:\\\/\\\/www.kaviargauche.com\\\/de\\\/produkt\\\/marjorie-dress\\\/\",\"url\":\"https:\\\/\\\/www.kaviargauche.com\\\/de\\\/produkt\\\/marjorie-dress\\\/\",\"name\":\"Marjorie Dress - Kaviar Gauche\",\"isPartOf\":{\"@id\":\"https:\\\/\\\/www.kaviargauche.com\\\/de\\\/#website\"},\"primaryImageOfPage\":{\"@id\":\"https:\\\/\\\/www.kaviargauche.com\\\/de\\\/produkt\\\/marjorie-dress\\\/#primaryimage\"},\"image\":{\"@id\":\"https:\\\/\\\/www.kaviargauche.com\\\/de\\\/produkt\\\/marjorie-dress\\\/#primaryimage\"},\"thumbnailUrl\":\"https:\\\/\\\/www.kaviargauche.com\\\/wp-content\\\/uploads\\\/Kaviar_Gauche_GrandeFleur_MarjorieDress_Retusche.jpg\",\"datePublished\":\"2024-10-08T14:00:21+00:00\",\"dateModified\":\"2025-07-11T11:31:43+00:00\",\"description\":\"Das bodenlange Marjorie Dress \u00fcberzeugt mit seinem cleanen Schick. Die schulterfreie Corsage verleiht dem Kleid in Kombination mit einem modernen Look\",\"breadcrumb\":{\"@id\":\"https:\\\/\\\/www.kaviargauche.com\\\/de\\\/produkt\\\/marjorie-dress\\\/#breadcrumb\"},\"inLanguage\":\"de\",\"potentialAction\":[{\"@type\":\"ReadAction\",\"target\":[\"https:\\\/\\\/www.kaviargauche.com\\\/de\\\/produkt\\\/marjorie-dress\\\/\"]}]},{\"@type\":\"ImageObject\",\"inLanguage\":\"de\",\"@id\":\"https:\\\/\\\/www.kaviargauche.com\\\/de\\\/produkt\\\/marjorie-dress\\\/#primaryimage\",\"url\":\"https:\\\/\\\/www.kaviargauche.com\\\/wp-content\\\/uploads\\\/Kaviar_Gauche_GrandeFleur_MarjorieDress_Retusche.jpg\",\"contentUrl\":\"https:\\\/\\\/www.kaviargauche.com\\\/wp-content\\\/uploads\\\/Kaviar_Gauche_GrandeFleur_MarjorieDress_Retusche.jpg\",\"width\":1000,\"height\":1499,\"caption\":\"Kaviar Gauche Bridal Dress\"},{\"@type\":\"BreadcrumbList\",\"@id\":\"https:\\\/\\\/www.kaviargauche.com\\\/de\\\/produkt\\\/marjorie-dress\\\/#breadcrumb\",\"itemListElement\":[{\"@type\":\"ListItem\",\"position\":1,\"name\":\"Home\",\"item\":\"https:\\\/\\\/www.kaviargauche.com\\\/de\\\/\"},{\"@type\":\"ListItem\",\"position\":2,\"name\":\"Shop\",\"item\":\"https:\\\/\\\/www.kaviargauche.com\\\/de\\\/shop-2\\\/\"},{\"@type\":\"ListItem\",\"position\":3,\"name\":\"Marjorie Dress\"}]},{\"@type\":\"WebSite\",\"@id\":\"https:\\\/\\\/www.kaviargauche.com\\\/de\\\/#website\",\"url\":\"https:\\\/\\\/www.kaviargauche.com\\\/de\\\/\",\"name\":\"Kaviar Gauche\",\"description\":\"Bridal Couture\",\"publisher\":{\"@id\":\"https:\\\/\\\/www.kaviargauche.com\\\/de\\\/#organization\"},\"potentialAction\":[{\"@type\":\"SearchAction\",\"target\":{\"@type\":\"EntryPoint\",\"urlTemplate\":\"https:\\\/\\\/www.kaviargauche.com\\\/de\\\/?s={search_term_string}\"},\"query-input\":{\"@type\":\"PropertyValueSpecification\",\"valueRequired\":true,\"valueName\":\"search_term_string\"}}],\"inLanguage\":\"de\"},{\"@type\":\"Organization\",\"@id\":\"https:\\\/\\\/www.kaviargauche.com\\\/de\\\/#organization\",\"name\":\"KAVIAR GAUCHE\",\"url\":\"https:\\\/\\\/www.kaviargauche.com\\\/de\\\/\",\"logo\":{\"@type\":\"ImageObject\",\"inLanguage\":\"de\",\"@id\":\"https:\\\/\\\/www.kaviargauche.com\\\/de\\\/#\\\/schema\\\/logo\\\/image\\\/\",\"url\":\"https:\\\/\\\/www.kaviargauche.com\\\/wp-content\\\/uploads\\\/kaviar-gauche.png\",\"contentUrl\":\"https:\\\/\\\/www.kaviargauche.com\\\/wp-content\\\/uploads\\\/kaviar-gauche.png\",\"width\":512,\"height\":512,\"caption\":\"KAVIAR GAUCHE\"},\"image\":{\"@id\":\"https:\\\/\\\/www.kaviargauche.com\\\/de\\\/#\\\/schema\\\/logo\\\/image\\\/\"},\"sameAs\":[\"https:\\\/\\\/www.facebook.com\\\/kaviargauche\",\"https:\\\/\\\/www.pinterest.de\\\/KaviarGaucheOfficial\\\/\",\"https:\\\/\\\/www.instagram.com\\\/kaviargauche_official\"]}]}<\/script>\n<!-- \/ Yoast SEO Premium plugin. -->","yoast_head_json":{"title":"Marjorie Dress - Kaviar Gauche","description":"Das bodenlange Marjorie Dress \u00fcberzeugt mit seinem cleanen Schick. Die schulterfreie Corsage verleiht dem Kleid in Kombination mit einem modernen Look","robots":{"index":"index","follow":"follow","max-snippet":"max-snippet:-1","max-image-preview":"max-image-preview:large","max-video-preview":"max-video-preview:-1"},"canonical":"https:\/\/www.kaviargauche.com\/de\/produkt\/marjorie-dress\/","og_locale":"de_DE","og_type":"article","og_title":"Marjorie Dress","og_description":"Das bodenlange Marjorie Dress \u00fcberzeugt mit seinem cleanen Schick. Die schulterfreie Corsage verleiht dem Kleid in Kombination mit einem modernen Look","og_url":"https:\/\/www.kaviargauche.com\/de\/produkt\/marjorie-dress\/","og_site_name":"Kaviar Gauche","article_publisher":"https:\/\/www.facebook.com\/kaviargauche","article_modified_time":"2025-07-11T11:31:43+00:00","og_image":[{"width":1000,"height":1499,"url":"https:\/\/www.kaviargauche.com\/wp-content\/uploads\/Kaviar_Gauche_GrandeFleur_MarjorieDress_Retusche.jpg","type":"image\/jpeg"}],"twitter_card":"summary_large_image","twitter_misc":{"Gesch\u00e4tzte Lesezeit":"1\u00a0Minute"},"schema":{"@context":"https:\/\/schema.org","@graph":[{"@type":"WebPage","@id":"https:\/\/www.kaviargauche.com\/de\/produkt\/marjorie-dress\/","url":"https:\/\/www.kaviargauche.com\/de\/produkt\/marjorie-dress\/","name":"Marjorie Dress - Kaviar Gauche","isPartOf":{"@id":"https:\/\/www.kaviargauche.com\/de\/#website"},"primaryImageOfPage":{"@id":"https:\/\/www.kaviargauche.com\/de\/produkt\/marjorie-dress\/#primaryimage"},"image":{"@id":"https:\/\/www.kaviargauche.com\/de\/produkt\/marjorie-dress\/#primaryimage"},"thumbnailUrl":"https:\/\/www.kaviargauche.com\/wp-content\/uploads\/Kaviar_Gauche_GrandeFleur_MarjorieDress_Retusche.jpg","datePublished":"2024-10-08T14:00:21+00:00","dateModified":"2025-07-11T11:31:43+00:00","description":"Das bodenlange Marjorie Dress \u00fcberzeugt mit seinem cleanen Schick. Die schulterfreie Corsage verleiht dem Kleid in Kombination mit einem modernen Look","breadcrumb":{"@id":"https:\/\/www.kaviargauche.com\/de\/produkt\/marjorie-dress\/#breadcrumb"},"inLanguage":"de","potentialAction":[{"@type":"ReadAction","target":["https:\/\/www.kaviargauche.com\/de\/produkt\/marjorie-dress\/"]}]},{"@type":"ImageObject","inLanguage":"de","@id":"https:\/\/www.kaviargauche.com\/de\/produkt\/marjorie-dress\/#primaryimage","url":"https:\/\/www.kaviargauche.com\/wp-content\/uploads\/Kaviar_Gauche_GrandeFleur_MarjorieDress_Retusche.jpg","contentUrl":"https:\/\/www.kaviargauche.com\/wp-content\/uploads\/Kaviar_Gauche_GrandeFleur_MarjorieDress_Retusche.jpg","width":1000,"height":1499,"caption":"Kaviar Gauche Bridal Dress"},{"@type":"BreadcrumbList","@id":"https:\/\/www.kaviargauche.com\/de\/produkt\/marjorie-dress\/#breadcrumb","itemListElement":[{"@type":"ListItem","position":1,"name":"Home","item":"https:\/\/www.kaviargauche.com\/de\/"},{"@type":"ListItem","position":2,"name":"Shop","item":"https:\/\/www.kaviargauche.com\/de\/shop-2\/"},{"@type":"ListItem","position":3,"name":"Marjorie Dress"}]},{"@type":"WebSite","@id":"https:\/\/www.kaviargauche.com\/de\/#website","url":"https:\/\/www.kaviargauche.com\/de\/","name":"Kaviar Gauche","description":"Bridal Couture","publisher":{"@id":"https:\/\/www.kaviargauche.com\/de\/#organization"},"potentialAction":[{"@type":"SearchAction","target":{"@type":"EntryPoint","urlTemplate":"https:\/\/www.kaviargauche.com\/de\/?s={search_term_string}"},"query-input":{"@type":"PropertyValueSpecification","valueRequired":true,"valueName":"search_term_string"}}],"inLanguage":"de"},{"@type":"Organization","@id":"https:\/\/www.kaviargauche.com\/de\/#organization","name":"KAVIAR GAUCHE","url":"https:\/\/www.kaviargauche.com\/de\/","logo":{"@type":"ImageObject","inLanguage":"de","@id":"https:\/\/www.kaviargauche.com\/de\/#\/schema\/logo\/image\/","url":"https:\/\/www.kaviargauche.com\/wp-content\/uploads\/kaviar-gauche.png","contentUrl":"https:\/\/www.kaviargauche.com\/wp-content\/uploads\/kaviar-gauche.png","width":512,"height":512,"caption":"KAVIAR GAUCHE"},"image":{"@id":"https:\/\/www.kaviargauche.com\/de\/#\/schema\/logo\/image\/"},"sameAs":["https:\/\/www.facebook.com\/kaviargauche","https:\/\/www.pinterest.de\/KaviarGaucheOfficial\/","https:\/\/www.instagram.com\/kaviargauche_official"]}]}},"jetpack_sharing_enabled":true,"_links":{"self":[{"href":"https:\/\/www.kaviargauche.com\/de\/wp-json\/wp\/v2\/product\/22201","targetHints":{"allow":["GET"]}}],"collection":[{"href":"https:\/\/www.kaviargauche.com\/de\/wp-json\/wp\/v2\/product"}],"about":[{"href":"https:\/\/www.kaviargauche.com\/de\/wp-json\/wp\/v2\/types\/product"}],"wp:featuredmedia":[{"embeddable":true,"href":"https:\/\/www.kaviargauche.com\/de\/wp-json\/wp\/v2\/media\/24762"}],"wp:attachment":[{"href":"https:\/\/www.kaviargauche.com\/de\/wp-json\/wp\/v2\/media?parent=22201"}],"wp:term":[{"taxonomy":"product_brand","embeddable":true,"href":"https:\/\/www.kaviargauche.com\/de\/wp-json\/wp\/v2\/product_brand?post=22201"},{"taxonomy":"product_cat","embeddable":true,"href":"https:\/\/www.kaviargauche.com\/de\/wp-json\/wp\/v2\/product_cat?post=22201"},{"taxonomy":"product_tag","embeddable":true,"href":"https:\/\/www.kaviargauche.com\/de\/wp-json\/wp\/v2\/product_tag?post=22201"}],"curies":[{"name":"wp","href":"https:\/\/api.w.org\/{rel}","templated":true}]}}