
{"id":22400,"date":"2024-10-08T17:20:58","date_gmt":"2024-10-08T15:20:58","guid":{"rendered":"https:\/\/www.kaviargauche.com\/?post_type=product&#038;p=22400"},"modified":"2025-07-10T18:04:50","modified_gmt":"2025-07-10T16:04:50","slug":"grand-fleur-cape-umhang","status":"publish","type":"product","link":"https:\/\/www.kaviargauche.com\/de\/produkt\/grand-fleur-cape-umhang\/","title":{"rendered":"Grand Fleur Cape"},"content":{"rendered":"<p>Das opulente Grande Fleur Cape &#8211; Umhang ist ein aufregender, von Hand bestickter Umhang, der \u00fcppig mit zarten Couture-Seidenbl\u00fcten verziert ist. Es umrahmt das Outfit mit Leichtigkeit und Raffinesse und kann \u00fcber jedem Look getragen werden, um ihn zu veredeln, dramatisch in Szene zu setzen und ihm einen Hauch moderner Romantik zu verleihen. Perfekt auch \u00fcber Ihrem Hochzeitskleid.<\/p>\n<p data-start=\"791\" data-end=\"883\">Ein Kleidungsst\u00fcck f\u00fcr besondere Momente \u2013 oder um Allt\u00e4gliches unvergesslich zu machen.<\/p>\n<p><a href=\"https:\/\/www.kaviargauche.com\/de\/produkt\/marlene-pants\/\">Marlene Hose<\/a> separat erh\u00e4ltlich.<\/p>\n<p>Oberstoff: 100% Seide<\/p>\n<p>Bl\u00fcte: 100% Polyester<\/p>\n<p>MADE WITH LOVE IN GERMANY<\/p>\n","protected":false},"excerpt":{"rendered":"<p>Opulenter Umhang mit zarten Couture-Seidenbl\u00fcten<\/p>\n","protected":false},"featured_media":24768,"template":"","meta":{"_acf_changed":false},"product_brand":[],"product_cat":[460,965,487,543,602,1025],"product_tag":[],"class_list":{"0":"post-22400","1":"product","2":"type-product","3":"status-publish","4":"has-post-thumbnail","6":"product_cat-bekleidung","7":"product_cat-grande-fleur-de","8":"product_cat-jacken-mantel","9":"product_cat-modern-classic-de","10":"product_cat-romantisch","11":"product_cat-schals","13":"first","14":"outofstock","15":"taxable","16":"shipping-taxable","17":"purchasable","18":"product-type-simple"},"acf":[],"yoast_head":"<!-- This site is optimized with the Yoast SEO Premium plugin v26.3 (Yoast SEO v27.3) - https:\/\/yoast.com\/product\/yoast-seo-premium-wordpress\/ -->\n<title>Grand Fleur Cape - Kaviar Gauche<\/title>\n<meta name=\"description\" content=\"Das opulente Grande Fleur Cape ist ein aufregender mit Seidenblumen besetzter Umhang. Perfekt f\u00fcr \u00fcber dem Hochzeitskleid oder einem festlichen Look.\" \/>\n<meta name=\"robots\" content=\"index, follow, max-snippet:-1, max-image-preview:large, max-video-preview:-1\" \/>\n<link rel=\"canonical\" href=\"https:\/\/www.kaviargauche.com\/de\/produkt\/grand-fleur-cape-umhang\/\" \/>\n<meta property=\"og:locale\" content=\"de_DE\" \/>\n<meta property=\"og:type\" content=\"article\" \/>\n<meta property=\"og:title\" content=\"Grand Fleur Cape\" \/>\n<meta property=\"og:description\" content=\"Das opulente Grande Fleur Cape ist ein aufregender mit Seidenblumen besetzter Umhang. Perfekt f\u00fcr \u00fcber dem Hochzeitskleid oder einem festlichen Look.\" \/>\n<meta property=\"og:url\" content=\"https:\/\/www.kaviargauche.com\/de\/produkt\/grand-fleur-cape-umhang\/\" \/>\n<meta property=\"og:site_name\" content=\"Kaviar Gauche\" \/>\n<meta property=\"article:publisher\" content=\"https:\/\/www.facebook.com\/kaviargauche\" \/>\n<meta property=\"article:modified_time\" content=\"2025-07-10T16:04:50+00:00\" \/>\n<meta property=\"og:image\" content=\"https:\/\/www.kaviargauche.com\/wp-content\/uploads\/Kaviar_Gauche_GrandeFleur_MarlenePants_GrandeFleurCape_Retusche.jpg\" \/>\n\t<meta property=\"og:image:width\" content=\"1000\" \/>\n\t<meta property=\"og:image:height\" content=\"1499\" \/>\n\t<meta property=\"og:image:type\" content=\"image\/jpeg\" \/>\n<meta name=\"twitter:card\" content=\"summary_large_image\" \/>\n<meta name=\"twitter:label1\" content=\"Gesch\u00e4tzte Lesezeit\" \/>\n\t<meta name=\"twitter:data1\" content=\"1\u00a0Minute\" \/>\n<script type=\"application\/ld+json\" class=\"yoast-schema-graph\">{\"@context\":\"https:\\\/\\\/schema.org\",\"@graph\":[{\"@type\":\"WebPage\",\"@id\":\"https:\\\/\\\/www.kaviargauche.com\\\/de\\\/produkt\\\/grand-fleur-cape-umhang\\\/\",\"url\":\"https:\\\/\\\/www.kaviargauche.com\\\/de\\\/produkt\\\/grand-fleur-cape-umhang\\\/\",\"name\":\"Grand Fleur Cape - Kaviar Gauche\",\"isPartOf\":{\"@id\":\"https:\\\/\\\/www.kaviargauche.com\\\/de\\\/#website\"},\"primaryImageOfPage\":{\"@id\":\"https:\\\/\\\/www.kaviargauche.com\\\/de\\\/produkt\\\/grand-fleur-cape-umhang\\\/#primaryimage\"},\"image\":{\"@id\":\"https:\\\/\\\/www.kaviargauche.com\\\/de\\\/produkt\\\/grand-fleur-cape-umhang\\\/#primaryimage\"},\"thumbnailUrl\":\"https:\\\/\\\/www.kaviargauche.com\\\/wp-content\\\/uploads\\\/Kaviar_Gauche_GrandeFleur_MarlenePants_GrandeFleurCape_Retusche.jpg\",\"datePublished\":\"2024-10-08T15:20:58+00:00\",\"dateModified\":\"2025-07-10T16:04:50+00:00\",\"description\":\"Das opulente Grande Fleur Cape ist ein aufregender mit Seidenblumen besetzter Umhang. Perfekt f\u00fcr \u00fcber dem Hochzeitskleid oder einem festlichen Look.\",\"breadcrumb\":{\"@id\":\"https:\\\/\\\/www.kaviargauche.com\\\/de\\\/produkt\\\/grand-fleur-cape-umhang\\\/#breadcrumb\"},\"inLanguage\":\"de\",\"potentialAction\":[{\"@type\":\"ReadAction\",\"target\":[\"https:\\\/\\\/www.kaviargauche.com\\\/de\\\/produkt\\\/grand-fleur-cape-umhang\\\/\"]}]},{\"@type\":\"ImageObject\",\"inLanguage\":\"de\",\"@id\":\"https:\\\/\\\/www.kaviargauche.com\\\/de\\\/produkt\\\/grand-fleur-cape-umhang\\\/#primaryimage\",\"url\":\"https:\\\/\\\/www.kaviargauche.com\\\/wp-content\\\/uploads\\\/Kaviar_Gauche_GrandeFleur_MarlenePants_GrandeFleurCape_Retusche.jpg\",\"contentUrl\":\"https:\\\/\\\/www.kaviargauche.com\\\/wp-content\\\/uploads\\\/Kaviar_Gauche_GrandeFleur_MarlenePants_GrandeFleurCape_Retusche.jpg\",\"width\":1000,\"height\":1499,\"caption\":\"Kaviar Gauche Bridal Dress\"},{\"@type\":\"BreadcrumbList\",\"@id\":\"https:\\\/\\\/www.kaviargauche.com\\\/de\\\/produkt\\\/grand-fleur-cape-umhang\\\/#breadcrumb\",\"itemListElement\":[{\"@type\":\"ListItem\",\"position\":1,\"name\":\"Home\",\"item\":\"https:\\\/\\\/www.kaviargauche.com\\\/de\\\/\"},{\"@type\":\"ListItem\",\"position\":2,\"name\":\"Shop\",\"item\":\"https:\\\/\\\/www.kaviargauche.com\\\/de\\\/shop-2\\\/\"},{\"@type\":\"ListItem\",\"position\":3,\"name\":\"Grand Fleur Cape\"}]},{\"@type\":\"WebSite\",\"@id\":\"https:\\\/\\\/www.kaviargauche.com\\\/de\\\/#website\",\"url\":\"https:\\\/\\\/www.kaviargauche.com\\\/de\\\/\",\"name\":\"Kaviar Gauche\",\"description\":\"Bridal Couture\",\"publisher\":{\"@id\":\"https:\\\/\\\/www.kaviargauche.com\\\/de\\\/#organization\"},\"potentialAction\":[{\"@type\":\"SearchAction\",\"target\":{\"@type\":\"EntryPoint\",\"urlTemplate\":\"https:\\\/\\\/www.kaviargauche.com\\\/de\\\/?s={search_term_string}\"},\"query-input\":{\"@type\":\"PropertyValueSpecification\",\"valueRequired\":true,\"valueName\":\"search_term_string\"}}],\"inLanguage\":\"de\"},{\"@type\":\"Organization\",\"@id\":\"https:\\\/\\\/www.kaviargauche.com\\\/de\\\/#organization\",\"name\":\"KAVIAR GAUCHE\",\"url\":\"https:\\\/\\\/www.kaviargauche.com\\\/de\\\/\",\"logo\":{\"@type\":\"ImageObject\",\"inLanguage\":\"de\",\"@id\":\"https:\\\/\\\/www.kaviargauche.com\\\/de\\\/#\\\/schema\\\/logo\\\/image\\\/\",\"url\":\"https:\\\/\\\/www.kaviargauche.com\\\/wp-content\\\/uploads\\\/kaviar-gauche.png\",\"contentUrl\":\"https:\\\/\\\/www.kaviargauche.com\\\/wp-content\\\/uploads\\\/kaviar-gauche.png\",\"width\":512,\"height\":512,\"caption\":\"KAVIAR GAUCHE\"},\"image\":{\"@id\":\"https:\\\/\\\/www.kaviargauche.com\\\/de\\\/#\\\/schema\\\/logo\\\/image\\\/\"},\"sameAs\":[\"https:\\\/\\\/www.facebook.com\\\/kaviargauche\",\"https:\\\/\\\/www.pinterest.de\\\/KaviarGaucheOfficial\\\/\",\"https:\\\/\\\/www.instagram.com\\\/kaviargauche_official\"]}]}<\/script>\n<!-- \/ Yoast SEO Premium plugin. -->","yoast_head_json":{"title":"Grand Fleur Cape - Kaviar Gauche","description":"Das opulente Grande Fleur Cape ist ein aufregender mit Seidenblumen besetzter Umhang. Perfekt f\u00fcr \u00fcber dem Hochzeitskleid oder einem festlichen Look.","robots":{"index":"index","follow":"follow","max-snippet":"max-snippet:-1","max-image-preview":"max-image-preview:large","max-video-preview":"max-video-preview:-1"},"canonical":"https:\/\/www.kaviargauche.com\/de\/produkt\/grand-fleur-cape-umhang\/","og_locale":"de_DE","og_type":"article","og_title":"Grand Fleur Cape","og_description":"Das opulente Grande Fleur Cape ist ein aufregender mit Seidenblumen besetzter Umhang. Perfekt f\u00fcr \u00fcber dem Hochzeitskleid oder einem festlichen Look.","og_url":"https:\/\/www.kaviargauche.com\/de\/produkt\/grand-fleur-cape-umhang\/","og_site_name":"Kaviar Gauche","article_publisher":"https:\/\/www.facebook.com\/kaviargauche","article_modified_time":"2025-07-10T16:04:50+00:00","og_image":[{"width":1000,"height":1499,"url":"https:\/\/www.kaviargauche.com\/wp-content\/uploads\/Kaviar_Gauche_GrandeFleur_MarlenePants_GrandeFleurCape_Retusche.jpg","type":"image\/jpeg"}],"twitter_card":"summary_large_image","twitter_misc":{"Gesch\u00e4tzte Lesezeit":"1\u00a0Minute"},"schema":{"@context":"https:\/\/schema.org","@graph":[{"@type":"WebPage","@id":"https:\/\/www.kaviargauche.com\/de\/produkt\/grand-fleur-cape-umhang\/","url":"https:\/\/www.kaviargauche.com\/de\/produkt\/grand-fleur-cape-umhang\/","name":"Grand Fleur Cape - Kaviar Gauche","isPartOf":{"@id":"https:\/\/www.kaviargauche.com\/de\/#website"},"primaryImageOfPage":{"@id":"https:\/\/www.kaviargauche.com\/de\/produkt\/grand-fleur-cape-umhang\/#primaryimage"},"image":{"@id":"https:\/\/www.kaviargauche.com\/de\/produkt\/grand-fleur-cape-umhang\/#primaryimage"},"thumbnailUrl":"https:\/\/www.kaviargauche.com\/wp-content\/uploads\/Kaviar_Gauche_GrandeFleur_MarlenePants_GrandeFleurCape_Retusche.jpg","datePublished":"2024-10-08T15:20:58+00:00","dateModified":"2025-07-10T16:04:50+00:00","description":"Das opulente Grande Fleur Cape ist ein aufregender mit Seidenblumen besetzter Umhang. Perfekt f\u00fcr \u00fcber dem Hochzeitskleid oder einem festlichen Look.","breadcrumb":{"@id":"https:\/\/www.kaviargauche.com\/de\/produkt\/grand-fleur-cape-umhang\/#breadcrumb"},"inLanguage":"de","potentialAction":[{"@type":"ReadAction","target":["https:\/\/www.kaviargauche.com\/de\/produkt\/grand-fleur-cape-umhang\/"]}]},{"@type":"ImageObject","inLanguage":"de","@id":"https:\/\/www.kaviargauche.com\/de\/produkt\/grand-fleur-cape-umhang\/#primaryimage","url":"https:\/\/www.kaviargauche.com\/wp-content\/uploads\/Kaviar_Gauche_GrandeFleur_MarlenePants_GrandeFleurCape_Retusche.jpg","contentUrl":"https:\/\/www.kaviargauche.com\/wp-content\/uploads\/Kaviar_Gauche_GrandeFleur_MarlenePants_GrandeFleurCape_Retusche.jpg","width":1000,"height":1499,"caption":"Kaviar Gauche Bridal Dress"},{"@type":"BreadcrumbList","@id":"https:\/\/www.kaviargauche.com\/de\/produkt\/grand-fleur-cape-umhang\/#breadcrumb","itemListElement":[{"@type":"ListItem","position":1,"name":"Home","item":"https:\/\/www.kaviargauche.com\/de\/"},{"@type":"ListItem","position":2,"name":"Shop","item":"https:\/\/www.kaviargauche.com\/de\/shop-2\/"},{"@type":"ListItem","position":3,"name":"Grand Fleur Cape"}]},{"@type":"WebSite","@id":"https:\/\/www.kaviargauche.com\/de\/#website","url":"https:\/\/www.kaviargauche.com\/de\/","name":"Kaviar Gauche","description":"Bridal Couture","publisher":{"@id":"https:\/\/www.kaviargauche.com\/de\/#organization"},"potentialAction":[{"@type":"SearchAction","target":{"@type":"EntryPoint","urlTemplate":"https:\/\/www.kaviargauche.com\/de\/?s={search_term_string}"},"query-input":{"@type":"PropertyValueSpecification","valueRequired":true,"valueName":"search_term_string"}}],"inLanguage":"de"},{"@type":"Organization","@id":"https:\/\/www.kaviargauche.com\/de\/#organization","name":"KAVIAR GAUCHE","url":"https:\/\/www.kaviargauche.com\/de\/","logo":{"@type":"ImageObject","inLanguage":"de","@id":"https:\/\/www.kaviargauche.com\/de\/#\/schema\/logo\/image\/","url":"https:\/\/www.kaviargauche.com\/wp-content\/uploads\/kaviar-gauche.png","contentUrl":"https:\/\/www.kaviargauche.com\/wp-content\/uploads\/kaviar-gauche.png","width":512,"height":512,"caption":"KAVIAR GAUCHE"},"image":{"@id":"https:\/\/www.kaviargauche.com\/de\/#\/schema\/logo\/image\/"},"sameAs":["https:\/\/www.facebook.com\/kaviargauche","https:\/\/www.pinterest.de\/KaviarGaucheOfficial\/","https:\/\/www.instagram.com\/kaviargauche_official"]}]}},"jetpack_sharing_enabled":true,"_links":{"self":[{"href":"https:\/\/www.kaviargauche.com\/de\/wp-json\/wp\/v2\/product\/22400","targetHints":{"allow":["GET"]}}],"collection":[{"href":"https:\/\/www.kaviargauche.com\/de\/wp-json\/wp\/v2\/product"}],"about":[{"href":"https:\/\/www.kaviargauche.com\/de\/wp-json\/wp\/v2\/types\/product"}],"wp:featuredmedia":[{"embeddable":true,"href":"https:\/\/www.kaviargauche.com\/de\/wp-json\/wp\/v2\/media\/24768"}],"wp:attachment":[{"href":"https:\/\/www.kaviargauche.com\/de\/wp-json\/wp\/v2\/media?parent=22400"}],"wp:term":[{"taxonomy":"product_brand","embeddable":true,"href":"https:\/\/www.kaviargauche.com\/de\/wp-json\/wp\/v2\/product_brand?post=22400"},{"taxonomy":"product_cat","embeddable":true,"href":"https:\/\/www.kaviargauche.com\/de\/wp-json\/wp\/v2\/product_cat?post=22400"},{"taxonomy":"product_tag","embeddable":true,"href":"https:\/\/www.kaviargauche.com\/de\/wp-json\/wp\/v2\/product_tag?post=22400"}],"curies":[{"name":"wp","href":"https:\/\/api.w.org\/{rel}","templated":true}]}}