
{"id":2306,"date":"2022-02-23T15:33:51","date_gmt":"2022-02-23T15:33:51","guid":{"rendered":"https:\/\/www.kaviargauche.com\/?post_type=product&#038;p=2306"},"modified":"2025-07-14T16:40:19","modified_gmt":"2025-07-14T14:40:19","slug":"cloudy-skirt","status":"publish","type":"product","link":"https:\/\/www.kaviargauche.com\/de\/produkt\/cloudy-skirt\/","title":{"rendered":"Cloudy Skirt"},"content":{"rendered":"<p>Ein flie\u00dfender, langer Rock mit hohem Schlitz \u2013 perfekt f\u00fcr moderne Br\u00e4ute, die sich eine elegante Silhouette mit besonderer Leichtigkeit w\u00fcnschen. Der feine Stoff bewegt sich sanft bei jedem Schritt und Tanz. Ideal f\u00fcr einen stilvollen und femininen Hochzeitslook, der zugleich zeitlos und m\u00fchelos wirkt.<\/p>\n<p>&#8211; Farbe: Ivory<br \/>\n&#8211; Zweilagig<br \/>\n&#8211; Rei\u00dfverschluss in hinterer Mitte<\/p>\n<p>&#8211; Obermaterial: 100% Viscose<br \/>\n&#8211; Futter: 100% Viskose<\/p>\n<p>MADE WITH LOVE IN GERMANY<\/p>\n","protected":false},"excerpt":{"rendered":"<p>Flie\u00dfender, langer Brautrock mit hohem Beinschlitz<\/p>\n","protected":false},"featured_media":765,"template":"","meta":{"_acf_changed":false},"product_brand":[],"product_cat":[489,552,543,666,604],"product_tag":[],"class_list":{"0":"post-2306","1":"product","2":"type-product","3":"status-publish","4":"has-post-thumbnail","6":"product_cat-cloud-n9-de","7":"product_cat-glamouroes-de","8":"product_cat-modern-classic-de","9":"product_cat-sale-de","10":"product_cat-style-de","11":"product_shipping_class-klein-de","13":"first","14":"instock","15":"sale","16":"taxable","17":"shipping-taxable","18":"purchasable","19":"product-type-variable","20":"has-default-attributes","21":"wvs-archive-product-wrapper"},"acf":[],"yoast_head":"<!-- This site is optimized with the Yoast SEO Premium plugin v26.3 (Yoast SEO v27.3) - https:\/\/yoast.com\/product\/yoast-seo-premium-wordpress\/ -->\n<title>Cloudy Skirt - Kaviar Gauche<\/title>\n<meta name=\"description\" content=\"Flie\u00dfender Brautrock mit hohem Schlitz f\u00fcr elegante Silhouette und m\u00fchelose Leichtigkeit \u2013 ideal f\u00fcr moderne und stilvolle Hochzeitslooks.\" \/>\n<meta name=\"robots\" content=\"index, follow, max-snippet:-1, max-image-preview:large, max-video-preview:-1\" \/>\n<link rel=\"canonical\" href=\"https:\/\/www.kaviargauche.com\/de\/produkt\/cloudy-skirt\/\" \/>\n<meta property=\"og:locale\" content=\"de_DE\" \/>\n<meta property=\"og:type\" content=\"article\" \/>\n<meta property=\"og:title\" content=\"Cloudy Skirt\" \/>\n<meta property=\"og:description\" content=\"Flie\u00dfender Brautrock mit hohem Schlitz f\u00fcr elegante Silhouette und m\u00fchelose Leichtigkeit \u2013 ideal f\u00fcr moderne und stilvolle Hochzeitslooks.\" \/>\n<meta property=\"og:url\" content=\"https:\/\/www.kaviargauche.com\/de\/produkt\/cloudy-skirt\/\" \/>\n<meta property=\"og:site_name\" content=\"Kaviar Gauche\" \/>\n<meta property=\"article:publisher\" content=\"https:\/\/www.facebook.com\/kaviargauche\" \/>\n<meta property=\"article:modified_time\" content=\"2025-07-14T14:40:19+00:00\" \/>\n<meta property=\"og:image\" content=\"https:\/\/www.kaviargauche.com\/wp-content\/uploads\/Rock_Weiss_Lang_Vorne_0-scaled.jpeg\" \/>\n\t<meta property=\"og:image:width\" content=\"1792\" \/>\n\t<meta property=\"og:image:height\" content=\"2560\" \/>\n\t<meta property=\"og:image:type\" content=\"image\/jpeg\" \/>\n<meta name=\"twitter:card\" content=\"summary_large_image\" \/>\n<meta name=\"twitter:label1\" content=\"Gesch\u00e4tzte Lesezeit\" \/>\n\t<meta name=\"twitter:data1\" content=\"1\u00a0Minute\" \/>\n<script type=\"application\/ld+json\" class=\"yoast-schema-graph\">{\"@context\":\"https:\\\/\\\/schema.org\",\"@graph\":[{\"@type\":\"WebPage\",\"@id\":\"https:\\\/\\\/www.kaviargauche.com\\\/de\\\/produkt\\\/cloudy-skirt\\\/\",\"url\":\"https:\\\/\\\/www.kaviargauche.com\\\/de\\\/produkt\\\/cloudy-skirt\\\/\",\"name\":\"Cloudy Skirt - Kaviar Gauche\",\"isPartOf\":{\"@id\":\"https:\\\/\\\/www.kaviargauche.com\\\/de\\\/#website\"},\"primaryImageOfPage\":{\"@id\":\"https:\\\/\\\/www.kaviargauche.com\\\/de\\\/produkt\\\/cloudy-skirt\\\/#primaryimage\"},\"image\":{\"@id\":\"https:\\\/\\\/www.kaviargauche.com\\\/de\\\/produkt\\\/cloudy-skirt\\\/#primaryimage\"},\"thumbnailUrl\":\"https:\\\/\\\/www.kaviargauche.com\\\/wp-content\\\/uploads\\\/Rock_Weiss_Lang_Vorne_0-scaled.jpeg\",\"datePublished\":\"2022-02-23T15:33:51+00:00\",\"dateModified\":\"2025-07-14T14:40:19+00:00\",\"description\":\"Flie\u00dfender Brautrock mit hohem Schlitz f\u00fcr elegante Silhouette und m\u00fchelose Leichtigkeit \u2013 ideal f\u00fcr moderne und stilvolle Hochzeitslooks.\",\"breadcrumb\":{\"@id\":\"https:\\\/\\\/www.kaviargauche.com\\\/de\\\/produkt\\\/cloudy-skirt\\\/#breadcrumb\"},\"inLanguage\":\"de\",\"potentialAction\":[{\"@type\":\"ReadAction\",\"target\":[\"https:\\\/\\\/www.kaviargauche.com\\\/de\\\/produkt\\\/cloudy-skirt\\\/\"]}]},{\"@type\":\"ImageObject\",\"inLanguage\":\"de\",\"@id\":\"https:\\\/\\\/www.kaviargauche.com\\\/de\\\/produkt\\\/cloudy-skirt\\\/#primaryimage\",\"url\":\"https:\\\/\\\/www.kaviargauche.com\\\/wp-content\\\/uploads\\\/Rock_Weiss_Lang_Vorne_0-scaled.jpeg\",\"contentUrl\":\"https:\\\/\\\/www.kaviargauche.com\\\/wp-content\\\/uploads\\\/Rock_Weiss_Lang_Vorne_0-scaled.jpeg\",\"width\":1792,\"height\":2560,\"caption\":\"Langer flie\u00dfender Rock\"},{\"@type\":\"BreadcrumbList\",\"@id\":\"https:\\\/\\\/www.kaviargauche.com\\\/de\\\/produkt\\\/cloudy-skirt\\\/#breadcrumb\",\"itemListElement\":[{\"@type\":\"ListItem\",\"position\":1,\"name\":\"Home\",\"item\":\"https:\\\/\\\/www.kaviargauche.com\\\/de\\\/\"},{\"@type\":\"ListItem\",\"position\":2,\"name\":\"Shop\",\"item\":\"https:\\\/\\\/www.kaviargauche.com\\\/de\\\/shop-2\\\/\"},{\"@type\":\"ListItem\",\"position\":3,\"name\":\"Cloudy Skirt\"}]},{\"@type\":\"WebSite\",\"@id\":\"https:\\\/\\\/www.kaviargauche.com\\\/de\\\/#website\",\"url\":\"https:\\\/\\\/www.kaviargauche.com\\\/de\\\/\",\"name\":\"Kaviar Gauche\",\"description\":\"Bridal Couture\",\"publisher\":{\"@id\":\"https:\\\/\\\/www.kaviargauche.com\\\/de\\\/#organization\"},\"potentialAction\":[{\"@type\":\"SearchAction\",\"target\":{\"@type\":\"EntryPoint\",\"urlTemplate\":\"https:\\\/\\\/www.kaviargauche.com\\\/de\\\/?s={search_term_string}\"},\"query-input\":{\"@type\":\"PropertyValueSpecification\",\"valueRequired\":true,\"valueName\":\"search_term_string\"}}],\"inLanguage\":\"de\"},{\"@type\":\"Organization\",\"@id\":\"https:\\\/\\\/www.kaviargauche.com\\\/de\\\/#organization\",\"name\":\"KAVIAR GAUCHE\",\"url\":\"https:\\\/\\\/www.kaviargauche.com\\\/de\\\/\",\"logo\":{\"@type\":\"ImageObject\",\"inLanguage\":\"de\",\"@id\":\"https:\\\/\\\/www.kaviargauche.com\\\/de\\\/#\\\/schema\\\/logo\\\/image\\\/\",\"url\":\"https:\\\/\\\/www.kaviargauche.com\\\/wp-content\\\/uploads\\\/kaviar-gauche.png\",\"contentUrl\":\"https:\\\/\\\/www.kaviargauche.com\\\/wp-content\\\/uploads\\\/kaviar-gauche.png\",\"width\":512,\"height\":512,\"caption\":\"KAVIAR GAUCHE\"},\"image\":{\"@id\":\"https:\\\/\\\/www.kaviargauche.com\\\/de\\\/#\\\/schema\\\/logo\\\/image\\\/\"},\"sameAs\":[\"https:\\\/\\\/www.facebook.com\\\/kaviargauche\",\"https:\\\/\\\/www.pinterest.de\\\/KaviarGaucheOfficial\\\/\",\"https:\\\/\\\/www.instagram.com\\\/kaviargauche_official\"]}]}<\/script>\n<!-- \/ Yoast SEO Premium plugin. -->","yoast_head_json":{"title":"Cloudy Skirt - Kaviar Gauche","description":"Flie\u00dfender Brautrock mit hohem Schlitz f\u00fcr elegante Silhouette und m\u00fchelose Leichtigkeit \u2013 ideal f\u00fcr moderne und stilvolle Hochzeitslooks.","robots":{"index":"index","follow":"follow","max-snippet":"max-snippet:-1","max-image-preview":"max-image-preview:large","max-video-preview":"max-video-preview:-1"},"canonical":"https:\/\/www.kaviargauche.com\/de\/produkt\/cloudy-skirt\/","og_locale":"de_DE","og_type":"article","og_title":"Cloudy Skirt","og_description":"Flie\u00dfender Brautrock mit hohem Schlitz f\u00fcr elegante Silhouette und m\u00fchelose Leichtigkeit \u2013 ideal f\u00fcr moderne und stilvolle Hochzeitslooks.","og_url":"https:\/\/www.kaviargauche.com\/de\/produkt\/cloudy-skirt\/","og_site_name":"Kaviar Gauche","article_publisher":"https:\/\/www.facebook.com\/kaviargauche","article_modified_time":"2025-07-14T14:40:19+00:00","og_image":[{"width":1792,"height":2560,"url":"https:\/\/www.kaviargauche.com\/wp-content\/uploads\/Rock_Weiss_Lang_Vorne_0-scaled.jpeg","type":"image\/jpeg"}],"twitter_card":"summary_large_image","twitter_misc":{"Gesch\u00e4tzte Lesezeit":"1\u00a0Minute"},"schema":{"@context":"https:\/\/schema.org","@graph":[{"@type":"WebPage","@id":"https:\/\/www.kaviargauche.com\/de\/produkt\/cloudy-skirt\/","url":"https:\/\/www.kaviargauche.com\/de\/produkt\/cloudy-skirt\/","name":"Cloudy Skirt - Kaviar Gauche","isPartOf":{"@id":"https:\/\/www.kaviargauche.com\/de\/#website"},"primaryImageOfPage":{"@id":"https:\/\/www.kaviargauche.com\/de\/produkt\/cloudy-skirt\/#primaryimage"},"image":{"@id":"https:\/\/www.kaviargauche.com\/de\/produkt\/cloudy-skirt\/#primaryimage"},"thumbnailUrl":"https:\/\/www.kaviargauche.com\/wp-content\/uploads\/Rock_Weiss_Lang_Vorne_0-scaled.jpeg","datePublished":"2022-02-23T15:33:51+00:00","dateModified":"2025-07-14T14:40:19+00:00","description":"Flie\u00dfender Brautrock mit hohem Schlitz f\u00fcr elegante Silhouette und m\u00fchelose Leichtigkeit \u2013 ideal f\u00fcr moderne und stilvolle Hochzeitslooks.","breadcrumb":{"@id":"https:\/\/www.kaviargauche.com\/de\/produkt\/cloudy-skirt\/#breadcrumb"},"inLanguage":"de","potentialAction":[{"@type":"ReadAction","target":["https:\/\/www.kaviargauche.com\/de\/produkt\/cloudy-skirt\/"]}]},{"@type":"ImageObject","inLanguage":"de","@id":"https:\/\/www.kaviargauche.com\/de\/produkt\/cloudy-skirt\/#primaryimage","url":"https:\/\/www.kaviargauche.com\/wp-content\/uploads\/Rock_Weiss_Lang_Vorne_0-scaled.jpeg","contentUrl":"https:\/\/www.kaviargauche.com\/wp-content\/uploads\/Rock_Weiss_Lang_Vorne_0-scaled.jpeg","width":1792,"height":2560,"caption":"Langer flie\u00dfender Rock"},{"@type":"BreadcrumbList","@id":"https:\/\/www.kaviargauche.com\/de\/produkt\/cloudy-skirt\/#breadcrumb","itemListElement":[{"@type":"ListItem","position":1,"name":"Home","item":"https:\/\/www.kaviargauche.com\/de\/"},{"@type":"ListItem","position":2,"name":"Shop","item":"https:\/\/www.kaviargauche.com\/de\/shop-2\/"},{"@type":"ListItem","position":3,"name":"Cloudy Skirt"}]},{"@type":"WebSite","@id":"https:\/\/www.kaviargauche.com\/de\/#website","url":"https:\/\/www.kaviargauche.com\/de\/","name":"Kaviar Gauche","description":"Bridal Couture","publisher":{"@id":"https:\/\/www.kaviargauche.com\/de\/#organization"},"potentialAction":[{"@type":"SearchAction","target":{"@type":"EntryPoint","urlTemplate":"https:\/\/www.kaviargauche.com\/de\/?s={search_term_string}"},"query-input":{"@type":"PropertyValueSpecification","valueRequired":true,"valueName":"search_term_string"}}],"inLanguage":"de"},{"@type":"Organization","@id":"https:\/\/www.kaviargauche.com\/de\/#organization","name":"KAVIAR GAUCHE","url":"https:\/\/www.kaviargauche.com\/de\/","logo":{"@type":"ImageObject","inLanguage":"de","@id":"https:\/\/www.kaviargauche.com\/de\/#\/schema\/logo\/image\/","url":"https:\/\/www.kaviargauche.com\/wp-content\/uploads\/kaviar-gauche.png","contentUrl":"https:\/\/www.kaviargauche.com\/wp-content\/uploads\/kaviar-gauche.png","width":512,"height":512,"caption":"KAVIAR GAUCHE"},"image":{"@id":"https:\/\/www.kaviargauche.com\/de\/#\/schema\/logo\/image\/"},"sameAs":["https:\/\/www.facebook.com\/kaviargauche","https:\/\/www.pinterest.de\/KaviarGaucheOfficial\/","https:\/\/www.instagram.com\/kaviargauche_official"]}]}},"jetpack_sharing_enabled":true,"_links":{"self":[{"href":"https:\/\/www.kaviargauche.com\/de\/wp-json\/wp\/v2\/product\/2306","targetHints":{"allow":["GET"]}}],"collection":[{"href":"https:\/\/www.kaviargauche.com\/de\/wp-json\/wp\/v2\/product"}],"about":[{"href":"https:\/\/www.kaviargauche.com\/de\/wp-json\/wp\/v2\/types\/product"}],"wp:featuredmedia":[{"embeddable":true,"href":"https:\/\/www.kaviargauche.com\/de\/wp-json\/wp\/v2\/media\/765"}],"wp:attachment":[{"href":"https:\/\/www.kaviargauche.com\/de\/wp-json\/wp\/v2\/media?parent=2306"}],"wp:term":[{"taxonomy":"product_brand","embeddable":true,"href":"https:\/\/www.kaviargauche.com\/de\/wp-json\/wp\/v2\/product_brand?post=2306"},{"taxonomy":"product_cat","embeddable":true,"href":"https:\/\/www.kaviargauche.com\/de\/wp-json\/wp\/v2\/product_cat?post=2306"},{"taxonomy":"product_tag","embeddable":true,"href":"https:\/\/www.kaviargauche.com\/de\/wp-json\/wp\/v2\/product_tag?post=2306"}],"curies":[{"name":"wp","href":"https:\/\/api.w.org\/{rel}","templated":true}]}}