
{"id":2309,"date":"2022-02-23T15:41:23","date_gmt":"2022-02-23T15:41:23","guid":{"rendered":"https:\/\/www.kaviargauche.com\/?post_type=product&#038;p=2309"},"modified":"2025-09-08T17:46:22","modified_gmt":"2025-09-08T15:46:22","slug":"papillon-ophelia-dress","status":"publish","type":"product","link":"https:\/\/www.kaviargauche.com\/de\/produkt\/papillon-ophelia-dress\/","title":{"rendered":"Papillon Ophelia Dress"},"content":{"rendered":"<p>Ein m\u00e4dchenhaftes und feminines Kleid. So l\u00e4sst sich das &#8222;Papillon Ophelia Dress&#8220; am besten beschreiben. Das elegante Oberteil setzt Schulter und Arme elegant in Szene. Der G\u00fcrtel in der Taille betont die feminine Ausstrahlung dieses verspielten Brautkleides. Ein rundum gelungener und unaufgeregter Look f\u00fcr jede Braut.<\/p>\n<p class=\"p1\">-Haken &amp; \u00d6se in der hinteren Mitte<br \/>\n&#8211; L\u00e4nge vorne (Gr\u00f6\u00dfe 38): 68,5cm<br \/>\n&#8211; L\u00e4nge hinten (Gr\u00f6\u00dfe 38): 95cm<\/p>\n<p>-Schmetterling: 80% Baumwolle, 20% Polyamide<br \/>\n-Oberstoff: 70% Baumwolle, 30% Nylon<br \/>\n-Futter: 100% Seide<br \/>\n-Trockenreinigung<\/p>\n<p>MADE WITH LOVE IN GERMANY<\/p>\n","protected":false},"excerpt":{"rendered":"<p>M\u00e4dchenhaftes, verspieltes Kleid mit Tailleng\u00fcrtel<\/p>\n","protected":false},"featured_media":756,"template":"","meta":{"_acf_changed":false},"product_brand":[],"product_cat":[541,472,490,538,475,604,486],"product_tag":[],"class_list":{"0":"post-2309","1":"product","2":"type-product","3":"status-publish","4":"has-post-thumbnail","6":"product_cat-a-line-de","7":"product_cat-kleider","8":"product_cat-kurze-kleider","9":"product_cat-spitze-de","10":"product_cat-standesamt","11":"product_cat-style-de","12":"product_cat-partydresses","14":"first","15":"instock","16":"taxable","17":"shipping-taxable","18":"purchasable","19":"product-type-variable","20":"has-default-attributes","21":"wvs-archive-product-wrapper"},"acf":[],"yoast_head":"<!-- This site is optimized with the Yoast SEO Premium plugin v26.3 (Yoast SEO v27.3) - https:\/\/yoast.com\/product\/yoast-seo-premium-wordpress\/ -->\n<title>Papillon Ophelia Dress - Kaviar Gauche<\/title>\n<meta name=\"description\" content=\"Das Papillon Ophelia Dress ist ein feminines, verspieltes Brautkleid mit zartem Oberteil &amp; Tailleng\u00fcrtel \u2013 m\u00e4dchenhaft, elegant &amp; modern zugleich.\" \/>\n<meta name=\"robots\" content=\"index, follow, max-snippet:-1, max-image-preview:large, max-video-preview:-1\" \/>\n<link rel=\"canonical\" href=\"https:\/\/www.kaviargauche.com\/de\/produkt\/papillon-ophelia-dress\/\" \/>\n<meta property=\"og:locale\" content=\"de_DE\" \/>\n<meta property=\"og:type\" content=\"article\" \/>\n<meta property=\"og:title\" content=\"Papillon Ophelia Dress\" \/>\n<meta property=\"og:description\" content=\"Das Papillon Ophelia Dress ist ein feminines, verspieltes Brautkleid mit zartem Oberteil &amp; Tailleng\u00fcrtel \u2013 m\u00e4dchenhaft, elegant &amp; modern zugleich.\" \/>\n<meta property=\"og:url\" content=\"https:\/\/www.kaviargauche.com\/de\/produkt\/papillon-ophelia-dress\/\" \/>\n<meta property=\"og:site_name\" content=\"Kaviar Gauche\" \/>\n<meta property=\"article:publisher\" content=\"https:\/\/www.facebook.com\/kaviargauche\" \/>\n<meta property=\"article:modified_time\" content=\"2025-09-08T15:46:22+00:00\" \/>\n<meta property=\"og:image\" content=\"https:\/\/www.kaviargauche.com\/wp-content\/uploads\/kaviargauche-papillonopheliadress02.jpeg\" \/>\n\t<meta property=\"og:image:width\" content=\"1167\" \/>\n\t<meta property=\"og:image:height\" content=\"1751\" \/>\n\t<meta property=\"og:image:type\" content=\"image\/jpeg\" \/>\n<meta name=\"twitter:card\" content=\"summary_large_image\" \/>\n<meta name=\"twitter:label1\" content=\"Gesch\u00e4tzte Lesezeit\" \/>\n\t<meta name=\"twitter:data1\" content=\"1\u00a0Minute\" \/>\n<script type=\"application\/ld+json\" class=\"yoast-schema-graph\">{\"@context\":\"https:\\\/\\\/schema.org\",\"@graph\":[{\"@type\":\"WebPage\",\"@id\":\"https:\\\/\\\/www.kaviargauche.com\\\/de\\\/produkt\\\/papillon-ophelia-dress\\\/\",\"url\":\"https:\\\/\\\/www.kaviargauche.com\\\/de\\\/produkt\\\/papillon-ophelia-dress\\\/\",\"name\":\"Papillon Ophelia Dress - Kaviar Gauche\",\"isPartOf\":{\"@id\":\"https:\\\/\\\/www.kaviargauche.com\\\/de\\\/#website\"},\"primaryImageOfPage\":{\"@id\":\"https:\\\/\\\/www.kaviargauche.com\\\/de\\\/produkt\\\/papillon-ophelia-dress\\\/#primaryimage\"},\"image\":{\"@id\":\"https:\\\/\\\/www.kaviargauche.com\\\/de\\\/produkt\\\/papillon-ophelia-dress\\\/#primaryimage\"},\"thumbnailUrl\":\"https:\\\/\\\/www.kaviargauche.com\\\/wp-content\\\/uploads\\\/kaviargauche-papillonopheliadress02.jpeg\",\"datePublished\":\"2022-02-23T15:41:23+00:00\",\"dateModified\":\"2025-09-08T15:46:22+00:00\",\"description\":\"Das Papillon Ophelia Dress ist ein feminines, verspieltes Brautkleid mit zartem Oberteil & Tailleng\u00fcrtel \u2013 m\u00e4dchenhaft, elegant & modern zugleich.\",\"breadcrumb\":{\"@id\":\"https:\\\/\\\/www.kaviargauche.com\\\/de\\\/produkt\\\/papillon-ophelia-dress\\\/#breadcrumb\"},\"inLanguage\":\"de\",\"potentialAction\":[{\"@type\":\"ReadAction\",\"target\":[\"https:\\\/\\\/www.kaviargauche.com\\\/de\\\/produkt\\\/papillon-ophelia-dress\\\/\"]}]},{\"@type\":\"ImageObject\",\"inLanguage\":\"de\",\"@id\":\"https:\\\/\\\/www.kaviargauche.com\\\/de\\\/produkt\\\/papillon-ophelia-dress\\\/#primaryimage\",\"url\":\"https:\\\/\\\/www.kaviargauche.com\\\/wp-content\\\/uploads\\\/kaviargauche-papillonopheliadress02.jpeg\",\"contentUrl\":\"https:\\\/\\\/www.kaviargauche.com\\\/wp-content\\\/uploads\\\/kaviargauche-papillonopheliadress02.jpeg\",\"width\":1167,\"height\":1751,\"caption\":\"Feminines Brautkleid Papillon Ophelia Dress von Kaviar Gauche\"},{\"@type\":\"BreadcrumbList\",\"@id\":\"https:\\\/\\\/www.kaviargauche.com\\\/de\\\/produkt\\\/papillon-ophelia-dress\\\/#breadcrumb\",\"itemListElement\":[{\"@type\":\"ListItem\",\"position\":1,\"name\":\"Home\",\"item\":\"https:\\\/\\\/www.kaviargauche.com\\\/de\\\/\"},{\"@type\":\"ListItem\",\"position\":2,\"name\":\"Shop\",\"item\":\"https:\\\/\\\/www.kaviargauche.com\\\/de\\\/shop-2\\\/\"},{\"@type\":\"ListItem\",\"position\":3,\"name\":\"Papillon Ophelia Dress\"}]},{\"@type\":\"WebSite\",\"@id\":\"https:\\\/\\\/www.kaviargauche.com\\\/de\\\/#website\",\"url\":\"https:\\\/\\\/www.kaviargauche.com\\\/de\\\/\",\"name\":\"Kaviar Gauche\",\"description\":\"Bridal Couture\",\"publisher\":{\"@id\":\"https:\\\/\\\/www.kaviargauche.com\\\/de\\\/#organization\"},\"potentialAction\":[{\"@type\":\"SearchAction\",\"target\":{\"@type\":\"EntryPoint\",\"urlTemplate\":\"https:\\\/\\\/www.kaviargauche.com\\\/de\\\/?s={search_term_string}\"},\"query-input\":{\"@type\":\"PropertyValueSpecification\",\"valueRequired\":true,\"valueName\":\"search_term_string\"}}],\"inLanguage\":\"de\"},{\"@type\":\"Organization\",\"@id\":\"https:\\\/\\\/www.kaviargauche.com\\\/de\\\/#organization\",\"name\":\"KAVIAR GAUCHE\",\"url\":\"https:\\\/\\\/www.kaviargauche.com\\\/de\\\/\",\"logo\":{\"@type\":\"ImageObject\",\"inLanguage\":\"de\",\"@id\":\"https:\\\/\\\/www.kaviargauche.com\\\/de\\\/#\\\/schema\\\/logo\\\/image\\\/\",\"url\":\"https:\\\/\\\/www.kaviargauche.com\\\/wp-content\\\/uploads\\\/kaviar-gauche.png\",\"contentUrl\":\"https:\\\/\\\/www.kaviargauche.com\\\/wp-content\\\/uploads\\\/kaviar-gauche.png\",\"width\":512,\"height\":512,\"caption\":\"KAVIAR GAUCHE\"},\"image\":{\"@id\":\"https:\\\/\\\/www.kaviargauche.com\\\/de\\\/#\\\/schema\\\/logo\\\/image\\\/\"},\"sameAs\":[\"https:\\\/\\\/www.facebook.com\\\/kaviargauche\",\"https:\\\/\\\/www.pinterest.de\\\/KaviarGaucheOfficial\\\/\",\"https:\\\/\\\/www.instagram.com\\\/kaviargauche_official\"]}]}<\/script>\n<!-- \/ Yoast SEO Premium plugin. -->","yoast_head_json":{"title":"Papillon Ophelia Dress - Kaviar Gauche","description":"Das Papillon Ophelia Dress ist ein feminines, verspieltes Brautkleid mit zartem Oberteil & Tailleng\u00fcrtel \u2013 m\u00e4dchenhaft, elegant & modern zugleich.","robots":{"index":"index","follow":"follow","max-snippet":"max-snippet:-1","max-image-preview":"max-image-preview:large","max-video-preview":"max-video-preview:-1"},"canonical":"https:\/\/www.kaviargauche.com\/de\/produkt\/papillon-ophelia-dress\/","og_locale":"de_DE","og_type":"article","og_title":"Papillon Ophelia Dress","og_description":"Das Papillon Ophelia Dress ist ein feminines, verspieltes Brautkleid mit zartem Oberteil & Tailleng\u00fcrtel \u2013 m\u00e4dchenhaft, elegant & modern zugleich.","og_url":"https:\/\/www.kaviargauche.com\/de\/produkt\/papillon-ophelia-dress\/","og_site_name":"Kaviar Gauche","article_publisher":"https:\/\/www.facebook.com\/kaviargauche","article_modified_time":"2025-09-08T15:46:22+00:00","og_image":[{"width":1167,"height":1751,"url":"https:\/\/www.kaviargauche.com\/wp-content\/uploads\/kaviargauche-papillonopheliadress02.jpeg","type":"image\/jpeg"}],"twitter_card":"summary_large_image","twitter_misc":{"Gesch\u00e4tzte Lesezeit":"1\u00a0Minute"},"schema":{"@context":"https:\/\/schema.org","@graph":[{"@type":"WebPage","@id":"https:\/\/www.kaviargauche.com\/de\/produkt\/papillon-ophelia-dress\/","url":"https:\/\/www.kaviargauche.com\/de\/produkt\/papillon-ophelia-dress\/","name":"Papillon Ophelia Dress - Kaviar Gauche","isPartOf":{"@id":"https:\/\/www.kaviargauche.com\/de\/#website"},"primaryImageOfPage":{"@id":"https:\/\/www.kaviargauche.com\/de\/produkt\/papillon-ophelia-dress\/#primaryimage"},"image":{"@id":"https:\/\/www.kaviargauche.com\/de\/produkt\/papillon-ophelia-dress\/#primaryimage"},"thumbnailUrl":"https:\/\/www.kaviargauche.com\/wp-content\/uploads\/kaviargauche-papillonopheliadress02.jpeg","datePublished":"2022-02-23T15:41:23+00:00","dateModified":"2025-09-08T15:46:22+00:00","description":"Das Papillon Ophelia Dress ist ein feminines, verspieltes Brautkleid mit zartem Oberteil & Tailleng\u00fcrtel \u2013 m\u00e4dchenhaft, elegant & modern zugleich.","breadcrumb":{"@id":"https:\/\/www.kaviargauche.com\/de\/produkt\/papillon-ophelia-dress\/#breadcrumb"},"inLanguage":"de","potentialAction":[{"@type":"ReadAction","target":["https:\/\/www.kaviargauche.com\/de\/produkt\/papillon-ophelia-dress\/"]}]},{"@type":"ImageObject","inLanguage":"de","@id":"https:\/\/www.kaviargauche.com\/de\/produkt\/papillon-ophelia-dress\/#primaryimage","url":"https:\/\/www.kaviargauche.com\/wp-content\/uploads\/kaviargauche-papillonopheliadress02.jpeg","contentUrl":"https:\/\/www.kaviargauche.com\/wp-content\/uploads\/kaviargauche-papillonopheliadress02.jpeg","width":1167,"height":1751,"caption":"Feminines Brautkleid Papillon Ophelia Dress von Kaviar Gauche"},{"@type":"BreadcrumbList","@id":"https:\/\/www.kaviargauche.com\/de\/produkt\/papillon-ophelia-dress\/#breadcrumb","itemListElement":[{"@type":"ListItem","position":1,"name":"Home","item":"https:\/\/www.kaviargauche.com\/de\/"},{"@type":"ListItem","position":2,"name":"Shop","item":"https:\/\/www.kaviargauche.com\/de\/shop-2\/"},{"@type":"ListItem","position":3,"name":"Papillon Ophelia Dress"}]},{"@type":"WebSite","@id":"https:\/\/www.kaviargauche.com\/de\/#website","url":"https:\/\/www.kaviargauche.com\/de\/","name":"Kaviar Gauche","description":"Bridal Couture","publisher":{"@id":"https:\/\/www.kaviargauche.com\/de\/#organization"},"potentialAction":[{"@type":"SearchAction","target":{"@type":"EntryPoint","urlTemplate":"https:\/\/www.kaviargauche.com\/de\/?s={search_term_string}"},"query-input":{"@type":"PropertyValueSpecification","valueRequired":true,"valueName":"search_term_string"}}],"inLanguage":"de"},{"@type":"Organization","@id":"https:\/\/www.kaviargauche.com\/de\/#organization","name":"KAVIAR GAUCHE","url":"https:\/\/www.kaviargauche.com\/de\/","logo":{"@type":"ImageObject","inLanguage":"de","@id":"https:\/\/www.kaviargauche.com\/de\/#\/schema\/logo\/image\/","url":"https:\/\/www.kaviargauche.com\/wp-content\/uploads\/kaviar-gauche.png","contentUrl":"https:\/\/www.kaviargauche.com\/wp-content\/uploads\/kaviar-gauche.png","width":512,"height":512,"caption":"KAVIAR GAUCHE"},"image":{"@id":"https:\/\/www.kaviargauche.com\/de\/#\/schema\/logo\/image\/"},"sameAs":["https:\/\/www.facebook.com\/kaviargauche","https:\/\/www.pinterest.de\/KaviarGaucheOfficial\/","https:\/\/www.instagram.com\/kaviargauche_official"]}]}},"jetpack_sharing_enabled":true,"_links":{"self":[{"href":"https:\/\/www.kaviargauche.com\/de\/wp-json\/wp\/v2\/product\/2309","targetHints":{"allow":["GET"]}}],"collection":[{"href":"https:\/\/www.kaviargauche.com\/de\/wp-json\/wp\/v2\/product"}],"about":[{"href":"https:\/\/www.kaviargauche.com\/de\/wp-json\/wp\/v2\/types\/product"}],"wp:featuredmedia":[{"embeddable":true,"href":"https:\/\/www.kaviargauche.com\/de\/wp-json\/wp\/v2\/media\/756"}],"wp:attachment":[{"href":"https:\/\/www.kaviargauche.com\/de\/wp-json\/wp\/v2\/media?parent=2309"}],"wp:term":[{"taxonomy":"product_brand","embeddable":true,"href":"https:\/\/www.kaviargauche.com\/de\/wp-json\/wp\/v2\/product_brand?post=2309"},{"taxonomy":"product_cat","embeddable":true,"href":"https:\/\/www.kaviargauche.com\/de\/wp-json\/wp\/v2\/product_cat?post=2309"},{"taxonomy":"product_tag","embeddable":true,"href":"https:\/\/www.kaviargauche.com\/de\/wp-json\/wp\/v2\/product_tag?post=2309"}],"curies":[{"name":"wp","href":"https:\/\/api.w.org\/{rel}","templated":true}]}}