
{"id":2315,"date":"2022-02-23T15:57:06","date_gmt":"2022-02-23T15:57:06","guid":{"rendered":"https:\/\/www.kaviargauche.com\/?post_type=product&#038;p=2315"},"modified":"2025-08-19T17:53:00","modified_gmt":"2025-08-19T15:53:00","slug":"swinging-papillon-dress","status":"publish","type":"product","link":"https:\/\/www.kaviargauche.com\/de\/produkt\/swinging-papillon-dress\/","title":{"rendered":"Swinging Papillon Dress"},"content":{"rendered":"<p>Dieses weit geschnittene Hochzeitskleid im Stil der 60er Jahre erweitert die Kaviar Gauche &#8222;Papillon D&#8217;Amour&#8220; Kollektion um ein fr\u00f6hlich schwingendes Minikleid. Zarte Schmetterlinge verleihen dem Brautkleid einen l\u00e4ssigen Schnitt mit einem romantischen Touch.<\/p>\n<p>Buch einen Termin in unseren <a href=\"https:\/\/www.kaviargauche.com\/de\/kollektionen\/celebrate-love\/#booknow\">Bridal Flagship Stores<\/a> in <a href=\"https:\/\/www.kaviargauche.com\/de\/unsere-boutiquen\/stores-berlin\/\">Berlin<\/a> oder <a href=\"https:\/\/www.kaviargauche.com\/de\/unsere-boutiquen\/stores-muenchen\/\">M\u00fcnchen<\/a>, um dieses traumhafte Hochzeitskleid anzuprobieren.<\/p>\n<p>Haken &amp; \u00d6sen in der hinteren Mitte<br \/>\nL\u00e4nge vorne (Gr\u00f6\u00dfe 38): 93 cm<br \/>\nL\u00e4nge hinten (Gr\u00f6\u00dfe 38): 96 cm<\/p>\n<p>Schmetterlinge: 80% Baumwolle, 20% Polyamide<br \/>\nOberstoff: 70% Baumwolle, 20% Nylon, 10% Polyester<br \/>\nFutter: 100% Seide<br \/>\nTrockenreinigung<\/p>\n<p>MADE WITH LOVE IN GERMANY<\/p>\n","protected":false},"excerpt":{"rendered":"<p>Mit Schmetterlingen besetztes Mini-Hochzeitskleid<\/p>\n","protected":false},"featured_media":737,"template":"","meta":{"_acf_changed":false},"product_brand":[],"product_cat":[472,490,517,602,533,462,604],"product_tag":[],"class_list":{"0":"post-2315","1":"product","2":"type-product","3":"status-publish","4":"has-post-thumbnail","6":"product_cat-kleider","7":"product_cat-kurze-kleider","8":"product_cat-papillon-damour-de","9":"product_cat-romantisch","10":"product_cat-schwangere-braut","11":"product_cat-specials-de","12":"product_cat-style-de","14":"first","15":"instock","16":"taxable","17":"shipping-taxable","18":"purchasable","19":"product-type-variable","20":"has-default-attributes","21":"wvs-archive-product-wrapper"},"acf":[],"yoast_head":"<!-- This site is optimized with the Yoast SEO Premium plugin v26.3 (Yoast SEO v27.3) - https:\/\/yoast.com\/product\/yoast-seo-premium-wordpress\/ -->\n<title>Swinging Papillon Dress - Kaviar Gauche<\/title>\n<meta name=\"description\" content=\"Weites Hochzeitskleid im 60s-Stil aus der &quot;Papillon D&#039;Amour&quot; Kollektion. Romantisches Minikleid mit Schmetterlingsdetails f\u00fcr elegante Br\u00e4ute.\" \/>\n<meta name=\"robots\" content=\"index, follow, max-snippet:-1, max-image-preview:large, max-video-preview:-1\" \/>\n<link rel=\"canonical\" href=\"https:\/\/www.kaviargauche.com\/de\/produkt\/swinging-papillon-dress\/\" \/>\n<meta property=\"og:locale\" content=\"de_DE\" \/>\n<meta property=\"og:type\" content=\"article\" \/>\n<meta property=\"og:title\" content=\"Swinging Papillon Dress\" \/>\n<meta property=\"og:description\" content=\"Weites Hochzeitskleid im 60s-Stil aus der &quot;Papillon D&#039;Amour&quot; Kollektion. Romantisches Minikleid mit Schmetterlingsdetails f\u00fcr elegante Br\u00e4ute.\" \/>\n<meta property=\"og:url\" content=\"https:\/\/www.kaviargauche.com\/de\/produkt\/swinging-papillon-dress\/\" \/>\n<meta property=\"og:site_name\" content=\"Kaviar Gauche\" \/>\n<meta property=\"article:publisher\" content=\"https:\/\/www.facebook.com\/kaviargauche\" \/>\n<meta property=\"article:modified_time\" content=\"2025-08-19T15:53:00+00:00\" \/>\n<meta property=\"og:image\" content=\"https:\/\/www.kaviargauche.com\/wp-content\/uploads\/kaviargauche-swingingpapillondress02.jpeg\" \/>\n\t<meta property=\"og:image:width\" content=\"1167\" \/>\n\t<meta property=\"og:image:height\" content=\"1751\" \/>\n\t<meta property=\"og:image:type\" content=\"image\/jpeg\" \/>\n<meta name=\"twitter:card\" content=\"summary_large_image\" \/>\n<meta name=\"twitter:label1\" content=\"Gesch\u00e4tzte Lesezeit\" \/>\n\t<meta name=\"twitter:data1\" content=\"1\u00a0Minute\" \/>\n<script type=\"application\/ld+json\" class=\"yoast-schema-graph\">{\"@context\":\"https:\\\/\\\/schema.org\",\"@graph\":[{\"@type\":\"WebPage\",\"@id\":\"https:\\\/\\\/www.kaviargauche.com\\\/de\\\/produkt\\\/swinging-papillon-dress\\\/\",\"url\":\"https:\\\/\\\/www.kaviargauche.com\\\/de\\\/produkt\\\/swinging-papillon-dress\\\/\",\"name\":\"Swinging Papillon Dress - Kaviar Gauche\",\"isPartOf\":{\"@id\":\"https:\\\/\\\/www.kaviargauche.com\\\/de\\\/#website\"},\"primaryImageOfPage\":{\"@id\":\"https:\\\/\\\/www.kaviargauche.com\\\/de\\\/produkt\\\/swinging-papillon-dress\\\/#primaryimage\"},\"image\":{\"@id\":\"https:\\\/\\\/www.kaviargauche.com\\\/de\\\/produkt\\\/swinging-papillon-dress\\\/#primaryimage\"},\"thumbnailUrl\":\"https:\\\/\\\/www.kaviargauche.com\\\/wp-content\\\/uploads\\\/kaviargauche-swingingpapillondress02.jpeg\",\"datePublished\":\"2022-02-23T15:57:06+00:00\",\"dateModified\":\"2025-08-19T15:53:00+00:00\",\"description\":\"Weites Hochzeitskleid im 60s-Stil aus der \\\"Papillon D'Amour\\\" Kollektion. Romantisches Minikleid mit Schmetterlingsdetails f\u00fcr elegante Br\u00e4ute.\",\"breadcrumb\":{\"@id\":\"https:\\\/\\\/www.kaviargauche.com\\\/de\\\/produkt\\\/swinging-papillon-dress\\\/#breadcrumb\"},\"inLanguage\":\"de\",\"potentialAction\":[{\"@type\":\"ReadAction\",\"target\":[\"https:\\\/\\\/www.kaviargauche.com\\\/de\\\/produkt\\\/swinging-papillon-dress\\\/\"]}]},{\"@type\":\"ImageObject\",\"inLanguage\":\"de\",\"@id\":\"https:\\\/\\\/www.kaviargauche.com\\\/de\\\/produkt\\\/swinging-papillon-dress\\\/#primaryimage\",\"url\":\"https:\\\/\\\/www.kaviargauche.com\\\/wp-content\\\/uploads\\\/kaviargauche-swingingpapillondress02.jpeg\",\"contentUrl\":\"https:\\\/\\\/www.kaviargauche.com\\\/wp-content\\\/uploads\\\/kaviargauche-swingingpapillondress02.jpeg\",\"width\":1167,\"height\":1751,\"caption\":\"Lookbookbild vom Swinging Papillon Dress\"},{\"@type\":\"BreadcrumbList\",\"@id\":\"https:\\\/\\\/www.kaviargauche.com\\\/de\\\/produkt\\\/swinging-papillon-dress\\\/#breadcrumb\",\"itemListElement\":[{\"@type\":\"ListItem\",\"position\":1,\"name\":\"Home\",\"item\":\"https:\\\/\\\/www.kaviargauche.com\\\/de\\\/\"},{\"@type\":\"ListItem\",\"position\":2,\"name\":\"Shop\",\"item\":\"https:\\\/\\\/www.kaviargauche.com\\\/de\\\/shop-2\\\/\"},{\"@type\":\"ListItem\",\"position\":3,\"name\":\"Swinging Papillon Dress\"}]},{\"@type\":\"WebSite\",\"@id\":\"https:\\\/\\\/www.kaviargauche.com\\\/de\\\/#website\",\"url\":\"https:\\\/\\\/www.kaviargauche.com\\\/de\\\/\",\"name\":\"Kaviar Gauche\",\"description\":\"Bridal Couture\",\"publisher\":{\"@id\":\"https:\\\/\\\/www.kaviargauche.com\\\/de\\\/#organization\"},\"potentialAction\":[{\"@type\":\"SearchAction\",\"target\":{\"@type\":\"EntryPoint\",\"urlTemplate\":\"https:\\\/\\\/www.kaviargauche.com\\\/de\\\/?s={search_term_string}\"},\"query-input\":{\"@type\":\"PropertyValueSpecification\",\"valueRequired\":true,\"valueName\":\"search_term_string\"}}],\"inLanguage\":\"de\"},{\"@type\":\"Organization\",\"@id\":\"https:\\\/\\\/www.kaviargauche.com\\\/de\\\/#organization\",\"name\":\"KAVIAR GAUCHE\",\"url\":\"https:\\\/\\\/www.kaviargauche.com\\\/de\\\/\",\"logo\":{\"@type\":\"ImageObject\",\"inLanguage\":\"de\",\"@id\":\"https:\\\/\\\/www.kaviargauche.com\\\/de\\\/#\\\/schema\\\/logo\\\/image\\\/\",\"url\":\"https:\\\/\\\/www.kaviargauche.com\\\/wp-content\\\/uploads\\\/kaviar-gauche.png\",\"contentUrl\":\"https:\\\/\\\/www.kaviargauche.com\\\/wp-content\\\/uploads\\\/kaviar-gauche.png\",\"width\":512,\"height\":512,\"caption\":\"KAVIAR GAUCHE\"},\"image\":{\"@id\":\"https:\\\/\\\/www.kaviargauche.com\\\/de\\\/#\\\/schema\\\/logo\\\/image\\\/\"},\"sameAs\":[\"https:\\\/\\\/www.facebook.com\\\/kaviargauche\",\"https:\\\/\\\/www.pinterest.de\\\/KaviarGaucheOfficial\\\/\",\"https:\\\/\\\/www.instagram.com\\\/kaviargauche_official\"]}]}<\/script>\n<!-- \/ Yoast SEO Premium plugin. -->","yoast_head_json":{"title":"Swinging Papillon Dress - Kaviar Gauche","description":"Weites Hochzeitskleid im 60s-Stil aus der \"Papillon D'Amour\" Kollektion. Romantisches Minikleid mit Schmetterlingsdetails f\u00fcr elegante Br\u00e4ute.","robots":{"index":"index","follow":"follow","max-snippet":"max-snippet:-1","max-image-preview":"max-image-preview:large","max-video-preview":"max-video-preview:-1"},"canonical":"https:\/\/www.kaviargauche.com\/de\/produkt\/swinging-papillon-dress\/","og_locale":"de_DE","og_type":"article","og_title":"Swinging Papillon Dress","og_description":"Weites Hochzeitskleid im 60s-Stil aus der \"Papillon D'Amour\" Kollektion. Romantisches Minikleid mit Schmetterlingsdetails f\u00fcr elegante Br\u00e4ute.","og_url":"https:\/\/www.kaviargauche.com\/de\/produkt\/swinging-papillon-dress\/","og_site_name":"Kaviar Gauche","article_publisher":"https:\/\/www.facebook.com\/kaviargauche","article_modified_time":"2025-08-19T15:53:00+00:00","og_image":[{"width":1167,"height":1751,"url":"https:\/\/www.kaviargauche.com\/wp-content\/uploads\/kaviargauche-swingingpapillondress02.jpeg","type":"image\/jpeg"}],"twitter_card":"summary_large_image","twitter_misc":{"Gesch\u00e4tzte Lesezeit":"1\u00a0Minute"},"schema":{"@context":"https:\/\/schema.org","@graph":[{"@type":"WebPage","@id":"https:\/\/www.kaviargauche.com\/de\/produkt\/swinging-papillon-dress\/","url":"https:\/\/www.kaviargauche.com\/de\/produkt\/swinging-papillon-dress\/","name":"Swinging Papillon Dress - Kaviar Gauche","isPartOf":{"@id":"https:\/\/www.kaviargauche.com\/de\/#website"},"primaryImageOfPage":{"@id":"https:\/\/www.kaviargauche.com\/de\/produkt\/swinging-papillon-dress\/#primaryimage"},"image":{"@id":"https:\/\/www.kaviargauche.com\/de\/produkt\/swinging-papillon-dress\/#primaryimage"},"thumbnailUrl":"https:\/\/www.kaviargauche.com\/wp-content\/uploads\/kaviargauche-swingingpapillondress02.jpeg","datePublished":"2022-02-23T15:57:06+00:00","dateModified":"2025-08-19T15:53:00+00:00","description":"Weites Hochzeitskleid im 60s-Stil aus der \"Papillon D'Amour\" Kollektion. Romantisches Minikleid mit Schmetterlingsdetails f\u00fcr elegante Br\u00e4ute.","breadcrumb":{"@id":"https:\/\/www.kaviargauche.com\/de\/produkt\/swinging-papillon-dress\/#breadcrumb"},"inLanguage":"de","potentialAction":[{"@type":"ReadAction","target":["https:\/\/www.kaviargauche.com\/de\/produkt\/swinging-papillon-dress\/"]}]},{"@type":"ImageObject","inLanguage":"de","@id":"https:\/\/www.kaviargauche.com\/de\/produkt\/swinging-papillon-dress\/#primaryimage","url":"https:\/\/www.kaviargauche.com\/wp-content\/uploads\/kaviargauche-swingingpapillondress02.jpeg","contentUrl":"https:\/\/www.kaviargauche.com\/wp-content\/uploads\/kaviargauche-swingingpapillondress02.jpeg","width":1167,"height":1751,"caption":"Lookbookbild vom Swinging Papillon Dress"},{"@type":"BreadcrumbList","@id":"https:\/\/www.kaviargauche.com\/de\/produkt\/swinging-papillon-dress\/#breadcrumb","itemListElement":[{"@type":"ListItem","position":1,"name":"Home","item":"https:\/\/www.kaviargauche.com\/de\/"},{"@type":"ListItem","position":2,"name":"Shop","item":"https:\/\/www.kaviargauche.com\/de\/shop-2\/"},{"@type":"ListItem","position":3,"name":"Swinging Papillon Dress"}]},{"@type":"WebSite","@id":"https:\/\/www.kaviargauche.com\/de\/#website","url":"https:\/\/www.kaviargauche.com\/de\/","name":"Kaviar Gauche","description":"Bridal Couture","publisher":{"@id":"https:\/\/www.kaviargauche.com\/de\/#organization"},"potentialAction":[{"@type":"SearchAction","target":{"@type":"EntryPoint","urlTemplate":"https:\/\/www.kaviargauche.com\/de\/?s={search_term_string}"},"query-input":{"@type":"PropertyValueSpecification","valueRequired":true,"valueName":"search_term_string"}}],"inLanguage":"de"},{"@type":"Organization","@id":"https:\/\/www.kaviargauche.com\/de\/#organization","name":"KAVIAR GAUCHE","url":"https:\/\/www.kaviargauche.com\/de\/","logo":{"@type":"ImageObject","inLanguage":"de","@id":"https:\/\/www.kaviargauche.com\/de\/#\/schema\/logo\/image\/","url":"https:\/\/www.kaviargauche.com\/wp-content\/uploads\/kaviar-gauche.png","contentUrl":"https:\/\/www.kaviargauche.com\/wp-content\/uploads\/kaviar-gauche.png","width":512,"height":512,"caption":"KAVIAR GAUCHE"},"image":{"@id":"https:\/\/www.kaviargauche.com\/de\/#\/schema\/logo\/image\/"},"sameAs":["https:\/\/www.facebook.com\/kaviargauche","https:\/\/www.pinterest.de\/KaviarGaucheOfficial\/","https:\/\/www.instagram.com\/kaviargauche_official"]}]}},"jetpack_sharing_enabled":true,"_links":{"self":[{"href":"https:\/\/www.kaviargauche.com\/de\/wp-json\/wp\/v2\/product\/2315","targetHints":{"allow":["GET"]}}],"collection":[{"href":"https:\/\/www.kaviargauche.com\/de\/wp-json\/wp\/v2\/product"}],"about":[{"href":"https:\/\/www.kaviargauche.com\/de\/wp-json\/wp\/v2\/types\/product"}],"wp:featuredmedia":[{"embeddable":true,"href":"https:\/\/www.kaviargauche.com\/de\/wp-json\/wp\/v2\/media\/737"}],"wp:attachment":[{"href":"https:\/\/www.kaviargauche.com\/de\/wp-json\/wp\/v2\/media?parent=2315"}],"wp:term":[{"taxonomy":"product_brand","embeddable":true,"href":"https:\/\/www.kaviargauche.com\/de\/wp-json\/wp\/v2\/product_brand?post=2315"},{"taxonomy":"product_cat","embeddable":true,"href":"https:\/\/www.kaviargauche.com\/de\/wp-json\/wp\/v2\/product_cat?post=2315"},{"taxonomy":"product_tag","embeddable":true,"href":"https:\/\/www.kaviargauche.com\/de\/wp-json\/wp\/v2\/product_tag?post=2315"}],"curies":[{"name":"wp","href":"https:\/\/api.w.org\/{rel}","templated":true}]}}