
{"id":23151,"date":"2024-11-19T12:05:05","date_gmt":"2024-11-19T10:05:05","guid":{"rendered":"https:\/\/www.kaviargauche.com\/?post_type=product&#038;p=23151"},"modified":"2025-07-23T19:17:03","modified_gmt":"2025-07-23T17:17:03","slug":"pure-sky-dress-fuer-schwangere","status":"publish","type":"product","link":"https:\/\/www.kaviargauche.com\/de\/produkt\/pure-sky-dress-fuer-schwangere\/","title":{"rendered":"Pure Sky Dress &#8211; f\u00fcr Schwangere"},"content":{"rendered":"<div class=\"ai-optimize-introduction\">Elegantes, schlichtes Hochzeitskleid f\u00fcr Schwangere mit gro\u00dfer Schleife zum Binden im Nacken. Der flie\u00dfende Stoff und der perfekte, bodenlange Schnitt mit hochgeschlossenem Stehkragen machen das Pure Sky Dress \u00a0f\u00fcr Schwangere zur idealen Wahl, um dich und deinen Schwangerschaftsbauch bis zum 9. Monat zum Strahlen zu bringen.<\/div>\n<div><\/div>\n<div>Vereinbare f\u00fcr diesen Look einen Termin in unseren<a href=\"https:\/\/www.kaviargauche.com\/de\/kollektionen\/celebrate-love\/#booknow\"> Bridal Flagship Stores<\/a> Berlin oder M\u00fcnchen.<\/div>\n<div><\/div>\n<p>Farbe: ivory<br \/>\nObermaterial: 82% Triacetat, 18% Polyester<br \/>\nFutter: 94% Seide, 6% Elasthan<\/p>\n<p>MADE WITH LOVE IN GERMANY<\/p>\n","protected":false},"excerpt":{"rendered":"<p>Elegantes hochgeschlossenes Hochzeitskleid f\u00fcr Schwangere<\/p>\n","protected":false},"featured_media":23972,"template":"","meta":{"_acf_changed":false},"product_brand":[],"product_cat":[473,489,472,474,601,533],"product_tag":[],"class_list":{"0":"post-23151","1":"product","2":"type-product","3":"status-publish","4":"has-post-thumbnail","6":"product_cat-brautkleider","7":"product_cat-cloud-n9-de","8":"product_cat-kleider","9":"product_cat-lange-kleider","10":"product_cat-minimalistisch-de","11":"product_cat-schwangere-braut","13":"first","14":"instock","15":"taxable","16":"shipping-taxable","17":"purchasable","18":"product-type-variable","19":"has-default-attributes","20":"wvs-archive-product-wrapper"},"acf":[],"yoast_head":"<!-- This site is optimized with the Yoast SEO Premium plugin v26.3 (Yoast SEO v27.3) - https:\/\/yoast.com\/product\/yoast-seo-premium-wordpress\/ -->\n<title>Pure Sky Dress - f\u00fcr Schwangere - Kaviar Gauche<\/title>\n<meta name=\"description\" content=\"Schlichtes Hochzeitskleid f\u00fcr Schwangere mit Schleife, flie\u00dfendem Stoff und Stehkragen \u2013 perfekt bis zum 9. Monat f\u00fcr einen eleganten Brautlook.\" \/>\n<meta name=\"robots\" content=\"index, follow, max-snippet:-1, max-image-preview:large, max-video-preview:-1\" \/>\n<link rel=\"canonical\" href=\"https:\/\/www.kaviargauche.com\/de\/produkt\/pure-sky-dress-fuer-schwangere\/\" \/>\n<meta property=\"og:locale\" content=\"de_DE\" \/>\n<meta property=\"og:type\" content=\"article\" \/>\n<meta property=\"og:title\" content=\"Pure Sky Dress - f\u00fcr Schwangere\" \/>\n<meta property=\"og:description\" content=\"Schlichtes Hochzeitskleid f\u00fcr Schwangere mit Schleife, flie\u00dfendem Stoff und Stehkragen \u2013 perfekt bis zum 9. Monat f\u00fcr einen eleganten Brautlook.\" \/>\n<meta property=\"og:url\" content=\"https:\/\/www.kaviargauche.com\/de\/produkt\/pure-sky-dress-fuer-schwangere\/\" \/>\n<meta property=\"og:site_name\" content=\"Kaviar Gauche\" \/>\n<meta property=\"article:publisher\" content=\"https:\/\/www.facebook.com\/kaviargauche\" \/>\n<meta property=\"article:modified_time\" content=\"2025-07-23T17:17:03+00:00\" \/>\n<meta property=\"og:image\" content=\"https:\/\/www.kaviargauche.com\/wp-content\/uploads\/KaviarGauche_PureSkyDress_pregnant.jpg\" \/>\n\t<meta property=\"og:image:width\" content=\"982\" \/>\n\t<meta property=\"og:image:height\" content=\"1473\" \/>\n\t<meta property=\"og:image:type\" content=\"image\/jpeg\" \/>\n<meta name=\"twitter:card\" content=\"summary_large_image\" \/>\n<meta name=\"twitter:label1\" content=\"Gesch\u00e4tzte Lesezeit\" \/>\n\t<meta name=\"twitter:data1\" content=\"1\u00a0Minute\" \/>\n<script type=\"application\/ld+json\" class=\"yoast-schema-graph\">{\"@context\":\"https:\\\/\\\/schema.org\",\"@graph\":[{\"@type\":\"WebPage\",\"@id\":\"https:\\\/\\\/www.kaviargauche.com\\\/de\\\/produkt\\\/pure-sky-dress-fuer-schwangere\\\/\",\"url\":\"https:\\\/\\\/www.kaviargauche.com\\\/de\\\/produkt\\\/pure-sky-dress-fuer-schwangere\\\/\",\"name\":\"Pure Sky Dress - f\u00fcr Schwangere - Kaviar Gauche\",\"isPartOf\":{\"@id\":\"https:\\\/\\\/www.kaviargauche.com\\\/de\\\/#website\"},\"primaryImageOfPage\":{\"@id\":\"https:\\\/\\\/www.kaviargauche.com\\\/de\\\/produkt\\\/pure-sky-dress-fuer-schwangere\\\/#primaryimage\"},\"image\":{\"@id\":\"https:\\\/\\\/www.kaviargauche.com\\\/de\\\/produkt\\\/pure-sky-dress-fuer-schwangere\\\/#primaryimage\"},\"thumbnailUrl\":\"https:\\\/\\\/www.kaviargauche.com\\\/wp-content\\\/uploads\\\/KaviarGauche_PureSkyDress_pregnant.jpg\",\"datePublished\":\"2024-11-19T10:05:05+00:00\",\"dateModified\":\"2025-07-23T17:17:03+00:00\",\"description\":\"Schlichtes Hochzeitskleid f\u00fcr Schwangere mit Schleife, flie\u00dfendem Stoff und Stehkragen \u2013 perfekt bis zum 9. Monat f\u00fcr einen eleganten Brautlook.\",\"breadcrumb\":{\"@id\":\"https:\\\/\\\/www.kaviargauche.com\\\/de\\\/produkt\\\/pure-sky-dress-fuer-schwangere\\\/#breadcrumb\"},\"inLanguage\":\"de\",\"potentialAction\":[{\"@type\":\"ReadAction\",\"target\":[\"https:\\\/\\\/www.kaviargauche.com\\\/de\\\/produkt\\\/pure-sky-dress-fuer-schwangere\\\/\"]}]},{\"@type\":\"ImageObject\",\"inLanguage\":\"de\",\"@id\":\"https:\\\/\\\/www.kaviargauche.com\\\/de\\\/produkt\\\/pure-sky-dress-fuer-schwangere\\\/#primaryimage\",\"url\":\"https:\\\/\\\/www.kaviargauche.com\\\/wp-content\\\/uploads\\\/KaviarGauche_PureSkyDress_pregnant.jpg\",\"contentUrl\":\"https:\\\/\\\/www.kaviargauche.com\\\/wp-content\\\/uploads\\\/KaviarGauche_PureSkyDress_pregnant.jpg\",\"width\":982,\"height\":1473},{\"@type\":\"BreadcrumbList\",\"@id\":\"https:\\\/\\\/www.kaviargauche.com\\\/de\\\/produkt\\\/pure-sky-dress-fuer-schwangere\\\/#breadcrumb\",\"itemListElement\":[{\"@type\":\"ListItem\",\"position\":1,\"name\":\"Home\",\"item\":\"https:\\\/\\\/www.kaviargauche.com\\\/de\\\/\"},{\"@type\":\"ListItem\",\"position\":2,\"name\":\"Shop\",\"item\":\"https:\\\/\\\/www.kaviargauche.com\\\/de\\\/shop-2\\\/\"},{\"@type\":\"ListItem\",\"position\":3,\"name\":\"Pure Sky Dress &#8211; f\u00fcr Schwangere\"}]},{\"@type\":\"WebSite\",\"@id\":\"https:\\\/\\\/www.kaviargauche.com\\\/de\\\/#website\",\"url\":\"https:\\\/\\\/www.kaviargauche.com\\\/de\\\/\",\"name\":\"Kaviar Gauche\",\"description\":\"Bridal Couture\",\"publisher\":{\"@id\":\"https:\\\/\\\/www.kaviargauche.com\\\/de\\\/#organization\"},\"potentialAction\":[{\"@type\":\"SearchAction\",\"target\":{\"@type\":\"EntryPoint\",\"urlTemplate\":\"https:\\\/\\\/www.kaviargauche.com\\\/de\\\/?s={search_term_string}\"},\"query-input\":{\"@type\":\"PropertyValueSpecification\",\"valueRequired\":true,\"valueName\":\"search_term_string\"}}],\"inLanguage\":\"de\"},{\"@type\":\"Organization\",\"@id\":\"https:\\\/\\\/www.kaviargauche.com\\\/de\\\/#organization\",\"name\":\"KAVIAR GAUCHE\",\"url\":\"https:\\\/\\\/www.kaviargauche.com\\\/de\\\/\",\"logo\":{\"@type\":\"ImageObject\",\"inLanguage\":\"de\",\"@id\":\"https:\\\/\\\/www.kaviargauche.com\\\/de\\\/#\\\/schema\\\/logo\\\/image\\\/\",\"url\":\"https:\\\/\\\/www.kaviargauche.com\\\/wp-content\\\/uploads\\\/kaviar-gauche.png\",\"contentUrl\":\"https:\\\/\\\/www.kaviargauche.com\\\/wp-content\\\/uploads\\\/kaviar-gauche.png\",\"width\":512,\"height\":512,\"caption\":\"KAVIAR GAUCHE\"},\"image\":{\"@id\":\"https:\\\/\\\/www.kaviargauche.com\\\/de\\\/#\\\/schema\\\/logo\\\/image\\\/\"},\"sameAs\":[\"https:\\\/\\\/www.facebook.com\\\/kaviargauche\",\"https:\\\/\\\/www.pinterest.de\\\/KaviarGaucheOfficial\\\/\",\"https:\\\/\\\/www.instagram.com\\\/kaviargauche_official\"]}]}<\/script>\n<!-- \/ Yoast SEO Premium plugin. -->","yoast_head_json":{"title":"Pure Sky Dress - f\u00fcr Schwangere - Kaviar Gauche","description":"Schlichtes Hochzeitskleid f\u00fcr Schwangere mit Schleife, flie\u00dfendem Stoff und Stehkragen \u2013 perfekt bis zum 9. Monat f\u00fcr einen eleganten Brautlook.","robots":{"index":"index","follow":"follow","max-snippet":"max-snippet:-1","max-image-preview":"max-image-preview:large","max-video-preview":"max-video-preview:-1"},"canonical":"https:\/\/www.kaviargauche.com\/de\/produkt\/pure-sky-dress-fuer-schwangere\/","og_locale":"de_DE","og_type":"article","og_title":"Pure Sky Dress - f\u00fcr Schwangere","og_description":"Schlichtes Hochzeitskleid f\u00fcr Schwangere mit Schleife, flie\u00dfendem Stoff und Stehkragen \u2013 perfekt bis zum 9. Monat f\u00fcr einen eleganten Brautlook.","og_url":"https:\/\/www.kaviargauche.com\/de\/produkt\/pure-sky-dress-fuer-schwangere\/","og_site_name":"Kaviar Gauche","article_publisher":"https:\/\/www.facebook.com\/kaviargauche","article_modified_time":"2025-07-23T17:17:03+00:00","og_image":[{"width":982,"height":1473,"url":"https:\/\/www.kaviargauche.com\/wp-content\/uploads\/KaviarGauche_PureSkyDress_pregnant.jpg","type":"image\/jpeg"}],"twitter_card":"summary_large_image","twitter_misc":{"Gesch\u00e4tzte Lesezeit":"1\u00a0Minute"},"schema":{"@context":"https:\/\/schema.org","@graph":[{"@type":"WebPage","@id":"https:\/\/www.kaviargauche.com\/de\/produkt\/pure-sky-dress-fuer-schwangere\/","url":"https:\/\/www.kaviargauche.com\/de\/produkt\/pure-sky-dress-fuer-schwangere\/","name":"Pure Sky Dress - f\u00fcr Schwangere - Kaviar Gauche","isPartOf":{"@id":"https:\/\/www.kaviargauche.com\/de\/#website"},"primaryImageOfPage":{"@id":"https:\/\/www.kaviargauche.com\/de\/produkt\/pure-sky-dress-fuer-schwangere\/#primaryimage"},"image":{"@id":"https:\/\/www.kaviargauche.com\/de\/produkt\/pure-sky-dress-fuer-schwangere\/#primaryimage"},"thumbnailUrl":"https:\/\/www.kaviargauche.com\/wp-content\/uploads\/KaviarGauche_PureSkyDress_pregnant.jpg","datePublished":"2024-11-19T10:05:05+00:00","dateModified":"2025-07-23T17:17:03+00:00","description":"Schlichtes Hochzeitskleid f\u00fcr Schwangere mit Schleife, flie\u00dfendem Stoff und Stehkragen \u2013 perfekt bis zum 9. Monat f\u00fcr einen eleganten Brautlook.","breadcrumb":{"@id":"https:\/\/www.kaviargauche.com\/de\/produkt\/pure-sky-dress-fuer-schwangere\/#breadcrumb"},"inLanguage":"de","potentialAction":[{"@type":"ReadAction","target":["https:\/\/www.kaviargauche.com\/de\/produkt\/pure-sky-dress-fuer-schwangere\/"]}]},{"@type":"ImageObject","inLanguage":"de","@id":"https:\/\/www.kaviargauche.com\/de\/produkt\/pure-sky-dress-fuer-schwangere\/#primaryimage","url":"https:\/\/www.kaviargauche.com\/wp-content\/uploads\/KaviarGauche_PureSkyDress_pregnant.jpg","contentUrl":"https:\/\/www.kaviargauche.com\/wp-content\/uploads\/KaviarGauche_PureSkyDress_pregnant.jpg","width":982,"height":1473},{"@type":"BreadcrumbList","@id":"https:\/\/www.kaviargauche.com\/de\/produkt\/pure-sky-dress-fuer-schwangere\/#breadcrumb","itemListElement":[{"@type":"ListItem","position":1,"name":"Home","item":"https:\/\/www.kaviargauche.com\/de\/"},{"@type":"ListItem","position":2,"name":"Shop","item":"https:\/\/www.kaviargauche.com\/de\/shop-2\/"},{"@type":"ListItem","position":3,"name":"Pure Sky Dress &#8211; f\u00fcr Schwangere"}]},{"@type":"WebSite","@id":"https:\/\/www.kaviargauche.com\/de\/#website","url":"https:\/\/www.kaviargauche.com\/de\/","name":"Kaviar Gauche","description":"Bridal Couture","publisher":{"@id":"https:\/\/www.kaviargauche.com\/de\/#organization"},"potentialAction":[{"@type":"SearchAction","target":{"@type":"EntryPoint","urlTemplate":"https:\/\/www.kaviargauche.com\/de\/?s={search_term_string}"},"query-input":{"@type":"PropertyValueSpecification","valueRequired":true,"valueName":"search_term_string"}}],"inLanguage":"de"},{"@type":"Organization","@id":"https:\/\/www.kaviargauche.com\/de\/#organization","name":"KAVIAR GAUCHE","url":"https:\/\/www.kaviargauche.com\/de\/","logo":{"@type":"ImageObject","inLanguage":"de","@id":"https:\/\/www.kaviargauche.com\/de\/#\/schema\/logo\/image\/","url":"https:\/\/www.kaviargauche.com\/wp-content\/uploads\/kaviar-gauche.png","contentUrl":"https:\/\/www.kaviargauche.com\/wp-content\/uploads\/kaviar-gauche.png","width":512,"height":512,"caption":"KAVIAR GAUCHE"},"image":{"@id":"https:\/\/www.kaviargauche.com\/de\/#\/schema\/logo\/image\/"},"sameAs":["https:\/\/www.facebook.com\/kaviargauche","https:\/\/www.pinterest.de\/KaviarGaucheOfficial\/","https:\/\/www.instagram.com\/kaviargauche_official"]}]}},"jetpack_sharing_enabled":true,"_links":{"self":[{"href":"https:\/\/www.kaviargauche.com\/de\/wp-json\/wp\/v2\/product\/23151","targetHints":{"allow":["GET"]}}],"collection":[{"href":"https:\/\/www.kaviargauche.com\/de\/wp-json\/wp\/v2\/product"}],"about":[{"href":"https:\/\/www.kaviargauche.com\/de\/wp-json\/wp\/v2\/types\/product"}],"wp:featuredmedia":[{"embeddable":true,"href":"https:\/\/www.kaviargauche.com\/de\/wp-json\/wp\/v2\/media\/23972"}],"wp:attachment":[{"href":"https:\/\/www.kaviargauche.com\/de\/wp-json\/wp\/v2\/media?parent=23151"}],"wp:term":[{"taxonomy":"product_brand","embeddable":true,"href":"https:\/\/www.kaviargauche.com\/de\/wp-json\/wp\/v2\/product_brand?post=23151"},{"taxonomy":"product_cat","embeddable":true,"href":"https:\/\/www.kaviargauche.com\/de\/wp-json\/wp\/v2\/product_cat?post=23151"},{"taxonomy":"product_tag","embeddable":true,"href":"https:\/\/www.kaviargauche.com\/de\/wp-json\/wp\/v2\/product_tag?post=23151"}],"curies":[{"name":"wp","href":"https:\/\/api.w.org\/{rel}","templated":true}]}}