
{"id":2329,"date":"2022-02-24T08:21:02","date_gmt":"2022-02-24T08:21:02","guid":{"rendered":"https:\/\/www.kaviargauche.com\/?post_type=product&#038;p=2329"},"modified":"2025-11-25T16:03:01","modified_gmt":"2025-11-25T14:03:01","slug":"glitter-cache-coeur-dress-mini","status":"publish","type":"product","link":"https:\/\/www.kaviargauche.com\/de\/produkt\/glitter-cache-coeur-dress-mini\/","title":{"rendered":"Glitter Cache Coeur Mini"},"content":{"rendered":"<p>Ein kurzes glitzerndes Brautkleid mit modernem Schnitt. Ein absoluter Hingucker f\u00fcr jede Hochzeit aber auch f\u00fcr jede weitere festliche Veranstaltung.<\/p>\n<p class=\"p1\">&#8211; Rockl\u00e4nge (Gr\u00f6\u00dfe 34): 55 cm<br \/>\n&#8211; L\u00e4nge hinten (Gr\u00f6\u00dfe 34): 94cm<br \/>\n&#8211; G\u00fcrtel nicht beinhaltet<\/p>\n<p>&#8211; Obermaterial: Lurex auf T\u00fcllbasis<br \/>\n&#8211; Futter: 100% Seide<br \/>\n&#8211; Trockenreinigung<\/p>\n<p>MADE WITH LOVE IN GERMANY<\/p>\n","protected":false},"excerpt":{"rendered":"<p>Glitzerndes, kurz geschnittenes Brautkleid mit Wickeloptik<\/p>\n","protected":false},"featured_media":681,"template":"","meta":{"_acf_changed":false},"product_brand":[],"product_cat":[472,490,781,666,604,539,486,540],"product_tag":[],"class_list":{"0":"post-2329","1":"product","2":"type-product","3":"status-publish","4":"has-post-thumbnail","6":"product_cat-kleider","7":"product_cat-kurze-kleider","8":"product_cat-letzte-groessen","9":"product_cat-sale-de","10":"product_cat-style-de","11":"product_cat-v-ausschnitt-de","12":"product_cat-partydresses","13":"product_cat-wickelkleid-de","14":"product_shipping_class-klein-de","16":"first","17":"instock","18":"sale","19":"taxable","20":"shipping-taxable","21":"purchasable","22":"product-type-variable","23":"wvs-archive-product-wrapper"},"acf":[],"yoast_head":"<!-- This site is optimized with the Yoast SEO Premium plugin v26.3 (Yoast SEO v27.3) - https:\/\/yoast.com\/product\/yoast-seo-premium-wordpress\/ -->\n<title>Glitter Cache Coeur Mini - Kaviar Gauche<\/title>\n<meta name=\"description\" content=\"Ein glamour\u00f6ses, kurzes glitzerndes Brautkleid mit modernem Schnitt. Ein absoluter Hingucker f\u00fcr jede Hochzeit aber auch festliche Veranstaltung.\" \/>\n<meta name=\"robots\" content=\"index, follow, max-snippet:-1, max-image-preview:large, max-video-preview:-1\" \/>\n<link rel=\"canonical\" href=\"https:\/\/www.kaviargauche.com\/de\/produkt\/glitter-cache-coeur-dress-mini\/\" \/>\n<meta property=\"og:locale\" content=\"de_DE\" \/>\n<meta property=\"og:type\" content=\"article\" \/>\n<meta property=\"og:title\" content=\"Glitter Cache Coeur Mini\" \/>\n<meta property=\"og:description\" content=\"Ein glamour\u00f6ses, kurzes glitzerndes Brautkleid mit modernem Schnitt. Ein absoluter Hingucker f\u00fcr jede Hochzeit aber auch festliche Veranstaltung.\" \/>\n<meta property=\"og:url\" content=\"https:\/\/www.kaviargauche.com\/de\/produkt\/glitter-cache-coeur-dress-mini\/\" \/>\n<meta property=\"og:site_name\" content=\"Kaviar Gauche\" \/>\n<meta property=\"article:publisher\" content=\"https:\/\/www.facebook.com\/kaviargauche\" \/>\n<meta property=\"article:modified_time\" content=\"2025-11-25T14:03:01+00:00\" \/>\n<meta property=\"og:image\" content=\"https:\/\/www.kaviargauche.com\/wp-content\/uploads\/glitter_cache_coeur_dress_mini_powder_rose_vorne_shadow_0-scaled.jpeg\" \/>\n\t<meta property=\"og:image:width\" content=\"1709\" \/>\n\t<meta property=\"og:image:height\" content=\"2560\" \/>\n\t<meta property=\"og:image:type\" content=\"image\/jpeg\" \/>\n<meta name=\"twitter:card\" content=\"summary_large_image\" \/>\n<meta name=\"twitter:label1\" content=\"Gesch\u00e4tzte Lesezeit\" \/>\n\t<meta name=\"twitter:data1\" content=\"1\u00a0Minute\" \/>\n<script type=\"application\/ld+json\" class=\"yoast-schema-graph\">{\"@context\":\"https:\\\/\\\/schema.org\",\"@graph\":[{\"@type\":\"WebPage\",\"@id\":\"https:\\\/\\\/www.kaviargauche.com\\\/de\\\/produkt\\\/glitter-cache-coeur-dress-mini\\\/\",\"url\":\"https:\\\/\\\/www.kaviargauche.com\\\/de\\\/produkt\\\/glitter-cache-coeur-dress-mini\\\/\",\"name\":\"Glitter Cache Coeur Mini - Kaviar Gauche\",\"isPartOf\":{\"@id\":\"https:\\\/\\\/www.kaviargauche.com\\\/de\\\/#website\"},\"primaryImageOfPage\":{\"@id\":\"https:\\\/\\\/www.kaviargauche.com\\\/de\\\/produkt\\\/glitter-cache-coeur-dress-mini\\\/#primaryimage\"},\"image\":{\"@id\":\"https:\\\/\\\/www.kaviargauche.com\\\/de\\\/produkt\\\/glitter-cache-coeur-dress-mini\\\/#primaryimage\"},\"thumbnailUrl\":\"https:\\\/\\\/www.kaviargauche.com\\\/wp-content\\\/uploads\\\/glitter_cache_coeur_dress_mini_powder_rose_vorne_shadow_0-scaled.jpeg\",\"datePublished\":\"2022-02-24T08:21:02+00:00\",\"dateModified\":\"2025-11-25T14:03:01+00:00\",\"description\":\"Ein glamour\u00f6ses, kurzes glitzerndes Brautkleid mit modernem Schnitt. Ein absoluter Hingucker f\u00fcr jede Hochzeit aber auch festliche Veranstaltung.\",\"breadcrumb\":{\"@id\":\"https:\\\/\\\/www.kaviargauche.com\\\/de\\\/produkt\\\/glitter-cache-coeur-dress-mini\\\/#breadcrumb\"},\"inLanguage\":\"de\",\"potentialAction\":[{\"@type\":\"ReadAction\",\"target\":[\"https:\\\/\\\/www.kaviargauche.com\\\/de\\\/produkt\\\/glitter-cache-coeur-dress-mini\\\/\"]}]},{\"@type\":\"ImageObject\",\"inLanguage\":\"de\",\"@id\":\"https:\\\/\\\/www.kaviargauche.com\\\/de\\\/produkt\\\/glitter-cache-coeur-dress-mini\\\/#primaryimage\",\"url\":\"https:\\\/\\\/www.kaviargauche.com\\\/wp-content\\\/uploads\\\/glitter_cache_coeur_dress_mini_powder_rose_vorne_shadow_0-scaled.jpeg\",\"contentUrl\":\"https:\\\/\\\/www.kaviargauche.com\\\/wp-content\\\/uploads\\\/glitter_cache_coeur_dress_mini_powder_rose_vorne_shadow_0-scaled.jpeg\",\"width\":1709,\"height\":2560,\"caption\":\"Glitter Cache Coeur Dress Mini Vorderseite\"},{\"@type\":\"BreadcrumbList\",\"@id\":\"https:\\\/\\\/www.kaviargauche.com\\\/de\\\/produkt\\\/glitter-cache-coeur-dress-mini\\\/#breadcrumb\",\"itemListElement\":[{\"@type\":\"ListItem\",\"position\":1,\"name\":\"Home\",\"item\":\"https:\\\/\\\/www.kaviargauche.com\\\/de\\\/\"},{\"@type\":\"ListItem\",\"position\":2,\"name\":\"Shop\",\"item\":\"https:\\\/\\\/www.kaviargauche.com\\\/de\\\/shop-2\\\/\"},{\"@type\":\"ListItem\",\"position\":3,\"name\":\"Glitter Cache Coeur Mini\"}]},{\"@type\":\"WebSite\",\"@id\":\"https:\\\/\\\/www.kaviargauche.com\\\/de\\\/#website\",\"url\":\"https:\\\/\\\/www.kaviargauche.com\\\/de\\\/\",\"name\":\"Kaviar Gauche\",\"description\":\"Bridal Couture\",\"publisher\":{\"@id\":\"https:\\\/\\\/www.kaviargauche.com\\\/de\\\/#organization\"},\"potentialAction\":[{\"@type\":\"SearchAction\",\"target\":{\"@type\":\"EntryPoint\",\"urlTemplate\":\"https:\\\/\\\/www.kaviargauche.com\\\/de\\\/?s={search_term_string}\"},\"query-input\":{\"@type\":\"PropertyValueSpecification\",\"valueRequired\":true,\"valueName\":\"search_term_string\"}}],\"inLanguage\":\"de\"},{\"@type\":\"Organization\",\"@id\":\"https:\\\/\\\/www.kaviargauche.com\\\/de\\\/#organization\",\"name\":\"KAVIAR GAUCHE\",\"url\":\"https:\\\/\\\/www.kaviargauche.com\\\/de\\\/\",\"logo\":{\"@type\":\"ImageObject\",\"inLanguage\":\"de\",\"@id\":\"https:\\\/\\\/www.kaviargauche.com\\\/de\\\/#\\\/schema\\\/logo\\\/image\\\/\",\"url\":\"https:\\\/\\\/www.kaviargauche.com\\\/wp-content\\\/uploads\\\/kaviar-gauche.png\",\"contentUrl\":\"https:\\\/\\\/www.kaviargauche.com\\\/wp-content\\\/uploads\\\/kaviar-gauche.png\",\"width\":512,\"height\":512,\"caption\":\"KAVIAR GAUCHE\"},\"image\":{\"@id\":\"https:\\\/\\\/www.kaviargauche.com\\\/de\\\/#\\\/schema\\\/logo\\\/image\\\/\"},\"sameAs\":[\"https:\\\/\\\/www.facebook.com\\\/kaviargauche\",\"https:\\\/\\\/www.pinterest.de\\\/KaviarGaucheOfficial\\\/\",\"https:\\\/\\\/www.instagram.com\\\/kaviargauche_official\"]}]}<\/script>\n<!-- \/ Yoast SEO Premium plugin. -->","yoast_head_json":{"title":"Glitter Cache Coeur Mini - Kaviar Gauche","description":"Ein glamour\u00f6ses, kurzes glitzerndes Brautkleid mit modernem Schnitt. Ein absoluter Hingucker f\u00fcr jede Hochzeit aber auch festliche Veranstaltung.","robots":{"index":"index","follow":"follow","max-snippet":"max-snippet:-1","max-image-preview":"max-image-preview:large","max-video-preview":"max-video-preview:-1"},"canonical":"https:\/\/www.kaviargauche.com\/de\/produkt\/glitter-cache-coeur-dress-mini\/","og_locale":"de_DE","og_type":"article","og_title":"Glitter Cache Coeur Mini","og_description":"Ein glamour\u00f6ses, kurzes glitzerndes Brautkleid mit modernem Schnitt. Ein absoluter Hingucker f\u00fcr jede Hochzeit aber auch festliche Veranstaltung.","og_url":"https:\/\/www.kaviargauche.com\/de\/produkt\/glitter-cache-coeur-dress-mini\/","og_site_name":"Kaviar Gauche","article_publisher":"https:\/\/www.facebook.com\/kaviargauche","article_modified_time":"2025-11-25T14:03:01+00:00","og_image":[{"width":1709,"height":2560,"url":"https:\/\/www.kaviargauche.com\/wp-content\/uploads\/glitter_cache_coeur_dress_mini_powder_rose_vorne_shadow_0-scaled.jpeg","type":"image\/jpeg"}],"twitter_card":"summary_large_image","twitter_misc":{"Gesch\u00e4tzte Lesezeit":"1\u00a0Minute"},"schema":{"@context":"https:\/\/schema.org","@graph":[{"@type":"WebPage","@id":"https:\/\/www.kaviargauche.com\/de\/produkt\/glitter-cache-coeur-dress-mini\/","url":"https:\/\/www.kaviargauche.com\/de\/produkt\/glitter-cache-coeur-dress-mini\/","name":"Glitter Cache Coeur Mini - Kaviar Gauche","isPartOf":{"@id":"https:\/\/www.kaviargauche.com\/de\/#website"},"primaryImageOfPage":{"@id":"https:\/\/www.kaviargauche.com\/de\/produkt\/glitter-cache-coeur-dress-mini\/#primaryimage"},"image":{"@id":"https:\/\/www.kaviargauche.com\/de\/produkt\/glitter-cache-coeur-dress-mini\/#primaryimage"},"thumbnailUrl":"https:\/\/www.kaviargauche.com\/wp-content\/uploads\/glitter_cache_coeur_dress_mini_powder_rose_vorne_shadow_0-scaled.jpeg","datePublished":"2022-02-24T08:21:02+00:00","dateModified":"2025-11-25T14:03:01+00:00","description":"Ein glamour\u00f6ses, kurzes glitzerndes Brautkleid mit modernem Schnitt. Ein absoluter Hingucker f\u00fcr jede Hochzeit aber auch festliche Veranstaltung.","breadcrumb":{"@id":"https:\/\/www.kaviargauche.com\/de\/produkt\/glitter-cache-coeur-dress-mini\/#breadcrumb"},"inLanguage":"de","potentialAction":[{"@type":"ReadAction","target":["https:\/\/www.kaviargauche.com\/de\/produkt\/glitter-cache-coeur-dress-mini\/"]}]},{"@type":"ImageObject","inLanguage":"de","@id":"https:\/\/www.kaviargauche.com\/de\/produkt\/glitter-cache-coeur-dress-mini\/#primaryimage","url":"https:\/\/www.kaviargauche.com\/wp-content\/uploads\/glitter_cache_coeur_dress_mini_powder_rose_vorne_shadow_0-scaled.jpeg","contentUrl":"https:\/\/www.kaviargauche.com\/wp-content\/uploads\/glitter_cache_coeur_dress_mini_powder_rose_vorne_shadow_0-scaled.jpeg","width":1709,"height":2560,"caption":"Glitter Cache Coeur Dress Mini Vorderseite"},{"@type":"BreadcrumbList","@id":"https:\/\/www.kaviargauche.com\/de\/produkt\/glitter-cache-coeur-dress-mini\/#breadcrumb","itemListElement":[{"@type":"ListItem","position":1,"name":"Home","item":"https:\/\/www.kaviargauche.com\/de\/"},{"@type":"ListItem","position":2,"name":"Shop","item":"https:\/\/www.kaviargauche.com\/de\/shop-2\/"},{"@type":"ListItem","position":3,"name":"Glitter Cache Coeur Mini"}]},{"@type":"WebSite","@id":"https:\/\/www.kaviargauche.com\/de\/#website","url":"https:\/\/www.kaviargauche.com\/de\/","name":"Kaviar Gauche","description":"Bridal Couture","publisher":{"@id":"https:\/\/www.kaviargauche.com\/de\/#organization"},"potentialAction":[{"@type":"SearchAction","target":{"@type":"EntryPoint","urlTemplate":"https:\/\/www.kaviargauche.com\/de\/?s={search_term_string}"},"query-input":{"@type":"PropertyValueSpecification","valueRequired":true,"valueName":"search_term_string"}}],"inLanguage":"de"},{"@type":"Organization","@id":"https:\/\/www.kaviargauche.com\/de\/#organization","name":"KAVIAR GAUCHE","url":"https:\/\/www.kaviargauche.com\/de\/","logo":{"@type":"ImageObject","inLanguage":"de","@id":"https:\/\/www.kaviargauche.com\/de\/#\/schema\/logo\/image\/","url":"https:\/\/www.kaviargauche.com\/wp-content\/uploads\/kaviar-gauche.png","contentUrl":"https:\/\/www.kaviargauche.com\/wp-content\/uploads\/kaviar-gauche.png","width":512,"height":512,"caption":"KAVIAR GAUCHE"},"image":{"@id":"https:\/\/www.kaviargauche.com\/de\/#\/schema\/logo\/image\/"},"sameAs":["https:\/\/www.facebook.com\/kaviargauche","https:\/\/www.pinterest.de\/KaviarGaucheOfficial\/","https:\/\/www.instagram.com\/kaviargauche_official"]}]}},"jetpack_sharing_enabled":true,"_links":{"self":[{"href":"https:\/\/www.kaviargauche.com\/de\/wp-json\/wp\/v2\/product\/2329","targetHints":{"allow":["GET"]}}],"collection":[{"href":"https:\/\/www.kaviargauche.com\/de\/wp-json\/wp\/v2\/product"}],"about":[{"href":"https:\/\/www.kaviargauche.com\/de\/wp-json\/wp\/v2\/types\/product"}],"wp:featuredmedia":[{"embeddable":true,"href":"https:\/\/www.kaviargauche.com\/de\/wp-json\/wp\/v2\/media\/681"}],"wp:attachment":[{"href":"https:\/\/www.kaviargauche.com\/de\/wp-json\/wp\/v2\/media?parent=2329"}],"wp:term":[{"taxonomy":"product_brand","embeddable":true,"href":"https:\/\/www.kaviargauche.com\/de\/wp-json\/wp\/v2\/product_brand?post=2329"},{"taxonomy":"product_cat","embeddable":true,"href":"https:\/\/www.kaviargauche.com\/de\/wp-json\/wp\/v2\/product_cat?post=2329"},{"taxonomy":"product_tag","embeddable":true,"href":"https:\/\/www.kaviargauche.com\/de\/wp-json\/wp\/v2\/product_tag?post=2329"}],"curies":[{"name":"wp","href":"https:\/\/api.w.org\/{rel}","templated":true}]}}