
{"id":2333,"date":"2022-02-24T15:34:27","date_gmt":"2022-02-24T13:34:27","guid":{"rendered":"https:\/\/www.kaviargauche.com\/?post_type=product&#038;p=2333"},"modified":"2026-04-15T16:29:27","modified_gmt":"2026-04-15T14:29:27","slug":"twist-pulli-dress","status":"publish","type":"product","link":"https:\/\/www.kaviargauche.com\/de\/produkt\/twist-pulli-dress\/","title":{"rendered":"Twist Pulli Dress"},"content":{"rendered":"<p>Das Twist Pulli Dress verleiht Ihnen durch die hochwertigen Fransen und den modernen Schnitt einen l\u00e4ssigen und zugleich extravaganten Look. Die Fransen schwingen beim Tanzen mit und sorgen f\u00fcr einen l\u00e4ssigen sowie verspielten Look.<\/p>\n<p>\u00d6sen Verschluss im Nacken<br \/>\nL\u00e4nge vorne: 76,7cm<br \/>\nL\u00e4nge hinten: 84,6cm<\/p>\n<p>Das Model ist 185cm und tr\u00e4gt Gr.40<\/p>\n<p>Obermaterial in Meshoptik mit eingewebten Fransen<\/p>\n<p>Material: 1% Elastan, 99% Polyester<br \/>\nArmb\u00fcndchen: 50% Baumwolle, 44% Polyamid, 6% Elastan<br \/>\nTrockenreinigung<\/p>\n<p>MADE WITH LOVE IN GERMANY<\/p>\n","protected":false},"excerpt":{"rendered":"<p>Kurzes Kleid mit Fransen und langen \u00c4rmeln<\/p>\n","protected":false},"featured_media":669,"template":"","meta":{"_acf_changed":false},"product_brand":[],"product_cat":[977,489,1017,495,472,490,543,471,870,475,486],"product_tag":[],"class_list":{"0":"post-2333","1":"product","2":"type-product","3":"status-publish","4":"has-post-thumbnail","6":"product_cat-celebrate-love","7":"product_cat-cloud-n9-de","8":"product_cat-end-of-summer-styles","9":"product_cat-geschenkideen","10":"product_cat-kleider","11":"product_cat-kurze-kleider","12":"product_cat-modern-classic-de","13":"product_cat-ready-to-marry-de","14":"product_cat-schnelle-lieferung","15":"product_cat-standesamt","16":"product_cat-partydresses","18":"first","19":"instock","20":"taxable","21":"shipping-taxable","22":"purchasable","23":"product-type-variable","24":"wvs-archive-product-wrapper"},"acf":[],"yoast_head":"<!-- This site is optimized with the Yoast SEO Premium plugin v26.3 (Yoast SEO v27.3) - https:\/\/yoast.com\/product\/yoast-seo-premium-wordpress\/ -->\n<title>Twist Pulli Dress - Kaviar Gauche<\/title>\n<meta name=\"description\" content=\"Das Twist Pulli Dress verleiht Ihnen durch die hochwertigen Fransen und den modernen Schnitt einen l\u00e4ssigen und zugleich extravaganten Look.\" \/>\n<meta name=\"robots\" content=\"index, follow, max-snippet:-1, max-image-preview:large, max-video-preview:-1\" \/>\n<link rel=\"canonical\" href=\"https:\/\/www.kaviargauche.com\/de\/produkt\/twist-pulli-dress\/\" \/>\n<meta property=\"og:locale\" content=\"de_DE\" \/>\n<meta property=\"og:type\" content=\"article\" \/>\n<meta property=\"og:title\" content=\"Twist Pulli Dress\" \/>\n<meta property=\"og:description\" content=\"Das Twist Pulli Dress verleiht Ihnen durch die hochwertigen Fransen und den modernen Schnitt einen l\u00e4ssigen und zugleich extravaganten Look.\" \/>\n<meta property=\"og:url\" content=\"https:\/\/www.kaviargauche.com\/de\/produkt\/twist-pulli-dress\/\" \/>\n<meta property=\"og:site_name\" content=\"Kaviar Gauche\" \/>\n<meta property=\"article:publisher\" content=\"https:\/\/www.facebook.com\/kaviargauche\" \/>\n<meta property=\"article:modified_time\" content=\"2026-04-15T14:29:27+00:00\" \/>\n<meta property=\"og:image\" content=\"https:\/\/www.kaviargauche.com\/wp-content\/uploads\/pullikleid_fransen_vorne.jpeg\" \/>\n\t<meta property=\"og:image:width\" content=\"922\" \/>\n\t<meta property=\"og:image:height\" content=\"1382\" \/>\n\t<meta property=\"og:image:type\" content=\"image\/jpeg\" \/>\n<meta name=\"twitter:card\" content=\"summary_large_image\" \/>\n<meta name=\"twitter:label1\" content=\"Gesch\u00e4tzte Lesezeit\" \/>\n\t<meta name=\"twitter:data1\" content=\"1\u00a0Minute\" \/>\n<script type=\"application\/ld+json\" class=\"yoast-schema-graph\">{\"@context\":\"https:\\\/\\\/schema.org\",\"@graph\":[{\"@type\":\"WebPage\",\"@id\":\"https:\\\/\\\/www.kaviargauche.com\\\/de\\\/produkt\\\/twist-pulli-dress\\\/\",\"url\":\"https:\\\/\\\/www.kaviargauche.com\\\/de\\\/produkt\\\/twist-pulli-dress\\\/\",\"name\":\"Twist Pulli Dress - Kaviar Gauche\",\"isPartOf\":{\"@id\":\"https:\\\/\\\/www.kaviargauche.com\\\/de\\\/#website\"},\"primaryImageOfPage\":{\"@id\":\"https:\\\/\\\/www.kaviargauche.com\\\/de\\\/produkt\\\/twist-pulli-dress\\\/#primaryimage\"},\"image\":{\"@id\":\"https:\\\/\\\/www.kaviargauche.com\\\/de\\\/produkt\\\/twist-pulli-dress\\\/#primaryimage\"},\"thumbnailUrl\":\"https:\\\/\\\/www.kaviargauche.com\\\/wp-content\\\/uploads\\\/pullikleid_fransen_vorne.jpeg\",\"datePublished\":\"2022-02-24T13:34:27+00:00\",\"dateModified\":\"2026-04-15T14:29:27+00:00\",\"description\":\"Das Twist Pulli Dress verleiht Ihnen durch die hochwertigen Fransen und den modernen Schnitt einen l\u00e4ssigen und zugleich extravaganten Look.\",\"breadcrumb\":{\"@id\":\"https:\\\/\\\/www.kaviargauche.com\\\/de\\\/produkt\\\/twist-pulli-dress\\\/#breadcrumb\"},\"inLanguage\":\"de\",\"potentialAction\":[{\"@type\":\"ReadAction\",\"target\":[\"https:\\\/\\\/www.kaviargauche.com\\\/de\\\/produkt\\\/twist-pulli-dress\\\/\"]}]},{\"@type\":\"ImageObject\",\"inLanguage\":\"de\",\"@id\":\"https:\\\/\\\/www.kaviargauche.com\\\/de\\\/produkt\\\/twist-pulli-dress\\\/#primaryimage\",\"url\":\"https:\\\/\\\/www.kaviargauche.com\\\/wp-content\\\/uploads\\\/pullikleid_fransen_vorne.jpeg\",\"contentUrl\":\"https:\\\/\\\/www.kaviargauche.com\\\/wp-content\\\/uploads\\\/pullikleid_fransen_vorne.jpeg\",\"width\":922,\"height\":1382,\"caption\":\"Twist Pulli Dress\"},{\"@type\":\"BreadcrumbList\",\"@id\":\"https:\\\/\\\/www.kaviargauche.com\\\/de\\\/produkt\\\/twist-pulli-dress\\\/#breadcrumb\",\"itemListElement\":[{\"@type\":\"ListItem\",\"position\":1,\"name\":\"Home\",\"item\":\"https:\\\/\\\/www.kaviargauche.com\\\/de\\\/\"},{\"@type\":\"ListItem\",\"position\":2,\"name\":\"Shop\",\"item\":\"https:\\\/\\\/www.kaviargauche.com\\\/de\\\/shop-2\\\/\"},{\"@type\":\"ListItem\",\"position\":3,\"name\":\"Twist Pulli Dress\"}]},{\"@type\":\"WebSite\",\"@id\":\"https:\\\/\\\/www.kaviargauche.com\\\/de\\\/#website\",\"url\":\"https:\\\/\\\/www.kaviargauche.com\\\/de\\\/\",\"name\":\"Kaviar Gauche\",\"description\":\"Bridal Couture\",\"publisher\":{\"@id\":\"https:\\\/\\\/www.kaviargauche.com\\\/de\\\/#organization\"},\"potentialAction\":[{\"@type\":\"SearchAction\",\"target\":{\"@type\":\"EntryPoint\",\"urlTemplate\":\"https:\\\/\\\/www.kaviargauche.com\\\/de\\\/?s={search_term_string}\"},\"query-input\":{\"@type\":\"PropertyValueSpecification\",\"valueRequired\":true,\"valueName\":\"search_term_string\"}}],\"inLanguage\":\"de\"},{\"@type\":\"Organization\",\"@id\":\"https:\\\/\\\/www.kaviargauche.com\\\/de\\\/#organization\",\"name\":\"KAVIAR GAUCHE\",\"url\":\"https:\\\/\\\/www.kaviargauche.com\\\/de\\\/\",\"logo\":{\"@type\":\"ImageObject\",\"inLanguage\":\"de\",\"@id\":\"https:\\\/\\\/www.kaviargauche.com\\\/de\\\/#\\\/schema\\\/logo\\\/image\\\/\",\"url\":\"https:\\\/\\\/www.kaviargauche.com\\\/wp-content\\\/uploads\\\/kaviar-gauche.png\",\"contentUrl\":\"https:\\\/\\\/www.kaviargauche.com\\\/wp-content\\\/uploads\\\/kaviar-gauche.png\",\"width\":512,\"height\":512,\"caption\":\"KAVIAR GAUCHE\"},\"image\":{\"@id\":\"https:\\\/\\\/www.kaviargauche.com\\\/de\\\/#\\\/schema\\\/logo\\\/image\\\/\"},\"sameAs\":[\"https:\\\/\\\/www.facebook.com\\\/kaviargauche\",\"https:\\\/\\\/www.pinterest.de\\\/KaviarGaucheOfficial\\\/\",\"https:\\\/\\\/www.instagram.com\\\/kaviargauche_official\"]}]}<\/script>\n<!-- \/ Yoast SEO Premium plugin. -->","yoast_head_json":{"title":"Twist Pulli Dress - Kaviar Gauche","description":"Das Twist Pulli Dress verleiht Ihnen durch die hochwertigen Fransen und den modernen Schnitt einen l\u00e4ssigen und zugleich extravaganten Look.","robots":{"index":"index","follow":"follow","max-snippet":"max-snippet:-1","max-image-preview":"max-image-preview:large","max-video-preview":"max-video-preview:-1"},"canonical":"https:\/\/www.kaviargauche.com\/de\/produkt\/twist-pulli-dress\/","og_locale":"de_DE","og_type":"article","og_title":"Twist Pulli Dress","og_description":"Das Twist Pulli Dress verleiht Ihnen durch die hochwertigen Fransen und den modernen Schnitt einen l\u00e4ssigen und zugleich extravaganten Look.","og_url":"https:\/\/www.kaviargauche.com\/de\/produkt\/twist-pulli-dress\/","og_site_name":"Kaviar Gauche","article_publisher":"https:\/\/www.facebook.com\/kaviargauche","article_modified_time":"2026-04-15T14:29:27+00:00","og_image":[{"width":922,"height":1382,"url":"https:\/\/www.kaviargauche.com\/wp-content\/uploads\/pullikleid_fransen_vorne.jpeg","type":"image\/jpeg"}],"twitter_card":"summary_large_image","twitter_misc":{"Gesch\u00e4tzte Lesezeit":"1\u00a0Minute"},"schema":{"@context":"https:\/\/schema.org","@graph":[{"@type":"WebPage","@id":"https:\/\/www.kaviargauche.com\/de\/produkt\/twist-pulli-dress\/","url":"https:\/\/www.kaviargauche.com\/de\/produkt\/twist-pulli-dress\/","name":"Twist Pulli Dress - Kaviar Gauche","isPartOf":{"@id":"https:\/\/www.kaviargauche.com\/de\/#website"},"primaryImageOfPage":{"@id":"https:\/\/www.kaviargauche.com\/de\/produkt\/twist-pulli-dress\/#primaryimage"},"image":{"@id":"https:\/\/www.kaviargauche.com\/de\/produkt\/twist-pulli-dress\/#primaryimage"},"thumbnailUrl":"https:\/\/www.kaviargauche.com\/wp-content\/uploads\/pullikleid_fransen_vorne.jpeg","datePublished":"2022-02-24T13:34:27+00:00","dateModified":"2026-04-15T14:29:27+00:00","description":"Das Twist Pulli Dress verleiht Ihnen durch die hochwertigen Fransen und den modernen Schnitt einen l\u00e4ssigen und zugleich extravaganten Look.","breadcrumb":{"@id":"https:\/\/www.kaviargauche.com\/de\/produkt\/twist-pulli-dress\/#breadcrumb"},"inLanguage":"de","potentialAction":[{"@type":"ReadAction","target":["https:\/\/www.kaviargauche.com\/de\/produkt\/twist-pulli-dress\/"]}]},{"@type":"ImageObject","inLanguage":"de","@id":"https:\/\/www.kaviargauche.com\/de\/produkt\/twist-pulli-dress\/#primaryimage","url":"https:\/\/www.kaviargauche.com\/wp-content\/uploads\/pullikleid_fransen_vorne.jpeg","contentUrl":"https:\/\/www.kaviargauche.com\/wp-content\/uploads\/pullikleid_fransen_vorne.jpeg","width":922,"height":1382,"caption":"Twist Pulli Dress"},{"@type":"BreadcrumbList","@id":"https:\/\/www.kaviargauche.com\/de\/produkt\/twist-pulli-dress\/#breadcrumb","itemListElement":[{"@type":"ListItem","position":1,"name":"Home","item":"https:\/\/www.kaviargauche.com\/de\/"},{"@type":"ListItem","position":2,"name":"Shop","item":"https:\/\/www.kaviargauche.com\/de\/shop-2\/"},{"@type":"ListItem","position":3,"name":"Twist Pulli Dress"}]},{"@type":"WebSite","@id":"https:\/\/www.kaviargauche.com\/de\/#website","url":"https:\/\/www.kaviargauche.com\/de\/","name":"Kaviar Gauche","description":"Bridal Couture","publisher":{"@id":"https:\/\/www.kaviargauche.com\/de\/#organization"},"potentialAction":[{"@type":"SearchAction","target":{"@type":"EntryPoint","urlTemplate":"https:\/\/www.kaviargauche.com\/de\/?s={search_term_string}"},"query-input":{"@type":"PropertyValueSpecification","valueRequired":true,"valueName":"search_term_string"}}],"inLanguage":"de"},{"@type":"Organization","@id":"https:\/\/www.kaviargauche.com\/de\/#organization","name":"KAVIAR GAUCHE","url":"https:\/\/www.kaviargauche.com\/de\/","logo":{"@type":"ImageObject","inLanguage":"de","@id":"https:\/\/www.kaviargauche.com\/de\/#\/schema\/logo\/image\/","url":"https:\/\/www.kaviargauche.com\/wp-content\/uploads\/kaviar-gauche.png","contentUrl":"https:\/\/www.kaviargauche.com\/wp-content\/uploads\/kaviar-gauche.png","width":512,"height":512,"caption":"KAVIAR GAUCHE"},"image":{"@id":"https:\/\/www.kaviargauche.com\/de\/#\/schema\/logo\/image\/"},"sameAs":["https:\/\/www.facebook.com\/kaviargauche","https:\/\/www.pinterest.de\/KaviarGaucheOfficial\/","https:\/\/www.instagram.com\/kaviargauche_official"]}]}},"jetpack_sharing_enabled":true,"_links":{"self":[{"href":"https:\/\/www.kaviargauche.com\/de\/wp-json\/wp\/v2\/product\/2333","targetHints":{"allow":["GET"]}}],"collection":[{"href":"https:\/\/www.kaviargauche.com\/de\/wp-json\/wp\/v2\/product"}],"about":[{"href":"https:\/\/www.kaviargauche.com\/de\/wp-json\/wp\/v2\/types\/product"}],"wp:featuredmedia":[{"embeddable":true,"href":"https:\/\/www.kaviargauche.com\/de\/wp-json\/wp\/v2\/media\/669"}],"wp:attachment":[{"href":"https:\/\/www.kaviargauche.com\/de\/wp-json\/wp\/v2\/media?parent=2333"}],"wp:term":[{"taxonomy":"product_brand","embeddable":true,"href":"https:\/\/www.kaviargauche.com\/de\/wp-json\/wp\/v2\/product_brand?post=2333"},{"taxonomy":"product_cat","embeddable":true,"href":"https:\/\/www.kaviargauche.com\/de\/wp-json\/wp\/v2\/product_cat?post=2333"},{"taxonomy":"product_tag","embeddable":true,"href":"https:\/\/www.kaviargauche.com\/de\/wp-json\/wp\/v2\/product_tag?post=2333"}],"curies":[{"name":"wp","href":"https:\/\/api.w.org\/{rel}","templated":true}]}}