
{"id":2363,"date":"2022-02-24T09:41:29","date_gmt":"2022-02-24T09:41:29","guid":{"rendered":"https:\/\/www.kaviargauche.com\/?post_type=product&#038;p=2363"},"modified":"2025-09-08T15:55:05","modified_gmt":"2025-09-08T13:55:05","slug":"flirty-daisy-dress","status":"publish","type":"product","link":"https:\/\/www.kaviargauche.com\/de\/produkt\/flirty-daisy-dress\/","title":{"rendered":"Flirty Daisy Dress"},"content":{"rendered":"<p>Dieses feminine Brautkleid mit auff\u00e4lligem V-Ausschnitt und handapplizierten Daisy-Bl\u00fcten spielt gekonnt mit verf\u00fchrerischer Transparenz und m\u00e4rchenhaftem Volumen.<\/p>\n<p>Bitte beachten Sie, dass es sich bei dem Brautkleid auf dem Laufsteg um die Couture-Version handelt. Im Gegensatz zu der online erh\u00e4ltlichen Version ist der Rock mit Blumen verziert.<br \/>\nWenn Sie sich f\u00fcr die Couture-Hochzeitskleid interessieren, wenden Sie sich bitte direkt an eines unserer Gesch\u00e4fte.<\/p>\n<p>Buchen Sie einen Termin in unseren <a href=\"https:\/\/www.kaviargauche.com\/de\/kollektionen\/celebrate-love\/#booknow\">Bridal Flagship Stores<\/a> in <a href=\"https:\/\/www.kaviargauche.com\/de\/unsere-boutiquen\/stores-berlin\/\">Berlin<\/a> oder <a href=\"https:\/\/www.kaviargauche.com\/de\/unsere-boutiquen\/stores-muenchen\/\">M\u00fcnchen<\/a>, um dieses traumhafte Hochzeitskleid anzuprobieren.<\/p>\n<p>Der Rei\u00dfverschluss befindet sich in der Mitte des R\u00fcckenteils.<\/p>\n<p>Oberstoff: 100% Polyamid<br \/>\nFutter: 100% Seide<br \/>\nTrockenreinigung<\/p>\n<p>MADE WITH LOVE IN GERMANY<\/p>\n","protected":false},"excerpt":{"rendered":"<p>Romantisches, feminines Brautkleid mit Daisy-Bl\u00fcten und V-Ausschnitt<\/p>\n","protected":false},"featured_media":16823,"template":"","meta":{"_acf_changed":false},"product_brand":[],"product_cat":[541,473,552,472,474,602,604],"product_tag":[],"class_list":{"0":"post-2363","1":"product","2":"type-product","3":"status-publish","4":"has-post-thumbnail","6":"product_cat-a-line-de","7":"product_cat-brautkleider","8":"product_cat-glamouroes-de","9":"product_cat-kleider","10":"product_cat-lange-kleider","11":"product_cat-romantisch","12":"product_cat-style-de","13":"product_shipping_class-klein-de","15":"first","16":"instock","17":"taxable","18":"shipping-taxable","19":"purchasable","20":"product-type-simple"},"acf":[],"yoast_head":"<!-- This site is optimized with the Yoast SEO Premium plugin v26.3 (Yoast SEO v27.3) - https:\/\/yoast.com\/product\/yoast-seo-premium-wordpress\/ -->\n<title>Flirty Daisy Dress - Kaviar Gauche<\/title>\n<meta name=\"description\" content=\"Feminines Brautkleid mit V-Ausschnitt, Bl\u00fcten und transparenter Raffinesse. M\u00e4rchenhaftes Volumen sorgt f\u00fcr einen festlichen, verf\u00fchrerischen Brautlook.\" \/>\n<meta name=\"robots\" content=\"index, follow, max-snippet:-1, max-image-preview:large, max-video-preview:-1\" \/>\n<link rel=\"canonical\" href=\"https:\/\/www.kaviargauche.com\/de\/produkt\/flirty-daisy-dress\/\" \/>\n<meta property=\"og:locale\" content=\"de_DE\" \/>\n<meta property=\"og:type\" content=\"article\" \/>\n<meta property=\"og:title\" content=\"Flirty Daisy Dress\" \/>\n<meta property=\"og:description\" content=\"Feminines Brautkleid mit V-Ausschnitt, Bl\u00fcten und transparenter Raffinesse. M\u00e4rchenhaftes Volumen sorgt f\u00fcr einen festlichen, verf\u00fchrerischen Brautlook.\" \/>\n<meta property=\"og:url\" content=\"https:\/\/www.kaviargauche.com\/de\/produkt\/flirty-daisy-dress\/\" \/>\n<meta property=\"og:site_name\" content=\"Kaviar Gauche\" \/>\n<meta property=\"article:publisher\" content=\"https:\/\/www.facebook.com\/kaviargauche\" \/>\n<meta property=\"article:modified_time\" content=\"2025-09-08T13:55:05+00:00\" \/>\n<meta property=\"og:image\" content=\"https:\/\/www.kaviargauche.com\/wp-content\/uploads\/KaviarGauche_BridalCouture__Sans_Souci_Flirty_Daisy_Dress_ivory.jpeg\" \/>\n\t<meta property=\"og:image:width\" content=\"1707\" \/>\n\t<meta property=\"og:image:height\" content=\"2560\" \/>\n\t<meta property=\"og:image:type\" content=\"image\/jpeg\" \/>\n<meta name=\"twitter:card\" content=\"summary_large_image\" \/>\n<meta name=\"twitter:label1\" content=\"Gesch\u00e4tzte Lesezeit\" \/>\n\t<meta name=\"twitter:data1\" content=\"1\u00a0Minute\" \/>\n<script type=\"application\/ld+json\" class=\"yoast-schema-graph\">{\"@context\":\"https:\\\/\\\/schema.org\",\"@graph\":[{\"@type\":\"WebPage\",\"@id\":\"https:\\\/\\\/www.kaviargauche.com\\\/de\\\/produkt\\\/flirty-daisy-dress\\\/\",\"url\":\"https:\\\/\\\/www.kaviargauche.com\\\/de\\\/produkt\\\/flirty-daisy-dress\\\/\",\"name\":\"Flirty Daisy Dress - Kaviar Gauche\",\"isPartOf\":{\"@id\":\"https:\\\/\\\/www.kaviargauche.com\\\/de\\\/#website\"},\"primaryImageOfPage\":{\"@id\":\"https:\\\/\\\/www.kaviargauche.com\\\/de\\\/produkt\\\/flirty-daisy-dress\\\/#primaryimage\"},\"image\":{\"@id\":\"https:\\\/\\\/www.kaviargauche.com\\\/de\\\/produkt\\\/flirty-daisy-dress\\\/#primaryimage\"},\"thumbnailUrl\":\"https:\\\/\\\/www.kaviargauche.com\\\/wp-content\\\/uploads\\\/KaviarGauche_BridalCouture__Sans_Souci_Flirty_Daisy_Dress_ivory.jpeg\",\"datePublished\":\"2022-02-24T09:41:29+00:00\",\"dateModified\":\"2025-09-08T13:55:05+00:00\",\"description\":\"Feminines Brautkleid mit V-Ausschnitt, Bl\u00fcten und transparenter Raffinesse. M\u00e4rchenhaftes Volumen sorgt f\u00fcr einen festlichen, verf\u00fchrerischen Brautlook.\",\"breadcrumb\":{\"@id\":\"https:\\\/\\\/www.kaviargauche.com\\\/de\\\/produkt\\\/flirty-daisy-dress\\\/#breadcrumb\"},\"inLanguage\":\"de\",\"potentialAction\":[{\"@type\":\"ReadAction\",\"target\":[\"https:\\\/\\\/www.kaviargauche.com\\\/de\\\/produkt\\\/flirty-daisy-dress\\\/\"]}]},{\"@type\":\"ImageObject\",\"inLanguage\":\"de\",\"@id\":\"https:\\\/\\\/www.kaviargauche.com\\\/de\\\/produkt\\\/flirty-daisy-dress\\\/#primaryimage\",\"url\":\"https:\\\/\\\/www.kaviargauche.com\\\/wp-content\\\/uploads\\\/KaviarGauche_BridalCouture__Sans_Souci_Flirty_Daisy_Dress_ivory.jpeg\",\"contentUrl\":\"https:\\\/\\\/www.kaviargauche.com\\\/wp-content\\\/uploads\\\/KaviarGauche_BridalCouture__Sans_Souci_Flirty_Daisy_Dress_ivory.jpeg\",\"width\":1707,\"height\":2560,\"caption\":\"Kaviar Gauche Bridal Dress\"},{\"@type\":\"BreadcrumbList\",\"@id\":\"https:\\\/\\\/www.kaviargauche.com\\\/de\\\/produkt\\\/flirty-daisy-dress\\\/#breadcrumb\",\"itemListElement\":[{\"@type\":\"ListItem\",\"position\":1,\"name\":\"Home\",\"item\":\"https:\\\/\\\/www.kaviargauche.com\\\/de\\\/\"},{\"@type\":\"ListItem\",\"position\":2,\"name\":\"Shop\",\"item\":\"https:\\\/\\\/www.kaviargauche.com\\\/de\\\/shop-2\\\/\"},{\"@type\":\"ListItem\",\"position\":3,\"name\":\"Flirty Daisy Dress\"}]},{\"@type\":\"WebSite\",\"@id\":\"https:\\\/\\\/www.kaviargauche.com\\\/de\\\/#website\",\"url\":\"https:\\\/\\\/www.kaviargauche.com\\\/de\\\/\",\"name\":\"Kaviar Gauche\",\"description\":\"Bridal Couture\",\"publisher\":{\"@id\":\"https:\\\/\\\/www.kaviargauche.com\\\/de\\\/#organization\"},\"potentialAction\":[{\"@type\":\"SearchAction\",\"target\":{\"@type\":\"EntryPoint\",\"urlTemplate\":\"https:\\\/\\\/www.kaviargauche.com\\\/de\\\/?s={search_term_string}\"},\"query-input\":{\"@type\":\"PropertyValueSpecification\",\"valueRequired\":true,\"valueName\":\"search_term_string\"}}],\"inLanguage\":\"de\"},{\"@type\":\"Organization\",\"@id\":\"https:\\\/\\\/www.kaviargauche.com\\\/de\\\/#organization\",\"name\":\"KAVIAR GAUCHE\",\"url\":\"https:\\\/\\\/www.kaviargauche.com\\\/de\\\/\",\"logo\":{\"@type\":\"ImageObject\",\"inLanguage\":\"de\",\"@id\":\"https:\\\/\\\/www.kaviargauche.com\\\/de\\\/#\\\/schema\\\/logo\\\/image\\\/\",\"url\":\"https:\\\/\\\/www.kaviargauche.com\\\/wp-content\\\/uploads\\\/kaviar-gauche.png\",\"contentUrl\":\"https:\\\/\\\/www.kaviargauche.com\\\/wp-content\\\/uploads\\\/kaviar-gauche.png\",\"width\":512,\"height\":512,\"caption\":\"KAVIAR GAUCHE\"},\"image\":{\"@id\":\"https:\\\/\\\/www.kaviargauche.com\\\/de\\\/#\\\/schema\\\/logo\\\/image\\\/\"},\"sameAs\":[\"https:\\\/\\\/www.facebook.com\\\/kaviargauche\",\"https:\\\/\\\/www.pinterest.de\\\/KaviarGaucheOfficial\\\/\",\"https:\\\/\\\/www.instagram.com\\\/kaviargauche_official\"]}]}<\/script>\n<!-- \/ Yoast SEO Premium plugin. -->","yoast_head_json":{"title":"Flirty Daisy Dress - Kaviar Gauche","description":"Feminines Brautkleid mit V-Ausschnitt, Bl\u00fcten und transparenter Raffinesse. M\u00e4rchenhaftes Volumen sorgt f\u00fcr einen festlichen, verf\u00fchrerischen Brautlook.","robots":{"index":"index","follow":"follow","max-snippet":"max-snippet:-1","max-image-preview":"max-image-preview:large","max-video-preview":"max-video-preview:-1"},"canonical":"https:\/\/www.kaviargauche.com\/de\/produkt\/flirty-daisy-dress\/","og_locale":"de_DE","og_type":"article","og_title":"Flirty Daisy Dress","og_description":"Feminines Brautkleid mit V-Ausschnitt, Bl\u00fcten und transparenter Raffinesse. M\u00e4rchenhaftes Volumen sorgt f\u00fcr einen festlichen, verf\u00fchrerischen Brautlook.","og_url":"https:\/\/www.kaviargauche.com\/de\/produkt\/flirty-daisy-dress\/","og_site_name":"Kaviar Gauche","article_publisher":"https:\/\/www.facebook.com\/kaviargauche","article_modified_time":"2025-09-08T13:55:05+00:00","og_image":[{"width":1707,"height":2560,"url":"https:\/\/www.kaviargauche.com\/wp-content\/uploads\/KaviarGauche_BridalCouture__Sans_Souci_Flirty_Daisy_Dress_ivory.jpeg","type":"image\/jpeg"}],"twitter_card":"summary_large_image","twitter_misc":{"Gesch\u00e4tzte Lesezeit":"1\u00a0Minute"},"schema":{"@context":"https:\/\/schema.org","@graph":[{"@type":"WebPage","@id":"https:\/\/www.kaviargauche.com\/de\/produkt\/flirty-daisy-dress\/","url":"https:\/\/www.kaviargauche.com\/de\/produkt\/flirty-daisy-dress\/","name":"Flirty Daisy Dress - Kaviar Gauche","isPartOf":{"@id":"https:\/\/www.kaviargauche.com\/de\/#website"},"primaryImageOfPage":{"@id":"https:\/\/www.kaviargauche.com\/de\/produkt\/flirty-daisy-dress\/#primaryimage"},"image":{"@id":"https:\/\/www.kaviargauche.com\/de\/produkt\/flirty-daisy-dress\/#primaryimage"},"thumbnailUrl":"https:\/\/www.kaviargauche.com\/wp-content\/uploads\/KaviarGauche_BridalCouture__Sans_Souci_Flirty_Daisy_Dress_ivory.jpeg","datePublished":"2022-02-24T09:41:29+00:00","dateModified":"2025-09-08T13:55:05+00:00","description":"Feminines Brautkleid mit V-Ausschnitt, Bl\u00fcten und transparenter Raffinesse. M\u00e4rchenhaftes Volumen sorgt f\u00fcr einen festlichen, verf\u00fchrerischen Brautlook.","breadcrumb":{"@id":"https:\/\/www.kaviargauche.com\/de\/produkt\/flirty-daisy-dress\/#breadcrumb"},"inLanguage":"de","potentialAction":[{"@type":"ReadAction","target":["https:\/\/www.kaviargauche.com\/de\/produkt\/flirty-daisy-dress\/"]}]},{"@type":"ImageObject","inLanguage":"de","@id":"https:\/\/www.kaviargauche.com\/de\/produkt\/flirty-daisy-dress\/#primaryimage","url":"https:\/\/www.kaviargauche.com\/wp-content\/uploads\/KaviarGauche_BridalCouture__Sans_Souci_Flirty_Daisy_Dress_ivory.jpeg","contentUrl":"https:\/\/www.kaviargauche.com\/wp-content\/uploads\/KaviarGauche_BridalCouture__Sans_Souci_Flirty_Daisy_Dress_ivory.jpeg","width":1707,"height":2560,"caption":"Kaviar Gauche Bridal Dress"},{"@type":"BreadcrumbList","@id":"https:\/\/www.kaviargauche.com\/de\/produkt\/flirty-daisy-dress\/#breadcrumb","itemListElement":[{"@type":"ListItem","position":1,"name":"Home","item":"https:\/\/www.kaviargauche.com\/de\/"},{"@type":"ListItem","position":2,"name":"Shop","item":"https:\/\/www.kaviargauche.com\/de\/shop-2\/"},{"@type":"ListItem","position":3,"name":"Flirty Daisy Dress"}]},{"@type":"WebSite","@id":"https:\/\/www.kaviargauche.com\/de\/#website","url":"https:\/\/www.kaviargauche.com\/de\/","name":"Kaviar Gauche","description":"Bridal Couture","publisher":{"@id":"https:\/\/www.kaviargauche.com\/de\/#organization"},"potentialAction":[{"@type":"SearchAction","target":{"@type":"EntryPoint","urlTemplate":"https:\/\/www.kaviargauche.com\/de\/?s={search_term_string}"},"query-input":{"@type":"PropertyValueSpecification","valueRequired":true,"valueName":"search_term_string"}}],"inLanguage":"de"},{"@type":"Organization","@id":"https:\/\/www.kaviargauche.com\/de\/#organization","name":"KAVIAR GAUCHE","url":"https:\/\/www.kaviargauche.com\/de\/","logo":{"@type":"ImageObject","inLanguage":"de","@id":"https:\/\/www.kaviargauche.com\/de\/#\/schema\/logo\/image\/","url":"https:\/\/www.kaviargauche.com\/wp-content\/uploads\/kaviar-gauche.png","contentUrl":"https:\/\/www.kaviargauche.com\/wp-content\/uploads\/kaviar-gauche.png","width":512,"height":512,"caption":"KAVIAR GAUCHE"},"image":{"@id":"https:\/\/www.kaviargauche.com\/de\/#\/schema\/logo\/image\/"},"sameAs":["https:\/\/www.facebook.com\/kaviargauche","https:\/\/www.pinterest.de\/KaviarGaucheOfficial\/","https:\/\/www.instagram.com\/kaviargauche_official"]}]}},"jetpack_sharing_enabled":true,"_links":{"self":[{"href":"https:\/\/www.kaviargauche.com\/de\/wp-json\/wp\/v2\/product\/2363","targetHints":{"allow":["GET"]}}],"collection":[{"href":"https:\/\/www.kaviargauche.com\/de\/wp-json\/wp\/v2\/product"}],"about":[{"href":"https:\/\/www.kaviargauche.com\/de\/wp-json\/wp\/v2\/types\/product"}],"wp:featuredmedia":[{"embeddable":true,"href":"https:\/\/www.kaviargauche.com\/de\/wp-json\/wp\/v2\/media\/16823"}],"wp:attachment":[{"href":"https:\/\/www.kaviargauche.com\/de\/wp-json\/wp\/v2\/media?parent=2363"}],"wp:term":[{"taxonomy":"product_brand","embeddable":true,"href":"https:\/\/www.kaviargauche.com\/de\/wp-json\/wp\/v2\/product_brand?post=2363"},{"taxonomy":"product_cat","embeddable":true,"href":"https:\/\/www.kaviargauche.com\/de\/wp-json\/wp\/v2\/product_cat?post=2363"},{"taxonomy":"product_tag","embeddable":true,"href":"https:\/\/www.kaviargauche.com\/de\/wp-json\/wp\/v2\/product_tag?post=2363"}],"curies":[{"name":"wp","href":"https:\/\/api.w.org\/{rel}","templated":true}]}}