
{"id":2378,"date":"2022-02-24T10:18:07","date_gmt":"2022-02-24T10:18:07","guid":{"rendered":"https:\/\/www.kaviargauche.com\/?post_type=product&#038;p=2378"},"modified":"2025-08-18T13:24:15","modified_gmt":"2025-08-18T11:24:15","slug":"flirty-glitter-dress","status":"publish","type":"product","link":"https:\/\/www.kaviargauche.com\/de\/produkt\/flirty-glitter-dress\/","title":{"rendered":"Flirty Glitter Dress"},"content":{"rendered":"<p>Dieses moderne, schlicht geschnittene Brautkleid besticht durch seinen glitzernden Stoff. Es l\u00e4sst Sie bei Ihrer Hochzeit, als Zweitlook oder bei <a href=\"https:\/\/www.kaviargauche.com\/de\/produktkategorie\/kleider\/partydresses\/\">festlichen Anl\u00e4ssen<\/a> strahlen.<\/p>\n<p>Der Rei\u00dfverschluss befindet sich in der hinteren Mitte.<\/p>\n<p>Obermaterial: Lurex auf T\u00fcllbasis<br \/>\nFutter aus Crepe de Chine: 100% Seide<\/p>\n<p>MADE WITH LOVE IN GERMANY<\/p>\n","protected":false},"excerpt":{"rendered":"<p>Schimmerndes Hochzeitskleid mit V-Ausschnitt<\/p>\n","protected":false},"featured_media":16817,"template":"","meta":{"_acf_changed":false},"product_brand":[],"product_cat":[541,641,552,472,474,604,539,486],"product_tag":[],"class_list":{"0":"post-2378","1":"product","2":"type-product","3":"status-publish","4":"has-post-thumbnail","6":"product_cat-a-line-de","7":"product_cat-brautmuttergaeste","8":"product_cat-glamouroes-de","9":"product_cat-kleider","10":"product_cat-lange-kleider","11":"product_cat-style-de","12":"product_cat-v-ausschnitt-de","13":"product_cat-partydresses","15":"first","16":"outofstock","17":"taxable","18":"shipping-taxable","19":"purchasable","20":"product-type-simple"},"acf":[],"yoast_head":"<!-- This site is optimized with the Yoast SEO Premium plugin v26.3 (Yoast SEO v27.3) - https:\/\/yoast.com\/product\/yoast-seo-premium-wordpress\/ -->\n<title>Flirty Glitter Dress - Kaviar Gauche<\/title>\n<meta name=\"description\" content=\"Modernes Brautkleid mit glitzerndem Stoff \u2013 elegant f\u00fcr die Hochzeit, als Zweitlook oder bei festlichen Anl\u00e4ssen. F\u00fcr eine strahlende Braut.\" \/>\n<meta name=\"robots\" content=\"index, follow, max-snippet:-1, max-image-preview:large, max-video-preview:-1\" \/>\n<link rel=\"canonical\" href=\"https:\/\/www.kaviargauche.com\/de\/produkt\/flirty-glitter-dress\/\" \/>\n<meta property=\"og:locale\" content=\"de_DE\" \/>\n<meta property=\"og:type\" content=\"article\" \/>\n<meta property=\"og:title\" content=\"Flirty Glitter Dress\" \/>\n<meta property=\"og:description\" content=\"Modernes Brautkleid mit glitzerndem Stoff \u2013 elegant f\u00fcr die Hochzeit, als Zweitlook oder bei festlichen Anl\u00e4ssen. F\u00fcr eine strahlende Braut.\" \/>\n<meta property=\"og:url\" content=\"https:\/\/www.kaviargauche.com\/de\/produkt\/flirty-glitter-dress\/\" \/>\n<meta property=\"og:site_name\" content=\"Kaviar Gauche\" \/>\n<meta property=\"article:publisher\" content=\"https:\/\/www.facebook.com\/kaviargauche\" \/>\n<meta property=\"article:modified_time\" content=\"2025-08-18T11:24:15+00:00\" \/>\n<meta property=\"og:image\" content=\"https:\/\/www.kaviargauche.com\/wp-content\/uploads\/KaviarGauche_BridalCouture_The_Crystal_Collection_Flirty_Glitter_Dress.jpeg\" \/>\n\t<meta property=\"og:image:width\" content=\"1709\" \/>\n\t<meta property=\"og:image:height\" content=\"2560\" \/>\n\t<meta property=\"og:image:type\" content=\"image\/jpeg\" \/>\n<meta name=\"twitter:card\" content=\"summary_large_image\" \/>\n<meta name=\"twitter:label1\" content=\"Gesch\u00e4tzte Lesezeit\" \/>\n\t<meta name=\"twitter:data1\" content=\"1\u00a0Minute\" \/>\n<script type=\"application\/ld+json\" class=\"yoast-schema-graph\">{\"@context\":\"https:\\\/\\\/schema.org\",\"@graph\":[{\"@type\":\"WebPage\",\"@id\":\"https:\\\/\\\/www.kaviargauche.com\\\/de\\\/produkt\\\/flirty-glitter-dress\\\/\",\"url\":\"https:\\\/\\\/www.kaviargauche.com\\\/de\\\/produkt\\\/flirty-glitter-dress\\\/\",\"name\":\"Flirty Glitter Dress - Kaviar Gauche\",\"isPartOf\":{\"@id\":\"https:\\\/\\\/www.kaviargauche.com\\\/de\\\/#website\"},\"primaryImageOfPage\":{\"@id\":\"https:\\\/\\\/www.kaviargauche.com\\\/de\\\/produkt\\\/flirty-glitter-dress\\\/#primaryimage\"},\"image\":{\"@id\":\"https:\\\/\\\/www.kaviargauche.com\\\/de\\\/produkt\\\/flirty-glitter-dress\\\/#primaryimage\"},\"thumbnailUrl\":\"https:\\\/\\\/www.kaviargauche.com\\\/wp-content\\\/uploads\\\/KaviarGauche_BridalCouture_The_Crystal_Collection_Flirty_Glitter_Dress.jpeg\",\"datePublished\":\"2022-02-24T10:18:07+00:00\",\"dateModified\":\"2025-08-18T11:24:15+00:00\",\"description\":\"Modernes Brautkleid mit glitzerndem Stoff \u2013 elegant f\u00fcr die Hochzeit, als Zweitlook oder bei festlichen Anl\u00e4ssen. F\u00fcr eine strahlende Braut.\",\"breadcrumb\":{\"@id\":\"https:\\\/\\\/www.kaviargauche.com\\\/de\\\/produkt\\\/flirty-glitter-dress\\\/#breadcrumb\"},\"inLanguage\":\"de\",\"potentialAction\":[{\"@type\":\"ReadAction\",\"target\":[\"https:\\\/\\\/www.kaviargauche.com\\\/de\\\/produkt\\\/flirty-glitter-dress\\\/\"]}]},{\"@type\":\"ImageObject\",\"inLanguage\":\"de\",\"@id\":\"https:\\\/\\\/www.kaviargauche.com\\\/de\\\/produkt\\\/flirty-glitter-dress\\\/#primaryimage\",\"url\":\"https:\\\/\\\/www.kaviargauche.com\\\/wp-content\\\/uploads\\\/KaviarGauche_BridalCouture_The_Crystal_Collection_Flirty_Glitter_Dress.jpeg\",\"contentUrl\":\"https:\\\/\\\/www.kaviargauche.com\\\/wp-content\\\/uploads\\\/KaviarGauche_BridalCouture_The_Crystal_Collection_Flirty_Glitter_Dress.jpeg\",\"width\":1709,\"height\":2560,\"caption\":\"Kaviar Gauche Bridal Dress\"},{\"@type\":\"BreadcrumbList\",\"@id\":\"https:\\\/\\\/www.kaviargauche.com\\\/de\\\/produkt\\\/flirty-glitter-dress\\\/#breadcrumb\",\"itemListElement\":[{\"@type\":\"ListItem\",\"position\":1,\"name\":\"Home\",\"item\":\"https:\\\/\\\/www.kaviargauche.com\\\/de\\\/\"},{\"@type\":\"ListItem\",\"position\":2,\"name\":\"Shop\",\"item\":\"https:\\\/\\\/www.kaviargauche.com\\\/de\\\/shop-2\\\/\"},{\"@type\":\"ListItem\",\"position\":3,\"name\":\"Flirty Glitter Dress\"}]},{\"@type\":\"WebSite\",\"@id\":\"https:\\\/\\\/www.kaviargauche.com\\\/de\\\/#website\",\"url\":\"https:\\\/\\\/www.kaviargauche.com\\\/de\\\/\",\"name\":\"Kaviar Gauche\",\"description\":\"Bridal Couture\",\"publisher\":{\"@id\":\"https:\\\/\\\/www.kaviargauche.com\\\/de\\\/#organization\"},\"potentialAction\":[{\"@type\":\"SearchAction\",\"target\":{\"@type\":\"EntryPoint\",\"urlTemplate\":\"https:\\\/\\\/www.kaviargauche.com\\\/de\\\/?s={search_term_string}\"},\"query-input\":{\"@type\":\"PropertyValueSpecification\",\"valueRequired\":true,\"valueName\":\"search_term_string\"}}],\"inLanguage\":\"de\"},{\"@type\":\"Organization\",\"@id\":\"https:\\\/\\\/www.kaviargauche.com\\\/de\\\/#organization\",\"name\":\"KAVIAR GAUCHE\",\"url\":\"https:\\\/\\\/www.kaviargauche.com\\\/de\\\/\",\"logo\":{\"@type\":\"ImageObject\",\"inLanguage\":\"de\",\"@id\":\"https:\\\/\\\/www.kaviargauche.com\\\/de\\\/#\\\/schema\\\/logo\\\/image\\\/\",\"url\":\"https:\\\/\\\/www.kaviargauche.com\\\/wp-content\\\/uploads\\\/kaviar-gauche.png\",\"contentUrl\":\"https:\\\/\\\/www.kaviargauche.com\\\/wp-content\\\/uploads\\\/kaviar-gauche.png\",\"width\":512,\"height\":512,\"caption\":\"KAVIAR GAUCHE\"},\"image\":{\"@id\":\"https:\\\/\\\/www.kaviargauche.com\\\/de\\\/#\\\/schema\\\/logo\\\/image\\\/\"},\"sameAs\":[\"https:\\\/\\\/www.facebook.com\\\/kaviargauche\",\"https:\\\/\\\/www.pinterest.de\\\/KaviarGaucheOfficial\\\/\",\"https:\\\/\\\/www.instagram.com\\\/kaviargauche_official\"]}]}<\/script>\n<!-- \/ Yoast SEO Premium plugin. -->","yoast_head_json":{"title":"Flirty Glitter Dress - Kaviar Gauche","description":"Modernes Brautkleid mit glitzerndem Stoff \u2013 elegant f\u00fcr die Hochzeit, als Zweitlook oder bei festlichen Anl\u00e4ssen. F\u00fcr eine strahlende Braut.","robots":{"index":"index","follow":"follow","max-snippet":"max-snippet:-1","max-image-preview":"max-image-preview:large","max-video-preview":"max-video-preview:-1"},"canonical":"https:\/\/www.kaviargauche.com\/de\/produkt\/flirty-glitter-dress\/","og_locale":"de_DE","og_type":"article","og_title":"Flirty Glitter Dress","og_description":"Modernes Brautkleid mit glitzerndem Stoff \u2013 elegant f\u00fcr die Hochzeit, als Zweitlook oder bei festlichen Anl\u00e4ssen. F\u00fcr eine strahlende Braut.","og_url":"https:\/\/www.kaviargauche.com\/de\/produkt\/flirty-glitter-dress\/","og_site_name":"Kaviar Gauche","article_publisher":"https:\/\/www.facebook.com\/kaviargauche","article_modified_time":"2025-08-18T11:24:15+00:00","og_image":[{"width":1709,"height":2560,"url":"https:\/\/www.kaviargauche.com\/wp-content\/uploads\/KaviarGauche_BridalCouture_The_Crystal_Collection_Flirty_Glitter_Dress.jpeg","type":"image\/jpeg"}],"twitter_card":"summary_large_image","twitter_misc":{"Gesch\u00e4tzte Lesezeit":"1\u00a0Minute"},"schema":{"@context":"https:\/\/schema.org","@graph":[{"@type":"WebPage","@id":"https:\/\/www.kaviargauche.com\/de\/produkt\/flirty-glitter-dress\/","url":"https:\/\/www.kaviargauche.com\/de\/produkt\/flirty-glitter-dress\/","name":"Flirty Glitter Dress - Kaviar Gauche","isPartOf":{"@id":"https:\/\/www.kaviargauche.com\/de\/#website"},"primaryImageOfPage":{"@id":"https:\/\/www.kaviargauche.com\/de\/produkt\/flirty-glitter-dress\/#primaryimage"},"image":{"@id":"https:\/\/www.kaviargauche.com\/de\/produkt\/flirty-glitter-dress\/#primaryimage"},"thumbnailUrl":"https:\/\/www.kaviargauche.com\/wp-content\/uploads\/KaviarGauche_BridalCouture_The_Crystal_Collection_Flirty_Glitter_Dress.jpeg","datePublished":"2022-02-24T10:18:07+00:00","dateModified":"2025-08-18T11:24:15+00:00","description":"Modernes Brautkleid mit glitzerndem Stoff \u2013 elegant f\u00fcr die Hochzeit, als Zweitlook oder bei festlichen Anl\u00e4ssen. F\u00fcr eine strahlende Braut.","breadcrumb":{"@id":"https:\/\/www.kaviargauche.com\/de\/produkt\/flirty-glitter-dress\/#breadcrumb"},"inLanguage":"de","potentialAction":[{"@type":"ReadAction","target":["https:\/\/www.kaviargauche.com\/de\/produkt\/flirty-glitter-dress\/"]}]},{"@type":"ImageObject","inLanguage":"de","@id":"https:\/\/www.kaviargauche.com\/de\/produkt\/flirty-glitter-dress\/#primaryimage","url":"https:\/\/www.kaviargauche.com\/wp-content\/uploads\/KaviarGauche_BridalCouture_The_Crystal_Collection_Flirty_Glitter_Dress.jpeg","contentUrl":"https:\/\/www.kaviargauche.com\/wp-content\/uploads\/KaviarGauche_BridalCouture_The_Crystal_Collection_Flirty_Glitter_Dress.jpeg","width":1709,"height":2560,"caption":"Kaviar Gauche Bridal Dress"},{"@type":"BreadcrumbList","@id":"https:\/\/www.kaviargauche.com\/de\/produkt\/flirty-glitter-dress\/#breadcrumb","itemListElement":[{"@type":"ListItem","position":1,"name":"Home","item":"https:\/\/www.kaviargauche.com\/de\/"},{"@type":"ListItem","position":2,"name":"Shop","item":"https:\/\/www.kaviargauche.com\/de\/shop-2\/"},{"@type":"ListItem","position":3,"name":"Flirty Glitter Dress"}]},{"@type":"WebSite","@id":"https:\/\/www.kaviargauche.com\/de\/#website","url":"https:\/\/www.kaviargauche.com\/de\/","name":"Kaviar Gauche","description":"Bridal Couture","publisher":{"@id":"https:\/\/www.kaviargauche.com\/de\/#organization"},"potentialAction":[{"@type":"SearchAction","target":{"@type":"EntryPoint","urlTemplate":"https:\/\/www.kaviargauche.com\/de\/?s={search_term_string}"},"query-input":{"@type":"PropertyValueSpecification","valueRequired":true,"valueName":"search_term_string"}}],"inLanguage":"de"},{"@type":"Organization","@id":"https:\/\/www.kaviargauche.com\/de\/#organization","name":"KAVIAR GAUCHE","url":"https:\/\/www.kaviargauche.com\/de\/","logo":{"@type":"ImageObject","inLanguage":"de","@id":"https:\/\/www.kaviargauche.com\/de\/#\/schema\/logo\/image\/","url":"https:\/\/www.kaviargauche.com\/wp-content\/uploads\/kaviar-gauche.png","contentUrl":"https:\/\/www.kaviargauche.com\/wp-content\/uploads\/kaviar-gauche.png","width":512,"height":512,"caption":"KAVIAR GAUCHE"},"image":{"@id":"https:\/\/www.kaviargauche.com\/de\/#\/schema\/logo\/image\/"},"sameAs":["https:\/\/www.facebook.com\/kaviargauche","https:\/\/www.pinterest.de\/KaviarGaucheOfficial\/","https:\/\/www.instagram.com\/kaviargauche_official"]}]}},"jetpack_sharing_enabled":true,"_links":{"self":[{"href":"https:\/\/www.kaviargauche.com\/de\/wp-json\/wp\/v2\/product\/2378","targetHints":{"allow":["GET"]}}],"collection":[{"href":"https:\/\/www.kaviargauche.com\/de\/wp-json\/wp\/v2\/product"}],"about":[{"href":"https:\/\/www.kaviargauche.com\/de\/wp-json\/wp\/v2\/types\/product"}],"wp:featuredmedia":[{"embeddable":true,"href":"https:\/\/www.kaviargauche.com\/de\/wp-json\/wp\/v2\/media\/16817"}],"wp:attachment":[{"href":"https:\/\/www.kaviargauche.com\/de\/wp-json\/wp\/v2\/media?parent=2378"}],"wp:term":[{"taxonomy":"product_brand","embeddable":true,"href":"https:\/\/www.kaviargauche.com\/de\/wp-json\/wp\/v2\/product_brand?post=2378"},{"taxonomy":"product_cat","embeddable":true,"href":"https:\/\/www.kaviargauche.com\/de\/wp-json\/wp\/v2\/product_cat?post=2378"},{"taxonomy":"product_tag","embeddable":true,"href":"https:\/\/www.kaviargauche.com\/de\/wp-json\/wp\/v2\/product_tag?post=2378"}],"curies":[{"name":"wp","href":"https:\/\/api.w.org\/{rel}","templated":true}]}}