
{"id":2389,"date":"2022-02-24T10:50:18","date_gmt":"2022-02-24T10:50:18","guid":{"rendered":"https:\/\/www.kaviargauche.com\/?post_type=product&#038;p=2389"},"modified":"2025-10-13T00:09:15","modified_gmt":"2025-10-12T22:09:15","slug":"fringe-lingerie-dress","status":"publish","type":"product","link":"https:\/\/www.kaviargauche.com\/de\/produkt\/fringe-lingerie-dress\/","title":{"rendered":"Fringe Lingerie Dress"},"content":{"rendered":"<p>Das Fringe Lingerie Dress hat einen klassischen Schnitt, der durch die Fransen verspielte und moderne Elemente erh\u00e4lt. Das Brautkleid eignet sich sowohl f\u00fcr eine elegante Hochzeit, als Zweitlook als auch f\u00fcr einen <a href=\"https:\/\/www.kaviargauche.com\/de\/produktkategorie\/kleider\/partydresses\/\">festlichen Anlass<\/a>.<\/p>\n<p class=\"p1\">Der Rei\u00dfverschluss befindet sich in der hinteren Mitte.<\/p>\n<p>Oberstoff: 82% Triacetat 18% Polyester<br \/>\nFransen: 100% Viskose<br \/>\nFutter: 100% Seide<br \/>\nFarbe: Ivory<br \/>\nTrockenreinigung<\/p>\n<p>Gerne k\u00f6nnen Sie das Kleid in unserem Gesch\u00e4ft in <a href=\"https:\/\/www.kaviargauche.com\/de\/unsere-boutiquen\/stores-berlin\/\">Berlin<\/a> oder <a href=\"https:\/\/www.kaviargauche.com\/de\/unsere-boutiquen\/stores-muenchen\/\">M\u00fcnchen<\/a> anprobieren.<\/p>\n<p>MADE WITH LOVE IN GERMANY<\/p>\n","protected":false},"excerpt":{"rendered":"<p>Flie\u00dfendes Slip Dress mit verspielten Fransen<\/p>\n","protected":false},"featured_media":7615,"template":"","meta":{"_acf_changed":false},"product_brand":[],"product_cat":[507,977,1017,472,474,601,604,486],"product_tag":[],"class_list":{"0":"post-2389","1":"product","2":"type-product","3":"status-publish","4":"has-post-thumbnail","6":"product_cat-boho-de","7":"product_cat-celebrate-love","8":"product_cat-end-of-summer-styles","9":"product_cat-kleider","10":"product_cat-lange-kleider","11":"product_cat-minimalistisch-de","12":"product_cat-style-de","13":"product_cat-partydresses","15":"first","16":"instock","17":"taxable","18":"shipping-taxable","19":"purchasable","20":"product-type-variable","21":"has-default-attributes","22":"wvs-archive-product-wrapper"},"acf":[],"yoast_head":"<!-- This site is optimized with the Yoast SEO Premium plugin v26.3 (Yoast SEO v27.5) - https:\/\/yoast.com\/product\/yoast-seo-premium-wordpress\/ -->\n<title>Fringe Lingerie Dress - Kaviar Gauche<\/title>\n<meta name=\"description\" content=\"Klassisches Brautkleid mit modernen Fransen \u2013 ideal f\u00fcr die Hochzeit, als Zweitlook oder f\u00fcr festliche Anl\u00e4sse. Verspielt, elegant und einzigartig.\" \/>\n<meta name=\"robots\" content=\"index, follow, max-snippet:-1, max-image-preview:large, max-video-preview:-1\" \/>\n<link rel=\"canonical\" href=\"https:\/\/www.kaviargauche.com\/de\/produkt\/fringe-lingerie-dress\/\" \/>\n<meta property=\"og:locale\" content=\"de_DE\" \/>\n<meta property=\"og:type\" content=\"article\" \/>\n<meta property=\"og:title\" content=\"Fringe Lingerie Dress\" \/>\n<meta property=\"og:description\" content=\"Klassisches Brautkleid mit modernen Fransen \u2013 ideal f\u00fcr die Hochzeit, als Zweitlook oder f\u00fcr festliche Anl\u00e4sse. Verspielt, elegant und einzigartig.\" \/>\n<meta property=\"og:url\" content=\"https:\/\/www.kaviargauche.com\/de\/produkt\/fringe-lingerie-dress\/\" \/>\n<meta property=\"og:site_name\" content=\"Kaviar Gauche\" \/>\n<meta property=\"article:publisher\" content=\"https:\/\/www.facebook.com\/kaviargauche\" \/>\n<meta property=\"article:modified_time\" content=\"2025-10-12T22:09:15+00:00\" \/>\n<meta property=\"og:image\" content=\"https:\/\/www.kaviargauche.com\/wp-content\/uploads\/FringeLingerieDressOSnew_front.jpg\" \/>\n\t<meta property=\"og:image:width\" content=\"1167\" \/>\n\t<meta property=\"og:image:height\" content=\"1751\" \/>\n\t<meta property=\"og:image:type\" content=\"image\/jpeg\" \/>\n<meta name=\"twitter:card\" content=\"summary_large_image\" \/>\n<meta name=\"twitter:label1\" content=\"Gesch\u00e4tzte Lesezeit\" \/>\n\t<meta name=\"twitter:data1\" content=\"1\u00a0Minute\" \/>\n<script type=\"application\/ld+json\" class=\"yoast-schema-graph\">{\"@context\":\"https:\\\/\\\/schema.org\",\"@graph\":[{\"@type\":\"WebPage\",\"@id\":\"https:\\\/\\\/www.kaviargauche.com\\\/de\\\/produkt\\\/fringe-lingerie-dress\\\/\",\"url\":\"https:\\\/\\\/www.kaviargauche.com\\\/de\\\/produkt\\\/fringe-lingerie-dress\\\/\",\"name\":\"Fringe Lingerie Dress - Kaviar Gauche\",\"isPartOf\":{\"@id\":\"https:\\\/\\\/www.kaviargauche.com\\\/de\\\/#website\"},\"primaryImageOfPage\":{\"@id\":\"https:\\\/\\\/www.kaviargauche.com\\\/de\\\/produkt\\\/fringe-lingerie-dress\\\/#primaryimage\"},\"image\":{\"@id\":\"https:\\\/\\\/www.kaviargauche.com\\\/de\\\/produkt\\\/fringe-lingerie-dress\\\/#primaryimage\"},\"thumbnailUrl\":\"https:\\\/\\\/www.kaviargauche.com\\\/wp-content\\\/uploads\\\/FringeLingerieDressOSnew_front.jpg\",\"datePublished\":\"2022-02-24T10:50:18+00:00\",\"dateModified\":\"2025-10-12T22:09:15+00:00\",\"description\":\"Klassisches Brautkleid mit modernen Fransen \u2013 ideal f\u00fcr die Hochzeit, als Zweitlook oder f\u00fcr festliche Anl\u00e4sse. Verspielt, elegant und einzigartig.\",\"breadcrumb\":{\"@id\":\"https:\\\/\\\/www.kaviargauche.com\\\/de\\\/produkt\\\/fringe-lingerie-dress\\\/#breadcrumb\"},\"inLanguage\":\"de\",\"potentialAction\":[{\"@type\":\"ReadAction\",\"target\":[\"https:\\\/\\\/www.kaviargauche.com\\\/de\\\/produkt\\\/fringe-lingerie-dress\\\/\"]}]},{\"@type\":\"ImageObject\",\"inLanguage\":\"de\",\"@id\":\"https:\\\/\\\/www.kaviargauche.com\\\/de\\\/produkt\\\/fringe-lingerie-dress\\\/#primaryimage\",\"url\":\"https:\\\/\\\/www.kaviargauche.com\\\/wp-content\\\/uploads\\\/FringeLingerieDressOSnew_front.jpg\",\"contentUrl\":\"https:\\\/\\\/www.kaviargauche.com\\\/wp-content\\\/uploads\\\/FringeLingerieDressOSnew_front.jpg\",\"width\":1167,\"height\":1751,\"caption\":\"Kaviar Gauche Bridal Dress\"},{\"@type\":\"BreadcrumbList\",\"@id\":\"https:\\\/\\\/www.kaviargauche.com\\\/de\\\/produkt\\\/fringe-lingerie-dress\\\/#breadcrumb\",\"itemListElement\":[{\"@type\":\"ListItem\",\"position\":1,\"name\":\"Home\",\"item\":\"https:\\\/\\\/www.kaviargauche.com\\\/de\\\/\"},{\"@type\":\"ListItem\",\"position\":2,\"name\":\"Shop\",\"item\":\"https:\\\/\\\/www.kaviargauche.com\\\/de\\\/shop-2\\\/\"},{\"@type\":\"ListItem\",\"position\":3,\"name\":\"Fringe Lingerie Dress\"}]},{\"@type\":\"WebSite\",\"@id\":\"https:\\\/\\\/www.kaviargauche.com\\\/de\\\/#website\",\"url\":\"https:\\\/\\\/www.kaviargauche.com\\\/de\\\/\",\"name\":\"Kaviar Gauche\",\"description\":\"Bridal Couture\",\"publisher\":{\"@id\":\"https:\\\/\\\/www.kaviargauche.com\\\/de\\\/#organization\"},\"potentialAction\":[{\"@type\":\"SearchAction\",\"target\":{\"@type\":\"EntryPoint\",\"urlTemplate\":\"https:\\\/\\\/www.kaviargauche.com\\\/de\\\/?s={search_term_string}\"},\"query-input\":{\"@type\":\"PropertyValueSpecification\",\"valueRequired\":true,\"valueName\":\"search_term_string\"}}],\"inLanguage\":\"de\"},{\"@type\":\"Organization\",\"@id\":\"https:\\\/\\\/www.kaviargauche.com\\\/de\\\/#organization\",\"name\":\"KAVIAR GAUCHE\",\"url\":\"https:\\\/\\\/www.kaviargauche.com\\\/de\\\/\",\"logo\":{\"@type\":\"ImageObject\",\"inLanguage\":\"de\",\"@id\":\"https:\\\/\\\/www.kaviargauche.com\\\/de\\\/#\\\/schema\\\/logo\\\/image\\\/\",\"url\":\"https:\\\/\\\/www.kaviargauche.com\\\/wp-content\\\/uploads\\\/kaviar-gauche.png\",\"contentUrl\":\"https:\\\/\\\/www.kaviargauche.com\\\/wp-content\\\/uploads\\\/kaviar-gauche.png\",\"width\":512,\"height\":512,\"caption\":\"KAVIAR GAUCHE\"},\"image\":{\"@id\":\"https:\\\/\\\/www.kaviargauche.com\\\/de\\\/#\\\/schema\\\/logo\\\/image\\\/\"},\"sameAs\":[\"https:\\\/\\\/www.facebook.com\\\/kaviargauche\",\"https:\\\/\\\/www.pinterest.de\\\/KaviarGaucheOfficial\\\/\",\"https:\\\/\\\/www.instagram.com\\\/kaviargauche_official\"]}]}<\/script>\n<!-- \/ Yoast SEO Premium plugin. -->","yoast_head_json":{"title":"Fringe Lingerie Dress - Kaviar Gauche","description":"Klassisches Brautkleid mit modernen Fransen \u2013 ideal f\u00fcr die Hochzeit, als Zweitlook oder f\u00fcr festliche Anl\u00e4sse. Verspielt, elegant und einzigartig.","robots":{"index":"index","follow":"follow","max-snippet":"max-snippet:-1","max-image-preview":"max-image-preview:large","max-video-preview":"max-video-preview:-1"},"canonical":"https:\/\/www.kaviargauche.com\/de\/produkt\/fringe-lingerie-dress\/","og_locale":"de_DE","og_type":"article","og_title":"Fringe Lingerie Dress","og_description":"Klassisches Brautkleid mit modernen Fransen \u2013 ideal f\u00fcr die Hochzeit, als Zweitlook oder f\u00fcr festliche Anl\u00e4sse. Verspielt, elegant und einzigartig.","og_url":"https:\/\/www.kaviargauche.com\/de\/produkt\/fringe-lingerie-dress\/","og_site_name":"Kaviar Gauche","article_publisher":"https:\/\/www.facebook.com\/kaviargauche","article_modified_time":"2025-10-12T22:09:15+00:00","og_image":[{"width":1167,"height":1751,"url":"https:\/\/www.kaviargauche.com\/wp-content\/uploads\/FringeLingerieDressOSnew_front.jpg","type":"image\/jpeg"}],"twitter_card":"summary_large_image","twitter_misc":{"Gesch\u00e4tzte Lesezeit":"1\u00a0Minute"},"schema":{"@context":"https:\/\/schema.org","@graph":[{"@type":"WebPage","@id":"https:\/\/www.kaviargauche.com\/de\/produkt\/fringe-lingerie-dress\/","url":"https:\/\/www.kaviargauche.com\/de\/produkt\/fringe-lingerie-dress\/","name":"Fringe Lingerie Dress - Kaviar Gauche","isPartOf":{"@id":"https:\/\/www.kaviargauche.com\/de\/#website"},"primaryImageOfPage":{"@id":"https:\/\/www.kaviargauche.com\/de\/produkt\/fringe-lingerie-dress\/#primaryimage"},"image":{"@id":"https:\/\/www.kaviargauche.com\/de\/produkt\/fringe-lingerie-dress\/#primaryimage"},"thumbnailUrl":"https:\/\/www.kaviargauche.com\/wp-content\/uploads\/FringeLingerieDressOSnew_front.jpg","datePublished":"2022-02-24T10:50:18+00:00","dateModified":"2025-10-12T22:09:15+00:00","description":"Klassisches Brautkleid mit modernen Fransen \u2013 ideal f\u00fcr die Hochzeit, als Zweitlook oder f\u00fcr festliche Anl\u00e4sse. Verspielt, elegant und einzigartig.","breadcrumb":{"@id":"https:\/\/www.kaviargauche.com\/de\/produkt\/fringe-lingerie-dress\/#breadcrumb"},"inLanguage":"de","potentialAction":[{"@type":"ReadAction","target":["https:\/\/www.kaviargauche.com\/de\/produkt\/fringe-lingerie-dress\/"]}]},{"@type":"ImageObject","inLanguage":"de","@id":"https:\/\/www.kaviargauche.com\/de\/produkt\/fringe-lingerie-dress\/#primaryimage","url":"https:\/\/www.kaviargauche.com\/wp-content\/uploads\/FringeLingerieDressOSnew_front.jpg","contentUrl":"https:\/\/www.kaviargauche.com\/wp-content\/uploads\/FringeLingerieDressOSnew_front.jpg","width":1167,"height":1751,"caption":"Kaviar Gauche Bridal Dress"},{"@type":"BreadcrumbList","@id":"https:\/\/www.kaviargauche.com\/de\/produkt\/fringe-lingerie-dress\/#breadcrumb","itemListElement":[{"@type":"ListItem","position":1,"name":"Home","item":"https:\/\/www.kaviargauche.com\/de\/"},{"@type":"ListItem","position":2,"name":"Shop","item":"https:\/\/www.kaviargauche.com\/de\/shop-2\/"},{"@type":"ListItem","position":3,"name":"Fringe Lingerie Dress"}]},{"@type":"WebSite","@id":"https:\/\/www.kaviargauche.com\/de\/#website","url":"https:\/\/www.kaviargauche.com\/de\/","name":"Kaviar Gauche","description":"Bridal Couture","publisher":{"@id":"https:\/\/www.kaviargauche.com\/de\/#organization"},"potentialAction":[{"@type":"SearchAction","target":{"@type":"EntryPoint","urlTemplate":"https:\/\/www.kaviargauche.com\/de\/?s={search_term_string}"},"query-input":{"@type":"PropertyValueSpecification","valueRequired":true,"valueName":"search_term_string"}}],"inLanguage":"de"},{"@type":"Organization","@id":"https:\/\/www.kaviargauche.com\/de\/#organization","name":"KAVIAR GAUCHE","url":"https:\/\/www.kaviargauche.com\/de\/","logo":{"@type":"ImageObject","inLanguage":"de","@id":"https:\/\/www.kaviargauche.com\/de\/#\/schema\/logo\/image\/","url":"https:\/\/www.kaviargauche.com\/wp-content\/uploads\/kaviar-gauche.png","contentUrl":"https:\/\/www.kaviargauche.com\/wp-content\/uploads\/kaviar-gauche.png","width":512,"height":512,"caption":"KAVIAR GAUCHE"},"image":{"@id":"https:\/\/www.kaviargauche.com\/de\/#\/schema\/logo\/image\/"},"sameAs":["https:\/\/www.facebook.com\/kaviargauche","https:\/\/www.pinterest.de\/KaviarGaucheOfficial\/","https:\/\/www.instagram.com\/kaviargauche_official"]}]}},"jetpack_sharing_enabled":true,"_links":{"self":[{"href":"https:\/\/www.kaviargauche.com\/de\/wp-json\/wp\/v2\/product\/2389","targetHints":{"allow":["GET"]}}],"collection":[{"href":"https:\/\/www.kaviargauche.com\/de\/wp-json\/wp\/v2\/product"}],"about":[{"href":"https:\/\/www.kaviargauche.com\/de\/wp-json\/wp\/v2\/types\/product"}],"wp:featuredmedia":[{"embeddable":true,"href":"https:\/\/www.kaviargauche.com\/de\/wp-json\/wp\/v2\/media\/7615"}],"wp:attachment":[{"href":"https:\/\/www.kaviargauche.com\/de\/wp-json\/wp\/v2\/media?parent=2389"}],"wp:term":[{"taxonomy":"product_brand","embeddable":true,"href":"https:\/\/www.kaviargauche.com\/de\/wp-json\/wp\/v2\/product_brand?post=2389"},{"taxonomy":"product_cat","embeddable":true,"href":"https:\/\/www.kaviargauche.com\/de\/wp-json\/wp\/v2\/product_cat?post=2389"},{"taxonomy":"product_tag","embeddable":true,"href":"https:\/\/www.kaviargauche.com\/de\/wp-json\/wp\/v2\/product_tag?post=2389"}],"curies":[{"name":"wp","href":"https:\/\/api.w.org\/{rel}","templated":true}]}}