
{"id":23974,"date":"2025-01-14T17:21:25","date_gmt":"2025-01-14T15:21:25","guid":{"rendered":"https:\/\/www.kaviargauche.com\/?post_type=product&#038;p=23974"},"modified":"2025-07-11T13:08:04","modified_gmt":"2025-07-11T11:08:04","slug":"grande-fleur-neckholder-top","status":"publish","type":"product","link":"https:\/\/www.kaviargauche.com\/de\/produkt\/grande-fleur-neckholder-top\/","title":{"rendered":"Grande Fleur Neckholder Top"},"content":{"rendered":"<p>Das romantische Grande Fleur Neckholder Top Brautoberteil wirkt durch die m\u00e4rchenhaften Bl\u00fctenapplikationen besonders zauberhaft. Die Kombination aus dem teilweise transparenten Neckholder-Oberteil mit raffiniertem Ausschnitt verleiht dem Brautlook einen einzigartigen, tr\u00e4umerischen Prinzessinnen Look.<\/p>\n<p>Je nachdem, wie es kombiniert wird \u2013 etwa mit der <a href=\"https:\/\/www.kaviargauche.com\/de\/produkt\/marlene-pants\/\">Marlene Hose<\/a>, einem schmalen oder <a href=\"https:\/\/www.kaviargauche.com\/de\/produkt\/champagne-tulle-skirt\/\">weiten Rock<\/a> \u2013 entstehen individuelle Looks, die von einem eleganten Overall \u00fcber ein gro\u00dfes Brautkleid bis hin zu einem verspieltem Partylook reichen.<\/p>\n<p>Oberstoff: 100% Polyester<\/p>\n<p>Bl\u00fcte: 100% Baumwolle<\/p>\n<p>Futterstoff: 100% Seide<\/p>\n<p>MADE WITH LOVE IN GERMANY<\/p>\n","protected":false},"excerpt":{"rendered":"<p>Tr\u00e4umerisches Neckholder-Oberteil mit Bl\u00fctenapplikationen<\/p>\n","protected":false},"featured_media":24758,"template":"","meta":{"_acf_changed":false},"product_brand":[],"product_cat":[541,460,963,552,965,543,461,602,538,604],"product_tag":[],"class_list":{"0":"post-23974","1":"product","2":"type-product","3":"status-publish","4":"has-post-thumbnail","6":"product_cat-a-line-de","7":"product_cat-bekleidung","8":"product_cat-couture-de","9":"product_cat-glamouroes-de","10":"product_cat-grande-fleur-de","11":"product_cat-modern-classic-de","12":"product_cat-oberteile","13":"product_cat-romantisch","14":"product_cat-spitze-de","15":"product_cat-style-de","17":"first","18":"outofstock","19":"taxable","20":"shipping-taxable","21":"purchasable","22":"product-type-simple"},"acf":[],"yoast_head":"<!-- This site is optimized with the Yoast SEO Premium plugin v26.3 (Yoast SEO v27.3) - https:\/\/yoast.com\/product\/yoast-seo-premium-wordpress\/ -->\n<title>Grande Fleur Neckholder Top - Kaviar Gauche<\/title>\n<meta name=\"description\" content=\"Romantisches Brautoberteil mit m\u00e4rchenhaften Bl\u00fcten: Das Grande Fleur Neckholder Top verleiht Ihrem Hochzeitsoutfit einen tr\u00e4umerischen Prinzessinnen Look.\" \/>\n<meta name=\"robots\" content=\"index, follow, max-snippet:-1, max-image-preview:large, max-video-preview:-1\" \/>\n<link rel=\"canonical\" href=\"https:\/\/www.kaviargauche.com\/de\/produkt\/grande-fleur-neckholder-top\/\" \/>\n<meta property=\"og:locale\" content=\"de_DE\" \/>\n<meta property=\"og:type\" content=\"article\" \/>\n<meta property=\"og:title\" content=\"Grande Fleur Neckholder Top\" \/>\n<meta property=\"og:description\" content=\"Romantisches Brautoberteil mit m\u00e4rchenhaften Bl\u00fcten: Das Grande Fleur Neckholder Top verleiht Ihrem Hochzeitsoutfit einen tr\u00e4umerischen Prinzessinnen Look.\" \/>\n<meta property=\"og:url\" content=\"https:\/\/www.kaviargauche.com\/de\/produkt\/grande-fleur-neckholder-top\/\" \/>\n<meta property=\"og:site_name\" content=\"Kaviar Gauche\" \/>\n<meta property=\"article:publisher\" content=\"https:\/\/www.facebook.com\/kaviargauche\" \/>\n<meta property=\"article:modified_time\" content=\"2025-07-11T11:08:04+00:00\" \/>\n<meta property=\"og:image\" content=\"https:\/\/www.kaviargauche.com\/wp-content\/uploads\/Kaviar_Gauche_GrandeFleur_GrandeFleurNeckholderDress02_Retusche.jpg\" \/>\n\t<meta property=\"og:image:width\" content=\"1000\" \/>\n\t<meta property=\"og:image:height\" content=\"1499\" \/>\n\t<meta property=\"og:image:type\" content=\"image\/jpeg\" \/>\n<meta name=\"twitter:card\" content=\"summary_large_image\" \/>\n<meta name=\"twitter:label1\" content=\"Gesch\u00e4tzte Lesezeit\" \/>\n\t<meta name=\"twitter:data1\" content=\"1\u00a0Minute\" \/>\n<script type=\"application\/ld+json\" class=\"yoast-schema-graph\">{\"@context\":\"https:\\\/\\\/schema.org\",\"@graph\":[{\"@type\":\"WebPage\",\"@id\":\"https:\\\/\\\/www.kaviargauche.com\\\/de\\\/produkt\\\/grande-fleur-neckholder-top\\\/\",\"url\":\"https:\\\/\\\/www.kaviargauche.com\\\/de\\\/produkt\\\/grande-fleur-neckholder-top\\\/\",\"name\":\"Grande Fleur Neckholder Top - Kaviar Gauche\",\"isPartOf\":{\"@id\":\"https:\\\/\\\/www.kaviargauche.com\\\/de\\\/#website\"},\"primaryImageOfPage\":{\"@id\":\"https:\\\/\\\/www.kaviargauche.com\\\/de\\\/produkt\\\/grande-fleur-neckholder-top\\\/#primaryimage\"},\"image\":{\"@id\":\"https:\\\/\\\/www.kaviargauche.com\\\/de\\\/produkt\\\/grande-fleur-neckholder-top\\\/#primaryimage\"},\"thumbnailUrl\":\"https:\\\/\\\/www.kaviargauche.com\\\/wp-content\\\/uploads\\\/Kaviar_Gauche_GrandeFleur_GrandeFleurNeckholderDress02_Retusche.jpg\",\"datePublished\":\"2025-01-14T15:21:25+00:00\",\"dateModified\":\"2025-07-11T11:08:04+00:00\",\"description\":\"Romantisches Brautoberteil mit m\u00e4rchenhaften Bl\u00fcten: Das Grande Fleur Neckholder Top verleiht Ihrem Hochzeitsoutfit einen tr\u00e4umerischen Prinzessinnen Look.\",\"breadcrumb\":{\"@id\":\"https:\\\/\\\/www.kaviargauche.com\\\/de\\\/produkt\\\/grande-fleur-neckholder-top\\\/#breadcrumb\"},\"inLanguage\":\"de\",\"potentialAction\":[{\"@type\":\"ReadAction\",\"target\":[\"https:\\\/\\\/www.kaviargauche.com\\\/de\\\/produkt\\\/grande-fleur-neckholder-top\\\/\"]}]},{\"@type\":\"ImageObject\",\"inLanguage\":\"de\",\"@id\":\"https:\\\/\\\/www.kaviargauche.com\\\/de\\\/produkt\\\/grande-fleur-neckholder-top\\\/#primaryimage\",\"url\":\"https:\\\/\\\/www.kaviargauche.com\\\/wp-content\\\/uploads\\\/Kaviar_Gauche_GrandeFleur_GrandeFleurNeckholderDress02_Retusche.jpg\",\"contentUrl\":\"https:\\\/\\\/www.kaviargauche.com\\\/wp-content\\\/uploads\\\/Kaviar_Gauche_GrandeFleur_GrandeFleurNeckholderDress02_Retusche.jpg\",\"width\":1000,\"height\":1499,\"caption\":\"Kaviar Gauche Bridal Dress\"},{\"@type\":\"BreadcrumbList\",\"@id\":\"https:\\\/\\\/www.kaviargauche.com\\\/de\\\/produkt\\\/grande-fleur-neckholder-top\\\/#breadcrumb\",\"itemListElement\":[{\"@type\":\"ListItem\",\"position\":1,\"name\":\"Home\",\"item\":\"https:\\\/\\\/www.kaviargauche.com\\\/de\\\/\"},{\"@type\":\"ListItem\",\"position\":2,\"name\":\"Shop\",\"item\":\"https:\\\/\\\/www.kaviargauche.com\\\/de\\\/shop-2\\\/\"},{\"@type\":\"ListItem\",\"position\":3,\"name\":\"Grande Fleur Neckholder Top\"}]},{\"@type\":\"WebSite\",\"@id\":\"https:\\\/\\\/www.kaviargauche.com\\\/de\\\/#website\",\"url\":\"https:\\\/\\\/www.kaviargauche.com\\\/de\\\/\",\"name\":\"Kaviar Gauche\",\"description\":\"Bridal Couture\",\"publisher\":{\"@id\":\"https:\\\/\\\/www.kaviargauche.com\\\/de\\\/#organization\"},\"potentialAction\":[{\"@type\":\"SearchAction\",\"target\":{\"@type\":\"EntryPoint\",\"urlTemplate\":\"https:\\\/\\\/www.kaviargauche.com\\\/de\\\/?s={search_term_string}\"},\"query-input\":{\"@type\":\"PropertyValueSpecification\",\"valueRequired\":true,\"valueName\":\"search_term_string\"}}],\"inLanguage\":\"de\"},{\"@type\":\"Organization\",\"@id\":\"https:\\\/\\\/www.kaviargauche.com\\\/de\\\/#organization\",\"name\":\"KAVIAR GAUCHE\",\"url\":\"https:\\\/\\\/www.kaviargauche.com\\\/de\\\/\",\"logo\":{\"@type\":\"ImageObject\",\"inLanguage\":\"de\",\"@id\":\"https:\\\/\\\/www.kaviargauche.com\\\/de\\\/#\\\/schema\\\/logo\\\/image\\\/\",\"url\":\"https:\\\/\\\/www.kaviargauche.com\\\/wp-content\\\/uploads\\\/kaviar-gauche.png\",\"contentUrl\":\"https:\\\/\\\/www.kaviargauche.com\\\/wp-content\\\/uploads\\\/kaviar-gauche.png\",\"width\":512,\"height\":512,\"caption\":\"KAVIAR GAUCHE\"},\"image\":{\"@id\":\"https:\\\/\\\/www.kaviargauche.com\\\/de\\\/#\\\/schema\\\/logo\\\/image\\\/\"},\"sameAs\":[\"https:\\\/\\\/www.facebook.com\\\/kaviargauche\",\"https:\\\/\\\/www.pinterest.de\\\/KaviarGaucheOfficial\\\/\",\"https:\\\/\\\/www.instagram.com\\\/kaviargauche_official\"]}]}<\/script>\n<!-- \/ Yoast SEO Premium plugin. -->","yoast_head_json":{"title":"Grande Fleur Neckholder Top - Kaviar Gauche","description":"Romantisches Brautoberteil mit m\u00e4rchenhaften Bl\u00fcten: Das Grande Fleur Neckholder Top verleiht Ihrem Hochzeitsoutfit einen tr\u00e4umerischen Prinzessinnen Look.","robots":{"index":"index","follow":"follow","max-snippet":"max-snippet:-1","max-image-preview":"max-image-preview:large","max-video-preview":"max-video-preview:-1"},"canonical":"https:\/\/www.kaviargauche.com\/de\/produkt\/grande-fleur-neckholder-top\/","og_locale":"de_DE","og_type":"article","og_title":"Grande Fleur Neckholder Top","og_description":"Romantisches Brautoberteil mit m\u00e4rchenhaften Bl\u00fcten: Das Grande Fleur Neckholder Top verleiht Ihrem Hochzeitsoutfit einen tr\u00e4umerischen Prinzessinnen Look.","og_url":"https:\/\/www.kaviargauche.com\/de\/produkt\/grande-fleur-neckholder-top\/","og_site_name":"Kaviar Gauche","article_publisher":"https:\/\/www.facebook.com\/kaviargauche","article_modified_time":"2025-07-11T11:08:04+00:00","og_image":[{"width":1000,"height":1499,"url":"https:\/\/www.kaviargauche.com\/wp-content\/uploads\/Kaviar_Gauche_GrandeFleur_GrandeFleurNeckholderDress02_Retusche.jpg","type":"image\/jpeg"}],"twitter_card":"summary_large_image","twitter_misc":{"Gesch\u00e4tzte Lesezeit":"1\u00a0Minute"},"schema":{"@context":"https:\/\/schema.org","@graph":[{"@type":"WebPage","@id":"https:\/\/www.kaviargauche.com\/de\/produkt\/grande-fleur-neckholder-top\/","url":"https:\/\/www.kaviargauche.com\/de\/produkt\/grande-fleur-neckholder-top\/","name":"Grande Fleur Neckholder Top - Kaviar Gauche","isPartOf":{"@id":"https:\/\/www.kaviargauche.com\/de\/#website"},"primaryImageOfPage":{"@id":"https:\/\/www.kaviargauche.com\/de\/produkt\/grande-fleur-neckholder-top\/#primaryimage"},"image":{"@id":"https:\/\/www.kaviargauche.com\/de\/produkt\/grande-fleur-neckholder-top\/#primaryimage"},"thumbnailUrl":"https:\/\/www.kaviargauche.com\/wp-content\/uploads\/Kaviar_Gauche_GrandeFleur_GrandeFleurNeckholderDress02_Retusche.jpg","datePublished":"2025-01-14T15:21:25+00:00","dateModified":"2025-07-11T11:08:04+00:00","description":"Romantisches Brautoberteil mit m\u00e4rchenhaften Bl\u00fcten: Das Grande Fleur Neckholder Top verleiht Ihrem Hochzeitsoutfit einen tr\u00e4umerischen Prinzessinnen Look.","breadcrumb":{"@id":"https:\/\/www.kaviargauche.com\/de\/produkt\/grande-fleur-neckholder-top\/#breadcrumb"},"inLanguage":"de","potentialAction":[{"@type":"ReadAction","target":["https:\/\/www.kaviargauche.com\/de\/produkt\/grande-fleur-neckholder-top\/"]}]},{"@type":"ImageObject","inLanguage":"de","@id":"https:\/\/www.kaviargauche.com\/de\/produkt\/grande-fleur-neckholder-top\/#primaryimage","url":"https:\/\/www.kaviargauche.com\/wp-content\/uploads\/Kaviar_Gauche_GrandeFleur_GrandeFleurNeckholderDress02_Retusche.jpg","contentUrl":"https:\/\/www.kaviargauche.com\/wp-content\/uploads\/Kaviar_Gauche_GrandeFleur_GrandeFleurNeckholderDress02_Retusche.jpg","width":1000,"height":1499,"caption":"Kaviar Gauche Bridal Dress"},{"@type":"BreadcrumbList","@id":"https:\/\/www.kaviargauche.com\/de\/produkt\/grande-fleur-neckholder-top\/#breadcrumb","itemListElement":[{"@type":"ListItem","position":1,"name":"Home","item":"https:\/\/www.kaviargauche.com\/de\/"},{"@type":"ListItem","position":2,"name":"Shop","item":"https:\/\/www.kaviargauche.com\/de\/shop-2\/"},{"@type":"ListItem","position":3,"name":"Grande Fleur Neckholder Top"}]},{"@type":"WebSite","@id":"https:\/\/www.kaviargauche.com\/de\/#website","url":"https:\/\/www.kaviargauche.com\/de\/","name":"Kaviar Gauche","description":"Bridal Couture","publisher":{"@id":"https:\/\/www.kaviargauche.com\/de\/#organization"},"potentialAction":[{"@type":"SearchAction","target":{"@type":"EntryPoint","urlTemplate":"https:\/\/www.kaviargauche.com\/de\/?s={search_term_string}"},"query-input":{"@type":"PropertyValueSpecification","valueRequired":true,"valueName":"search_term_string"}}],"inLanguage":"de"},{"@type":"Organization","@id":"https:\/\/www.kaviargauche.com\/de\/#organization","name":"KAVIAR GAUCHE","url":"https:\/\/www.kaviargauche.com\/de\/","logo":{"@type":"ImageObject","inLanguage":"de","@id":"https:\/\/www.kaviargauche.com\/de\/#\/schema\/logo\/image\/","url":"https:\/\/www.kaviargauche.com\/wp-content\/uploads\/kaviar-gauche.png","contentUrl":"https:\/\/www.kaviargauche.com\/wp-content\/uploads\/kaviar-gauche.png","width":512,"height":512,"caption":"KAVIAR GAUCHE"},"image":{"@id":"https:\/\/www.kaviargauche.com\/de\/#\/schema\/logo\/image\/"},"sameAs":["https:\/\/www.facebook.com\/kaviargauche","https:\/\/www.pinterest.de\/KaviarGaucheOfficial\/","https:\/\/www.instagram.com\/kaviargauche_official"]}]}},"jetpack_sharing_enabled":true,"_links":{"self":[{"href":"https:\/\/www.kaviargauche.com\/de\/wp-json\/wp\/v2\/product\/23974","targetHints":{"allow":["GET"]}}],"collection":[{"href":"https:\/\/www.kaviargauche.com\/de\/wp-json\/wp\/v2\/product"}],"about":[{"href":"https:\/\/www.kaviargauche.com\/de\/wp-json\/wp\/v2\/types\/product"}],"wp:featuredmedia":[{"embeddable":true,"href":"https:\/\/www.kaviargauche.com\/de\/wp-json\/wp\/v2\/media\/24758"}],"wp:attachment":[{"href":"https:\/\/www.kaviargauche.com\/de\/wp-json\/wp\/v2\/media?parent=23974"}],"wp:term":[{"taxonomy":"product_brand","embeddable":true,"href":"https:\/\/www.kaviargauche.com\/de\/wp-json\/wp\/v2\/product_brand?post=23974"},{"taxonomy":"product_cat","embeddable":true,"href":"https:\/\/www.kaviargauche.com\/de\/wp-json\/wp\/v2\/product_cat?post=23974"},{"taxonomy":"product_tag","embeddable":true,"href":"https:\/\/www.kaviargauche.com\/de\/wp-json\/wp\/v2\/product_tag?post=23974"}],"curies":[{"name":"wp","href":"https:\/\/api.w.org\/{rel}","templated":true}]}}