
{"id":24319,"date":"2025-02-27T19:08:53","date_gmt":"2025-02-27T17:08:53","guid":{"rendered":"https:\/\/www.kaviargauche.com\/?post_type=product&#038;p=24319"},"modified":"2025-12-02T17:37:09","modified_gmt":"2025-12-02T15:37:09","slug":"lace-tights-strumpfhose","status":"publish","type":"product","link":"https:\/\/www.kaviargauche.com\/de\/produkt\/lace-tights-strumpfhose\/","title":{"rendered":"Lace Tights &#8211; Strumpfhose"},"content":{"rendered":"<p>Mit ihrer luxuri\u00f6sen Spitze, die speziell f\u00fcr besondere Anl\u00e4sse entwickelt wurde, bietet diese Spitzen-Strumpfhose nicht nur \u00e4sthetische Sch\u00f6nheit, sondern auch h\u00f6chsten Tragekomfort. Das angenehme Taillenband mit dem FALKE x Kaviar Gauche Schriftzug sorgt f\u00fcr eine perfekte Passform und ein exklusives Trage-Erlebnis.<\/p>\n<p>Strumpfhosen mit ge\u00f6ffnetem Siegel sind vom Umtausch ausgeschlossen.<\/p>\n","protected":false},"excerpt":{"rendered":"<p>FALKE x Kaviar Gauche &#8211; Strumpfhose aus Spitze in schwarz oder wei\u00df<\/p>\n","protected":false},"featured_media":24330,"template":"","meta":{"_acf_changed":false},"product_brand":[],"product_cat":[515,990,495,602,870,462,538],"product_tag":[],"class_list":{"0":"post-24319","1":"product","2":"type-product","3":"status-publish","4":"has-post-thumbnail","6":"product_cat-accessoires","7":"product_cat-falke-x-kaviar-gauche-de","8":"product_cat-geschenkideen","9":"product_cat-romantisch","10":"product_cat-schnelle-lieferung","11":"product_cat-specials-de","12":"product_cat-spitze-de","13":"product_shipping_class-klein-de","15":"first","16":"instock","17":"taxable","18":"shipping-taxable","19":"purchasable","20":"product-type-variable","21":"has-default-attributes","22":"wvs-archive-product-wrapper"},"acf":[],"yoast_head":"<!-- This site is optimized with the Yoast SEO Premium plugin v26.3 (Yoast SEO v27.3) - https:\/\/yoast.com\/product\/yoast-seo-premium-wordpress\/ -->\n<title>Spitzen-Strumpfhose \u2013 FALKE x Kaviar Gauche Edition<\/title>\n<meta name=\"description\" content=\"Strumpfhose mit luxuri\u00f6ser Spitze &amp; FALKE x Kaviar Gauche Schriftzug \u2013 f\u00fcr besonderen Anlass, mit perfekter Passform &amp; exklusivem Tragegef\u00fchl.\" \/>\n<meta name=\"robots\" content=\"index, follow, max-snippet:-1, max-image-preview:large, max-video-preview:-1\" \/>\n<link rel=\"canonical\" href=\"https:\/\/www.kaviargauche.com\/de\/produkt\/lace-tights-strumpfhose\/\" \/>\n<meta property=\"og:locale\" content=\"de_DE\" \/>\n<meta property=\"og:type\" content=\"article\" \/>\n<meta property=\"og:title\" content=\"Lace Tights - Strumpfhose\" \/>\n<meta property=\"og:description\" content=\"Strumpfhose mit luxuri\u00f6ser Spitze &amp; FALKE x Kaviar Gauche Schriftzug \u2013 f\u00fcr besonderen Anlass, mit perfekter Passform &amp; exklusivem Tragegef\u00fchl.\" \/>\n<meta property=\"og:url\" content=\"https:\/\/www.kaviargauche.com\/de\/produkt\/lace-tights-strumpfhose\/\" \/>\n<meta property=\"og:site_name\" content=\"Kaviar Gauche\" \/>\n<meta property=\"article:publisher\" content=\"https:\/\/www.facebook.com\/kaviargauche\" \/>\n<meta property=\"article:modified_time\" content=\"2025-12-02T15:37:09+00:00\" \/>\n<meta property=\"og:image\" content=\"https:\/\/www.kaviargauche.com\/wp-content\/uploads\/FALKE_x_Kaviar_Gauche-Lace_Tights-scaled.jpg\" \/>\n\t<meta property=\"og:image:width\" content=\"1707\" \/>\n\t<meta property=\"og:image:height\" content=\"2560\" \/>\n\t<meta property=\"og:image:type\" content=\"image\/jpeg\" \/>\n<meta name=\"twitter:card\" content=\"summary_large_image\" \/>\n<meta name=\"twitter:label1\" content=\"Gesch\u00e4tzte Lesezeit\" \/>\n\t<meta name=\"twitter:data1\" content=\"1\u00a0Minute\" \/>\n<script type=\"application\/ld+json\" class=\"yoast-schema-graph\">{\"@context\":\"https:\\\/\\\/schema.org\",\"@graph\":[{\"@type\":\"WebPage\",\"@id\":\"https:\\\/\\\/www.kaviargauche.com\\\/de\\\/produkt\\\/lace-tights-strumpfhose\\\/\",\"url\":\"https:\\\/\\\/www.kaviargauche.com\\\/de\\\/produkt\\\/lace-tights-strumpfhose\\\/\",\"name\":\"Spitzen-Strumpfhose \u2013 FALKE x Kaviar Gauche Edition\",\"isPartOf\":{\"@id\":\"https:\\\/\\\/www.kaviargauche.com\\\/de\\\/#website\"},\"primaryImageOfPage\":{\"@id\":\"https:\\\/\\\/www.kaviargauche.com\\\/de\\\/produkt\\\/lace-tights-strumpfhose\\\/#primaryimage\"},\"image\":{\"@id\":\"https:\\\/\\\/www.kaviargauche.com\\\/de\\\/produkt\\\/lace-tights-strumpfhose\\\/#primaryimage\"},\"thumbnailUrl\":\"https:\\\/\\\/www.kaviargauche.com\\\/wp-content\\\/uploads\\\/FALKE_x_Kaviar_Gauche-Lace_Tights-scaled.jpg\",\"datePublished\":\"2025-02-27T17:08:53+00:00\",\"dateModified\":\"2025-12-02T15:37:09+00:00\",\"description\":\"Strumpfhose mit luxuri\u00f6ser Spitze & FALKE x Kaviar Gauche Schriftzug \u2013 f\u00fcr besonderen Anlass, mit perfekter Passform & exklusivem Tragegef\u00fchl.\",\"breadcrumb\":{\"@id\":\"https:\\\/\\\/www.kaviargauche.com\\\/de\\\/produkt\\\/lace-tights-strumpfhose\\\/#breadcrumb\"},\"inLanguage\":\"de\",\"potentialAction\":[{\"@type\":\"ReadAction\",\"target\":[\"https:\\\/\\\/www.kaviargauche.com\\\/de\\\/produkt\\\/lace-tights-strumpfhose\\\/\"]}]},{\"@type\":\"ImageObject\",\"inLanguage\":\"de\",\"@id\":\"https:\\\/\\\/www.kaviargauche.com\\\/de\\\/produkt\\\/lace-tights-strumpfhose\\\/#primaryimage\",\"url\":\"https:\\\/\\\/www.kaviargauche.com\\\/wp-content\\\/uploads\\\/FALKE_x_Kaviar_Gauche-Lace_Tights-scaled.jpg\",\"contentUrl\":\"https:\\\/\\\/www.kaviargauche.com\\\/wp-content\\\/uploads\\\/FALKE_x_Kaviar_Gauche-Lace_Tights-scaled.jpg\",\"width\":1707,\"height\":2560,\"caption\":\"Kaviar Gauche Bridal Dress\"},{\"@type\":\"BreadcrumbList\",\"@id\":\"https:\\\/\\\/www.kaviargauche.com\\\/de\\\/produkt\\\/lace-tights-strumpfhose\\\/#breadcrumb\",\"itemListElement\":[{\"@type\":\"ListItem\",\"position\":1,\"name\":\"Home\",\"item\":\"https:\\\/\\\/www.kaviargauche.com\\\/de\\\/\"},{\"@type\":\"ListItem\",\"position\":2,\"name\":\"Shop\",\"item\":\"https:\\\/\\\/www.kaviargauche.com\\\/de\\\/shop-2\\\/\"},{\"@type\":\"ListItem\",\"position\":3,\"name\":\"Lace Tights &#8211; Strumpfhose\"}]},{\"@type\":\"WebSite\",\"@id\":\"https:\\\/\\\/www.kaviargauche.com\\\/de\\\/#website\",\"url\":\"https:\\\/\\\/www.kaviargauche.com\\\/de\\\/\",\"name\":\"Kaviar Gauche\",\"description\":\"Bridal Couture\",\"publisher\":{\"@id\":\"https:\\\/\\\/www.kaviargauche.com\\\/de\\\/#organization\"},\"potentialAction\":[{\"@type\":\"SearchAction\",\"target\":{\"@type\":\"EntryPoint\",\"urlTemplate\":\"https:\\\/\\\/www.kaviargauche.com\\\/de\\\/?s={search_term_string}\"},\"query-input\":{\"@type\":\"PropertyValueSpecification\",\"valueRequired\":true,\"valueName\":\"search_term_string\"}}],\"inLanguage\":\"de\"},{\"@type\":\"Organization\",\"@id\":\"https:\\\/\\\/www.kaviargauche.com\\\/de\\\/#organization\",\"name\":\"KAVIAR GAUCHE\",\"url\":\"https:\\\/\\\/www.kaviargauche.com\\\/de\\\/\",\"logo\":{\"@type\":\"ImageObject\",\"inLanguage\":\"de\",\"@id\":\"https:\\\/\\\/www.kaviargauche.com\\\/de\\\/#\\\/schema\\\/logo\\\/image\\\/\",\"url\":\"https:\\\/\\\/www.kaviargauche.com\\\/wp-content\\\/uploads\\\/kaviar-gauche.png\",\"contentUrl\":\"https:\\\/\\\/www.kaviargauche.com\\\/wp-content\\\/uploads\\\/kaviar-gauche.png\",\"width\":512,\"height\":512,\"caption\":\"KAVIAR GAUCHE\"},\"image\":{\"@id\":\"https:\\\/\\\/www.kaviargauche.com\\\/de\\\/#\\\/schema\\\/logo\\\/image\\\/\"},\"sameAs\":[\"https:\\\/\\\/www.facebook.com\\\/kaviargauche\",\"https:\\\/\\\/www.pinterest.de\\\/KaviarGaucheOfficial\\\/\",\"https:\\\/\\\/www.instagram.com\\\/kaviargauche_official\"]}]}<\/script>\n<!-- \/ Yoast SEO Premium plugin. -->","yoast_head_json":{"title":"Spitzen-Strumpfhose \u2013 FALKE x Kaviar Gauche Edition","description":"Strumpfhose mit luxuri\u00f6ser Spitze & FALKE x Kaviar Gauche Schriftzug \u2013 f\u00fcr besonderen Anlass, mit perfekter Passform & exklusivem Tragegef\u00fchl.","robots":{"index":"index","follow":"follow","max-snippet":"max-snippet:-1","max-image-preview":"max-image-preview:large","max-video-preview":"max-video-preview:-1"},"canonical":"https:\/\/www.kaviargauche.com\/de\/produkt\/lace-tights-strumpfhose\/","og_locale":"de_DE","og_type":"article","og_title":"Lace Tights - Strumpfhose","og_description":"Strumpfhose mit luxuri\u00f6ser Spitze & FALKE x Kaviar Gauche Schriftzug \u2013 f\u00fcr besonderen Anlass, mit perfekter Passform & exklusivem Tragegef\u00fchl.","og_url":"https:\/\/www.kaviargauche.com\/de\/produkt\/lace-tights-strumpfhose\/","og_site_name":"Kaviar Gauche","article_publisher":"https:\/\/www.facebook.com\/kaviargauche","article_modified_time":"2025-12-02T15:37:09+00:00","og_image":[{"width":1707,"height":2560,"url":"https:\/\/www.kaviargauche.com\/wp-content\/uploads\/FALKE_x_Kaviar_Gauche-Lace_Tights-scaled.jpg","type":"image\/jpeg"}],"twitter_card":"summary_large_image","twitter_misc":{"Gesch\u00e4tzte Lesezeit":"1\u00a0Minute"},"schema":{"@context":"https:\/\/schema.org","@graph":[{"@type":"WebPage","@id":"https:\/\/www.kaviargauche.com\/de\/produkt\/lace-tights-strumpfhose\/","url":"https:\/\/www.kaviargauche.com\/de\/produkt\/lace-tights-strumpfhose\/","name":"Spitzen-Strumpfhose \u2013 FALKE x Kaviar Gauche Edition","isPartOf":{"@id":"https:\/\/www.kaviargauche.com\/de\/#website"},"primaryImageOfPage":{"@id":"https:\/\/www.kaviargauche.com\/de\/produkt\/lace-tights-strumpfhose\/#primaryimage"},"image":{"@id":"https:\/\/www.kaviargauche.com\/de\/produkt\/lace-tights-strumpfhose\/#primaryimage"},"thumbnailUrl":"https:\/\/www.kaviargauche.com\/wp-content\/uploads\/FALKE_x_Kaviar_Gauche-Lace_Tights-scaled.jpg","datePublished":"2025-02-27T17:08:53+00:00","dateModified":"2025-12-02T15:37:09+00:00","description":"Strumpfhose mit luxuri\u00f6ser Spitze & FALKE x Kaviar Gauche Schriftzug \u2013 f\u00fcr besonderen Anlass, mit perfekter Passform & exklusivem Tragegef\u00fchl.","breadcrumb":{"@id":"https:\/\/www.kaviargauche.com\/de\/produkt\/lace-tights-strumpfhose\/#breadcrumb"},"inLanguage":"de","potentialAction":[{"@type":"ReadAction","target":["https:\/\/www.kaviargauche.com\/de\/produkt\/lace-tights-strumpfhose\/"]}]},{"@type":"ImageObject","inLanguage":"de","@id":"https:\/\/www.kaviargauche.com\/de\/produkt\/lace-tights-strumpfhose\/#primaryimage","url":"https:\/\/www.kaviargauche.com\/wp-content\/uploads\/FALKE_x_Kaviar_Gauche-Lace_Tights-scaled.jpg","contentUrl":"https:\/\/www.kaviargauche.com\/wp-content\/uploads\/FALKE_x_Kaviar_Gauche-Lace_Tights-scaled.jpg","width":1707,"height":2560,"caption":"Kaviar Gauche Bridal Dress"},{"@type":"BreadcrumbList","@id":"https:\/\/www.kaviargauche.com\/de\/produkt\/lace-tights-strumpfhose\/#breadcrumb","itemListElement":[{"@type":"ListItem","position":1,"name":"Home","item":"https:\/\/www.kaviargauche.com\/de\/"},{"@type":"ListItem","position":2,"name":"Shop","item":"https:\/\/www.kaviargauche.com\/de\/shop-2\/"},{"@type":"ListItem","position":3,"name":"Lace Tights &#8211; Strumpfhose"}]},{"@type":"WebSite","@id":"https:\/\/www.kaviargauche.com\/de\/#website","url":"https:\/\/www.kaviargauche.com\/de\/","name":"Kaviar Gauche","description":"Bridal Couture","publisher":{"@id":"https:\/\/www.kaviargauche.com\/de\/#organization"},"potentialAction":[{"@type":"SearchAction","target":{"@type":"EntryPoint","urlTemplate":"https:\/\/www.kaviargauche.com\/de\/?s={search_term_string}"},"query-input":{"@type":"PropertyValueSpecification","valueRequired":true,"valueName":"search_term_string"}}],"inLanguage":"de"},{"@type":"Organization","@id":"https:\/\/www.kaviargauche.com\/de\/#organization","name":"KAVIAR GAUCHE","url":"https:\/\/www.kaviargauche.com\/de\/","logo":{"@type":"ImageObject","inLanguage":"de","@id":"https:\/\/www.kaviargauche.com\/de\/#\/schema\/logo\/image\/","url":"https:\/\/www.kaviargauche.com\/wp-content\/uploads\/kaviar-gauche.png","contentUrl":"https:\/\/www.kaviargauche.com\/wp-content\/uploads\/kaviar-gauche.png","width":512,"height":512,"caption":"KAVIAR GAUCHE"},"image":{"@id":"https:\/\/www.kaviargauche.com\/de\/#\/schema\/logo\/image\/"},"sameAs":["https:\/\/www.facebook.com\/kaviargauche","https:\/\/www.pinterest.de\/KaviarGaucheOfficial\/","https:\/\/www.instagram.com\/kaviargauche_official"]}]}},"jetpack_sharing_enabled":true,"_links":{"self":[{"href":"https:\/\/www.kaviargauche.com\/de\/wp-json\/wp\/v2\/product\/24319","targetHints":{"allow":["GET"]}}],"collection":[{"href":"https:\/\/www.kaviargauche.com\/de\/wp-json\/wp\/v2\/product"}],"about":[{"href":"https:\/\/www.kaviargauche.com\/de\/wp-json\/wp\/v2\/types\/product"}],"wp:featuredmedia":[{"embeddable":true,"href":"https:\/\/www.kaviargauche.com\/de\/wp-json\/wp\/v2\/media\/24330"}],"wp:attachment":[{"href":"https:\/\/www.kaviargauche.com\/de\/wp-json\/wp\/v2\/media?parent=24319"}],"wp:term":[{"taxonomy":"product_brand","embeddable":true,"href":"https:\/\/www.kaviargauche.com\/de\/wp-json\/wp\/v2\/product_brand?post=24319"},{"taxonomy":"product_cat","embeddable":true,"href":"https:\/\/www.kaviargauche.com\/de\/wp-json\/wp\/v2\/product_cat?post=24319"},{"taxonomy":"product_tag","embeddable":true,"href":"https:\/\/www.kaviargauche.com\/de\/wp-json\/wp\/v2\/product_tag?post=24319"}],"curies":[{"name":"wp","href":"https:\/\/api.w.org\/{rel}","templated":true}]}}