
{"id":24354,"date":"2025-02-27T19:30:41","date_gmt":"2025-02-27T17:30:41","guid":{"rendered":"https:\/\/www.kaviargauche.com\/?post_type=product&#038;p=24354"},"modified":"2025-12-02T17:37:08","modified_gmt":"2025-12-02T15:37:08","slug":"falke-love-tights-strumpfhose","status":"publish","type":"product","link":"https:\/\/www.kaviargauche.com\/de\/produkt\/falke-love-tights-strumpfhose\/","title":{"rendered":"Love Tights Strumpfhose"},"content":{"rendered":"<p>Die\u00a0Strumpfhose mit Herzmuster\u00a0in der Farbe Pearl \u2013 einem eleganten gebrochenes wei\u00df \u2013 l\u00e4sst Herzen h\u00f6her schlagen. Ihr zartes Herzmuster verleiht ihr einen besonderen Charme, der nicht nur an Hochzeiten, sondern auch in anderen festlichen Momenten \u00fcberzeugt. Sie ist auch in einer klassischen schwarzen Version erh\u00e4ltlich, die \u00fcber den Hochzeitscharakter hinaus vielseitige Kombinationsm\u00f6glichkeiten bietet und zu jedem Anlass getragen werden kann.<\/p>\n<p>Strumpfhosen mit ge\u00f6ffnetem Siegel sind aus hygienischen Gr\u00fcnden vom Umtausch ausgeschlossen.<\/p>\n","protected":false},"excerpt":{"rendered":"<p>FALKE x Kaviar Gauche Collection &#8211; Love Tights<\/p>\n","protected":false},"featured_media":24287,"template":"","meta":{"_acf_changed":false},"product_brand":[],"product_cat":[515,990,495,602,870,462,538],"product_tag":[],"class_list":{"0":"post-24354","1":"product","2":"type-product","3":"status-publish","4":"has-post-thumbnail","6":"product_cat-accessoires","7":"product_cat-falke-x-kaviar-gauche-de","8":"product_cat-geschenkideen","9":"product_cat-romantisch","10":"product_cat-schnelle-lieferung","11":"product_cat-specials-de","12":"product_cat-spitze-de","13":"product_shipping_class-klein-de","15":"first","16":"instock","17":"taxable","18":"shipping-taxable","19":"purchasable","20":"product-type-variable","21":"has-default-attributes","22":"wvs-archive-product-wrapper"},"acf":[],"yoast_head":"<!-- This site is optimized with the Yoast SEO Premium plugin v26.3 (Yoast SEO v27.3) - https:\/\/yoast.com\/product\/yoast-seo-premium-wordpress\/ -->\n<title>Love Strumpfhose mit Herzmuster \u2013 FALKE x Kaviar Gauche<\/title>\n<meta name=\"description\" content=\"Strumpfhose mit Herzmuster in Pearl oder Schwarz \u2013 romantisch, elegant &amp; ideal f\u00fcr Hochzeit oder Event. Teil der FALKE x Kaviar Gauche Collection.\" \/>\n<meta name=\"robots\" content=\"index, follow, max-snippet:-1, max-image-preview:large, max-video-preview:-1\" \/>\n<link rel=\"canonical\" href=\"https:\/\/www.kaviargauche.com\/de\/produkt\/falke-love-tights-strumpfhose\/\" \/>\n<meta property=\"og:locale\" content=\"de_DE\" \/>\n<meta property=\"og:type\" content=\"article\" \/>\n<meta property=\"og:title\" content=\"Love Tights Strumpfhose\" \/>\n<meta property=\"og:description\" content=\"Strumpfhose mit Herzmuster in Pearl oder Schwarz \u2013 romantisch, elegant &amp; ideal f\u00fcr Hochzeit oder Event. Teil der FALKE x Kaviar Gauche Collection.\" \/>\n<meta property=\"og:url\" content=\"https:\/\/www.kaviargauche.com\/de\/produkt\/falke-love-tights-strumpfhose\/\" \/>\n<meta property=\"og:site_name\" content=\"Kaviar Gauche\" \/>\n<meta property=\"article:publisher\" content=\"https:\/\/www.facebook.com\/kaviargauche\" \/>\n<meta property=\"article:modified_time\" content=\"2025-12-02T15:37:08+00:00\" \/>\n<meta property=\"og:image\" content=\"https:\/\/www.kaviargauche.com\/wp-content\/uploads\/LowRes_FALKE_x_Kaviar_Gauche-Heart_Tights.jpg\" \/>\n\t<meta property=\"og:image:width\" content=\"1000\" \/>\n\t<meta property=\"og:image:height\" content=\"1500\" \/>\n\t<meta property=\"og:image:type\" content=\"image\/jpeg\" \/>\n<meta name=\"twitter:card\" content=\"summary_large_image\" \/>\n<meta name=\"twitter:label1\" content=\"Gesch\u00e4tzte Lesezeit\" \/>\n\t<meta name=\"twitter:data1\" content=\"1\u00a0Minute\" \/>\n<script type=\"application\/ld+json\" class=\"yoast-schema-graph\">{\"@context\":\"https:\\\/\\\/schema.org\",\"@graph\":[{\"@type\":\"WebPage\",\"@id\":\"https:\\\/\\\/www.kaviargauche.com\\\/de\\\/produkt\\\/falke-love-tights-strumpfhose\\\/\",\"url\":\"https:\\\/\\\/www.kaviargauche.com\\\/de\\\/produkt\\\/falke-love-tights-strumpfhose\\\/\",\"name\":\"Love Strumpfhose mit Herzmuster \u2013 FALKE x Kaviar Gauche\",\"isPartOf\":{\"@id\":\"https:\\\/\\\/www.kaviargauche.com\\\/de\\\/#website\"},\"primaryImageOfPage\":{\"@id\":\"https:\\\/\\\/www.kaviargauche.com\\\/de\\\/produkt\\\/falke-love-tights-strumpfhose\\\/#primaryimage\"},\"image\":{\"@id\":\"https:\\\/\\\/www.kaviargauche.com\\\/de\\\/produkt\\\/falke-love-tights-strumpfhose\\\/#primaryimage\"},\"thumbnailUrl\":\"https:\\\/\\\/www.kaviargauche.com\\\/wp-content\\\/uploads\\\/LowRes_FALKE_x_Kaviar_Gauche-Heart_Tights.jpg\",\"datePublished\":\"2025-02-27T17:30:41+00:00\",\"dateModified\":\"2025-12-02T15:37:08+00:00\",\"description\":\"Strumpfhose mit Herzmuster in Pearl oder Schwarz \u2013 romantisch, elegant & ideal f\u00fcr Hochzeit oder Event. Teil der FALKE x Kaviar Gauche Collection.\",\"breadcrumb\":{\"@id\":\"https:\\\/\\\/www.kaviargauche.com\\\/de\\\/produkt\\\/falke-love-tights-strumpfhose\\\/#breadcrumb\"},\"inLanguage\":\"de\",\"potentialAction\":[{\"@type\":\"ReadAction\",\"target\":[\"https:\\\/\\\/www.kaviargauche.com\\\/de\\\/produkt\\\/falke-love-tights-strumpfhose\\\/\"]}]},{\"@type\":\"ImageObject\",\"inLanguage\":\"de\",\"@id\":\"https:\\\/\\\/www.kaviargauche.com\\\/de\\\/produkt\\\/falke-love-tights-strumpfhose\\\/#primaryimage\",\"url\":\"https:\\\/\\\/www.kaviargauche.com\\\/wp-content\\\/uploads\\\/LowRes_FALKE_x_Kaviar_Gauche-Heart_Tights.jpg\",\"contentUrl\":\"https:\\\/\\\/www.kaviargauche.com\\\/wp-content\\\/uploads\\\/LowRes_FALKE_x_Kaviar_Gauche-Heart_Tights.jpg\",\"width\":1000,\"height\":1500,\"caption\":\"Kaviar Gauche Bridal Dress\"},{\"@type\":\"BreadcrumbList\",\"@id\":\"https:\\\/\\\/www.kaviargauche.com\\\/de\\\/produkt\\\/falke-love-tights-strumpfhose\\\/#breadcrumb\",\"itemListElement\":[{\"@type\":\"ListItem\",\"position\":1,\"name\":\"Home\",\"item\":\"https:\\\/\\\/www.kaviargauche.com\\\/de\\\/\"},{\"@type\":\"ListItem\",\"position\":2,\"name\":\"Shop\",\"item\":\"https:\\\/\\\/www.kaviargauche.com\\\/de\\\/shop-2\\\/\"},{\"@type\":\"ListItem\",\"position\":3,\"name\":\"Love Tights Strumpfhose\"}]},{\"@type\":\"WebSite\",\"@id\":\"https:\\\/\\\/www.kaviargauche.com\\\/de\\\/#website\",\"url\":\"https:\\\/\\\/www.kaviargauche.com\\\/de\\\/\",\"name\":\"Kaviar Gauche\",\"description\":\"Bridal Couture\",\"publisher\":{\"@id\":\"https:\\\/\\\/www.kaviargauche.com\\\/de\\\/#organization\"},\"potentialAction\":[{\"@type\":\"SearchAction\",\"target\":{\"@type\":\"EntryPoint\",\"urlTemplate\":\"https:\\\/\\\/www.kaviargauche.com\\\/de\\\/?s={search_term_string}\"},\"query-input\":{\"@type\":\"PropertyValueSpecification\",\"valueRequired\":true,\"valueName\":\"search_term_string\"}}],\"inLanguage\":\"de\"},{\"@type\":\"Organization\",\"@id\":\"https:\\\/\\\/www.kaviargauche.com\\\/de\\\/#organization\",\"name\":\"KAVIAR GAUCHE\",\"url\":\"https:\\\/\\\/www.kaviargauche.com\\\/de\\\/\",\"logo\":{\"@type\":\"ImageObject\",\"inLanguage\":\"de\",\"@id\":\"https:\\\/\\\/www.kaviargauche.com\\\/de\\\/#\\\/schema\\\/logo\\\/image\\\/\",\"url\":\"https:\\\/\\\/www.kaviargauche.com\\\/wp-content\\\/uploads\\\/kaviar-gauche.png\",\"contentUrl\":\"https:\\\/\\\/www.kaviargauche.com\\\/wp-content\\\/uploads\\\/kaviar-gauche.png\",\"width\":512,\"height\":512,\"caption\":\"KAVIAR GAUCHE\"},\"image\":{\"@id\":\"https:\\\/\\\/www.kaviargauche.com\\\/de\\\/#\\\/schema\\\/logo\\\/image\\\/\"},\"sameAs\":[\"https:\\\/\\\/www.facebook.com\\\/kaviargauche\",\"https:\\\/\\\/www.pinterest.de\\\/KaviarGaucheOfficial\\\/\",\"https:\\\/\\\/www.instagram.com\\\/kaviargauche_official\"]}]}<\/script>\n<!-- \/ Yoast SEO Premium plugin. -->","yoast_head_json":{"title":"Love Strumpfhose mit Herzmuster \u2013 FALKE x Kaviar Gauche","description":"Strumpfhose mit Herzmuster in Pearl oder Schwarz \u2013 romantisch, elegant & ideal f\u00fcr Hochzeit oder Event. Teil der FALKE x Kaviar Gauche Collection.","robots":{"index":"index","follow":"follow","max-snippet":"max-snippet:-1","max-image-preview":"max-image-preview:large","max-video-preview":"max-video-preview:-1"},"canonical":"https:\/\/www.kaviargauche.com\/de\/produkt\/falke-love-tights-strumpfhose\/","og_locale":"de_DE","og_type":"article","og_title":"Love Tights Strumpfhose","og_description":"Strumpfhose mit Herzmuster in Pearl oder Schwarz \u2013 romantisch, elegant & ideal f\u00fcr Hochzeit oder Event. Teil der FALKE x Kaviar Gauche Collection.","og_url":"https:\/\/www.kaviargauche.com\/de\/produkt\/falke-love-tights-strumpfhose\/","og_site_name":"Kaviar Gauche","article_publisher":"https:\/\/www.facebook.com\/kaviargauche","article_modified_time":"2025-12-02T15:37:08+00:00","og_image":[{"width":1000,"height":1500,"url":"https:\/\/www.kaviargauche.com\/wp-content\/uploads\/LowRes_FALKE_x_Kaviar_Gauche-Heart_Tights.jpg","type":"image\/jpeg"}],"twitter_card":"summary_large_image","twitter_misc":{"Gesch\u00e4tzte Lesezeit":"1\u00a0Minute"},"schema":{"@context":"https:\/\/schema.org","@graph":[{"@type":"WebPage","@id":"https:\/\/www.kaviargauche.com\/de\/produkt\/falke-love-tights-strumpfhose\/","url":"https:\/\/www.kaviargauche.com\/de\/produkt\/falke-love-tights-strumpfhose\/","name":"Love Strumpfhose mit Herzmuster \u2013 FALKE x Kaviar Gauche","isPartOf":{"@id":"https:\/\/www.kaviargauche.com\/de\/#website"},"primaryImageOfPage":{"@id":"https:\/\/www.kaviargauche.com\/de\/produkt\/falke-love-tights-strumpfhose\/#primaryimage"},"image":{"@id":"https:\/\/www.kaviargauche.com\/de\/produkt\/falke-love-tights-strumpfhose\/#primaryimage"},"thumbnailUrl":"https:\/\/www.kaviargauche.com\/wp-content\/uploads\/LowRes_FALKE_x_Kaviar_Gauche-Heart_Tights.jpg","datePublished":"2025-02-27T17:30:41+00:00","dateModified":"2025-12-02T15:37:08+00:00","description":"Strumpfhose mit Herzmuster in Pearl oder Schwarz \u2013 romantisch, elegant & ideal f\u00fcr Hochzeit oder Event. Teil der FALKE x Kaviar Gauche Collection.","breadcrumb":{"@id":"https:\/\/www.kaviargauche.com\/de\/produkt\/falke-love-tights-strumpfhose\/#breadcrumb"},"inLanguage":"de","potentialAction":[{"@type":"ReadAction","target":["https:\/\/www.kaviargauche.com\/de\/produkt\/falke-love-tights-strumpfhose\/"]}]},{"@type":"ImageObject","inLanguage":"de","@id":"https:\/\/www.kaviargauche.com\/de\/produkt\/falke-love-tights-strumpfhose\/#primaryimage","url":"https:\/\/www.kaviargauche.com\/wp-content\/uploads\/LowRes_FALKE_x_Kaviar_Gauche-Heart_Tights.jpg","contentUrl":"https:\/\/www.kaviargauche.com\/wp-content\/uploads\/LowRes_FALKE_x_Kaviar_Gauche-Heart_Tights.jpg","width":1000,"height":1500,"caption":"Kaviar Gauche Bridal Dress"},{"@type":"BreadcrumbList","@id":"https:\/\/www.kaviargauche.com\/de\/produkt\/falke-love-tights-strumpfhose\/#breadcrumb","itemListElement":[{"@type":"ListItem","position":1,"name":"Home","item":"https:\/\/www.kaviargauche.com\/de\/"},{"@type":"ListItem","position":2,"name":"Shop","item":"https:\/\/www.kaviargauche.com\/de\/shop-2\/"},{"@type":"ListItem","position":3,"name":"Love Tights Strumpfhose"}]},{"@type":"WebSite","@id":"https:\/\/www.kaviargauche.com\/de\/#website","url":"https:\/\/www.kaviargauche.com\/de\/","name":"Kaviar Gauche","description":"Bridal Couture","publisher":{"@id":"https:\/\/www.kaviargauche.com\/de\/#organization"},"potentialAction":[{"@type":"SearchAction","target":{"@type":"EntryPoint","urlTemplate":"https:\/\/www.kaviargauche.com\/de\/?s={search_term_string}"},"query-input":{"@type":"PropertyValueSpecification","valueRequired":true,"valueName":"search_term_string"}}],"inLanguage":"de"},{"@type":"Organization","@id":"https:\/\/www.kaviargauche.com\/de\/#organization","name":"KAVIAR GAUCHE","url":"https:\/\/www.kaviargauche.com\/de\/","logo":{"@type":"ImageObject","inLanguage":"de","@id":"https:\/\/www.kaviargauche.com\/de\/#\/schema\/logo\/image\/","url":"https:\/\/www.kaviargauche.com\/wp-content\/uploads\/kaviar-gauche.png","contentUrl":"https:\/\/www.kaviargauche.com\/wp-content\/uploads\/kaviar-gauche.png","width":512,"height":512,"caption":"KAVIAR GAUCHE"},"image":{"@id":"https:\/\/www.kaviargauche.com\/de\/#\/schema\/logo\/image\/"},"sameAs":["https:\/\/www.facebook.com\/kaviargauche","https:\/\/www.pinterest.de\/KaviarGaucheOfficial\/","https:\/\/www.instagram.com\/kaviargauche_official"]}]}},"jetpack_sharing_enabled":true,"_links":{"self":[{"href":"https:\/\/www.kaviargauche.com\/de\/wp-json\/wp\/v2\/product\/24354","targetHints":{"allow":["GET"]}}],"collection":[{"href":"https:\/\/www.kaviargauche.com\/de\/wp-json\/wp\/v2\/product"}],"about":[{"href":"https:\/\/www.kaviargauche.com\/de\/wp-json\/wp\/v2\/types\/product"}],"wp:featuredmedia":[{"embeddable":true,"href":"https:\/\/www.kaviargauche.com\/de\/wp-json\/wp\/v2\/media\/24287"}],"wp:attachment":[{"href":"https:\/\/www.kaviargauche.com\/de\/wp-json\/wp\/v2\/media?parent=24354"}],"wp:term":[{"taxonomy":"product_brand","embeddable":true,"href":"https:\/\/www.kaviargauche.com\/de\/wp-json\/wp\/v2\/product_brand?post=24354"},{"taxonomy":"product_cat","embeddable":true,"href":"https:\/\/www.kaviargauche.com\/de\/wp-json\/wp\/v2\/product_cat?post=24354"},{"taxonomy":"product_tag","embeddable":true,"href":"https:\/\/www.kaviargauche.com\/de\/wp-json\/wp\/v2\/product_tag?post=24354"}],"curies":[{"name":"wp","href":"https:\/\/api.w.org\/{rel}","templated":true}]}}