
{"id":2467,"date":"2022-02-24T13:45:28","date_gmt":"2022-02-24T13:45:28","guid":{"rendered":"https:\/\/www.kaviargauche.com\/?post_type=product&#038;p=2467"},"modified":"2025-09-03T16:35:46","modified_gmt":"2025-09-03T14:35:46","slug":"sunny-scarf-dress","status":"publish","type":"product","link":"https:\/\/www.kaviargauche.com\/de\/produkt\/sunny-scarf-dress\/","title":{"rendered":"Sunny Scarf Dress"},"content":{"rendered":"<p>Langes, wei\u00dfes Hochzeitskleid im Boho-Stil mit einzigartigen Details. Der leichte, flie\u00dfende Stoff verleiht dem Brautkleid eine edle Note, w\u00e4hrend der leichte Glanz f\u00fcr ein besonderes Strahlen sorgt. Die Ballon\u00e4rmel und der tiefe Ausschnitt vorne und hinten machen den Brautlook romantisch und verf\u00fchrerisch zugleich. Der Schal rundet das Design perfekt ab.<\/p>\n<p>Farbe: Ivory<br \/>\nDer Rei\u00dfverschluss ist in der hinteren Mitte.<\/p>\n<p>Obermaterial: 100% Viskose<br \/>\nFutter: 100% Viskose<\/p>\n<p>Version ohne Schleppe, ein Kleid mit Schleppe nach Ma\u00df kann in jedem unserer Gesch\u00e4fte f\u00fcr Sie angefertigt werden.<\/p>\n<p>Buchen Sie einen Termin in unseren <a href=\"https:\/\/www.kaviargauche.com\/de\/kollektionen\/celebrate-love\/#booknow\">Bridal Flagship Stores<\/a> in <a href=\"https:\/\/www.kaviargauche.com\/de\/unsere-boutiquen\/stores-berlin\/\">Berlin<\/a> oder <a href=\"https:\/\/www.kaviargauche.com\/de\/unsere-boutiquen\/stores-muenchen\/\">M\u00fcnchen<\/a>, um dieses traumhafte Hochzeitskleid anzuprobieren.<\/p>\n<p>Ihr Brautkleid wird speziell f\u00fcr Sie angefertigt. Kaviar Gauche ist um Nachhaltigkeit bem\u00fcht und fertigt daher auf Bestellung.<\/p>\n<p>MADE WITH LOVE IN GERMANY<\/p>\n","protected":false},"excerpt":{"rendered":"<p>Flie\u00dfendes Hochzeitskleid im Boho-Stil mit sanftem Schal<\/p>\n","protected":false},"featured_media":9978,"template":"","meta":{"_acf_changed":false},"product_brand":[],"product_cat":[507,552,666,604,539],"product_tag":[],"class_list":{"0":"post-2467","1":"product","2":"type-product","3":"status-publish","4":"has-post-thumbnail","6":"product_cat-boho-de","7":"product_cat-glamouroes-de","8":"product_cat-sale-de","9":"product_cat-style-de","10":"product_cat-v-ausschnitt-de","11":"product_shipping_class-klein-de","13":"first","14":"instock","15":"sale","16":"taxable","17":"shipping-taxable","18":"purchasable","19":"product-type-variable","20":"has-default-attributes","21":"wvs-archive-product-wrapper"},"acf":[],"yoast_head":"<!-- This site is optimized with the Yoast SEO Premium plugin v26.3 (Yoast SEO v27.3) - https:\/\/yoast.com\/product\/yoast-seo-premium-wordpress\/ -->\n<title>Sunny Scarf Dress - Kaviar Gauche<\/title>\n<meta name=\"description\" content=\"Boho-Brautkleid mit Ballon\u00e4rmeln und tiefem Ausschnitt. Flie\u00dfender Stoff und Schal verleihen dem Hochzeitskleid eine moderne, romantische Note.\" \/>\n<meta name=\"robots\" content=\"index, follow, max-snippet:-1, max-image-preview:large, max-video-preview:-1\" \/>\n<link rel=\"canonical\" href=\"https:\/\/www.kaviargauche.com\/de\/produkt\/sunny-scarf-dress\/\" \/>\n<meta property=\"og:locale\" content=\"de_DE\" \/>\n<meta property=\"og:type\" content=\"article\" \/>\n<meta property=\"og:title\" content=\"Sunny Scarf Dress\" \/>\n<meta property=\"og:description\" content=\"Boho-Brautkleid mit Ballon\u00e4rmeln und tiefem Ausschnitt. Flie\u00dfender Stoff und Schal verleihen dem Hochzeitskleid eine moderne, romantische Note.\" \/>\n<meta property=\"og:url\" content=\"https:\/\/www.kaviargauche.com\/de\/produkt\/sunny-scarf-dress\/\" \/>\n<meta property=\"og:site_name\" content=\"Kaviar Gauche\" \/>\n<meta property=\"article:publisher\" content=\"https:\/\/www.facebook.com\/kaviargauche\" \/>\n<meta property=\"article:modified_time\" content=\"2025-09-03T14:35:46+00:00\" \/>\n<meta property=\"og:image\" content=\"https:\/\/www.kaviargauche.com\/wp-content\/uploads\/sunny_scarf_dress_kaviar_gauche_brautmode_berlin_designer_frontside_0-1-scaled.jpeg\" \/>\n\t<meta property=\"og:image:width\" content=\"1707\" \/>\n\t<meta property=\"og:image:height\" content=\"2560\" \/>\n\t<meta property=\"og:image:type\" content=\"image\/jpeg\" \/>\n<meta name=\"twitter:card\" content=\"summary_large_image\" \/>\n<meta name=\"twitter:label1\" content=\"Gesch\u00e4tzte Lesezeit\" \/>\n\t<meta name=\"twitter:data1\" content=\"1\u00a0Minute\" \/>\n<script type=\"application\/ld+json\" class=\"yoast-schema-graph\">{\"@context\":\"https:\\\/\\\/schema.org\",\"@graph\":[{\"@type\":\"WebPage\",\"@id\":\"https:\\\/\\\/www.kaviargauche.com\\\/de\\\/produkt\\\/sunny-scarf-dress\\\/\",\"url\":\"https:\\\/\\\/www.kaviargauche.com\\\/de\\\/produkt\\\/sunny-scarf-dress\\\/\",\"name\":\"Sunny Scarf Dress - Kaviar Gauche\",\"isPartOf\":{\"@id\":\"https:\\\/\\\/www.kaviargauche.com\\\/de\\\/#website\"},\"primaryImageOfPage\":{\"@id\":\"https:\\\/\\\/www.kaviargauche.com\\\/de\\\/produkt\\\/sunny-scarf-dress\\\/#primaryimage\"},\"image\":{\"@id\":\"https:\\\/\\\/www.kaviargauche.com\\\/de\\\/produkt\\\/sunny-scarf-dress\\\/#primaryimage\"},\"thumbnailUrl\":\"https:\\\/\\\/www.kaviargauche.com\\\/wp-content\\\/uploads\\\/sunny_scarf_dress_kaviar_gauche_brautmode_berlin_designer_frontside_0-1-scaled.jpeg\",\"datePublished\":\"2022-02-24T13:45:28+00:00\",\"dateModified\":\"2025-09-03T14:35:46+00:00\",\"description\":\"Boho-Brautkleid mit Ballon\u00e4rmeln und tiefem Ausschnitt. Flie\u00dfender Stoff und Schal verleihen dem Hochzeitskleid eine moderne, romantische Note.\",\"breadcrumb\":{\"@id\":\"https:\\\/\\\/www.kaviargauche.com\\\/de\\\/produkt\\\/sunny-scarf-dress\\\/#breadcrumb\"},\"inLanguage\":\"de\",\"potentialAction\":[{\"@type\":\"ReadAction\",\"target\":[\"https:\\\/\\\/www.kaviargauche.com\\\/de\\\/produkt\\\/sunny-scarf-dress\\\/\"]}]},{\"@type\":\"ImageObject\",\"inLanguage\":\"de\",\"@id\":\"https:\\\/\\\/www.kaviargauche.com\\\/de\\\/produkt\\\/sunny-scarf-dress\\\/#primaryimage\",\"url\":\"https:\\\/\\\/www.kaviargauche.com\\\/wp-content\\\/uploads\\\/sunny_scarf_dress_kaviar_gauche_brautmode_berlin_designer_frontside_0-1-scaled.jpeg\",\"contentUrl\":\"https:\\\/\\\/www.kaviargauche.com\\\/wp-content\\\/uploads\\\/sunny_scarf_dress_kaviar_gauche_brautmode_berlin_designer_frontside_0-1-scaled.jpeg\",\"width\":1707,\"height\":2560},{\"@type\":\"BreadcrumbList\",\"@id\":\"https:\\\/\\\/www.kaviargauche.com\\\/de\\\/produkt\\\/sunny-scarf-dress\\\/#breadcrumb\",\"itemListElement\":[{\"@type\":\"ListItem\",\"position\":1,\"name\":\"Home\",\"item\":\"https:\\\/\\\/www.kaviargauche.com\\\/de\\\/\"},{\"@type\":\"ListItem\",\"position\":2,\"name\":\"Shop\",\"item\":\"https:\\\/\\\/www.kaviargauche.com\\\/de\\\/shop-2\\\/\"},{\"@type\":\"ListItem\",\"position\":3,\"name\":\"Sunny Scarf Dress\"}]},{\"@type\":\"WebSite\",\"@id\":\"https:\\\/\\\/www.kaviargauche.com\\\/de\\\/#website\",\"url\":\"https:\\\/\\\/www.kaviargauche.com\\\/de\\\/\",\"name\":\"Kaviar Gauche\",\"description\":\"Bridal Couture\",\"publisher\":{\"@id\":\"https:\\\/\\\/www.kaviargauche.com\\\/de\\\/#organization\"},\"potentialAction\":[{\"@type\":\"SearchAction\",\"target\":{\"@type\":\"EntryPoint\",\"urlTemplate\":\"https:\\\/\\\/www.kaviargauche.com\\\/de\\\/?s={search_term_string}\"},\"query-input\":{\"@type\":\"PropertyValueSpecification\",\"valueRequired\":true,\"valueName\":\"search_term_string\"}}],\"inLanguage\":\"de\"},{\"@type\":\"Organization\",\"@id\":\"https:\\\/\\\/www.kaviargauche.com\\\/de\\\/#organization\",\"name\":\"KAVIAR GAUCHE\",\"url\":\"https:\\\/\\\/www.kaviargauche.com\\\/de\\\/\",\"logo\":{\"@type\":\"ImageObject\",\"inLanguage\":\"de\",\"@id\":\"https:\\\/\\\/www.kaviargauche.com\\\/de\\\/#\\\/schema\\\/logo\\\/image\\\/\",\"url\":\"https:\\\/\\\/www.kaviargauche.com\\\/wp-content\\\/uploads\\\/kaviar-gauche.png\",\"contentUrl\":\"https:\\\/\\\/www.kaviargauche.com\\\/wp-content\\\/uploads\\\/kaviar-gauche.png\",\"width\":512,\"height\":512,\"caption\":\"KAVIAR GAUCHE\"},\"image\":{\"@id\":\"https:\\\/\\\/www.kaviargauche.com\\\/de\\\/#\\\/schema\\\/logo\\\/image\\\/\"},\"sameAs\":[\"https:\\\/\\\/www.facebook.com\\\/kaviargauche\",\"https:\\\/\\\/www.pinterest.de\\\/KaviarGaucheOfficial\\\/\",\"https:\\\/\\\/www.instagram.com\\\/kaviargauche_official\"]}]}<\/script>\n<!-- \/ Yoast SEO Premium plugin. -->","yoast_head_json":{"title":"Sunny Scarf Dress - Kaviar Gauche","description":"Boho-Brautkleid mit Ballon\u00e4rmeln und tiefem Ausschnitt. Flie\u00dfender Stoff und Schal verleihen dem Hochzeitskleid eine moderne, romantische Note.","robots":{"index":"index","follow":"follow","max-snippet":"max-snippet:-1","max-image-preview":"max-image-preview:large","max-video-preview":"max-video-preview:-1"},"canonical":"https:\/\/www.kaviargauche.com\/de\/produkt\/sunny-scarf-dress\/","og_locale":"de_DE","og_type":"article","og_title":"Sunny Scarf Dress","og_description":"Boho-Brautkleid mit Ballon\u00e4rmeln und tiefem Ausschnitt. Flie\u00dfender Stoff und Schal verleihen dem Hochzeitskleid eine moderne, romantische Note.","og_url":"https:\/\/www.kaviargauche.com\/de\/produkt\/sunny-scarf-dress\/","og_site_name":"Kaviar Gauche","article_publisher":"https:\/\/www.facebook.com\/kaviargauche","article_modified_time":"2025-09-03T14:35:46+00:00","og_image":[{"width":1707,"height":2560,"url":"https:\/\/www.kaviargauche.com\/wp-content\/uploads\/sunny_scarf_dress_kaviar_gauche_brautmode_berlin_designer_frontside_0-1-scaled.jpeg","type":"image\/jpeg"}],"twitter_card":"summary_large_image","twitter_misc":{"Gesch\u00e4tzte Lesezeit":"1\u00a0Minute"},"schema":{"@context":"https:\/\/schema.org","@graph":[{"@type":"WebPage","@id":"https:\/\/www.kaviargauche.com\/de\/produkt\/sunny-scarf-dress\/","url":"https:\/\/www.kaviargauche.com\/de\/produkt\/sunny-scarf-dress\/","name":"Sunny Scarf Dress - Kaviar Gauche","isPartOf":{"@id":"https:\/\/www.kaviargauche.com\/de\/#website"},"primaryImageOfPage":{"@id":"https:\/\/www.kaviargauche.com\/de\/produkt\/sunny-scarf-dress\/#primaryimage"},"image":{"@id":"https:\/\/www.kaviargauche.com\/de\/produkt\/sunny-scarf-dress\/#primaryimage"},"thumbnailUrl":"https:\/\/www.kaviargauche.com\/wp-content\/uploads\/sunny_scarf_dress_kaviar_gauche_brautmode_berlin_designer_frontside_0-1-scaled.jpeg","datePublished":"2022-02-24T13:45:28+00:00","dateModified":"2025-09-03T14:35:46+00:00","description":"Boho-Brautkleid mit Ballon\u00e4rmeln und tiefem Ausschnitt. Flie\u00dfender Stoff und Schal verleihen dem Hochzeitskleid eine moderne, romantische Note.","breadcrumb":{"@id":"https:\/\/www.kaviargauche.com\/de\/produkt\/sunny-scarf-dress\/#breadcrumb"},"inLanguage":"de","potentialAction":[{"@type":"ReadAction","target":["https:\/\/www.kaviargauche.com\/de\/produkt\/sunny-scarf-dress\/"]}]},{"@type":"ImageObject","inLanguage":"de","@id":"https:\/\/www.kaviargauche.com\/de\/produkt\/sunny-scarf-dress\/#primaryimage","url":"https:\/\/www.kaviargauche.com\/wp-content\/uploads\/sunny_scarf_dress_kaviar_gauche_brautmode_berlin_designer_frontside_0-1-scaled.jpeg","contentUrl":"https:\/\/www.kaviargauche.com\/wp-content\/uploads\/sunny_scarf_dress_kaviar_gauche_brautmode_berlin_designer_frontside_0-1-scaled.jpeg","width":1707,"height":2560},{"@type":"BreadcrumbList","@id":"https:\/\/www.kaviargauche.com\/de\/produkt\/sunny-scarf-dress\/#breadcrumb","itemListElement":[{"@type":"ListItem","position":1,"name":"Home","item":"https:\/\/www.kaviargauche.com\/de\/"},{"@type":"ListItem","position":2,"name":"Shop","item":"https:\/\/www.kaviargauche.com\/de\/shop-2\/"},{"@type":"ListItem","position":3,"name":"Sunny Scarf Dress"}]},{"@type":"WebSite","@id":"https:\/\/www.kaviargauche.com\/de\/#website","url":"https:\/\/www.kaviargauche.com\/de\/","name":"Kaviar Gauche","description":"Bridal Couture","publisher":{"@id":"https:\/\/www.kaviargauche.com\/de\/#organization"},"potentialAction":[{"@type":"SearchAction","target":{"@type":"EntryPoint","urlTemplate":"https:\/\/www.kaviargauche.com\/de\/?s={search_term_string}"},"query-input":{"@type":"PropertyValueSpecification","valueRequired":true,"valueName":"search_term_string"}}],"inLanguage":"de"},{"@type":"Organization","@id":"https:\/\/www.kaviargauche.com\/de\/#organization","name":"KAVIAR GAUCHE","url":"https:\/\/www.kaviargauche.com\/de\/","logo":{"@type":"ImageObject","inLanguage":"de","@id":"https:\/\/www.kaviargauche.com\/de\/#\/schema\/logo\/image\/","url":"https:\/\/www.kaviargauche.com\/wp-content\/uploads\/kaviar-gauche.png","contentUrl":"https:\/\/www.kaviargauche.com\/wp-content\/uploads\/kaviar-gauche.png","width":512,"height":512,"caption":"KAVIAR GAUCHE"},"image":{"@id":"https:\/\/www.kaviargauche.com\/de\/#\/schema\/logo\/image\/"},"sameAs":["https:\/\/www.facebook.com\/kaviargauche","https:\/\/www.pinterest.de\/KaviarGaucheOfficial\/","https:\/\/www.instagram.com\/kaviargauche_official"]}]}},"jetpack_sharing_enabled":true,"_links":{"self":[{"href":"https:\/\/www.kaviargauche.com\/de\/wp-json\/wp\/v2\/product\/2467","targetHints":{"allow":["GET"]}}],"collection":[{"href":"https:\/\/www.kaviargauche.com\/de\/wp-json\/wp\/v2\/product"}],"about":[{"href":"https:\/\/www.kaviargauche.com\/de\/wp-json\/wp\/v2\/types\/product"}],"wp:featuredmedia":[{"embeddable":true,"href":"https:\/\/www.kaviargauche.com\/de\/wp-json\/wp\/v2\/media\/9978"}],"wp:attachment":[{"href":"https:\/\/www.kaviargauche.com\/de\/wp-json\/wp\/v2\/media?parent=2467"}],"wp:term":[{"taxonomy":"product_brand","embeddable":true,"href":"https:\/\/www.kaviargauche.com\/de\/wp-json\/wp\/v2\/product_brand?post=2467"},{"taxonomy":"product_cat","embeddable":true,"href":"https:\/\/www.kaviargauche.com\/de\/wp-json\/wp\/v2\/product_cat?post=2467"},{"taxonomy":"product_tag","embeddable":true,"href":"https:\/\/www.kaviargauche.com\/de\/wp-json\/wp\/v2\/product_tag?post=2467"}],"curies":[{"name":"wp","href":"https:\/\/api.w.org\/{rel}","templated":true}]}}