
{"id":2496,"date":"2022-02-24T14:36:21","date_gmt":"2022-02-24T14:36:21","guid":{"rendered":"https:\/\/www.kaviargauche.com\/?post_type=product&#038;p=2496"},"modified":"2025-07-25T12:07:38","modified_gmt":"2025-07-25T10:07:38","slug":"bardot-lace-top","status":"publish","type":"product","link":"https:\/\/www.kaviargauche.com\/de\/produkt\/bardot-lace-top\/","title":{"rendered":"Bardot Lace Top"},"content":{"rendered":"<p>Das Top aus feinster Bogenspitze von Kaviar Gauche l\u00e4sst sich zu einen modernen Hochzeitslook kombinieren. Ein feiner Rei\u00dfverschluss am R\u00fccken schlie\u00dft das Brauttop.<\/p>\n<p>Material: 63% Baumwolle | 28% Polyamid | 9% Viskose<br \/>\nDas Oberteil ist gef\u00fcttert<br \/>\nTrockenreinigung<\/p>\n<p>MADE WITH LOVE IN GERMANY<\/p>\n","protected":false},"excerpt":{"rendered":"<p>Hochgeschlossenes Oberteil aus feinster Bogenspitze<\/p>\n","protected":false},"featured_media":9018,"template":"","meta":{"_acf_changed":false},"product_brand":[],"product_cat":[460,507,461,471,602,519,538,475],"product_tag":[],"class_list":{"0":"post-2496","1":"product","2":"type-product","3":"status-publish","4":"has-post-thumbnail","6":"product_cat-bekleidung","7":"product_cat-boho-de","8":"product_cat-oberteile","9":"product_cat-ready-to-marry-de","10":"product_cat-romantisch","11":"product_cat-sans-souci-de","12":"product_cat-spitze-de","13":"product_cat-standesamt","15":"first","16":"instock","17":"taxable","18":"shipping-taxable","19":"purchasable","20":"product-type-variable","21":"wvs-archive-product-wrapper"},"acf":[],"yoast_head":"<!-- This site is optimized with the Yoast SEO Premium plugin v26.3 (Yoast SEO v27.3) - https:\/\/yoast.com\/product\/yoast-seo-premium-wordpress\/ -->\n<title>Bardot Lace Top - Kaviar Gauche<\/title>\n<meta name=\"description\" content=\"Spitzen-Top mit hochgeschlossenem Hals &amp; feinem Bogenmuster \u2013 feminin, detailverliebt &amp; perfekt f\u00fcr moderne Bridal- oder Festtags-Looks.\" \/>\n<meta name=\"robots\" content=\"index, follow, max-snippet:-1, max-image-preview:large, max-video-preview:-1\" \/>\n<link rel=\"canonical\" href=\"https:\/\/www.kaviargauche.com\/de\/produkt\/bardot-lace-top\/\" \/>\n<meta property=\"og:locale\" content=\"de_DE\" \/>\n<meta property=\"og:type\" content=\"article\" \/>\n<meta property=\"og:title\" content=\"Bardot Lace Top\" \/>\n<meta property=\"og:description\" content=\"Spitzen-Top mit hochgeschlossenem Hals &amp; feinem Bogenmuster \u2013 feminin, detailverliebt &amp; perfekt f\u00fcr moderne Bridal- oder Festtags-Looks.\" \/>\n<meta property=\"og:url\" content=\"https:\/\/www.kaviargauche.com\/de\/produkt\/bardot-lace-top\/\" \/>\n<meta property=\"og:site_name\" content=\"Kaviar Gauche\" \/>\n<meta property=\"article:publisher\" content=\"https:\/\/www.facebook.com\/kaviargauche\" \/>\n<meta property=\"article:modified_time\" content=\"2025-07-25T10:07:38+00:00\" \/>\n<meta property=\"og:image\" content=\"https:\/\/www.kaviargauche.com\/wp-content\/uploads\/KG-Bardot-Lace-Top-ivory-ivory-front-Kaviar-Gauche-Berlin-Duesseldorf-Muenchen-Brautkleid_0-1.png\" \/>\n\t<meta property=\"og:image:width\" content=\"1433\" \/>\n\t<meta property=\"og:image:height\" content=\"2433\" \/>\n\t<meta property=\"og:image:type\" content=\"image\/png\" \/>\n<meta name=\"twitter:card\" content=\"summary_large_image\" \/>\n<meta name=\"twitter:label1\" content=\"Gesch\u00e4tzte Lesezeit\" \/>\n\t<meta name=\"twitter:data1\" content=\"1\u00a0Minute\" \/>\n<script type=\"application\/ld+json\" class=\"yoast-schema-graph\">{\"@context\":\"https:\\\/\\\/schema.org\",\"@graph\":[{\"@type\":\"WebPage\",\"@id\":\"https:\\\/\\\/www.kaviargauche.com\\\/de\\\/produkt\\\/bardot-lace-top\\\/\",\"url\":\"https:\\\/\\\/www.kaviargauche.com\\\/de\\\/produkt\\\/bardot-lace-top\\\/\",\"name\":\"Bardot Lace Top - Kaviar Gauche\",\"isPartOf\":{\"@id\":\"https:\\\/\\\/www.kaviargauche.com\\\/de\\\/#website\"},\"primaryImageOfPage\":{\"@id\":\"https:\\\/\\\/www.kaviargauche.com\\\/de\\\/produkt\\\/bardot-lace-top\\\/#primaryimage\"},\"image\":{\"@id\":\"https:\\\/\\\/www.kaviargauche.com\\\/de\\\/produkt\\\/bardot-lace-top\\\/#primaryimage\"},\"thumbnailUrl\":\"https:\\\/\\\/www.kaviargauche.com\\\/wp-content\\\/uploads\\\/KG-Bardot-Lace-Top-ivory-ivory-front-Kaviar-Gauche-Berlin-Duesseldorf-Muenchen-Brautkleid_0-1.png\",\"datePublished\":\"2022-02-24T14:36:21+00:00\",\"dateModified\":\"2025-07-25T10:07:38+00:00\",\"description\":\"Spitzen-Top mit hochgeschlossenem Hals & feinem Bogenmuster \u2013 feminin, detailverliebt & perfekt f\u00fcr moderne Bridal- oder Festtags-Looks.\",\"breadcrumb\":{\"@id\":\"https:\\\/\\\/www.kaviargauche.com\\\/de\\\/produkt\\\/bardot-lace-top\\\/#breadcrumb\"},\"inLanguage\":\"de\",\"potentialAction\":[{\"@type\":\"ReadAction\",\"target\":[\"https:\\\/\\\/www.kaviargauche.com\\\/de\\\/produkt\\\/bardot-lace-top\\\/\"]}]},{\"@type\":\"ImageObject\",\"inLanguage\":\"de\",\"@id\":\"https:\\\/\\\/www.kaviargauche.com\\\/de\\\/produkt\\\/bardot-lace-top\\\/#primaryimage\",\"url\":\"https:\\\/\\\/www.kaviargauche.com\\\/wp-content\\\/uploads\\\/KG-Bardot-Lace-Top-ivory-ivory-front-Kaviar-Gauche-Berlin-Duesseldorf-Muenchen-Brautkleid_0-1.png\",\"contentUrl\":\"https:\\\/\\\/www.kaviargauche.com\\\/wp-content\\\/uploads\\\/KG-Bardot-Lace-Top-ivory-ivory-front-Kaviar-Gauche-Berlin-Duesseldorf-Muenchen-Brautkleid_0-1.png\",\"width\":1433,\"height\":2433,\"caption\":\"Kaviar Gauche Bridal Dress\"},{\"@type\":\"BreadcrumbList\",\"@id\":\"https:\\\/\\\/www.kaviargauche.com\\\/de\\\/produkt\\\/bardot-lace-top\\\/#breadcrumb\",\"itemListElement\":[{\"@type\":\"ListItem\",\"position\":1,\"name\":\"Home\",\"item\":\"https:\\\/\\\/www.kaviargauche.com\\\/de\\\/\"},{\"@type\":\"ListItem\",\"position\":2,\"name\":\"Shop\",\"item\":\"https:\\\/\\\/www.kaviargauche.com\\\/de\\\/shop-2\\\/\"},{\"@type\":\"ListItem\",\"position\":3,\"name\":\"Bardot Lace Top\"}]},{\"@type\":\"WebSite\",\"@id\":\"https:\\\/\\\/www.kaviargauche.com\\\/de\\\/#website\",\"url\":\"https:\\\/\\\/www.kaviargauche.com\\\/de\\\/\",\"name\":\"Kaviar Gauche\",\"description\":\"Bridal Couture\",\"publisher\":{\"@id\":\"https:\\\/\\\/www.kaviargauche.com\\\/de\\\/#organization\"},\"potentialAction\":[{\"@type\":\"SearchAction\",\"target\":{\"@type\":\"EntryPoint\",\"urlTemplate\":\"https:\\\/\\\/www.kaviargauche.com\\\/de\\\/?s={search_term_string}\"},\"query-input\":{\"@type\":\"PropertyValueSpecification\",\"valueRequired\":true,\"valueName\":\"search_term_string\"}}],\"inLanguage\":\"de\"},{\"@type\":\"Organization\",\"@id\":\"https:\\\/\\\/www.kaviargauche.com\\\/de\\\/#organization\",\"name\":\"KAVIAR GAUCHE\",\"url\":\"https:\\\/\\\/www.kaviargauche.com\\\/de\\\/\",\"logo\":{\"@type\":\"ImageObject\",\"inLanguage\":\"de\",\"@id\":\"https:\\\/\\\/www.kaviargauche.com\\\/de\\\/#\\\/schema\\\/logo\\\/image\\\/\",\"url\":\"https:\\\/\\\/www.kaviargauche.com\\\/wp-content\\\/uploads\\\/kaviar-gauche.png\",\"contentUrl\":\"https:\\\/\\\/www.kaviargauche.com\\\/wp-content\\\/uploads\\\/kaviar-gauche.png\",\"width\":512,\"height\":512,\"caption\":\"KAVIAR GAUCHE\"},\"image\":{\"@id\":\"https:\\\/\\\/www.kaviargauche.com\\\/de\\\/#\\\/schema\\\/logo\\\/image\\\/\"},\"sameAs\":[\"https:\\\/\\\/www.facebook.com\\\/kaviargauche\",\"https:\\\/\\\/www.pinterest.de\\\/KaviarGaucheOfficial\\\/\",\"https:\\\/\\\/www.instagram.com\\\/kaviargauche_official\"]}]}<\/script>\n<!-- \/ Yoast SEO Premium plugin. -->","yoast_head_json":{"title":"Bardot Lace Top - Kaviar Gauche","description":"Spitzen-Top mit hochgeschlossenem Hals & feinem Bogenmuster \u2013 feminin, detailverliebt & perfekt f\u00fcr moderne Bridal- oder Festtags-Looks.","robots":{"index":"index","follow":"follow","max-snippet":"max-snippet:-1","max-image-preview":"max-image-preview:large","max-video-preview":"max-video-preview:-1"},"canonical":"https:\/\/www.kaviargauche.com\/de\/produkt\/bardot-lace-top\/","og_locale":"de_DE","og_type":"article","og_title":"Bardot Lace Top","og_description":"Spitzen-Top mit hochgeschlossenem Hals & feinem Bogenmuster \u2013 feminin, detailverliebt & perfekt f\u00fcr moderne Bridal- oder Festtags-Looks.","og_url":"https:\/\/www.kaviargauche.com\/de\/produkt\/bardot-lace-top\/","og_site_name":"Kaviar Gauche","article_publisher":"https:\/\/www.facebook.com\/kaviargauche","article_modified_time":"2025-07-25T10:07:38+00:00","og_image":[{"width":1433,"height":2433,"url":"https:\/\/www.kaviargauche.com\/wp-content\/uploads\/KG-Bardot-Lace-Top-ivory-ivory-front-Kaviar-Gauche-Berlin-Duesseldorf-Muenchen-Brautkleid_0-1.png","type":"image\/png"}],"twitter_card":"summary_large_image","twitter_misc":{"Gesch\u00e4tzte Lesezeit":"1\u00a0Minute"},"schema":{"@context":"https:\/\/schema.org","@graph":[{"@type":"WebPage","@id":"https:\/\/www.kaviargauche.com\/de\/produkt\/bardot-lace-top\/","url":"https:\/\/www.kaviargauche.com\/de\/produkt\/bardot-lace-top\/","name":"Bardot Lace Top - Kaviar Gauche","isPartOf":{"@id":"https:\/\/www.kaviargauche.com\/de\/#website"},"primaryImageOfPage":{"@id":"https:\/\/www.kaviargauche.com\/de\/produkt\/bardot-lace-top\/#primaryimage"},"image":{"@id":"https:\/\/www.kaviargauche.com\/de\/produkt\/bardot-lace-top\/#primaryimage"},"thumbnailUrl":"https:\/\/www.kaviargauche.com\/wp-content\/uploads\/KG-Bardot-Lace-Top-ivory-ivory-front-Kaviar-Gauche-Berlin-Duesseldorf-Muenchen-Brautkleid_0-1.png","datePublished":"2022-02-24T14:36:21+00:00","dateModified":"2025-07-25T10:07:38+00:00","description":"Spitzen-Top mit hochgeschlossenem Hals & feinem Bogenmuster \u2013 feminin, detailverliebt & perfekt f\u00fcr moderne Bridal- oder Festtags-Looks.","breadcrumb":{"@id":"https:\/\/www.kaviargauche.com\/de\/produkt\/bardot-lace-top\/#breadcrumb"},"inLanguage":"de","potentialAction":[{"@type":"ReadAction","target":["https:\/\/www.kaviargauche.com\/de\/produkt\/bardot-lace-top\/"]}]},{"@type":"ImageObject","inLanguage":"de","@id":"https:\/\/www.kaviargauche.com\/de\/produkt\/bardot-lace-top\/#primaryimage","url":"https:\/\/www.kaviargauche.com\/wp-content\/uploads\/KG-Bardot-Lace-Top-ivory-ivory-front-Kaviar-Gauche-Berlin-Duesseldorf-Muenchen-Brautkleid_0-1.png","contentUrl":"https:\/\/www.kaviargauche.com\/wp-content\/uploads\/KG-Bardot-Lace-Top-ivory-ivory-front-Kaviar-Gauche-Berlin-Duesseldorf-Muenchen-Brautkleid_0-1.png","width":1433,"height":2433,"caption":"Kaviar Gauche Bridal Dress"},{"@type":"BreadcrumbList","@id":"https:\/\/www.kaviargauche.com\/de\/produkt\/bardot-lace-top\/#breadcrumb","itemListElement":[{"@type":"ListItem","position":1,"name":"Home","item":"https:\/\/www.kaviargauche.com\/de\/"},{"@type":"ListItem","position":2,"name":"Shop","item":"https:\/\/www.kaviargauche.com\/de\/shop-2\/"},{"@type":"ListItem","position":3,"name":"Bardot Lace Top"}]},{"@type":"WebSite","@id":"https:\/\/www.kaviargauche.com\/de\/#website","url":"https:\/\/www.kaviargauche.com\/de\/","name":"Kaviar Gauche","description":"Bridal Couture","publisher":{"@id":"https:\/\/www.kaviargauche.com\/de\/#organization"},"potentialAction":[{"@type":"SearchAction","target":{"@type":"EntryPoint","urlTemplate":"https:\/\/www.kaviargauche.com\/de\/?s={search_term_string}"},"query-input":{"@type":"PropertyValueSpecification","valueRequired":true,"valueName":"search_term_string"}}],"inLanguage":"de"},{"@type":"Organization","@id":"https:\/\/www.kaviargauche.com\/de\/#organization","name":"KAVIAR GAUCHE","url":"https:\/\/www.kaviargauche.com\/de\/","logo":{"@type":"ImageObject","inLanguage":"de","@id":"https:\/\/www.kaviargauche.com\/de\/#\/schema\/logo\/image\/","url":"https:\/\/www.kaviargauche.com\/wp-content\/uploads\/kaviar-gauche.png","contentUrl":"https:\/\/www.kaviargauche.com\/wp-content\/uploads\/kaviar-gauche.png","width":512,"height":512,"caption":"KAVIAR GAUCHE"},"image":{"@id":"https:\/\/www.kaviargauche.com\/de\/#\/schema\/logo\/image\/"},"sameAs":["https:\/\/www.facebook.com\/kaviargauche","https:\/\/www.pinterest.de\/KaviarGaucheOfficial\/","https:\/\/www.instagram.com\/kaviargauche_official"]}]}},"jetpack_sharing_enabled":true,"_links":{"self":[{"href":"https:\/\/www.kaviargauche.com\/de\/wp-json\/wp\/v2\/product\/2496","targetHints":{"allow":["GET"]}}],"collection":[{"href":"https:\/\/www.kaviargauche.com\/de\/wp-json\/wp\/v2\/product"}],"about":[{"href":"https:\/\/www.kaviargauche.com\/de\/wp-json\/wp\/v2\/types\/product"}],"wp:featuredmedia":[{"embeddable":true,"href":"https:\/\/www.kaviargauche.com\/de\/wp-json\/wp\/v2\/media\/9018"}],"wp:attachment":[{"href":"https:\/\/www.kaviargauche.com\/de\/wp-json\/wp\/v2\/media?parent=2496"}],"wp:term":[{"taxonomy":"product_brand","embeddable":true,"href":"https:\/\/www.kaviargauche.com\/de\/wp-json\/wp\/v2\/product_brand?post=2496"},{"taxonomy":"product_cat","embeddable":true,"href":"https:\/\/www.kaviargauche.com\/de\/wp-json\/wp\/v2\/product_cat?post=2496"},{"taxonomy":"product_tag","embeddable":true,"href":"https:\/\/www.kaviargauche.com\/de\/wp-json\/wp\/v2\/product_tag?post=2496"}],"curies":[{"name":"wp","href":"https:\/\/api.w.org\/{rel}","templated":true}]}}