
{"id":2557,"date":"2022-02-25T14:21:57","date_gmt":"2022-02-25T14:21:57","guid":{"rendered":"https:\/\/www.kaviargauche.com\/?post_type=product&#038;p=2557"},"modified":"2025-09-03T11:47:23","modified_gmt":"2025-09-03T09:47:23","slug":"essen-headband-jennifer-behr","status":"publish","type":"product","link":"https:\/\/www.kaviargauche.com\/de\/produkt\/essen-headband-jennifer-behr\/","title":{"rendered":"Essen Headband Jennifer Behr"},"content":{"rendered":"<p>Das Essen Haarband erzeugt einen funkelnden Strahlenkranz, der den sch\u00f6nsten nat\u00fcrlichen Glanz erzeugt. Jedes St\u00fcck ist mit Kristallen bestickt, um einen schimmernden Gesamteindruck zu erzeugen. Der Haarreifen hat eine bequeme, nicht einschneidende Basis. Er eignet sich als perfektes Accessoires f\u00fcr feierliche Anl\u00e4sse und insbesondere f\u00fcr Br\u00e4ute.<\/p>\n<p>&#8211; Material: Seide<\/p>\n<p>&#8211; Abmessungen: 1,27cm x 16,51cm<\/p>\n<p>Entworfen in New York von Jennifer Behr<\/p>\n","protected":false},"excerpt":{"rendered":"<p>Funkelnder, mit Kristallen besetzter Haarreif von Jennifer Behr<\/p>\n","protected":false},"featured_media":9499,"template":"","meta":{"_acf_changed":false},"product_brand":[],"product_cat":[515,505],"product_tag":[],"class_list":{"0":"post-2557","1":"product","2":"type-product","3":"status-publish","4":"has-post-thumbnail","6":"product_cat-accessoires","7":"product_cat-schmuck","8":"product_shipping_class-klein-de","10":"first","11":"instock","12":"taxable","13":"shipping-taxable","14":"purchasable","15":"product-type-simple"},"acf":[],"yoast_head":"<!-- This site is optimized with the Yoast SEO Premium plugin v26.3 (Yoast SEO v27.3) - https:\/\/yoast.com\/product\/yoast-seo-premium-wordpress\/ -->\n<title>Essen Headband Jennifer Behr - Kaviar Gauche<\/title>\n<meta name=\"description\" content=\"Funkelndes Haarband mit Kristallen \u2013 erzeugt einen strahlenden Glanz &amp; sitzt bequem. Das perfekte Accessoire f\u00fcr Br\u00e4ute &amp; besondere Anl\u00e4sse.\" \/>\n<meta name=\"robots\" content=\"index, follow, max-snippet:-1, max-image-preview:large, max-video-preview:-1\" \/>\n<link rel=\"canonical\" href=\"https:\/\/www.kaviargauche.com\/de\/produkt\/essen-headband-jennifer-behr\/\" \/>\n<meta property=\"og:locale\" content=\"de_DE\" \/>\n<meta property=\"og:type\" content=\"article\" \/>\n<meta property=\"og:title\" content=\"Essen Headband Jennifer Behr\" \/>\n<meta property=\"og:description\" content=\"Funkelndes Haarband mit Kristallen \u2013 erzeugt einen strahlenden Glanz &amp; sitzt bequem. Das perfekte Accessoire f\u00fcr Br\u00e4ute &amp; besondere Anl\u00e4sse.\" \/>\n<meta property=\"og:url\" content=\"https:\/\/www.kaviargauche.com\/de\/produkt\/essen-headband-jennifer-behr\/\" \/>\n<meta property=\"og:site_name\" content=\"Kaviar Gauche\" \/>\n<meta property=\"article:publisher\" content=\"https:\/\/www.facebook.com\/kaviargauche\" \/>\n<meta property=\"article:modified_time\" content=\"2025-09-03T09:47:23+00:00\" \/>\n<meta property=\"og:image\" content=\"https:\/\/www.kaviargauche.com\/wp-content\/uploads\/77BA2-crystal-web-1-scaled_new.jpg\" \/>\n\t<meta property=\"og:image:width\" content=\"1829\" \/>\n\t<meta property=\"og:image:height\" content=\"2560\" \/>\n\t<meta property=\"og:image:type\" content=\"image\/jpeg\" \/>\n<meta name=\"twitter:card\" content=\"summary_large_image\" \/>\n<meta name=\"twitter:label1\" content=\"Gesch\u00e4tzte Lesezeit\" \/>\n\t<meta name=\"twitter:data1\" content=\"1\u00a0Minute\" \/>\n<script type=\"application\/ld+json\" class=\"yoast-schema-graph\">{\"@context\":\"https:\\\/\\\/schema.org\",\"@graph\":[{\"@type\":\"WebPage\",\"@id\":\"https:\\\/\\\/www.kaviargauche.com\\\/de\\\/produkt\\\/essen-headband-jennifer-behr\\\/\",\"url\":\"https:\\\/\\\/www.kaviargauche.com\\\/de\\\/produkt\\\/essen-headband-jennifer-behr\\\/\",\"name\":\"Essen Headband Jennifer Behr - Kaviar Gauche\",\"isPartOf\":{\"@id\":\"https:\\\/\\\/www.kaviargauche.com\\\/de\\\/#website\"},\"primaryImageOfPage\":{\"@id\":\"https:\\\/\\\/www.kaviargauche.com\\\/de\\\/produkt\\\/essen-headband-jennifer-behr\\\/#primaryimage\"},\"image\":{\"@id\":\"https:\\\/\\\/www.kaviargauche.com\\\/de\\\/produkt\\\/essen-headband-jennifer-behr\\\/#primaryimage\"},\"thumbnailUrl\":\"https:\\\/\\\/www.kaviargauche.com\\\/wp-content\\\/uploads\\\/77BA2-crystal-web-1-scaled_new.jpg\",\"datePublished\":\"2022-02-25T14:21:57+00:00\",\"dateModified\":\"2025-09-03T09:47:23+00:00\",\"description\":\"Funkelndes Haarband mit Kristallen \u2013 erzeugt einen strahlenden Glanz & sitzt bequem. Das perfekte Accessoire f\u00fcr Br\u00e4ute & besondere Anl\u00e4sse.\",\"breadcrumb\":{\"@id\":\"https:\\\/\\\/www.kaviargauche.com\\\/de\\\/produkt\\\/essen-headband-jennifer-behr\\\/#breadcrumb\"},\"inLanguage\":\"de\",\"potentialAction\":[{\"@type\":\"ReadAction\",\"target\":[\"https:\\\/\\\/www.kaviargauche.com\\\/de\\\/produkt\\\/essen-headband-jennifer-behr\\\/\"]}]},{\"@type\":\"ImageObject\",\"inLanguage\":\"de\",\"@id\":\"https:\\\/\\\/www.kaviargauche.com\\\/de\\\/produkt\\\/essen-headband-jennifer-behr\\\/#primaryimage\",\"url\":\"https:\\\/\\\/www.kaviargauche.com\\\/wp-content\\\/uploads\\\/77BA2-crystal-web-1-scaled_new.jpg\",\"contentUrl\":\"https:\\\/\\\/www.kaviargauche.com\\\/wp-content\\\/uploads\\\/77BA2-crystal-web-1-scaled_new.jpg\",\"width\":1829,\"height\":2560,\"caption\":\"Kaviar Gauche Bridal Dress\"},{\"@type\":\"BreadcrumbList\",\"@id\":\"https:\\\/\\\/www.kaviargauche.com\\\/de\\\/produkt\\\/essen-headband-jennifer-behr\\\/#breadcrumb\",\"itemListElement\":[{\"@type\":\"ListItem\",\"position\":1,\"name\":\"Home\",\"item\":\"https:\\\/\\\/www.kaviargauche.com\\\/de\\\/\"},{\"@type\":\"ListItem\",\"position\":2,\"name\":\"Shop\",\"item\":\"https:\\\/\\\/www.kaviargauche.com\\\/de\\\/shop-2\\\/\"},{\"@type\":\"ListItem\",\"position\":3,\"name\":\"Essen Headband Jennifer Behr\"}]},{\"@type\":\"WebSite\",\"@id\":\"https:\\\/\\\/www.kaviargauche.com\\\/de\\\/#website\",\"url\":\"https:\\\/\\\/www.kaviargauche.com\\\/de\\\/\",\"name\":\"Kaviar Gauche\",\"description\":\"Bridal Couture\",\"publisher\":{\"@id\":\"https:\\\/\\\/www.kaviargauche.com\\\/de\\\/#organization\"},\"potentialAction\":[{\"@type\":\"SearchAction\",\"target\":{\"@type\":\"EntryPoint\",\"urlTemplate\":\"https:\\\/\\\/www.kaviargauche.com\\\/de\\\/?s={search_term_string}\"},\"query-input\":{\"@type\":\"PropertyValueSpecification\",\"valueRequired\":true,\"valueName\":\"search_term_string\"}}],\"inLanguage\":\"de\"},{\"@type\":\"Organization\",\"@id\":\"https:\\\/\\\/www.kaviargauche.com\\\/de\\\/#organization\",\"name\":\"KAVIAR GAUCHE\",\"url\":\"https:\\\/\\\/www.kaviargauche.com\\\/de\\\/\",\"logo\":{\"@type\":\"ImageObject\",\"inLanguage\":\"de\",\"@id\":\"https:\\\/\\\/www.kaviargauche.com\\\/de\\\/#\\\/schema\\\/logo\\\/image\\\/\",\"url\":\"https:\\\/\\\/www.kaviargauche.com\\\/wp-content\\\/uploads\\\/kaviar-gauche.png\",\"contentUrl\":\"https:\\\/\\\/www.kaviargauche.com\\\/wp-content\\\/uploads\\\/kaviar-gauche.png\",\"width\":512,\"height\":512,\"caption\":\"KAVIAR GAUCHE\"},\"image\":{\"@id\":\"https:\\\/\\\/www.kaviargauche.com\\\/de\\\/#\\\/schema\\\/logo\\\/image\\\/\"},\"sameAs\":[\"https:\\\/\\\/www.facebook.com\\\/kaviargauche\",\"https:\\\/\\\/www.pinterest.de\\\/KaviarGaucheOfficial\\\/\",\"https:\\\/\\\/www.instagram.com\\\/kaviargauche_official\"]}]}<\/script>\n<!-- \/ Yoast SEO Premium plugin. -->","yoast_head_json":{"title":"Essen Headband Jennifer Behr - Kaviar Gauche","description":"Funkelndes Haarband mit Kristallen \u2013 erzeugt einen strahlenden Glanz & sitzt bequem. Das perfekte Accessoire f\u00fcr Br\u00e4ute & besondere Anl\u00e4sse.","robots":{"index":"index","follow":"follow","max-snippet":"max-snippet:-1","max-image-preview":"max-image-preview:large","max-video-preview":"max-video-preview:-1"},"canonical":"https:\/\/www.kaviargauche.com\/de\/produkt\/essen-headband-jennifer-behr\/","og_locale":"de_DE","og_type":"article","og_title":"Essen Headband Jennifer Behr","og_description":"Funkelndes Haarband mit Kristallen \u2013 erzeugt einen strahlenden Glanz & sitzt bequem. Das perfekte Accessoire f\u00fcr Br\u00e4ute & besondere Anl\u00e4sse.","og_url":"https:\/\/www.kaviargauche.com\/de\/produkt\/essen-headband-jennifer-behr\/","og_site_name":"Kaviar Gauche","article_publisher":"https:\/\/www.facebook.com\/kaviargauche","article_modified_time":"2025-09-03T09:47:23+00:00","og_image":[{"width":1829,"height":2560,"url":"https:\/\/www.kaviargauche.com\/wp-content\/uploads\/77BA2-crystal-web-1-scaled_new.jpg","type":"image\/jpeg"}],"twitter_card":"summary_large_image","twitter_misc":{"Gesch\u00e4tzte Lesezeit":"1\u00a0Minute"},"schema":{"@context":"https:\/\/schema.org","@graph":[{"@type":"WebPage","@id":"https:\/\/www.kaviargauche.com\/de\/produkt\/essen-headband-jennifer-behr\/","url":"https:\/\/www.kaviargauche.com\/de\/produkt\/essen-headband-jennifer-behr\/","name":"Essen Headband Jennifer Behr - Kaviar Gauche","isPartOf":{"@id":"https:\/\/www.kaviargauche.com\/de\/#website"},"primaryImageOfPage":{"@id":"https:\/\/www.kaviargauche.com\/de\/produkt\/essen-headband-jennifer-behr\/#primaryimage"},"image":{"@id":"https:\/\/www.kaviargauche.com\/de\/produkt\/essen-headband-jennifer-behr\/#primaryimage"},"thumbnailUrl":"https:\/\/www.kaviargauche.com\/wp-content\/uploads\/77BA2-crystal-web-1-scaled_new.jpg","datePublished":"2022-02-25T14:21:57+00:00","dateModified":"2025-09-03T09:47:23+00:00","description":"Funkelndes Haarband mit Kristallen \u2013 erzeugt einen strahlenden Glanz & sitzt bequem. Das perfekte Accessoire f\u00fcr Br\u00e4ute & besondere Anl\u00e4sse.","breadcrumb":{"@id":"https:\/\/www.kaviargauche.com\/de\/produkt\/essen-headband-jennifer-behr\/#breadcrumb"},"inLanguage":"de","potentialAction":[{"@type":"ReadAction","target":["https:\/\/www.kaviargauche.com\/de\/produkt\/essen-headband-jennifer-behr\/"]}]},{"@type":"ImageObject","inLanguage":"de","@id":"https:\/\/www.kaviargauche.com\/de\/produkt\/essen-headband-jennifer-behr\/#primaryimage","url":"https:\/\/www.kaviargauche.com\/wp-content\/uploads\/77BA2-crystal-web-1-scaled_new.jpg","contentUrl":"https:\/\/www.kaviargauche.com\/wp-content\/uploads\/77BA2-crystal-web-1-scaled_new.jpg","width":1829,"height":2560,"caption":"Kaviar Gauche Bridal Dress"},{"@type":"BreadcrumbList","@id":"https:\/\/www.kaviargauche.com\/de\/produkt\/essen-headband-jennifer-behr\/#breadcrumb","itemListElement":[{"@type":"ListItem","position":1,"name":"Home","item":"https:\/\/www.kaviargauche.com\/de\/"},{"@type":"ListItem","position":2,"name":"Shop","item":"https:\/\/www.kaviargauche.com\/de\/shop-2\/"},{"@type":"ListItem","position":3,"name":"Essen Headband Jennifer Behr"}]},{"@type":"WebSite","@id":"https:\/\/www.kaviargauche.com\/de\/#website","url":"https:\/\/www.kaviargauche.com\/de\/","name":"Kaviar Gauche","description":"Bridal Couture","publisher":{"@id":"https:\/\/www.kaviargauche.com\/de\/#organization"},"potentialAction":[{"@type":"SearchAction","target":{"@type":"EntryPoint","urlTemplate":"https:\/\/www.kaviargauche.com\/de\/?s={search_term_string}"},"query-input":{"@type":"PropertyValueSpecification","valueRequired":true,"valueName":"search_term_string"}}],"inLanguage":"de"},{"@type":"Organization","@id":"https:\/\/www.kaviargauche.com\/de\/#organization","name":"KAVIAR GAUCHE","url":"https:\/\/www.kaviargauche.com\/de\/","logo":{"@type":"ImageObject","inLanguage":"de","@id":"https:\/\/www.kaviargauche.com\/de\/#\/schema\/logo\/image\/","url":"https:\/\/www.kaviargauche.com\/wp-content\/uploads\/kaviar-gauche.png","contentUrl":"https:\/\/www.kaviargauche.com\/wp-content\/uploads\/kaviar-gauche.png","width":512,"height":512,"caption":"KAVIAR GAUCHE"},"image":{"@id":"https:\/\/www.kaviargauche.com\/de\/#\/schema\/logo\/image\/"},"sameAs":["https:\/\/www.facebook.com\/kaviargauche","https:\/\/www.pinterest.de\/KaviarGaucheOfficial\/","https:\/\/www.instagram.com\/kaviargauche_official"]}]}},"jetpack_sharing_enabled":true,"_links":{"self":[{"href":"https:\/\/www.kaviargauche.com\/de\/wp-json\/wp\/v2\/product\/2557","targetHints":{"allow":["GET"]}}],"collection":[{"href":"https:\/\/www.kaviargauche.com\/de\/wp-json\/wp\/v2\/product"}],"about":[{"href":"https:\/\/www.kaviargauche.com\/de\/wp-json\/wp\/v2\/types\/product"}],"wp:featuredmedia":[{"embeddable":true,"href":"https:\/\/www.kaviargauche.com\/de\/wp-json\/wp\/v2\/media\/9499"}],"wp:attachment":[{"href":"https:\/\/www.kaviargauche.com\/de\/wp-json\/wp\/v2\/media?parent=2557"}],"wp:term":[{"taxonomy":"product_brand","embeddable":true,"href":"https:\/\/www.kaviargauche.com\/de\/wp-json\/wp\/v2\/product_brand?post=2557"},{"taxonomy":"product_cat","embeddable":true,"href":"https:\/\/www.kaviargauche.com\/de\/wp-json\/wp\/v2\/product_cat?post=2557"},{"taxonomy":"product_tag","embeddable":true,"href":"https:\/\/www.kaviargauche.com\/de\/wp-json\/wp\/v2\/product_tag?post=2557"}],"curies":[{"name":"wp","href":"https:\/\/api.w.org\/{rel}","templated":true}]}}