
{"id":26167,"date":"2025-05-22T14:08:48","date_gmt":"2025-05-22T12:08:48","guid":{"rendered":"https:\/\/www.kaviargauche.com\/product\/jardin-grand-teller-kaviar-gauche-x-hering-berlin\/"},"modified":"2025-06-25T14:29:34","modified_gmt":"2025-06-25T12:29:34","slug":"jardin-grand-teller-kaviar-gauche-x-hering-berlin","status":"publish","type":"product","link":"https:\/\/www.kaviargauche.com\/de\/produkt\/jardin-grand-teller-kaviar-gauche-x-hering-berlin\/","title":{"rendered":"Jardin grand &#8211; Teller &#8211; Kaviar Gauche x Hering Berlin"},"content":{"rendered":"<p>Ein gro\u00dfer Coupeteller aus diamantgeschliffenem Biskuitporzellan, mit handgebohrtem Bl\u00fctenmuster und glasiertem Spiegel. Als Platzteller, Essteller oder Centerpiece einsetzbar \u2013 f\u00fcr Hochzeiten, besondere Anl\u00e4sse, in aufwendigem Hochbrand bei 1.400\u202f\u00b0C gefestigt \u2013 f\u00fcr jene, die Sch\u00f6nheit auch im Alltag leben. Jedes St\u00fcck ein handgefertigtes Sammlerst\u00fcck.<\/p>\n<dl id=\"productdetails\" class=\"row collapsing\">\n<dd>\n<dl id=\"safety\" class=\"row collapsing\">\n<dd class=\"col-12 col-md-7 col-lg-8\"><\/dd>\n<\/dl>\n<\/dd>\n<\/dl>\n<p>Das Herzstu\u0308ck der Kooperation bilden drei gemeinsam entwickelte Produkte: zwei Porzellanteller, Jardin Petit und Jardin Grand und ein personalisierbarer Becher. Die Design-DNA beider Marken verschmilzt hier auf kunstvolle Weise. Besonders eindrucksvoll zeigt sich dies am gro\u00dfen Jardin- Coupeteller: Der fu\u0308r Hering Berlin charakteristische, von Hand perforierte Lochrand aus geschliffenem Biskuitporzellan la\u0308sst unter dem Rand ein Lichtspiel entstehen. Dieser Rand bietet eine Bu\u0308hne fu\u0308r die florale Signature von Kaviar Gauche.<\/p>\n<dl id=\"productdetails\" class=\"row collapsing\">\n<dt class=\"col-12 col-md-5 col-lg-4\">Ma\u00dfe in mm:<\/dt>\n<dd class=\"col-12 col-md-7 col-lg-8\">\u00d8310 H45<\/dd>\n<dt class=\"col-12 col-md-5 col-lg-4\">Ma\u00dfe in Zoll:<\/dt>\n<dd class=\"col-12 col-md-7 col-lg-8\">\u00d812.2&#8243; H1.8&#8243;<\/dd>\n<dd>\n<dl id=\"safety\" class=\"row collapsing\">\n<dt class=\"col-12 col-md-5 col-lg-4\">Mikrowellengeeignet:<\/dt>\n<dd class=\"col-12 col-md-7 col-lg-8\">Ja<\/dd>\n<dt class=\"col-12 col-md-5 col-lg-4\">Sp\u00fclmaschinenfest:<\/dt>\n<dd class=\"col-12 col-md-7 col-lg-8\">Ja<\/dd>\n<\/dl>\n<\/dd>\n<\/dl>\n","protected":false},"excerpt":{"rendered":"<p>Ein gro\u00dfer Coupeteller aus diamantgeschliffenem Biskuitporzellan, mit handgebohrtem Bl\u00fctenmuster und glasiertem Spiegel. Als Platzteller, Essteller oder Centerpiece einsetzbar \u2013 f\u00fcr Hochzeiten, besondere Anl\u00e4sse, in aufwendigem Hochbrand bei 1.400\u202f\u00b0C gefestigt \u2013 f\u00fcr jene, die Sch\u00f6nheit auch im Alltag leben. Jedes St\u00fcck ein handgefertigtes Sammlerst\u00fcck. Das Herzstu\u0308ck der Kooperation bilden drei gemeinsam entwickelte Produkte: zwei Porzellanteller, Jardin [&hellip;]<\/p>\n","protected":false},"featured_media":26089,"template":"","meta":{"_acf_changed":false},"product_brand":[],"product_cat":[462],"product_tag":[],"class_list":{"0":"post-26167","1":"product","2":"type-product","3":"status-publish","4":"has-post-thumbnail","6":"product_cat-specials-de","8":"first","9":"instock","10":"taxable","11":"shipping-taxable","12":"purchasable","13":"product-type-simple"},"acf":[],"yoast_head":"<!-- This site is optimized with the Yoast SEO Premium plugin v26.3 (Yoast SEO v27.5) - https:\/\/yoast.com\/product\/yoast-seo-premium-wordpress\/ -->\n<title>Jardin Grand Coupeteller \u2013 Kaviar Gauche x Hering Berlin<\/title>\n<meta name=\"description\" content=\"Jardin grand - Teller - Kaviar Gauche x Hering Berlin - Discover at Kaviar Gauche\" \/>\n<meta name=\"robots\" content=\"index, follow, max-snippet:-1, max-image-preview:large, max-video-preview:-1\" \/>\n<link rel=\"canonical\" href=\"https:\/\/www.kaviargauche.com\/de\/produkt\/jardin-grand-teller-kaviar-gauche-x-hering-berlin\/\" \/>\n<meta property=\"og:locale\" content=\"de_DE\" \/>\n<meta property=\"og:type\" content=\"article\" \/>\n<meta property=\"og:title\" content=\"Jardin grand - Teller - Kaviar Gauche x Hering Berlin\" \/>\n<meta property=\"og:description\" content=\"Jardin grand - Teller - Kaviar Gauche x Hering Berlin - Discover at Kaviar Gauche\" \/>\n<meta property=\"og:url\" content=\"https:\/\/www.kaviargauche.com\/de\/produkt\/jardin-grand-teller-kaviar-gauche-x-hering-berlin\/\" \/>\n<meta property=\"og:site_name\" content=\"Kaviar Gauche\" \/>\n<meta property=\"article:publisher\" content=\"https:\/\/www.facebook.com\/kaviargauche\" \/>\n<meta property=\"article:modified_time\" content=\"2025-06-25T12:29:34+00:00\" \/>\n<meta property=\"og:image\" content=\"https:\/\/www.kaviargauche.com\/wp-content\/uploads\/7-KaviarGauche-HeringBerlin_0888_.jpg\" \/>\n\t<meta property=\"og:image:width\" content=\"1366\" \/>\n\t<meta property=\"og:image:height\" content=\"2048\" \/>\n\t<meta property=\"og:image:type\" content=\"image\/jpeg\" \/>\n<meta name=\"twitter:card\" content=\"summary_large_image\" \/>\n<meta name=\"twitter:label1\" content=\"Gesch\u00e4tzte Lesezeit\" \/>\n\t<meta name=\"twitter:data1\" content=\"1\u00a0Minute\" \/>\n<script type=\"application\/ld+json\" class=\"yoast-schema-graph\">{\"@context\":\"https:\\\/\\\/schema.org\",\"@graph\":[{\"@type\":\"WebPage\",\"@id\":\"https:\\\/\\\/www.kaviargauche.com\\\/de\\\/produkt\\\/jardin-grand-teller-kaviar-gauche-x-hering-berlin\\\/\",\"url\":\"https:\\\/\\\/www.kaviargauche.com\\\/de\\\/produkt\\\/jardin-grand-teller-kaviar-gauche-x-hering-berlin\\\/\",\"name\":\"Jardin Grand Coupeteller \u2013 Kaviar Gauche x Hering Berlin\",\"isPartOf\":{\"@id\":\"https:\\\/\\\/www.kaviargauche.com\\\/de\\\/#website\"},\"primaryImageOfPage\":{\"@id\":\"https:\\\/\\\/www.kaviargauche.com\\\/de\\\/produkt\\\/jardin-grand-teller-kaviar-gauche-x-hering-berlin\\\/#primaryimage\"},\"image\":{\"@id\":\"https:\\\/\\\/www.kaviargauche.com\\\/de\\\/produkt\\\/jardin-grand-teller-kaviar-gauche-x-hering-berlin\\\/#primaryimage\"},\"thumbnailUrl\":\"https:\\\/\\\/www.kaviargauche.com\\\/wp-content\\\/uploads\\\/7-KaviarGauche-HeringBerlin_0888_.jpg\",\"datePublished\":\"2025-05-22T12:08:48+00:00\",\"dateModified\":\"2025-06-25T12:29:34+00:00\",\"description\":\"Jardin grand - Teller - Kaviar Gauche x Hering Berlin - Discover at Kaviar Gauche\",\"breadcrumb\":{\"@id\":\"https:\\\/\\\/www.kaviargauche.com\\\/de\\\/produkt\\\/jardin-grand-teller-kaviar-gauche-x-hering-berlin\\\/#breadcrumb\"},\"inLanguage\":\"de\",\"potentialAction\":[{\"@type\":\"ReadAction\",\"target\":[\"https:\\\/\\\/www.kaviargauche.com\\\/de\\\/produkt\\\/jardin-grand-teller-kaviar-gauche-x-hering-berlin\\\/\"]}]},{\"@type\":\"ImageObject\",\"inLanguage\":\"de\",\"@id\":\"https:\\\/\\\/www.kaviargauche.com\\\/de\\\/produkt\\\/jardin-grand-teller-kaviar-gauche-x-hering-berlin\\\/#primaryimage\",\"url\":\"https:\\\/\\\/www.kaviargauche.com\\\/wp-content\\\/uploads\\\/7-KaviarGauche-HeringBerlin_0888_.jpg\",\"contentUrl\":\"https:\\\/\\\/www.kaviargauche.com\\\/wp-content\\\/uploads\\\/7-KaviarGauche-HeringBerlin_0888_.jpg\",\"width\":1366,\"height\":2048,\"caption\":\"Kaviar Gauche Bridal Dress\"},{\"@type\":\"BreadcrumbList\",\"@id\":\"https:\\\/\\\/www.kaviargauche.com\\\/de\\\/produkt\\\/jardin-grand-teller-kaviar-gauche-x-hering-berlin\\\/#breadcrumb\",\"itemListElement\":[{\"@type\":\"ListItem\",\"position\":1,\"name\":\"Home\",\"item\":\"https:\\\/\\\/www.kaviargauche.com\\\/de\\\/\"},{\"@type\":\"ListItem\",\"position\":2,\"name\":\"Shop\",\"item\":\"https:\\\/\\\/www.kaviargauche.com\\\/de\\\/shop-2\\\/\"},{\"@type\":\"ListItem\",\"position\":3,\"name\":\"Jardin grand &#8211; Teller &#8211; Kaviar Gauche x Hering Berlin\"}]},{\"@type\":\"WebSite\",\"@id\":\"https:\\\/\\\/www.kaviargauche.com\\\/de\\\/#website\",\"url\":\"https:\\\/\\\/www.kaviargauche.com\\\/de\\\/\",\"name\":\"Kaviar Gauche\",\"description\":\"Bridal Couture\",\"publisher\":{\"@id\":\"https:\\\/\\\/www.kaviargauche.com\\\/de\\\/#organization\"},\"potentialAction\":[{\"@type\":\"SearchAction\",\"target\":{\"@type\":\"EntryPoint\",\"urlTemplate\":\"https:\\\/\\\/www.kaviargauche.com\\\/de\\\/?s={search_term_string}\"},\"query-input\":{\"@type\":\"PropertyValueSpecification\",\"valueRequired\":true,\"valueName\":\"search_term_string\"}}],\"inLanguage\":\"de\"},{\"@type\":\"Organization\",\"@id\":\"https:\\\/\\\/www.kaviargauche.com\\\/de\\\/#organization\",\"name\":\"KAVIAR GAUCHE\",\"url\":\"https:\\\/\\\/www.kaviargauche.com\\\/de\\\/\",\"logo\":{\"@type\":\"ImageObject\",\"inLanguage\":\"de\",\"@id\":\"https:\\\/\\\/www.kaviargauche.com\\\/de\\\/#\\\/schema\\\/logo\\\/image\\\/\",\"url\":\"https:\\\/\\\/www.kaviargauche.com\\\/wp-content\\\/uploads\\\/kaviar-gauche.png\",\"contentUrl\":\"https:\\\/\\\/www.kaviargauche.com\\\/wp-content\\\/uploads\\\/kaviar-gauche.png\",\"width\":512,\"height\":512,\"caption\":\"KAVIAR GAUCHE\"},\"image\":{\"@id\":\"https:\\\/\\\/www.kaviargauche.com\\\/de\\\/#\\\/schema\\\/logo\\\/image\\\/\"},\"sameAs\":[\"https:\\\/\\\/www.facebook.com\\\/kaviargauche\",\"https:\\\/\\\/www.pinterest.de\\\/KaviarGaucheOfficial\\\/\",\"https:\\\/\\\/www.instagram.com\\\/kaviargauche_official\"]}]}<\/script>\n<!-- \/ Yoast SEO Premium plugin. -->","yoast_head_json":{"title":"Jardin Grand Coupeteller \u2013 Kaviar Gauche x Hering Berlin","description":"Jardin grand - Teller - Kaviar Gauche x Hering Berlin - Discover at Kaviar Gauche","robots":{"index":"index","follow":"follow","max-snippet":"max-snippet:-1","max-image-preview":"max-image-preview:large","max-video-preview":"max-video-preview:-1"},"canonical":"https:\/\/www.kaviargauche.com\/de\/produkt\/jardin-grand-teller-kaviar-gauche-x-hering-berlin\/","og_locale":"de_DE","og_type":"article","og_title":"Jardin grand - Teller - Kaviar Gauche x Hering Berlin","og_description":"Jardin grand - Teller - Kaviar Gauche x Hering Berlin - Discover at Kaviar Gauche","og_url":"https:\/\/www.kaviargauche.com\/de\/produkt\/jardin-grand-teller-kaviar-gauche-x-hering-berlin\/","og_site_name":"Kaviar Gauche","article_publisher":"https:\/\/www.facebook.com\/kaviargauche","article_modified_time":"2025-06-25T12:29:34+00:00","og_image":[{"width":1366,"height":2048,"url":"https:\/\/www.kaviargauche.com\/wp-content\/uploads\/7-KaviarGauche-HeringBerlin_0888_.jpg","type":"image\/jpeg"}],"twitter_card":"summary_large_image","twitter_misc":{"Gesch\u00e4tzte Lesezeit":"1\u00a0Minute"},"schema":{"@context":"https:\/\/schema.org","@graph":[{"@type":"WebPage","@id":"https:\/\/www.kaviargauche.com\/de\/produkt\/jardin-grand-teller-kaviar-gauche-x-hering-berlin\/","url":"https:\/\/www.kaviargauche.com\/de\/produkt\/jardin-grand-teller-kaviar-gauche-x-hering-berlin\/","name":"Jardin Grand Coupeteller \u2013 Kaviar Gauche x Hering Berlin","isPartOf":{"@id":"https:\/\/www.kaviargauche.com\/de\/#website"},"primaryImageOfPage":{"@id":"https:\/\/www.kaviargauche.com\/de\/produkt\/jardin-grand-teller-kaviar-gauche-x-hering-berlin\/#primaryimage"},"image":{"@id":"https:\/\/www.kaviargauche.com\/de\/produkt\/jardin-grand-teller-kaviar-gauche-x-hering-berlin\/#primaryimage"},"thumbnailUrl":"https:\/\/www.kaviargauche.com\/wp-content\/uploads\/7-KaviarGauche-HeringBerlin_0888_.jpg","datePublished":"2025-05-22T12:08:48+00:00","dateModified":"2025-06-25T12:29:34+00:00","description":"Jardin grand - Teller - Kaviar Gauche x Hering Berlin - Discover at Kaviar Gauche","breadcrumb":{"@id":"https:\/\/www.kaviargauche.com\/de\/produkt\/jardin-grand-teller-kaviar-gauche-x-hering-berlin\/#breadcrumb"},"inLanguage":"de","potentialAction":[{"@type":"ReadAction","target":["https:\/\/www.kaviargauche.com\/de\/produkt\/jardin-grand-teller-kaviar-gauche-x-hering-berlin\/"]}]},{"@type":"ImageObject","inLanguage":"de","@id":"https:\/\/www.kaviargauche.com\/de\/produkt\/jardin-grand-teller-kaviar-gauche-x-hering-berlin\/#primaryimage","url":"https:\/\/www.kaviargauche.com\/wp-content\/uploads\/7-KaviarGauche-HeringBerlin_0888_.jpg","contentUrl":"https:\/\/www.kaviargauche.com\/wp-content\/uploads\/7-KaviarGauche-HeringBerlin_0888_.jpg","width":1366,"height":2048,"caption":"Kaviar Gauche Bridal Dress"},{"@type":"BreadcrumbList","@id":"https:\/\/www.kaviargauche.com\/de\/produkt\/jardin-grand-teller-kaviar-gauche-x-hering-berlin\/#breadcrumb","itemListElement":[{"@type":"ListItem","position":1,"name":"Home","item":"https:\/\/www.kaviargauche.com\/de\/"},{"@type":"ListItem","position":2,"name":"Shop","item":"https:\/\/www.kaviargauche.com\/de\/shop-2\/"},{"@type":"ListItem","position":3,"name":"Jardin grand &#8211; Teller &#8211; Kaviar Gauche x Hering Berlin"}]},{"@type":"WebSite","@id":"https:\/\/www.kaviargauche.com\/de\/#website","url":"https:\/\/www.kaviargauche.com\/de\/","name":"Kaviar Gauche","description":"Bridal Couture","publisher":{"@id":"https:\/\/www.kaviargauche.com\/de\/#organization"},"potentialAction":[{"@type":"SearchAction","target":{"@type":"EntryPoint","urlTemplate":"https:\/\/www.kaviargauche.com\/de\/?s={search_term_string}"},"query-input":{"@type":"PropertyValueSpecification","valueRequired":true,"valueName":"search_term_string"}}],"inLanguage":"de"},{"@type":"Organization","@id":"https:\/\/www.kaviargauche.com\/de\/#organization","name":"KAVIAR GAUCHE","url":"https:\/\/www.kaviargauche.com\/de\/","logo":{"@type":"ImageObject","inLanguage":"de","@id":"https:\/\/www.kaviargauche.com\/de\/#\/schema\/logo\/image\/","url":"https:\/\/www.kaviargauche.com\/wp-content\/uploads\/kaviar-gauche.png","contentUrl":"https:\/\/www.kaviargauche.com\/wp-content\/uploads\/kaviar-gauche.png","width":512,"height":512,"caption":"KAVIAR GAUCHE"},"image":{"@id":"https:\/\/www.kaviargauche.com\/de\/#\/schema\/logo\/image\/"},"sameAs":["https:\/\/www.facebook.com\/kaviargauche","https:\/\/www.pinterest.de\/KaviarGaucheOfficial\/","https:\/\/www.instagram.com\/kaviargauche_official"]}]}},"jetpack_sharing_enabled":true,"_links":{"self":[{"href":"https:\/\/www.kaviargauche.com\/de\/wp-json\/wp\/v2\/product\/26167","targetHints":{"allow":["GET"]}}],"collection":[{"href":"https:\/\/www.kaviargauche.com\/de\/wp-json\/wp\/v2\/product"}],"about":[{"href":"https:\/\/www.kaviargauche.com\/de\/wp-json\/wp\/v2\/types\/product"}],"wp:featuredmedia":[{"embeddable":true,"href":"https:\/\/www.kaviargauche.com\/de\/wp-json\/wp\/v2\/media\/26089"}],"wp:attachment":[{"href":"https:\/\/www.kaviargauche.com\/de\/wp-json\/wp\/v2\/media?parent=26167"}],"wp:term":[{"taxonomy":"product_brand","embeddable":true,"href":"https:\/\/www.kaviargauche.com\/de\/wp-json\/wp\/v2\/product_brand?post=26167"},{"taxonomy":"product_cat","embeddable":true,"href":"https:\/\/www.kaviargauche.com\/de\/wp-json\/wp\/v2\/product_cat?post=26167"},{"taxonomy":"product_tag","embeddable":true,"href":"https:\/\/www.kaviargauche.com\/de\/wp-json\/wp\/v2\/product_tag?post=26167"}],"curies":[{"name":"wp","href":"https:\/\/api.w.org\/{rel}","templated":true}]}}