
{"id":28706,"date":"2026-04-08T15:55:54","date_gmt":"2026-04-08T13:55:54","guid":{"rendered":"https:\/\/www.kaviargauche.com\/?post_type=product&#038;p=28706"},"modified":"2026-05-11T18:21:48","modified_gmt":"2026-05-11T16:21:48","slug":"emi-dress-yellow","status":"publish","type":"product","link":"https:\/\/www.kaviargauche.com\/de\/produkt\/emi-dress-yellow\/","title":{"rendered":"Emi Dress &#8211; yellow"},"content":{"rendered":"<div>Das buttergelbe Emi Dress hat eine elegantes, hohes Decollet\u00e9, w\u00e4hrend der hohe Schlitz f\u00fcr einen Hauch von Drama sorgt. Die gekreuzten Spaghettitr\u00e4ger betonen den offenen R\u00fccken mit einem tiefen Wasserfalldesign, dass aus jedem Blickwinkel einen bleibenden Eindruck hinterl\u00e4sst. Dieses Kleid eignet sich hervorragend als elegantes Partykleid oder als Hochzeitsgast.<\/div>\n<div><\/div>\n<div><\/div>\n<div>100% Polyester<br \/>\nFutter: 100% Polyester<\/div>\n<div><\/div>\n<div><\/div>\n<div>MADE WITH LOVE IN GERMANY<\/div>\n","protected":false},"excerpt":{"rendered":"<p>Elegantes drapiertes Neckholder-Kleid<\/p>\n","protected":false},"featured_media":30303,"template":"","meta":{"_acf_changed":false},"product_brand":[],"product_cat":[641,977,552,601,543],"product_tag":[],"class_list":{"0":"post-28706","1":"product","2":"type-product","3":"status-publish","4":"has-post-thumbnail","6":"product_cat-brautmuttergaeste","7":"product_cat-celebrate-love","8":"product_cat-glamouroes-de","9":"product_cat-minimalistisch-de","10":"product_cat-modern-classic-de","12":"first","13":"instock","14":"taxable","15":"shipping-taxable","16":"purchasable","17":"product-type-variable","18":"has-default-attributes","19":"wvs-archive-product-wrapper"},"acf":[],"yoast_head":"<!-- This site is optimized with the Yoast SEO Premium plugin v26.3 (Yoast SEO v27.6) - https:\/\/yoast.com\/product\/yoast-seo-premium-wordpress\/ -->\n<title>Emi Dress - yellow - Kaviar Gauche<\/title>\n<meta name=\"description\" content=\"Emi-Dress-Hochzeitskleid mit hohem Ausschnitt, Schlitz und tiefem Wasserfall-R\u00fccken \u2013 minimalistisch elegant, mit Cannes-Cape auch als Partykleid perfekt.\" \/>\n<meta name=\"robots\" content=\"index, follow, max-snippet:-1, max-image-preview:large, max-video-preview:-1\" \/>\n<link rel=\"canonical\" href=\"https:\/\/www.kaviargauche.com\/de\/produkt\/emi-dress-yellow\/\" \/>\n<meta property=\"og:locale\" content=\"de_DE\" \/>\n<meta property=\"og:type\" content=\"article\" \/>\n<meta property=\"og:title\" content=\"Emi Dress - yellow\" \/>\n<meta property=\"og:description\" content=\"Emi-Dress-Hochzeitskleid mit hohem Ausschnitt, Schlitz und tiefem Wasserfall-R\u00fccken \u2013 minimalistisch elegant, mit Cannes-Cape auch als Partykleid perfekt.\" \/>\n<meta property=\"og:url\" content=\"https:\/\/www.kaviargauche.com\/de\/produkt\/emi-dress-yellow\/\" \/>\n<meta property=\"og:site_name\" content=\"Kaviar Gauche\" \/>\n<meta property=\"article:publisher\" content=\"https:\/\/www.facebook.com\/kaviargauche\" \/>\n<meta property=\"article:modified_time\" content=\"2026-05-11T16:21:48+00:00\" \/>\n<meta property=\"og:image\" content=\"https:\/\/www.kaviargauche.com\/wp-content\/uploads\/Emi20Dress_freisteller_icons_Kaviar20Gauche_butter.jpg\" \/>\n\t<meta property=\"og:image:width\" content=\"832\" \/>\n\t<meta property=\"og:image:height\" content=\"1248\" \/>\n\t<meta property=\"og:image:type\" content=\"image\/jpeg\" \/>\n<meta name=\"twitter:card\" content=\"summary_large_image\" \/>\n<meta name=\"twitter:label1\" content=\"Gesch\u00e4tzte Lesezeit\" \/>\n\t<meta name=\"twitter:data1\" content=\"1\u00a0Minute\" \/>\n<script type=\"application\/ld+json\" class=\"yoast-schema-graph\">{\"@context\":\"https:\\\/\\\/schema.org\",\"@graph\":[{\"@type\":\"WebPage\",\"@id\":\"https:\\\/\\\/www.kaviargauche.com\\\/de\\\/produkt\\\/emi-dress-yellow\\\/\",\"url\":\"https:\\\/\\\/www.kaviargauche.com\\\/de\\\/produkt\\\/emi-dress-yellow\\\/\",\"name\":\"Emi Dress - yellow - Kaviar Gauche\",\"isPartOf\":{\"@id\":\"https:\\\/\\\/www.kaviargauche.com\\\/de\\\/#website\"},\"primaryImageOfPage\":{\"@id\":\"https:\\\/\\\/www.kaviargauche.com\\\/de\\\/produkt\\\/emi-dress-yellow\\\/#primaryimage\"},\"image\":{\"@id\":\"https:\\\/\\\/www.kaviargauche.com\\\/de\\\/produkt\\\/emi-dress-yellow\\\/#primaryimage\"},\"thumbnailUrl\":\"https:\\\/\\\/www.kaviargauche.com\\\/wp-content\\\/uploads\\\/Emi20Dress_freisteller_icons_Kaviar20Gauche_butter.jpg\",\"datePublished\":\"2026-04-08T13:55:54+00:00\",\"dateModified\":\"2026-05-11T16:21:48+00:00\",\"description\":\"Emi-Dress-Hochzeitskleid mit hohem Ausschnitt, Schlitz und tiefem Wasserfall-R\u00fccken \u2013 minimalistisch elegant, mit Cannes-Cape auch als Partykleid perfekt.\",\"breadcrumb\":{\"@id\":\"https:\\\/\\\/www.kaviargauche.com\\\/de\\\/produkt\\\/emi-dress-yellow\\\/#breadcrumb\"},\"inLanguage\":\"de\",\"potentialAction\":[{\"@type\":\"ReadAction\",\"target\":[\"https:\\\/\\\/www.kaviargauche.com\\\/de\\\/produkt\\\/emi-dress-yellow\\\/\"]}]},{\"@type\":\"ImageObject\",\"inLanguage\":\"de\",\"@id\":\"https:\\\/\\\/www.kaviargauche.com\\\/de\\\/produkt\\\/emi-dress-yellow\\\/#primaryimage\",\"url\":\"https:\\\/\\\/www.kaviargauche.com\\\/wp-content\\\/uploads\\\/Emi20Dress_freisteller_icons_Kaviar20Gauche_butter.jpg\",\"contentUrl\":\"https:\\\/\\\/www.kaviargauche.com\\\/wp-content\\\/uploads\\\/Emi20Dress_freisteller_icons_Kaviar20Gauche_butter.jpg\",\"width\":832,\"height\":1248},{\"@type\":\"BreadcrumbList\",\"@id\":\"https:\\\/\\\/www.kaviargauche.com\\\/de\\\/produkt\\\/emi-dress-yellow\\\/#breadcrumb\",\"itemListElement\":[{\"@type\":\"ListItem\",\"position\":1,\"name\":\"Home\",\"item\":\"https:\\\/\\\/www.kaviargauche.com\\\/de\\\/\"},{\"@type\":\"ListItem\",\"position\":2,\"name\":\"Shop\",\"item\":\"https:\\\/\\\/www.kaviargauche.com\\\/de\\\/shop-2\\\/\"},{\"@type\":\"ListItem\",\"position\":3,\"name\":\"Emi Dress &#8211; yellow\"}]},{\"@type\":\"WebSite\",\"@id\":\"https:\\\/\\\/www.kaviargauche.com\\\/de\\\/#website\",\"url\":\"https:\\\/\\\/www.kaviargauche.com\\\/de\\\/\",\"name\":\"Kaviar Gauche\",\"description\":\"Bridal Couture\",\"publisher\":{\"@id\":\"https:\\\/\\\/www.kaviargauche.com\\\/de\\\/#organization\"},\"potentialAction\":[{\"@type\":\"SearchAction\",\"target\":{\"@type\":\"EntryPoint\",\"urlTemplate\":\"https:\\\/\\\/www.kaviargauche.com\\\/de\\\/?s={search_term_string}\"},\"query-input\":{\"@type\":\"PropertyValueSpecification\",\"valueRequired\":true,\"valueName\":\"search_term_string\"}}],\"inLanguage\":\"de\"},{\"@type\":\"Organization\",\"@id\":\"https:\\\/\\\/www.kaviargauche.com\\\/de\\\/#organization\",\"name\":\"KAVIAR GAUCHE\",\"url\":\"https:\\\/\\\/www.kaviargauche.com\\\/de\\\/\",\"logo\":{\"@type\":\"ImageObject\",\"inLanguage\":\"de\",\"@id\":\"https:\\\/\\\/www.kaviargauche.com\\\/de\\\/#\\\/schema\\\/logo\\\/image\\\/\",\"url\":\"https:\\\/\\\/www.kaviargauche.com\\\/wp-content\\\/uploads\\\/kaviar-gauche.png\",\"contentUrl\":\"https:\\\/\\\/www.kaviargauche.com\\\/wp-content\\\/uploads\\\/kaviar-gauche.png\",\"width\":512,\"height\":512,\"caption\":\"KAVIAR GAUCHE\"},\"image\":{\"@id\":\"https:\\\/\\\/www.kaviargauche.com\\\/de\\\/#\\\/schema\\\/logo\\\/image\\\/\"},\"sameAs\":[\"https:\\\/\\\/www.facebook.com\\\/kaviargauche\",\"https:\\\/\\\/www.pinterest.de\\\/KaviarGaucheOfficial\\\/\",\"https:\\\/\\\/www.instagram.com\\\/kaviargauche_official\"]}]}<\/script>\n<!-- \/ Yoast SEO Premium plugin. -->","yoast_head_json":{"title":"Emi Dress - yellow - Kaviar Gauche","description":"Emi-Dress-Hochzeitskleid mit hohem Ausschnitt, Schlitz und tiefem Wasserfall-R\u00fccken \u2013 minimalistisch elegant, mit Cannes-Cape auch als Partykleid perfekt.","robots":{"index":"index","follow":"follow","max-snippet":"max-snippet:-1","max-image-preview":"max-image-preview:large","max-video-preview":"max-video-preview:-1"},"canonical":"https:\/\/www.kaviargauche.com\/de\/produkt\/emi-dress-yellow\/","og_locale":"de_DE","og_type":"article","og_title":"Emi Dress - yellow","og_description":"Emi-Dress-Hochzeitskleid mit hohem Ausschnitt, Schlitz und tiefem Wasserfall-R\u00fccken \u2013 minimalistisch elegant, mit Cannes-Cape auch als Partykleid perfekt.","og_url":"https:\/\/www.kaviargauche.com\/de\/produkt\/emi-dress-yellow\/","og_site_name":"Kaviar Gauche","article_publisher":"https:\/\/www.facebook.com\/kaviargauche","article_modified_time":"2026-05-11T16:21:48+00:00","og_image":[{"width":832,"height":1248,"url":"https:\/\/www.kaviargauche.com\/wp-content\/uploads\/Emi20Dress_freisteller_icons_Kaviar20Gauche_butter.jpg","type":"image\/jpeg"}],"twitter_card":"summary_large_image","twitter_misc":{"Gesch\u00e4tzte Lesezeit":"1\u00a0Minute"},"schema":{"@context":"https:\/\/schema.org","@graph":[{"@type":"WebPage","@id":"https:\/\/www.kaviargauche.com\/de\/produkt\/emi-dress-yellow\/","url":"https:\/\/www.kaviargauche.com\/de\/produkt\/emi-dress-yellow\/","name":"Emi Dress - yellow - Kaviar Gauche","isPartOf":{"@id":"https:\/\/www.kaviargauche.com\/de\/#website"},"primaryImageOfPage":{"@id":"https:\/\/www.kaviargauche.com\/de\/produkt\/emi-dress-yellow\/#primaryimage"},"image":{"@id":"https:\/\/www.kaviargauche.com\/de\/produkt\/emi-dress-yellow\/#primaryimage"},"thumbnailUrl":"https:\/\/www.kaviargauche.com\/wp-content\/uploads\/Emi20Dress_freisteller_icons_Kaviar20Gauche_butter.jpg","datePublished":"2026-04-08T13:55:54+00:00","dateModified":"2026-05-11T16:21:48+00:00","description":"Emi-Dress-Hochzeitskleid mit hohem Ausschnitt, Schlitz und tiefem Wasserfall-R\u00fccken \u2013 minimalistisch elegant, mit Cannes-Cape auch als Partykleid perfekt.","breadcrumb":{"@id":"https:\/\/www.kaviargauche.com\/de\/produkt\/emi-dress-yellow\/#breadcrumb"},"inLanguage":"de","potentialAction":[{"@type":"ReadAction","target":["https:\/\/www.kaviargauche.com\/de\/produkt\/emi-dress-yellow\/"]}]},{"@type":"ImageObject","inLanguage":"de","@id":"https:\/\/www.kaviargauche.com\/de\/produkt\/emi-dress-yellow\/#primaryimage","url":"https:\/\/www.kaviargauche.com\/wp-content\/uploads\/Emi20Dress_freisteller_icons_Kaviar20Gauche_butter.jpg","contentUrl":"https:\/\/www.kaviargauche.com\/wp-content\/uploads\/Emi20Dress_freisteller_icons_Kaviar20Gauche_butter.jpg","width":832,"height":1248},{"@type":"BreadcrumbList","@id":"https:\/\/www.kaviargauche.com\/de\/produkt\/emi-dress-yellow\/#breadcrumb","itemListElement":[{"@type":"ListItem","position":1,"name":"Home","item":"https:\/\/www.kaviargauche.com\/de\/"},{"@type":"ListItem","position":2,"name":"Shop","item":"https:\/\/www.kaviargauche.com\/de\/shop-2\/"},{"@type":"ListItem","position":3,"name":"Emi Dress &#8211; yellow"}]},{"@type":"WebSite","@id":"https:\/\/www.kaviargauche.com\/de\/#website","url":"https:\/\/www.kaviargauche.com\/de\/","name":"Kaviar Gauche","description":"Bridal Couture","publisher":{"@id":"https:\/\/www.kaviargauche.com\/de\/#organization"},"potentialAction":[{"@type":"SearchAction","target":{"@type":"EntryPoint","urlTemplate":"https:\/\/www.kaviargauche.com\/de\/?s={search_term_string}"},"query-input":{"@type":"PropertyValueSpecification","valueRequired":true,"valueName":"search_term_string"}}],"inLanguage":"de"},{"@type":"Organization","@id":"https:\/\/www.kaviargauche.com\/de\/#organization","name":"KAVIAR GAUCHE","url":"https:\/\/www.kaviargauche.com\/de\/","logo":{"@type":"ImageObject","inLanguage":"de","@id":"https:\/\/www.kaviargauche.com\/de\/#\/schema\/logo\/image\/","url":"https:\/\/www.kaviargauche.com\/wp-content\/uploads\/kaviar-gauche.png","contentUrl":"https:\/\/www.kaviargauche.com\/wp-content\/uploads\/kaviar-gauche.png","width":512,"height":512,"caption":"KAVIAR GAUCHE"},"image":{"@id":"https:\/\/www.kaviargauche.com\/de\/#\/schema\/logo\/image\/"},"sameAs":["https:\/\/www.facebook.com\/kaviargauche","https:\/\/www.pinterest.de\/KaviarGaucheOfficial\/","https:\/\/www.instagram.com\/kaviargauche_official"]}]}},"jetpack_sharing_enabled":true,"_links":{"self":[{"href":"https:\/\/www.kaviargauche.com\/de\/wp-json\/wp\/v2\/product\/28706","targetHints":{"allow":["GET"]}}],"collection":[{"href":"https:\/\/www.kaviargauche.com\/de\/wp-json\/wp\/v2\/product"}],"about":[{"href":"https:\/\/www.kaviargauche.com\/de\/wp-json\/wp\/v2\/types\/product"}],"wp:featuredmedia":[{"embeddable":true,"href":"https:\/\/www.kaviargauche.com\/de\/wp-json\/wp\/v2\/media\/30303"}],"wp:attachment":[{"href":"https:\/\/www.kaviargauche.com\/de\/wp-json\/wp\/v2\/media?parent=28706"}],"wp:term":[{"taxonomy":"product_brand","embeddable":true,"href":"https:\/\/www.kaviargauche.com\/de\/wp-json\/wp\/v2\/product_brand?post=28706"},{"taxonomy":"product_cat","embeddable":true,"href":"https:\/\/www.kaviargauche.com\/de\/wp-json\/wp\/v2\/product_cat?post=28706"},{"taxonomy":"product_tag","embeddable":true,"href":"https:\/\/www.kaviargauche.com\/de\/wp-json\/wp\/v2\/product_tag?post=28706"}],"curies":[{"name":"wp","href":"https:\/\/api.w.org\/{rel}","templated":true}]}}