
{"id":7498,"date":"2022-09-09T13:22:29","date_gmt":"2022-09-09T13:22:29","guid":{"rendered":"https:\/\/www.kaviargauche.com\/?post_type=product&#038;p=7498"},"modified":"2025-10-22T16:57:58","modified_gmt":"2025-10-22T14:57:58","slug":"cache-coeur-dress-ivory","status":"publish","type":"product","link":"https:\/\/www.kaviargauche.com\/de\/produkt\/cache-coeur-dress-ivory\/","title":{"rendered":"Cache Coeur Dress Ivory"},"content":{"rendered":"<p>Das schimmernde Cache Coeur Kleid besticht durch den tiefen Ausschnitt und die elegante Wickeloptik. Es ist auch in verschiedenen Farben erh\u00e4ltlich. Das Standesamtkleid schlie\u00dft durch den verdeckten Rei\u00dfverschluss an der Seite.<\/p>\n<p>&#8211; der abgebildete Artikel ist in der Farbe ivory<\/p>\n<p>&#8211; Oberstoff: 82% Triacetat, 18% Polyester<br \/>\n&#8211; Taschenbeutel: 100% Seide<br \/>\n&#8211; Trockenreinigung<\/p>\n<p>MADE WITH LOVE IN GERMANY<\/p>\n","protected":false},"excerpt":{"rendered":"<p>Minimalistisches Braut-Wickelkleid mit kurzen \u00c4rmeln<\/p>\n","protected":false},"featured_media":12466,"template":"","meta":{"_acf_changed":false},"product_brand":[],"product_cat":[472,474,533,540],"product_tag":[],"class_list":{"0":"post-7498","1":"product","2":"type-product","3":"status-publish","4":"has-post-thumbnail","6":"product_cat-kleider","7":"product_cat-lange-kleider","8":"product_cat-schwangere-braut","9":"product_cat-wickelkleid-de","11":"first","12":"instock","13":"taxable","14":"shipping-taxable","15":"purchasable","16":"product-type-variable","17":"wvs-archive-product-wrapper"},"acf":[],"yoast_head":"<!-- This site is optimized with the Yoast SEO Premium plugin v26.3 (Yoast SEO v27.3) - https:\/\/yoast.com\/product\/yoast-seo-premium-wordpress\/ -->\n<title>Cache Coeur Dress Ivory - Kaviar Gauche<\/title>\n<meta name=\"description\" content=\"Schimmerndes Cache Coeur Kleid mit tiefem Ausschnitt &amp; eleganter Wickeloptik \u2013 in mehreren Farben erh\u00e4ltlich. Zeitlos &amp; stilvoll f\u00fcr besondere Anl\u00e4sse.\" \/>\n<meta name=\"robots\" content=\"index, follow, max-snippet:-1, max-image-preview:large, max-video-preview:-1\" \/>\n<link rel=\"canonical\" href=\"https:\/\/www.kaviargauche.com\/de\/produkt\/cache-coeur-dress-ivory\/\" \/>\n<meta property=\"og:locale\" content=\"de_DE\" \/>\n<meta property=\"og:type\" content=\"article\" \/>\n<meta property=\"og:title\" content=\"Cache Coeur Dress Ivory\" \/>\n<meta property=\"og:description\" content=\"Schimmerndes Cache Coeur Kleid mit tiefem Ausschnitt &amp; eleganter Wickeloptik \u2013 in mehreren Farben erh\u00e4ltlich. Zeitlos &amp; stilvoll f\u00fcr besondere Anl\u00e4sse.\" \/>\n<meta property=\"og:url\" content=\"https:\/\/www.kaviargauche.com\/de\/produkt\/cache-coeur-dress-ivory\/\" \/>\n<meta property=\"og:site_name\" content=\"Kaviar Gauche\" \/>\n<meta property=\"article:publisher\" content=\"https:\/\/www.facebook.com\/kaviargauche\" \/>\n<meta property=\"article:modified_time\" content=\"2025-10-22T14:57:58+00:00\" \/>\n<meta property=\"og:image\" content=\"https:\/\/www.kaviargauche.com\/wp-content\/uploads\/Cache-Coeur-Dress-ivory-front-Brautkleid-Berlin-Muenchen-Duesseldorf.jpg\" \/>\n\t<meta property=\"og:image:width\" content=\"1000\" \/>\n\t<meta property=\"og:image:height\" content=\"1500\" \/>\n\t<meta property=\"og:image:type\" content=\"image\/jpeg\" \/>\n<meta name=\"twitter:card\" content=\"summary_large_image\" \/>\n<meta name=\"twitter:label1\" content=\"Gesch\u00e4tzte Lesezeit\" \/>\n\t<meta name=\"twitter:data1\" content=\"1\u00a0Minute\" \/>\n<script type=\"application\/ld+json\" class=\"yoast-schema-graph\">{\"@context\":\"https:\\\/\\\/schema.org\",\"@graph\":[{\"@type\":\"WebPage\",\"@id\":\"https:\\\/\\\/www.kaviargauche.com\\\/de\\\/produkt\\\/cache-coeur-dress-ivory\\\/\",\"url\":\"https:\\\/\\\/www.kaviargauche.com\\\/de\\\/produkt\\\/cache-coeur-dress-ivory\\\/\",\"name\":\"Cache Coeur Dress Ivory - Kaviar Gauche\",\"isPartOf\":{\"@id\":\"https:\\\/\\\/www.kaviargauche.com\\\/de\\\/#website\"},\"primaryImageOfPage\":{\"@id\":\"https:\\\/\\\/www.kaviargauche.com\\\/de\\\/produkt\\\/cache-coeur-dress-ivory\\\/#primaryimage\"},\"image\":{\"@id\":\"https:\\\/\\\/www.kaviargauche.com\\\/de\\\/produkt\\\/cache-coeur-dress-ivory\\\/#primaryimage\"},\"thumbnailUrl\":\"https:\\\/\\\/www.kaviargauche.com\\\/wp-content\\\/uploads\\\/Cache-Coeur-Dress-ivory-front-Brautkleid-Berlin-Muenchen-Duesseldorf.jpg\",\"datePublished\":\"2022-09-09T13:22:29+00:00\",\"dateModified\":\"2025-10-22T14:57:58+00:00\",\"description\":\"Schimmerndes Cache Coeur Kleid mit tiefem Ausschnitt & eleganter Wickeloptik \u2013 in mehreren Farben erh\u00e4ltlich. Zeitlos & stilvoll f\u00fcr besondere Anl\u00e4sse.\",\"breadcrumb\":{\"@id\":\"https:\\\/\\\/www.kaviargauche.com\\\/de\\\/produkt\\\/cache-coeur-dress-ivory\\\/#breadcrumb\"},\"inLanguage\":\"de\",\"potentialAction\":[{\"@type\":\"ReadAction\",\"target\":[\"https:\\\/\\\/www.kaviargauche.com\\\/de\\\/produkt\\\/cache-coeur-dress-ivory\\\/\"]}]},{\"@type\":\"ImageObject\",\"inLanguage\":\"de\",\"@id\":\"https:\\\/\\\/www.kaviargauche.com\\\/de\\\/produkt\\\/cache-coeur-dress-ivory\\\/#primaryimage\",\"url\":\"https:\\\/\\\/www.kaviargauche.com\\\/wp-content\\\/uploads\\\/Cache-Coeur-Dress-ivory-front-Brautkleid-Berlin-Muenchen-Duesseldorf.jpg\",\"contentUrl\":\"https:\\\/\\\/www.kaviargauche.com\\\/wp-content\\\/uploads\\\/Cache-Coeur-Dress-ivory-front-Brautkleid-Berlin-Muenchen-Duesseldorf.jpg\",\"width\":1000,\"height\":1500,\"caption\":\"Kaviar Gauche Bridal Dress\"},{\"@type\":\"BreadcrumbList\",\"@id\":\"https:\\\/\\\/www.kaviargauche.com\\\/de\\\/produkt\\\/cache-coeur-dress-ivory\\\/#breadcrumb\",\"itemListElement\":[{\"@type\":\"ListItem\",\"position\":1,\"name\":\"Home\",\"item\":\"https:\\\/\\\/www.kaviargauche.com\\\/de\\\/\"},{\"@type\":\"ListItem\",\"position\":2,\"name\":\"Shop\",\"item\":\"https:\\\/\\\/www.kaviargauche.com\\\/de\\\/shop-2\\\/\"},{\"@type\":\"ListItem\",\"position\":3,\"name\":\"Cache Coeur Dress Ivory\"}]},{\"@type\":\"WebSite\",\"@id\":\"https:\\\/\\\/www.kaviargauche.com\\\/de\\\/#website\",\"url\":\"https:\\\/\\\/www.kaviargauche.com\\\/de\\\/\",\"name\":\"Kaviar Gauche\",\"description\":\"Bridal Couture\",\"publisher\":{\"@id\":\"https:\\\/\\\/www.kaviargauche.com\\\/de\\\/#organization\"},\"potentialAction\":[{\"@type\":\"SearchAction\",\"target\":{\"@type\":\"EntryPoint\",\"urlTemplate\":\"https:\\\/\\\/www.kaviargauche.com\\\/de\\\/?s={search_term_string}\"},\"query-input\":{\"@type\":\"PropertyValueSpecification\",\"valueRequired\":true,\"valueName\":\"search_term_string\"}}],\"inLanguage\":\"de\"},{\"@type\":\"Organization\",\"@id\":\"https:\\\/\\\/www.kaviargauche.com\\\/de\\\/#organization\",\"name\":\"KAVIAR GAUCHE\",\"url\":\"https:\\\/\\\/www.kaviargauche.com\\\/de\\\/\",\"logo\":{\"@type\":\"ImageObject\",\"inLanguage\":\"de\",\"@id\":\"https:\\\/\\\/www.kaviargauche.com\\\/de\\\/#\\\/schema\\\/logo\\\/image\\\/\",\"url\":\"https:\\\/\\\/www.kaviargauche.com\\\/wp-content\\\/uploads\\\/kaviar-gauche.png\",\"contentUrl\":\"https:\\\/\\\/www.kaviargauche.com\\\/wp-content\\\/uploads\\\/kaviar-gauche.png\",\"width\":512,\"height\":512,\"caption\":\"KAVIAR GAUCHE\"},\"image\":{\"@id\":\"https:\\\/\\\/www.kaviargauche.com\\\/de\\\/#\\\/schema\\\/logo\\\/image\\\/\"},\"sameAs\":[\"https:\\\/\\\/www.facebook.com\\\/kaviargauche\",\"https:\\\/\\\/www.pinterest.de\\\/KaviarGaucheOfficial\\\/\",\"https:\\\/\\\/www.instagram.com\\\/kaviargauche_official\"]}]}<\/script>\n<!-- \/ Yoast SEO Premium plugin. -->","yoast_head_json":{"title":"Cache Coeur Dress Ivory - Kaviar Gauche","description":"Schimmerndes Cache Coeur Kleid mit tiefem Ausschnitt & eleganter Wickeloptik \u2013 in mehreren Farben erh\u00e4ltlich. Zeitlos & stilvoll f\u00fcr besondere Anl\u00e4sse.","robots":{"index":"index","follow":"follow","max-snippet":"max-snippet:-1","max-image-preview":"max-image-preview:large","max-video-preview":"max-video-preview:-1"},"canonical":"https:\/\/www.kaviargauche.com\/de\/produkt\/cache-coeur-dress-ivory\/","og_locale":"de_DE","og_type":"article","og_title":"Cache Coeur Dress Ivory","og_description":"Schimmerndes Cache Coeur Kleid mit tiefem Ausschnitt & eleganter Wickeloptik \u2013 in mehreren Farben erh\u00e4ltlich. Zeitlos & stilvoll f\u00fcr besondere Anl\u00e4sse.","og_url":"https:\/\/www.kaviargauche.com\/de\/produkt\/cache-coeur-dress-ivory\/","og_site_name":"Kaviar Gauche","article_publisher":"https:\/\/www.facebook.com\/kaviargauche","article_modified_time":"2025-10-22T14:57:58+00:00","og_image":[{"width":1000,"height":1500,"url":"https:\/\/www.kaviargauche.com\/wp-content\/uploads\/Cache-Coeur-Dress-ivory-front-Brautkleid-Berlin-Muenchen-Duesseldorf.jpg","type":"image\/jpeg"}],"twitter_card":"summary_large_image","twitter_misc":{"Gesch\u00e4tzte Lesezeit":"1\u00a0Minute"},"schema":{"@context":"https:\/\/schema.org","@graph":[{"@type":"WebPage","@id":"https:\/\/www.kaviargauche.com\/de\/produkt\/cache-coeur-dress-ivory\/","url":"https:\/\/www.kaviargauche.com\/de\/produkt\/cache-coeur-dress-ivory\/","name":"Cache Coeur Dress Ivory - Kaviar Gauche","isPartOf":{"@id":"https:\/\/www.kaviargauche.com\/de\/#website"},"primaryImageOfPage":{"@id":"https:\/\/www.kaviargauche.com\/de\/produkt\/cache-coeur-dress-ivory\/#primaryimage"},"image":{"@id":"https:\/\/www.kaviargauche.com\/de\/produkt\/cache-coeur-dress-ivory\/#primaryimage"},"thumbnailUrl":"https:\/\/www.kaviargauche.com\/wp-content\/uploads\/Cache-Coeur-Dress-ivory-front-Brautkleid-Berlin-Muenchen-Duesseldorf.jpg","datePublished":"2022-09-09T13:22:29+00:00","dateModified":"2025-10-22T14:57:58+00:00","description":"Schimmerndes Cache Coeur Kleid mit tiefem Ausschnitt & eleganter Wickeloptik \u2013 in mehreren Farben erh\u00e4ltlich. Zeitlos & stilvoll f\u00fcr besondere Anl\u00e4sse.","breadcrumb":{"@id":"https:\/\/www.kaviargauche.com\/de\/produkt\/cache-coeur-dress-ivory\/#breadcrumb"},"inLanguage":"de","potentialAction":[{"@type":"ReadAction","target":["https:\/\/www.kaviargauche.com\/de\/produkt\/cache-coeur-dress-ivory\/"]}]},{"@type":"ImageObject","inLanguage":"de","@id":"https:\/\/www.kaviargauche.com\/de\/produkt\/cache-coeur-dress-ivory\/#primaryimage","url":"https:\/\/www.kaviargauche.com\/wp-content\/uploads\/Cache-Coeur-Dress-ivory-front-Brautkleid-Berlin-Muenchen-Duesseldorf.jpg","contentUrl":"https:\/\/www.kaviargauche.com\/wp-content\/uploads\/Cache-Coeur-Dress-ivory-front-Brautkleid-Berlin-Muenchen-Duesseldorf.jpg","width":1000,"height":1500,"caption":"Kaviar Gauche Bridal Dress"},{"@type":"BreadcrumbList","@id":"https:\/\/www.kaviargauche.com\/de\/produkt\/cache-coeur-dress-ivory\/#breadcrumb","itemListElement":[{"@type":"ListItem","position":1,"name":"Home","item":"https:\/\/www.kaviargauche.com\/de\/"},{"@type":"ListItem","position":2,"name":"Shop","item":"https:\/\/www.kaviargauche.com\/de\/shop-2\/"},{"@type":"ListItem","position":3,"name":"Cache Coeur Dress Ivory"}]},{"@type":"WebSite","@id":"https:\/\/www.kaviargauche.com\/de\/#website","url":"https:\/\/www.kaviargauche.com\/de\/","name":"Kaviar Gauche","description":"Bridal Couture","publisher":{"@id":"https:\/\/www.kaviargauche.com\/de\/#organization"},"potentialAction":[{"@type":"SearchAction","target":{"@type":"EntryPoint","urlTemplate":"https:\/\/www.kaviargauche.com\/de\/?s={search_term_string}"},"query-input":{"@type":"PropertyValueSpecification","valueRequired":true,"valueName":"search_term_string"}}],"inLanguage":"de"},{"@type":"Organization","@id":"https:\/\/www.kaviargauche.com\/de\/#organization","name":"KAVIAR GAUCHE","url":"https:\/\/www.kaviargauche.com\/de\/","logo":{"@type":"ImageObject","inLanguage":"de","@id":"https:\/\/www.kaviargauche.com\/de\/#\/schema\/logo\/image\/","url":"https:\/\/www.kaviargauche.com\/wp-content\/uploads\/kaviar-gauche.png","contentUrl":"https:\/\/www.kaviargauche.com\/wp-content\/uploads\/kaviar-gauche.png","width":512,"height":512,"caption":"KAVIAR GAUCHE"},"image":{"@id":"https:\/\/www.kaviargauche.com\/de\/#\/schema\/logo\/image\/"},"sameAs":["https:\/\/www.facebook.com\/kaviargauche","https:\/\/www.pinterest.de\/KaviarGaucheOfficial\/","https:\/\/www.instagram.com\/kaviargauche_official"]}]}},"jetpack_sharing_enabled":true,"_links":{"self":[{"href":"https:\/\/www.kaviargauche.com\/de\/wp-json\/wp\/v2\/product\/7498","targetHints":{"allow":["GET"]}}],"collection":[{"href":"https:\/\/www.kaviargauche.com\/de\/wp-json\/wp\/v2\/product"}],"about":[{"href":"https:\/\/www.kaviargauche.com\/de\/wp-json\/wp\/v2\/types\/product"}],"wp:featuredmedia":[{"embeddable":true,"href":"https:\/\/www.kaviargauche.com\/de\/wp-json\/wp\/v2\/media\/12466"}],"wp:attachment":[{"href":"https:\/\/www.kaviargauche.com\/de\/wp-json\/wp\/v2\/media?parent=7498"}],"wp:term":[{"taxonomy":"product_brand","embeddable":true,"href":"https:\/\/www.kaviargauche.com\/de\/wp-json\/wp\/v2\/product_brand?post=7498"},{"taxonomy":"product_cat","embeddable":true,"href":"https:\/\/www.kaviargauche.com\/de\/wp-json\/wp\/v2\/product_cat?post=7498"},{"taxonomy":"product_tag","embeddable":true,"href":"https:\/\/www.kaviargauche.com\/de\/wp-json\/wp\/v2\/product_tag?post=7498"}],"curies":[{"name":"wp","href":"https:\/\/api.w.org\/{rel}","templated":true}]}}