
{"id":9281,"date":"2022-12-28T11:50:50","date_gmt":"2022-12-28T11:50:50","guid":{"rendered":"https:\/\/www.kaviargauche.com\/?post_type=product&#038;p=9281"},"modified":"2025-07-14T15:59:37","modified_gmt":"2025-07-14T13:59:37","slug":"talitha-top","status":"publish","type":"product","link":"https:\/\/www.kaviargauche.com\/de\/produkt\/talitha-top\/","title":{"rendered":"Talitha Top"},"content":{"rendered":"<p>Zusammen mit dem <a href=\"https:\/\/www.kaviargauche.com\/de\/produkt\/talitha-skirt\/\">Talitha Skirt<\/a> l\u00e4sst sich das asymmetrische Crop Top mit raffiniertem Couture Volant \u00c4rmel zu einem modernen und aufregendem Hochzeitslook kombinieren. Ideal f\u00fcr Br\u00e4ute, die an ihrer Hochzeit etwas Besonderes m\u00f6chten.<\/p>\n<p>Oberstoff: 100% Seide, 82% Triacetat, 18% Polyester<br \/>\nFutter: 93% Seide, 7% Elastan<\/p>\n<p>MADE WITH LOVE IN GERMANY<\/p>\n","protected":false},"excerpt":{"rendered":"<p>Asymmetrisch geschnittenes Top mit Volant\u00e4rmel<\/p>\n","protected":false},"featured_media":9426,"template":"","meta":{"_acf_changed":false},"product_brand":[],"product_cat":[460,605,1017,552,674,461],"product_tag":[],"class_list":{"0":"post-9281","1":"product","2":"type-product","3":"status-publish","4":"has-post-thumbnail","6":"product_cat-bekleidung","7":"product_cat-collection","8":"product_cat-end-of-summer-styles","9":"product_cat-glamouroes-de","10":"product_cat-modern-infinity-de","11":"product_cat-oberteile","13":"first","14":"instock","15":"taxable","16":"shipping-taxable","17":"purchasable","18":"product-type-variable","19":"has-default-attributes","20":"wvs-archive-product-wrapper"},"acf":[],"yoast_head":"<!-- This site is optimized with the Yoast SEO Premium plugin v26.3 (Yoast SEO v27.3) - https:\/\/yoast.com\/product\/yoast-seo-premium-wordpress\/ -->\n<title>Talitha Top - Kaviar Gauche<\/title>\n<meta name=\"description\" content=\"Asymmetrisches Crop Top mit Couture Volant \u00c4rmel f\u00fcr einen modernen Hochzeitslook. Perfekt f\u00fcr Br\u00e4ute, die einen besonderen Brautlook suchen.\" \/>\n<meta name=\"robots\" content=\"index, follow, max-snippet:-1, max-image-preview:large, max-video-preview:-1\" \/>\n<link rel=\"canonical\" href=\"https:\/\/www.kaviargauche.com\/de\/produkt\/talitha-top\/\" \/>\n<meta property=\"og:locale\" content=\"de_DE\" \/>\n<meta property=\"og:type\" content=\"article\" \/>\n<meta property=\"og:title\" content=\"Talitha Top\" \/>\n<meta property=\"og:description\" content=\"Asymmetrisches Crop Top mit Couture Volant \u00c4rmel f\u00fcr einen modernen Hochzeitslook. Perfekt f\u00fcr Br\u00e4ute, die einen besonderen Brautlook suchen.\" \/>\n<meta property=\"og:url\" content=\"https:\/\/www.kaviargauche.com\/de\/produkt\/talitha-top\/\" \/>\n<meta property=\"og:site_name\" content=\"Kaviar Gauche\" \/>\n<meta property=\"article:publisher\" content=\"https:\/\/www.facebook.com\/kaviargauche\" \/>\n<meta property=\"article:modified_time\" content=\"2025-07-14T13:59:37+00:00\" \/>\n<meta property=\"og:image\" content=\"https:\/\/www.kaviargauche.com\/wp-content\/uploads\/Kaviar_Gauche_Modern_Infinity_Talitha-Top_1-scaled.jpg\" \/>\n\t<meta property=\"og:image:width\" content=\"1709\" \/>\n\t<meta property=\"og:image:height\" content=\"2560\" \/>\n\t<meta property=\"og:image:type\" content=\"image\/jpeg\" \/>\n<meta name=\"twitter:card\" content=\"summary_large_image\" \/>\n<meta name=\"twitter:label1\" content=\"Gesch\u00e4tzte Lesezeit\" \/>\n\t<meta name=\"twitter:data1\" content=\"1\u00a0Minute\" \/>\n<script type=\"application\/ld+json\" class=\"yoast-schema-graph\">{\"@context\":\"https:\\\/\\\/schema.org\",\"@graph\":[{\"@type\":\"WebPage\",\"@id\":\"https:\\\/\\\/www.kaviargauche.com\\\/de\\\/produkt\\\/talitha-top\\\/\",\"url\":\"https:\\\/\\\/www.kaviargauche.com\\\/de\\\/produkt\\\/talitha-top\\\/\",\"name\":\"Talitha Top - Kaviar Gauche\",\"isPartOf\":{\"@id\":\"https:\\\/\\\/www.kaviargauche.com\\\/de\\\/#website\"},\"primaryImageOfPage\":{\"@id\":\"https:\\\/\\\/www.kaviargauche.com\\\/de\\\/produkt\\\/talitha-top\\\/#primaryimage\"},\"image\":{\"@id\":\"https:\\\/\\\/www.kaviargauche.com\\\/de\\\/produkt\\\/talitha-top\\\/#primaryimage\"},\"thumbnailUrl\":\"https:\\\/\\\/www.kaviargauche.com\\\/wp-content\\\/uploads\\\/Kaviar_Gauche_Modern_Infinity_Talitha-Top_1-scaled.jpg\",\"datePublished\":\"2022-12-28T11:50:50+00:00\",\"dateModified\":\"2025-07-14T13:59:37+00:00\",\"description\":\"Asymmetrisches Crop Top mit Couture Volant \u00c4rmel f\u00fcr einen modernen Hochzeitslook. Perfekt f\u00fcr Br\u00e4ute, die einen besonderen Brautlook suchen.\",\"breadcrumb\":{\"@id\":\"https:\\\/\\\/www.kaviargauche.com\\\/de\\\/produkt\\\/talitha-top\\\/#breadcrumb\"},\"inLanguage\":\"de\",\"potentialAction\":[{\"@type\":\"ReadAction\",\"target\":[\"https:\\\/\\\/www.kaviargauche.com\\\/de\\\/produkt\\\/talitha-top\\\/\"]}]},{\"@type\":\"ImageObject\",\"inLanguage\":\"de\",\"@id\":\"https:\\\/\\\/www.kaviargauche.com\\\/de\\\/produkt\\\/talitha-top\\\/#primaryimage\",\"url\":\"https:\\\/\\\/www.kaviargauche.com\\\/wp-content\\\/uploads\\\/Kaviar_Gauche_Modern_Infinity_Talitha-Top_1-scaled.jpg\",\"contentUrl\":\"https:\\\/\\\/www.kaviargauche.com\\\/wp-content\\\/uploads\\\/Kaviar_Gauche_Modern_Infinity_Talitha-Top_1-scaled.jpg\",\"width\":1709,\"height\":2560,\"caption\":\"Kaviar Gauche Bridal Dress\"},{\"@type\":\"BreadcrumbList\",\"@id\":\"https:\\\/\\\/www.kaviargauche.com\\\/de\\\/produkt\\\/talitha-top\\\/#breadcrumb\",\"itemListElement\":[{\"@type\":\"ListItem\",\"position\":1,\"name\":\"Home\",\"item\":\"https:\\\/\\\/www.kaviargauche.com\\\/de\\\/\"},{\"@type\":\"ListItem\",\"position\":2,\"name\":\"Shop\",\"item\":\"https:\\\/\\\/www.kaviargauche.com\\\/de\\\/shop-2\\\/\"},{\"@type\":\"ListItem\",\"position\":3,\"name\":\"Talitha Top\"}]},{\"@type\":\"WebSite\",\"@id\":\"https:\\\/\\\/www.kaviargauche.com\\\/de\\\/#website\",\"url\":\"https:\\\/\\\/www.kaviargauche.com\\\/de\\\/\",\"name\":\"Kaviar Gauche\",\"description\":\"Bridal Couture\",\"publisher\":{\"@id\":\"https:\\\/\\\/www.kaviargauche.com\\\/de\\\/#organization\"},\"potentialAction\":[{\"@type\":\"SearchAction\",\"target\":{\"@type\":\"EntryPoint\",\"urlTemplate\":\"https:\\\/\\\/www.kaviargauche.com\\\/de\\\/?s={search_term_string}\"},\"query-input\":{\"@type\":\"PropertyValueSpecification\",\"valueRequired\":true,\"valueName\":\"search_term_string\"}}],\"inLanguage\":\"de\"},{\"@type\":\"Organization\",\"@id\":\"https:\\\/\\\/www.kaviargauche.com\\\/de\\\/#organization\",\"name\":\"KAVIAR GAUCHE\",\"url\":\"https:\\\/\\\/www.kaviargauche.com\\\/de\\\/\",\"logo\":{\"@type\":\"ImageObject\",\"inLanguage\":\"de\",\"@id\":\"https:\\\/\\\/www.kaviargauche.com\\\/de\\\/#\\\/schema\\\/logo\\\/image\\\/\",\"url\":\"https:\\\/\\\/www.kaviargauche.com\\\/wp-content\\\/uploads\\\/kaviar-gauche.png\",\"contentUrl\":\"https:\\\/\\\/www.kaviargauche.com\\\/wp-content\\\/uploads\\\/kaviar-gauche.png\",\"width\":512,\"height\":512,\"caption\":\"KAVIAR GAUCHE\"},\"image\":{\"@id\":\"https:\\\/\\\/www.kaviargauche.com\\\/de\\\/#\\\/schema\\\/logo\\\/image\\\/\"},\"sameAs\":[\"https:\\\/\\\/www.facebook.com\\\/kaviargauche\",\"https:\\\/\\\/www.pinterest.de\\\/KaviarGaucheOfficial\\\/\",\"https:\\\/\\\/www.instagram.com\\\/kaviargauche_official\"]}]}<\/script>\n<!-- \/ Yoast SEO Premium plugin. -->","yoast_head_json":{"title":"Talitha Top - Kaviar Gauche","description":"Asymmetrisches Crop Top mit Couture Volant \u00c4rmel f\u00fcr einen modernen Hochzeitslook. Perfekt f\u00fcr Br\u00e4ute, die einen besonderen Brautlook suchen.","robots":{"index":"index","follow":"follow","max-snippet":"max-snippet:-1","max-image-preview":"max-image-preview:large","max-video-preview":"max-video-preview:-1"},"canonical":"https:\/\/www.kaviargauche.com\/de\/produkt\/talitha-top\/","og_locale":"de_DE","og_type":"article","og_title":"Talitha Top","og_description":"Asymmetrisches Crop Top mit Couture Volant \u00c4rmel f\u00fcr einen modernen Hochzeitslook. Perfekt f\u00fcr Br\u00e4ute, die einen besonderen Brautlook suchen.","og_url":"https:\/\/www.kaviargauche.com\/de\/produkt\/talitha-top\/","og_site_name":"Kaviar Gauche","article_publisher":"https:\/\/www.facebook.com\/kaviargauche","article_modified_time":"2025-07-14T13:59:37+00:00","og_image":[{"width":1709,"height":2560,"url":"https:\/\/www.kaviargauche.com\/wp-content\/uploads\/Kaviar_Gauche_Modern_Infinity_Talitha-Top_1-scaled.jpg","type":"image\/jpeg"}],"twitter_card":"summary_large_image","twitter_misc":{"Gesch\u00e4tzte Lesezeit":"1\u00a0Minute"},"schema":{"@context":"https:\/\/schema.org","@graph":[{"@type":"WebPage","@id":"https:\/\/www.kaviargauche.com\/de\/produkt\/talitha-top\/","url":"https:\/\/www.kaviargauche.com\/de\/produkt\/talitha-top\/","name":"Talitha Top - Kaviar Gauche","isPartOf":{"@id":"https:\/\/www.kaviargauche.com\/de\/#website"},"primaryImageOfPage":{"@id":"https:\/\/www.kaviargauche.com\/de\/produkt\/talitha-top\/#primaryimage"},"image":{"@id":"https:\/\/www.kaviargauche.com\/de\/produkt\/talitha-top\/#primaryimage"},"thumbnailUrl":"https:\/\/www.kaviargauche.com\/wp-content\/uploads\/Kaviar_Gauche_Modern_Infinity_Talitha-Top_1-scaled.jpg","datePublished":"2022-12-28T11:50:50+00:00","dateModified":"2025-07-14T13:59:37+00:00","description":"Asymmetrisches Crop Top mit Couture Volant \u00c4rmel f\u00fcr einen modernen Hochzeitslook. Perfekt f\u00fcr Br\u00e4ute, die einen besonderen Brautlook suchen.","breadcrumb":{"@id":"https:\/\/www.kaviargauche.com\/de\/produkt\/talitha-top\/#breadcrumb"},"inLanguage":"de","potentialAction":[{"@type":"ReadAction","target":["https:\/\/www.kaviargauche.com\/de\/produkt\/talitha-top\/"]}]},{"@type":"ImageObject","inLanguage":"de","@id":"https:\/\/www.kaviargauche.com\/de\/produkt\/talitha-top\/#primaryimage","url":"https:\/\/www.kaviargauche.com\/wp-content\/uploads\/Kaviar_Gauche_Modern_Infinity_Talitha-Top_1-scaled.jpg","contentUrl":"https:\/\/www.kaviargauche.com\/wp-content\/uploads\/Kaviar_Gauche_Modern_Infinity_Talitha-Top_1-scaled.jpg","width":1709,"height":2560,"caption":"Kaviar Gauche Bridal Dress"},{"@type":"BreadcrumbList","@id":"https:\/\/www.kaviargauche.com\/de\/produkt\/talitha-top\/#breadcrumb","itemListElement":[{"@type":"ListItem","position":1,"name":"Home","item":"https:\/\/www.kaviargauche.com\/de\/"},{"@type":"ListItem","position":2,"name":"Shop","item":"https:\/\/www.kaviargauche.com\/de\/shop-2\/"},{"@type":"ListItem","position":3,"name":"Talitha Top"}]},{"@type":"WebSite","@id":"https:\/\/www.kaviargauche.com\/de\/#website","url":"https:\/\/www.kaviargauche.com\/de\/","name":"Kaviar Gauche","description":"Bridal Couture","publisher":{"@id":"https:\/\/www.kaviargauche.com\/de\/#organization"},"potentialAction":[{"@type":"SearchAction","target":{"@type":"EntryPoint","urlTemplate":"https:\/\/www.kaviargauche.com\/de\/?s={search_term_string}"},"query-input":{"@type":"PropertyValueSpecification","valueRequired":true,"valueName":"search_term_string"}}],"inLanguage":"de"},{"@type":"Organization","@id":"https:\/\/www.kaviargauche.com\/de\/#organization","name":"KAVIAR GAUCHE","url":"https:\/\/www.kaviargauche.com\/de\/","logo":{"@type":"ImageObject","inLanguage":"de","@id":"https:\/\/www.kaviargauche.com\/de\/#\/schema\/logo\/image\/","url":"https:\/\/www.kaviargauche.com\/wp-content\/uploads\/kaviar-gauche.png","contentUrl":"https:\/\/www.kaviargauche.com\/wp-content\/uploads\/kaviar-gauche.png","width":512,"height":512,"caption":"KAVIAR GAUCHE"},"image":{"@id":"https:\/\/www.kaviargauche.com\/de\/#\/schema\/logo\/image\/"},"sameAs":["https:\/\/www.facebook.com\/kaviargauche","https:\/\/www.pinterest.de\/KaviarGaucheOfficial\/","https:\/\/www.instagram.com\/kaviargauche_official"]}]}},"jetpack_sharing_enabled":true,"_links":{"self":[{"href":"https:\/\/www.kaviargauche.com\/de\/wp-json\/wp\/v2\/product\/9281","targetHints":{"allow":["GET"]}}],"collection":[{"href":"https:\/\/www.kaviargauche.com\/de\/wp-json\/wp\/v2\/product"}],"about":[{"href":"https:\/\/www.kaviargauche.com\/de\/wp-json\/wp\/v2\/types\/product"}],"wp:featuredmedia":[{"embeddable":true,"href":"https:\/\/www.kaviargauche.com\/de\/wp-json\/wp\/v2\/media\/9426"}],"wp:attachment":[{"href":"https:\/\/www.kaviargauche.com\/de\/wp-json\/wp\/v2\/media?parent=9281"}],"wp:term":[{"taxonomy":"product_brand","embeddable":true,"href":"https:\/\/www.kaviargauche.com\/de\/wp-json\/wp\/v2\/product_brand?post=9281"},{"taxonomy":"product_cat","embeddable":true,"href":"https:\/\/www.kaviargauche.com\/de\/wp-json\/wp\/v2\/product_cat?post=9281"},{"taxonomy":"product_tag","embeddable":true,"href":"https:\/\/www.kaviargauche.com\/de\/wp-json\/wp\/v2\/product_tag?post=9281"}],"curies":[{"name":"wp","href":"https:\/\/api.w.org\/{rel}","templated":true}]}}